{"id":10085,"date":"2023-05-16T07:28:53","date_gmt":"2023-05-16T07:28:53","guid":{"rendered":"https:\/\/chemswell.com\/?post_type=product&#038;p=10085"},"modified":"2026-04-12T21:11:48","modified_gmt":"2026-04-12T21:11:48","slug":"buy-adb-butinaca-adbb-online","status":"publish","type":"product","link":"https:\/\/chemswell.com\/de\/produkt\/adb-butinaca-adbb-online-kaufen\/","title":{"rendered":"ADB Butinaca (ADBB) online kaufen"},"content":{"rendered":"<h2 style=\"text-align: left;\">ADB-BUTINACA kaufen<\/h2>\n<p style=\"text-align: left;\"><a href=\"https:\/\/chemswell.com\/de\/produkt\/adb-butinaca-adbb-online-kaufen\/\">ADB Butinaca (ADBB) online kaufen<\/a>ADB-BUTINACA kaufen ADB-Butinaca (ADBB) Online kaufen, ADB-BUTINACA zum niedrigsten Preis kaufen? Auf chemswel, k\u00f6nnen Sie die besten Designerdrogen finden.<\/p>\n<p style=\"text-align: left;\"><a href=\"https:\/\/en.wikipedia.org\/wiki\/ADB-BUTINACA\">ADB-BUTINACA<\/a> ADB-BUTINACA ist eine Forschungschemikalie. Das Produkt ist seit 2014 eine Designerdroge. Zahlen Sie nie wieder zu viel f\u00fcr Ihre Designerdrogen.<\/p>\n<h3 style=\"text-align: left;\">Es ist sicher, ADB-BUTINACA zu kaufen<\/h3>\n<p style=\"text-align: left;\">Wir k\u00f6nnen immer die niedrigsten Preise garantieren, weil wir immer direkt von den Herstellern kaufen. In unserem Online-Shop k\u00f6nnen Sie sicher mit Ideal, Bitcoin oder einer Kreditkarte bezahlen.<\/p>\n<h3 style=\"text-align: left;\">Hohe Qualit\u00e4t ADB-BUTINACA<\/h3>\n<p style=\"text-align: left;\">Wir verkaufen die besten Design-Arzneimittel aus den Benelux-L\u00e4ndern. Da wir bereits seit 7 Jahren in der Branche der Design-Arzneimittel t\u00e4tig sind, k\u00f6nnen wir immer qualitativ hochwertige Artikel herstellen. Da alle unsere Artikel Labortests unterzogen wurden, sind sie alle f\u00fcr Studien geeignet.<\/p>\n<h3 style=\"text-align: left;\">Laborgepr\u00fcft ADB-BUTINACA<\/h3>\n<p style=\"text-align: left;\">Wenn Sie auf der Suche nach Designer-Medikamenten sind, wollen Sie sicher sein, dass die Waren von h\u00f6chstem Kaliber sind. Alle unsere Designer-Medikamente sind erstklassig und werden regelm\u00e4\u00dfig im Labor getestet. Sie k\u00f6nnen sich auf uns verlassen, wenn Sie exzellente Artikel zu wettbewerbsf\u00e4higen Preisen suchen.<\/p>\n<h3 style=\"text-align: left;\">ADB-BUTINACA Angebote<\/h3>\n<p style=\"text-align: left;\">ChemsWell hat immer tolle Angebote im Sortiment, bei denen Sie viel Geld sparen k\u00f6nnen, wie<a href=\"https:\/\/en.wikipedia.org\/wiki\/ADB-BINACA\">:<\/a><\/p>\n<ul style=\"text-align: left;\">\n<li>ADB-BUTINACA-Pulver<\/li>\n<\/ul>\n<p style=\"text-align: left;\">Wird adb butinaca kontrolliert? adb butinaca cayman kaufen, adb butinaca dea kaufen, adb butinaca cayman, adb butinaca for Sale<br \/>\nWie kann man adb butinaca kaufen, Qualit\u00e4t adb butinaca zum Verkauf, adb butinaca shop, wo kann man adb butinaca kaufen, 5f-adb kaufen<br \/>\n7-adb, trrcshop, 5f-adb-33n, adb-butinaca psychonaut, adb-butinaca verwendet, adb-butinaca Nebenwirkungen, Buy adb butinaca legal<br \/>\n4F-ADB<br \/>\n5F-AB-PINACA<br \/>\n5F-ADB, ADB Butinaca (ADBB) online kaufen<br \/>\n5F-ADB-PINACA ZU VERKAUFEN<br \/>\nADB-CHMINACA BESTELLEN<br \/>\nORDER ADB-CHMINACA<br \/>\nADB-FUBINACA KAUFEN, ADB-HEXINACA KAUFEN<br \/>\nADB-PINACA KAUFEN<br \/>\nADB-4en-PINACA KAUFEN<\/p>\n<h4 style=\"text-align: left;\">Vorsicht beim Kauf von Designerdrogen im Internet!<\/h4>\n<p style=\"text-align: left;\">Es gibt mehrere aktive Online-Shops, die gef\u00e4lschte oder minderwertige Designer-Medikamente verkaufen. Sie k\u00f6nnen Ihre Bestellung schnell und diskret zu Hause erhalten, wenn Sie Ihre Designer-Medikamente bei Chemswell kaufen.<\/p>","protected":false},"excerpt":{"rendered":"<h1 id=\"firstHeading\" class=\"firstHeading mw-first-heading\"><span class=\"mw-page-title-main\">ADB-BINACA<\/span><\/h1>\n<p><b>ADB-BINACA<\/b>\u00a0ist eine cannabinoide Designerdroge, die als Bestandteil einiger synthetischer Cannabisprodukte gefunden wurde. <span style=\"font-size: 1rem;\">Das Analogon mit einer 1-Butyl-Substitution am Indazolring anstelle von 1-Benzyl wurde auch als Designerdroge unter dem Namen ADB-BINACA verkauft, wird aber heute eher als <\/span><b style=\"font-size: 1rem;\">ADB-BUTINACA<\/b><span style=\"font-size: 1rem;\">\u00a0um Verwechslungen mit der Benzylverbindung zu vermeiden.<\/span><\/p>","protected":false},"featured_media":10092,"comment_status":"open","ping_status":"closed","template":"","meta":{"_joinchat":[]},"product_cat":[1255],"product_tag":[1274,1270,1267,1268,1269,1276,1273,1264,1266,1271,1275,1280,1281,1265,1262,1279,1277,1261,1263,1278,1272],"yoast_head":"<!-- This site is optimized with the Yoast SEO plugin v23.0 - https:\/\/yoast.com\/wordpress\/plugins\/seo\/ -->\n<title>Buy ADB Butinaca (ADBB) Online - ADB Butinaca for Sale<\/title>\n<meta name=\"description\" content=\"Buy ADB Butinaca (ADBB) Online, ADB-BUTINACA is a potent cannabinoid closely related to MDMB-BUTINACA. Order adb butinaca from a Reliable ADB SHOP ONLINE\" \/>\n<meta name=\"robots\" content=\"index, follow, max-snippet:-1, max-image-preview:large, max-video-preview:-1\" \/>\n<link rel=\"canonical\" href=\"https:\/\/chemswell.com\/de\/produkt\/adb-butinaca-adbb-online-kaufen\/\" \/>\n<meta property=\"og:locale\" content=\"de_DE\" \/>\n<meta property=\"og:type\" content=\"article\" \/>\n<meta property=\"og:title\" content=\"Buy ADB Butinaca (ADBB) Online - ADB Butinaca for Sale\" \/>\n<meta property=\"og:description\" content=\"Buy ADB Butinaca (ADBB) Online, ADB-BUTINACA is a potent cannabinoid closely related to MDMB-BUTINACA. Order adb butinaca from a Reliable ADB SHOP ONLINE\" \/>\n<meta property=\"og:url\" content=\"https:\/\/chemswell.com\/de\/produkt\/adb-butinaca-adbb-online-kaufen\/\" \/>\n<meta property=\"og:site_name\" content=\"Chemswell\" \/>\n<meta property=\"article:modified_time\" content=\"2026-04-12T21:11:48+00:00\" \/>\n<meta property=\"og:image\" content=\"https:\/\/chemswell.com\/wp-content\/uploads\/2023\/05\/Buy-ADB-Butinaca.jpg\" \/>\n\t<meta property=\"og:image:width\" content=\"600\" \/>\n\t<meta property=\"og:image:height\" content=\"600\" \/>\n\t<meta property=\"og:image:type\" content=\"image\/jpeg\" \/>\n<meta name=\"twitter:card\" content=\"summary_large_image\" \/>\n<meta name=\"twitter:label1\" content=\"Gesch\u00e4tzte Lesezeit\" \/>\n\t<meta name=\"twitter:data1\" content=\"2\u00a0Minuten\" \/>\n<!-- \/ Yoast SEO plugin. -->","yoast_head_json":{"title":"Buy ADB Butinaca (ADBB) Online - ADB Butinaca for Sale","description":"Buy ADB Butinaca (ADBB) Online, ADB-BUTINACA is a potent cannabinoid closely related to MDMB-BUTINACA. Order adb butinaca from a Reliable ADB SHOP ONLINE","robots":{"index":"index","follow":"follow","max-snippet":"max-snippet:-1","max-image-preview":"max-image-preview:large","max-video-preview":"max-video-preview:-1"},"canonical":"https:\/\/chemswell.com\/de\/produkt\/adb-butinaca-adbb-online-kaufen\/","og_locale":"de_DE","og_type":"article","og_title":"Buy ADB Butinaca (ADBB) Online - ADB Butinaca for Sale","og_description":"Buy ADB Butinaca (ADBB) Online, ADB-BUTINACA is a potent cannabinoid closely related to MDMB-BUTINACA. Order adb butinaca from a Reliable ADB SHOP ONLINE","og_url":"https:\/\/chemswell.com\/de\/produkt\/adb-butinaca-adbb-online-kaufen\/","og_site_name":"Chemswell","article_modified_time":"2026-04-12T21:11:48+00:00","og_image":[{"width":600,"height":600,"url":"https:\/\/chemswell.com\/wp-content\/uploads\/2023\/05\/Buy-ADB-Butinaca.jpg","type":"image\/jpeg"}],"twitter_card":"summary_large_image","twitter_misc":{"Gesch\u00e4tzte Lesezeit":"2\u00a0Minuten"},"schema":{"@context":"https:\/\/schema.org","@graph":[{"@type":"WebPage","@id":"https:\/\/chemswell.com\/product\/buy-adb-butinaca-adbb-online\/","url":"https:\/\/chemswell.com\/product\/buy-adb-butinaca-adbb-online\/","name":"Buy ADB Butinaca (ADBB) Online - ADB Butinaca for Sale","isPartOf":{"@id":"https:\/\/chemswell.com\/it\/#website"},"primaryImageOfPage":{"@id":"https:\/\/chemswell.com\/product\/buy-adb-butinaca-adbb-online\/#primaryimage"},"image":{"@id":"https:\/\/chemswell.com\/product\/buy-adb-butinaca-adbb-online\/#primaryimage"},"thumbnailUrl":"https:\/\/chemswell.com\/wp-content\/uploads\/2023\/05\/Buy-ADB-Butinaca.jpg","datePublished":"2023-05-16T07:28:53+00:00","dateModified":"2026-04-12T21:11:48+00:00","description":"Buy ADB Butinaca (ADBB) Online, ADB-BUTINACA is a potent cannabinoid closely related to MDMB-BUTINACA. Order adb butinaca from a Reliable ADB SHOP ONLINE","breadcrumb":{"@id":"https:\/\/chemswell.com\/product\/buy-adb-butinaca-adbb-online\/#breadcrumb"},"inLanguage":"de","potentialAction":[{"@type":"ReadAction","target":["https:\/\/chemswell.com\/product\/buy-adb-butinaca-adbb-online\/"]}]},{"@type":"ImageObject","inLanguage":"de","@id":"https:\/\/chemswell.com\/product\/buy-adb-butinaca-adbb-online\/#primaryimage","url":"https:\/\/chemswell.com\/wp-content\/uploads\/2023\/05\/Buy-ADB-Butinaca.jpg","contentUrl":"https:\/\/chemswell.com\/wp-content\/uploads\/2023\/05\/Buy-ADB-Butinaca.jpg","width":600,"height":600,"caption":"Buy-ADB-Butinaca"},{"@type":"BreadcrumbList","@id":"https:\/\/chemswell.com\/product\/buy-adb-butinaca-adbb-online\/#breadcrumb","itemListElement":[{"@type":"ListItem","position":1,"name":"Home","item":"https:\/\/chemswell.com\/ru\/"},{"@type":"ListItem","position":2,"name":"Shop","item":"https:\/\/chemswell.com\/ru\/%d0%bc%d0%b0%d0%b3%d0%b0%d0%b7%d0%b8%d0%bd\/"},{"@type":"ListItem","position":3,"name":"Buy ADB Butinaca (ADBB) Online"}]},{"@type":"WebSite","@id":"https:\/\/chemswell.com\/it\/#website","url":"https:\/\/chemswell.com\/it\/","name":"Chemswell","description":"#1 Research Chemical Store","potentialAction":[{"@type":"SearchAction","target":{"@type":"EntryPoint","urlTemplate":"https:\/\/chemswell.com\/it\/?s={search_term_string}"},"query-input":"required name=search_term_string"}],"inLanguage":"de"}]}},"_links":{"self":[{"href":"https:\/\/chemswell.com\/de\/wp-json\/wp\/v2\/product\/10085"}],"collection":[{"href":"https:\/\/chemswell.com\/de\/wp-json\/wp\/v2\/product"}],"about":[{"href":"https:\/\/chemswell.com\/de\/wp-json\/wp\/v2\/types\/product"}],"replies":[{"embeddable":true,"href":"https:\/\/chemswell.com\/de\/wp-json\/wp\/v2\/comments?post=10085"}],"wp:featuredmedia":[{"embeddable":true,"href":"https:\/\/chemswell.com\/de\/wp-json\/wp\/v2\/media\/10092"}],"wp:attachment":[{"href":"https:\/\/chemswell.com\/de\/wp-json\/wp\/v2\/media?parent=10085"}],"wp:term":[{"taxonomy":"product_cat","embeddable":true,"href":"https:\/\/chemswell.com\/de\/wp-json\/wp\/v2\/product_cat?post=10085"},{"taxonomy":"product_tag","embeddable":true,"href":"https:\/\/chemswell.com\/de\/wp-json\/wp\/v2\/product_tag?post=10085"}],"curies":[{"name":"wp","href":"https:\/\/api.w.org\/{rel}","templated":true}]}}