{"id":10099,"date":"2023-05-29T12:50:46","date_gmt":"2023-05-29T12:50:46","guid":{"rendered":"https:\/\/chemswell.com\/?post_type=product&#038;p=10099"},"modified":"2026-02-25T04:16:36","modified_gmt":"2026-02-25T04:16:36","slug":"pure-100g-mdma-rocks-for-sale-online","status":"publish","type":"product","link":"https:\/\/chemswell.com\/de\/produkt\/reine-100g-mdma-felsen-zum-verkauf-online\/","title":{"rendered":"Reine 100g MDMA Rocks Online zu verkaufen"},"content":{"rendered":"<h2><strong>Reine MDMA-Rocks online kaufen<\/strong><\/h2>\n<p><a href=\"https:\/\/chemswell.com\/de\/produkt\/reine-100g-mdma-felsen-zum-verkauf-online\/\">Reine MDMA-Rocks online kaufen<\/a> mit 88% Reinheit. Im Labor getestet. Direkt von Amsterdams Nr. 1 Lieferant. Bestellen Sie Pure MDMA Rocks Online, Pure MDMA Rocks zum Verkauf online, Bestellen Sie MDMA Rocks online, Pure MDMA Rocks On sale, Wo kann man Pure MDMA Rocks online kaufen<\/p>\n<h3>Was ist MDMA?<\/h3>\n<p>(<a href=\"https:\/\/en.wikipedia.org\/wiki\/MDMA\">MDMA<\/a>Methylendioxymethamphetamin ist ein Empathogen, das das Gef\u00fchl der Empathie und Freundlichkeit steigert und das Gef\u00fchl verst\u00e4rkt, von anderen sozial akzeptiert zu werden und mit ihnen verbunden zu sein. MDMA ist die verk\u00fcrzte chemische Bezeichnung f\u00fcr die synthetische psychoaktive Droge 3,4-Methylendioxymethamphetamin. MDMA kann in Pulver- oder Kristallform vorliegen und ist auch der Wirkstoff, der in Ecstasy-Pillen zu finden sein d\u00fcrfte. Die Menge von MDMA in Ecstasy-Pillen in Europa. <a href=\"https:\/\/chemswell.com\/de\/\">Chemswell<\/a><\/p>\n<h3><strong>Auswirkungen?<\/strong><\/h3>\n<p>- Euphorie, ein Gef\u00fchl des allgemeinen Wohlbefindens und des Gl\u00fccks.<br \/>\n- Erh\u00f6hte Kontaktfreudigkeit und das Gef\u00fchl, dass die Kommunikation leicht oder einfach ist.<br \/>\n- Erh\u00f6hte Empathie oder Gef\u00fchle der N\u00e4he zu anderen - Es ist sicher!<br \/>\n- Ein Gef\u00fchl des inneren Friedens.<br \/>\n- Farben und Ger\u00e4usche werden verst\u00e4rkt, und die Augen werden geschont.<br \/>\n- Verbesserte Empfindung, Wahrnehmung oder Sexualit\u00e4t.<br \/>\n- Sie werden die Kontrolle behalten und sich an alles erinnern.<br \/>\n- Kein Kater.<\/p>\n<h3>Andere Namen<\/h3>\n<p>Ecstasy-Pille: Ecstasy, E, eggs, sweeties, eccies, pingers, swedgers, wee fellas, yolks, pills, oder Tabletten k\u00f6nnen nach dem Logo auf der Vorderseite der Pille benannt werden, MDMA-Pulver\/Kristall: mandy, madman, molly (in Nordamerika),<\/p>\n<h3>Wie wird MDMA konsumiert?<\/h3>\n<p>Personen, die MDMA zu Verkaufszwecken konsumieren, nehmen es in der Regel in Form von Kapseln oder Tabletten ein, manche schlucken es jedoch auch in fl\u00fcssiger Form oder schnupfen das Pulver. Der volkst\u00fcmliche Spitzname Molly (Slang f\u00fcr \"molekular\") bezieht sich h\u00e4ufig auf die angeblich \"reine\" kristalline Pulverform von MDMA, die in der Regel in Kapseln verkauft wird. Wer das als Molly verkaufte Pulver oder die Kapseln kauft, erh\u00e4lt jedoch h\u00e4ufig auch andere Drogen wie synthetische Cathinone.<\/p>\n<p>Manche Menschen nehmen MDMA in Kombination mit anderen Drogen wie Alkohol oder Marihuana.<\/p>","protected":false},"excerpt":{"rendered":"<p>Reine MDMA Rocks online kaufen Reine MDMA Rocks online kaufen mit 88% Reinheit. Im Labor getestet. Direkt von Amsterdams Nr. 1 Lieferant. Bestellen<\/p>","protected":false},"featured_media":10100,"comment_status":"closed","ping_status":"closed","template":"","meta":{"_joinchat":[]},"product_cat":[1258,1255],"product_tag":[3256,3246,1522,3238,3253,3250,3245,3243,3255,3237,3240,3248,3239,3249,3241,3251,3258,3259,3257,3254,3252,1530,3244,3247,3242],"yoast_head":"<!-- This site is optimized with the Yoast SEO plugin v23.0 - https:\/\/yoast.com\/wordpress\/plugins\/seo\/ -->\n<title>MDMA for sale - Buy MDMA Online - Order MDMA | Chemswell<\/title>\n<meta name=\"description\" content=\"MDMA for sale, Buy Pure MDMA crystals for sale discretely. Molly (ecstasy) powder is a very potent stimulant with empathogenic and entactogenic effects.\" \/>\n<meta name=\"robots\" content=\"index, follow, max-snippet:-1, max-image-preview:large, max-video-preview:-1\" \/>\n<link rel=\"canonical\" href=\"https:\/\/chemswell.com\/de\/produkt\/reine-100g-mdma-felsen-zum-verkauf-online\/\" \/>\n<meta property=\"og:locale\" content=\"de_DE\" \/>\n<meta property=\"og:type\" content=\"article\" \/>\n<meta property=\"og:title\" content=\"MDMA for sale - Buy MDMA Online - Order MDMA | Chemswell\" \/>\n<meta property=\"og:description\" content=\"MDMA for sale, Buy Pure MDMA crystals for sale discretely. Molly (ecstasy) powder is a very potent stimulant with empathogenic and entactogenic effects.\" \/>\n<meta property=\"og:url\" content=\"https:\/\/chemswell.com\/de\/produkt\/reine-100g-mdma-felsen-zum-verkauf-online\/\" \/>\n<meta property=\"og:site_name\" content=\"Chemswell\" \/>\n<meta property=\"article:modified_time\" content=\"2026-02-25T04:16:36+00:00\" \/>\n<meta property=\"og:image\" content=\"https:\/\/chemswell.com\/wp-content\/uploads\/2023\/05\/pure-mdma.webp\" \/>\n\t<meta property=\"og:image:width\" content=\"1000\" \/>\n\t<meta property=\"og:image:height\" content=\"750\" \/>\n\t<meta property=\"og:image:type\" content=\"image\/webp\" \/>\n<meta name=\"twitter:card\" content=\"summary_large_image\" \/>\n<meta name=\"twitter:label1\" content=\"Gesch\u00e4tzte Lesezeit\" \/>\n\t<meta name=\"twitter:data1\" content=\"2\u00a0Minuten\" \/>\n<!-- \/ Yoast SEO plugin. -->","yoast_head_json":{"title":"MDMA for sale - Buy MDMA Online - Order MDMA | Chemswell","description":"MDMA for sale, Buy Pure MDMA crystals for sale discretely. Molly (ecstasy) powder is a very potent stimulant with empathogenic and entactogenic effects.","robots":{"index":"index","follow":"follow","max-snippet":"max-snippet:-1","max-image-preview":"max-image-preview:large","max-video-preview":"max-video-preview:-1"},"canonical":"https:\/\/chemswell.com\/de\/produkt\/reine-100g-mdma-felsen-zum-verkauf-online\/","og_locale":"de_DE","og_type":"article","og_title":"MDMA for sale - Buy MDMA Online - Order MDMA | Chemswell","og_description":"MDMA for sale, Buy Pure MDMA crystals for sale discretely. Molly (ecstasy) powder is a very potent stimulant with empathogenic and entactogenic effects.","og_url":"https:\/\/chemswell.com\/de\/produkt\/reine-100g-mdma-felsen-zum-verkauf-online\/","og_site_name":"Chemswell","article_modified_time":"2026-02-25T04:16:36+00:00","og_image":[{"width":1000,"height":750,"url":"https:\/\/chemswell.com\/wp-content\/uploads\/2023\/05\/pure-mdma.webp","type":"image\/webp"}],"twitter_card":"summary_large_image","twitter_misc":{"Gesch\u00e4tzte Lesezeit":"2\u00a0Minuten"},"schema":{"@context":"https:\/\/schema.org","@graph":[{"@type":"WebPage","@id":"https:\/\/chemswell.com\/product\/pure-100g-mdma-rocks-for-sale-online\/","url":"https:\/\/chemswell.com\/product\/pure-100g-mdma-rocks-for-sale-online\/","name":"MDMA for sale - Buy MDMA Online - Order MDMA | Chemswell","isPartOf":{"@id":"https:\/\/chemswell.com\/it\/#website"},"primaryImageOfPage":{"@id":"https:\/\/chemswell.com\/product\/pure-100g-mdma-rocks-for-sale-online\/#primaryimage"},"image":{"@id":"https:\/\/chemswell.com\/product\/pure-100g-mdma-rocks-for-sale-online\/#primaryimage"},"thumbnailUrl":"https:\/\/chemswell.com\/wp-content\/uploads\/2023\/05\/pure-mdma.webp","datePublished":"2023-05-29T12:50:46+00:00","dateModified":"2026-02-25T04:16:36+00:00","description":"MDMA for sale, Buy Pure MDMA crystals for sale discretely. Molly (ecstasy) powder is a very potent stimulant with empathogenic and entactogenic effects.","breadcrumb":{"@id":"https:\/\/chemswell.com\/product\/pure-100g-mdma-rocks-for-sale-online\/#breadcrumb"},"inLanguage":"de","potentialAction":[{"@type":"ReadAction","target":["https:\/\/chemswell.com\/product\/pure-100g-mdma-rocks-for-sale-online\/"]}]},{"@type":"ImageObject","inLanguage":"de","@id":"https:\/\/chemswell.com\/product\/pure-100g-mdma-rocks-for-sale-online\/#primaryimage","url":"https:\/\/chemswell.com\/wp-content\/uploads\/2023\/05\/pure-mdma.webp","contentUrl":"https:\/\/chemswell.com\/wp-content\/uploads\/2023\/05\/pure-mdma.webp","width":1000,"height":750,"caption":"MDMA for sale"},{"@type":"BreadcrumbList","@id":"https:\/\/chemswell.com\/product\/pure-100g-mdma-rocks-for-sale-online\/#breadcrumb","itemListElement":[{"@type":"ListItem","position":1,"name":"Home","item":"https:\/\/chemswell.com\/ru\/"},{"@type":"ListItem","position":2,"name":"Shop","item":"https:\/\/chemswell.com\/ru\/%d0%bc%d0%b0%d0%b3%d0%b0%d0%b7%d0%b8%d0%bd\/"},{"@type":"ListItem","position":3,"name":"Pure 100g MDMA Rocks For Sale Online"}]},{"@type":"WebSite","@id":"https:\/\/chemswell.com\/it\/#website","url":"https:\/\/chemswell.com\/it\/","name":"Chemswell","description":"#1 Research Chemical Store","potentialAction":[{"@type":"SearchAction","target":{"@type":"EntryPoint","urlTemplate":"https:\/\/chemswell.com\/it\/?s={search_term_string}"},"query-input":"required name=search_term_string"}],"inLanguage":"de"}]}},"_links":{"self":[{"href":"https:\/\/chemswell.com\/de\/wp-json\/wp\/v2\/product\/10099"}],"collection":[{"href":"https:\/\/chemswell.com\/de\/wp-json\/wp\/v2\/product"}],"about":[{"href":"https:\/\/chemswell.com\/de\/wp-json\/wp\/v2\/types\/product"}],"replies":[{"embeddable":true,"href":"https:\/\/chemswell.com\/de\/wp-json\/wp\/v2\/comments?post=10099"}],"wp:featuredmedia":[{"embeddable":true,"href":"https:\/\/chemswell.com\/de\/wp-json\/wp\/v2\/media\/10100"}],"wp:attachment":[{"href":"https:\/\/chemswell.com\/de\/wp-json\/wp\/v2\/media?parent=10099"}],"wp:term":[{"taxonomy":"product_cat","embeddable":true,"href":"https:\/\/chemswell.com\/de\/wp-json\/wp\/v2\/product_cat?post=10099"},{"taxonomy":"product_tag","embeddable":true,"href":"https:\/\/chemswell.com\/de\/wp-json\/wp\/v2\/product_tag?post=10099"}],"curies":[{"name":"wp","href":"https:\/\/api.w.org\/{rel}","templated":true}]}}