{"id":10117,"date":"2023-06-01T07:28:11","date_gmt":"2023-06-01T07:28:11","guid":{"rendered":"https:\/\/chemswell.com\/?post_type=product&#038;p=10117"},"modified":"2025-01-08T09:37:08","modified_gmt":"2025-01-08T09:37:08","slug":"buy-dibutylone-crystal-online","status":"publish","type":"product","link":"https:\/\/chemswell.com\/de\/produkt\/dibutylon-kristall-online-kaufen\/","title":{"rendered":"Dibutylon-Kristall online kaufen"},"content":{"rendered":"<h2><strong>Dibutylon-Kristall online kaufen<\/strong><\/h2>\n<p><a href=\"https:\/\/chemswell.com\/de\/produkt\/dibutylon-kristall-online-kaufen\/\">Dibutylone<\/a>auch bekannt als bk-DMBDB, ist ein stimulierendes Medikament, das zu den pharmakologischen Gruppen Cathinon, Phenethylamin und Amphetamin geh\u00f6rt. Diese Medikamente haben eine Alkylgruppe, die mit dem Alphakohlenstoff des Phenethylaminkerns verbunden ist, und eine Ketongruppe, die an den Betakohlenstoff gebunden ist.<\/p>\n<p>Die Pflanze Khat, deren Bl\u00e4tter manchmal als Freizeitdroge gekaut werden, enth\u00e4lt von Natur aus Cathinon. Suchen Sie nach Dibutylone Kristall online kaufen? Sie sind auf der richtigen Website. <a href=\"https:\/\/chemswell.com\/de\/\">Chemswell<\/a><\/p>\n<h3><strong>Dibutylone Crystal kaufen:<\/strong><\/h3>\n<p>Designer substance <a href=\"https:\/\/en.wikipedia.org\/wiki\/Dibutylone\">Dutylone<\/a> hat das Potenzial, psychoaktiv zu sein. Sie weist strukturelle \u00c4hnlichkeiten mit der Designerdroge Methylon auf, die in Produkten wie Badesalz, Pflanzennahrung und Pillen gefunden wurde. Es ist jedoch noch ungewiss, wie sich eine solche chemische Verbindung auf organische Probanden, z. B. menschliche Testpersonen, auswirken kann.<\/p>\n<p>Es gilt als Biochemikalie mit zahlreichen Einsatzm\u00f6glichkeiten in der Massenspektrometrie. Daher k\u00f6nnten diejenigen, die Dibutyl kaufen m\u00f6chten, es in der forensischen Wissenschaft und in neurowissenschaftlichen Studien einsetzen.<\/p>\n<h3><strong>Wo kann man Kristalle von Dibutylon kaufen?<\/strong><\/h3>\n<p>Viele Nutzer stellen fest, dass die Erfahrung im Vergleich zu \u00e4hnlichen Substanzen bestenfalls bescheiden ist und lediglich ein leichtes euphorisches Gef\u00fchl erzeugt. Dies wurde jedoch nur von einem sehr kleinen Prozentsatz der Nutzer erw\u00e4hnt, wobei die Mehrheit von ihnen absolut keine Ver\u00e4nderung ihrer mentalen Zust\u00e4nde berichtet.<\/p>\n<p>Einige Personen erlebten einen angenehmen Schub, mehr Offenheit beim Sprechen \u00fcber Gef\u00fchle und Gedanken und eine Aufhellung der Stimmung. Die optimale Art des Konsums ist nach Angaben dieser Anwender die Inhalation; sie haben die Droge jedoch auch oral konsumiert, indem sie sie mit Wasser vermischt und die daraus resultierende Mischung getrunken haben.<\/p>\n<p>&nbsp;<\/p>\n<p>&nbsp;<\/p>","protected":false},"excerpt":{"rendered":"<p>Kaufen Dibutylone Crystal Online Dibutylone, auch bekannt als bk-DMBDB, ist ein Stimulans Medikament, das zu den Cathinon, Phenethylamin, und Amphetamin pharmakologischen geh\u00f6rt<\/p>","protected":false},"featured_media":10245,"comment_status":"closed","ping_status":"closed","template":"","meta":{"_joinchat":[]},"product_cat":[1258],"product_tag":[3325,3315,1522,3307,3306,3310,3309,3317,3308,3318,3320,3327,3328,3326,3323,3322,3319,3314,3312,3324,3321,1530,3313,3316,3311],"yoast_head":"<!-- This site is optimized with the Yoast SEO plugin v23.0 - https:\/\/yoast.com\/wordpress\/plugins\/seo\/ -->\n<title>Buy Dibutylone Crystal Online - Dibutylone Crystal for Sale<\/title>\n<meta name=\"description\" content=\"Buy dibutylone crystal online, Order dibutylone crystal online in ChemsWorld. dibutylone crystal for sale with worldwide delivery. Place your order now!\" \/>\n<meta name=\"robots\" content=\"index, follow, max-snippet:-1, max-image-preview:large, max-video-preview:-1\" \/>\n<link rel=\"canonical\" href=\"https:\/\/chemswell.com\/de\/produkt\/dibutylon-kristall-online-kaufen\/\" \/>\n<meta property=\"og:locale\" content=\"de_DE\" \/>\n<meta property=\"og:type\" content=\"article\" \/>\n<meta property=\"og:title\" content=\"Buy Dibutylone Crystal Online - Dibutylone Crystal for Sale\" \/>\n<meta property=\"og:description\" content=\"Buy dibutylone crystal online, Order dibutylone crystal online in ChemsWorld. dibutylone crystal for sale with worldwide delivery. Place your order now!\" \/>\n<meta property=\"og:url\" content=\"https:\/\/chemswell.com\/de\/produkt\/dibutylon-kristall-online-kaufen\/\" \/>\n<meta property=\"og:site_name\" content=\"Chemswell\" \/>\n<meta property=\"article:modified_time\" content=\"2025-01-08T09:37:08+00:00\" \/>\n<meta property=\"og:image\" content=\"https:\/\/chemswell.com\/wp-content\/uploads\/2023\/06\/Buy-Dibutylone-Crystal-online.jpg\" \/>\n\t<meta property=\"og:image:width\" content=\"600\" \/>\n\t<meta property=\"og:image:height\" content=\"600\" \/>\n\t<meta property=\"og:image:type\" content=\"image\/jpeg\" \/>\n<meta name=\"twitter:card\" content=\"summary_large_image\" \/>\n<meta name=\"twitter:label1\" content=\"Gesch\u00e4tzte Lesezeit\" \/>\n\t<meta name=\"twitter:data1\" content=\"2\u00a0Minuten\" \/>\n<!-- \/ Yoast SEO plugin. -->","yoast_head_json":{"title":"Buy Dibutylone Crystal Online - Dibutylone Crystal for Sale","description":"Buy dibutylone crystal online, Order dibutylone crystal online in ChemsWorld. dibutylone crystal for sale with worldwide delivery. Place your order now!","robots":{"index":"index","follow":"follow","max-snippet":"max-snippet:-1","max-image-preview":"max-image-preview:large","max-video-preview":"max-video-preview:-1"},"canonical":"https:\/\/chemswell.com\/de\/produkt\/dibutylon-kristall-online-kaufen\/","og_locale":"de_DE","og_type":"article","og_title":"Buy Dibutylone Crystal Online - Dibutylone Crystal for Sale","og_description":"Buy dibutylone crystal online, Order dibutylone crystal online in ChemsWorld. dibutylone crystal for sale with worldwide delivery. Place your order now!","og_url":"https:\/\/chemswell.com\/de\/produkt\/dibutylon-kristall-online-kaufen\/","og_site_name":"Chemswell","article_modified_time":"2025-01-08T09:37:08+00:00","og_image":[{"width":600,"height":600,"url":"https:\/\/chemswell.com\/wp-content\/uploads\/2023\/06\/Buy-Dibutylone-Crystal-online.jpg","type":"image\/jpeg"}],"twitter_card":"summary_large_image","twitter_misc":{"Gesch\u00e4tzte Lesezeit":"2\u00a0Minuten"},"schema":{"@context":"https:\/\/schema.org","@graph":[{"@type":"WebPage","@id":"https:\/\/chemswell.com\/product\/buy-dibutylone-crystal-online\/","url":"https:\/\/chemswell.com\/product\/buy-dibutylone-crystal-online\/","name":"Buy Dibutylone Crystal Online - Dibutylone Crystal for Sale","isPartOf":{"@id":"https:\/\/chemswell.com\/it\/#website"},"primaryImageOfPage":{"@id":"https:\/\/chemswell.com\/product\/buy-dibutylone-crystal-online\/#primaryimage"},"image":{"@id":"https:\/\/chemswell.com\/product\/buy-dibutylone-crystal-online\/#primaryimage"},"thumbnailUrl":"https:\/\/chemswell.com\/wp-content\/uploads\/2023\/06\/Buy-Dibutylone-Crystal-online.jpg","datePublished":"2023-06-01T07:28:11+00:00","dateModified":"2025-01-08T09:37:08+00:00","description":"Buy dibutylone crystal online, Order dibutylone crystal online in ChemsWorld. dibutylone crystal for sale with worldwide delivery. Place your order now!","breadcrumb":{"@id":"https:\/\/chemswell.com\/product\/buy-dibutylone-crystal-online\/#breadcrumb"},"inLanguage":"de","potentialAction":[{"@type":"ReadAction","target":["https:\/\/chemswell.com\/product\/buy-dibutylone-crystal-online\/"]}]},{"@type":"ImageObject","inLanguage":"de","@id":"https:\/\/chemswell.com\/product\/buy-dibutylone-crystal-online\/#primaryimage","url":"https:\/\/chemswell.com\/wp-content\/uploads\/2023\/06\/Buy-Dibutylone-Crystal-online.jpg","contentUrl":"https:\/\/chemswell.com\/wp-content\/uploads\/2023\/06\/Buy-Dibutylone-Crystal-online.jpg","width":600,"height":600,"caption":"Buy-Dibutylone-Crystal-online"},{"@type":"BreadcrumbList","@id":"https:\/\/chemswell.com\/product\/buy-dibutylone-crystal-online\/#breadcrumb","itemListElement":[{"@type":"ListItem","position":1,"name":"Home","item":"https:\/\/chemswell.com\/ru\/"},{"@type":"ListItem","position":2,"name":"Shop","item":"https:\/\/chemswell.com\/ru\/%d0%bc%d0%b0%d0%b3%d0%b0%d0%b7%d0%b8%d0%bd\/"},{"@type":"ListItem","position":3,"name":"Buy Dibutylone Crystal Online"}]},{"@type":"WebSite","@id":"https:\/\/chemswell.com\/it\/#website","url":"https:\/\/chemswell.com\/it\/","name":"Chemswell","description":"#1 Research Chemical Store","potentialAction":[{"@type":"SearchAction","target":{"@type":"EntryPoint","urlTemplate":"https:\/\/chemswell.com\/it\/?s={search_term_string}"},"query-input":"required name=search_term_string"}],"inLanguage":"de"}]}},"_links":{"self":[{"href":"https:\/\/chemswell.com\/de\/wp-json\/wp\/v2\/product\/10117"}],"collection":[{"href":"https:\/\/chemswell.com\/de\/wp-json\/wp\/v2\/product"}],"about":[{"href":"https:\/\/chemswell.com\/de\/wp-json\/wp\/v2\/types\/product"}],"replies":[{"embeddable":true,"href":"https:\/\/chemswell.com\/de\/wp-json\/wp\/v2\/comments?post=10117"}],"wp:featuredmedia":[{"embeddable":true,"href":"https:\/\/chemswell.com\/de\/wp-json\/wp\/v2\/media\/10245"}],"wp:attachment":[{"href":"https:\/\/chemswell.com\/de\/wp-json\/wp\/v2\/media?parent=10117"}],"wp:term":[{"taxonomy":"product_cat","embeddable":true,"href":"https:\/\/chemswell.com\/de\/wp-json\/wp\/v2\/product_cat?post=10117"},{"taxonomy":"product_tag","embeddable":true,"href":"https:\/\/chemswell.com\/de\/wp-json\/wp\/v2\/product_tag?post=10117"}],"curies":[{"name":"wp","href":"https:\/\/api.w.org\/{rel}","templated":true}]}}