{"id":10118,"date":"2023-06-01T07:28:11","date_gmt":"2023-06-01T07:28:11","guid":{"rendered":"https:\/\/chemswell.com\/?post_type=product&#038;p=10118"},"modified":"2025-01-08T08:08:33","modified_gmt":"2025-01-08T08:08:33","slug":"buy-ecstacy-yellow-illuminati-pills","status":"publish","type":"product","link":"https:\/\/chemswell.com\/de\/produkt\/ecstacy-kaufen-gelbe-illuminati-pillen\/","title":{"rendered":"Kaufen Sie Ecstacy Yellow Illuminati Pillen"},"content":{"rendered":"<h2><strong>Kaufen Sie Ecstasy-Pillen zum Verkauf<\/strong><\/h2>\n<p><a href=\"https:\/\/chemswell.com\/de\/produkt\/ecstacy-kaufen-gelbe-illuminati-pillen\/\">Kaufen Sie 160 mg MDMA Yellow Illuminati Pillen<\/a> erh\u00e4ltlich \u00fcber Online-H\u00e4ndler f\u00fcr medizinisches Zubeh\u00f6r. Accutane-Pillen. Diese sogenannten \u201ePartypillen\u201c verursachen Angstzust\u00e4nde. Weitere Informationen zu diesen Medikamenten finden Sie unter\u00a0\u00a0 Es gibt mehrere Namen f\u00fcr Ecstasy, darunter Molly, Ecstasy, XTC, X, E, Adam, Eve, Clarity, Hug, Beans, Love Drug, Lovers\u2018 Speed und Peace.<\/p>\n<p><strong>Wichtige Details zu Ecstasy-Pillen: Ecstasy online k\u00e4uflich<\/strong><\/p>\n<p><a href=\"https:\/\/en.wikipedia.org\/wiki\/Ecstasy\">Ecstasy<\/a> -Pillen sind nur eine der vielen Designerdrogen, die heutzutage immer beliebter werden, weil Untergrundlabore sich die Fortschritte in der Chemie zunutze machen. Diese Labore versuchen, die chemische Zusammensetzung bestehender Arzneimittel zu \u00e4ndern, um neue mit den gleichen Eigenschaften herzustellen und so Arzneimittelbeschr\u00e4nkungen zu umgehen. Ecstasy ist eine der Designerdrogen, die aus diesen Studien hervorgingen und auf den Markt kamen. Kaufen Sie 160 mg MDMA Yellow Illuminati Pills online mit Bitcoin <a href=\"https:\/\/chemswell.com\/de\/\">Chemswell<\/a><\/p>\n<ul>\n<li>Ecstasy und Molly sind zwei unterschiedliche Marken der Chemikalie MDMA.<\/li>\n<li>MDMA hat sowohl stimulierende als auch halluzinogene Wirkungen. Es wird h\u00e4ufig in sozialen Kontexten wie Tanzclubs und Partys eingesetzt.<\/li>\n<li>Serotonin, Noradrenalin und Dopamin werden durch das Medikament in gro\u00dfen Mengen freigesetzt und geben dem Konsumenten ein Gef\u00fchl der Vitalit\u00e4t.<\/li>\n<li>Molly gilt als MDMA in seiner \u201ereinsten\u201c Form. Da es sich bei dem Arzneimittel um ein wei\u00dfes Pulver handelt und deutliche Farbflecken darin erkennbar sind, wird davon ausgegangen, dass keine Verf\u00e4lschungen eingef\u00fchrt wurden. Doch diese Behauptung ist unwahr.<\/li>\n<li>Molly kann aus MDPV, Methylon, Mephedron und Butylen hergestellt und als solches verkauft werden.<\/li>\n<li>Ecstasy und Molly sind zwei unterschiedliche Marken der Chemikalie MDMA.<\/li>\n<li>MDMA hat sowohl stimulierende als auch halluzinogene Wirkungen. Es wird h\u00e4ufig in sozialen Kontexten wie Tanzclubs und Partys eingesetzt.<\/li>\n<li>Serotonin, Noradrenalin und Dopamin werden durch das Medikament in gro\u00dfen Mengen freigesetzt und geben dem Konsumenten ein Gef\u00fchl der Vitalit\u00e4t.<\/li>\n<li>Molly gilt als MDMA in seiner \u201ereinsten\u201c Form. Da das Arzneimittel ein wei\u00dfes Pulver ist und<\/li>\n<li>Da darin deutliche Farbflecken zu erkennen sind, wird davon ausgegangen, dass keine Verf\u00e4lschungen eingebracht wurden. Doch diese Behauptung ist unwahr.<\/li>\n<li>Molly kann aus MDPV, Methylon, Mephedron und Butylen hergestellt und als solches verkauft werden.<\/li>\n<\/ul>\n<h3><strong>Wie wirken ECstasy-Tabletten? Ecstasy-Tabletten Ecstasy online k\u00e4uflich<\/strong><\/h3>\n<p>Dies nennt man \u201ePartypillen\u201c, die Angst ausl\u00f6sen. Einzelheiten zu den Medikamenten finden Sie unter Molly, Ecstasy, XTC, X, E, Adam, Eve, Clarity, Hug, Beans, Love Drug, Lovers' Speed, Frieden \u2013 das sind nur einige der Namen f\u00fcr Ekstase. Kaufen Sie 160 mg MDMA Yellow Illuminati Pills online mit Bitcoin.<\/p>","protected":false},"excerpt":{"rendered":"<p>Kaufen Sie Ecstasy-Pillen zum Verkauf Kauf 160mg MDMA Yellow Illuminati Pills durch Online-Medizinische Versorgung Einzelh\u00e4ndler zug\u00e4nglich. Accutane Pillen Dies wird als<\/p>","protected":false},"featured_media":10244,"comment_status":"closed","ping_status":"closed","template":"","meta":{"_joinchat":[]},"product_cat":[1260],"product_tag":[2042,2032,1522,2024,2023,2027,2026,2034,2025,2035,2037,2044,2045,2043,2040,2039,2036,2031,2029,2041,2038,1530,2030,2033,2028],"yoast_head":"<!-- This site is optimized with the Yoast SEO plugin v23.0 - https:\/\/yoast.com\/wordpress\/plugins\/seo\/ -->\n<title>Ecstcy Yellow Illuminati Pills for Sale @ Best Price | Chemswell<\/title>\n<meta name=\"description\" content=\"Buy ecstasy yellow illuminati pills today for your research needs. We provide quality, reliable ecstasy yellow illuminati pills for sale at best rate.\" \/>\n<meta name=\"robots\" content=\"index, follow, max-snippet:-1, max-image-preview:large, max-video-preview:-1\" \/>\n<link rel=\"canonical\" href=\"https:\/\/chemswell.com\/de\/produkt\/ecstacy-kaufen-gelbe-illuminati-pillen\/\" \/>\n<meta property=\"og:locale\" content=\"de_DE\" \/>\n<meta property=\"og:type\" content=\"article\" \/>\n<meta property=\"og:title\" content=\"Ecstcy Yellow Illuminati Pills for Sale @ Best Price | Chemswell\" \/>\n<meta property=\"og:description\" content=\"Buy ecstasy yellow illuminati pills today for your research needs. We provide quality, reliable ecstasy yellow illuminati pills for sale at best rate.\" \/>\n<meta property=\"og:url\" content=\"https:\/\/chemswell.com\/de\/produkt\/ecstacy-kaufen-gelbe-illuminati-pillen\/\" \/>\n<meta property=\"og:site_name\" content=\"Chemswell\" \/>\n<meta property=\"article:modified_time\" content=\"2025-01-08T08:08:33+00:00\" \/>\n<meta property=\"og:image\" content=\"https:\/\/chemswell.com\/wp-content\/uploads\/2023\/06\/buy-Ecstacy-yellow-illuminati-pills.jpg\" \/>\n\t<meta property=\"og:image:width\" content=\"600\" \/>\n\t<meta property=\"og:image:height\" content=\"600\" \/>\n\t<meta property=\"og:image:type\" content=\"image\/jpeg\" \/>\n<meta name=\"twitter:card\" content=\"summary_large_image\" \/>\n<meta name=\"twitter:label1\" content=\"Gesch\u00e4tzte Lesezeit\" \/>\n\t<meta name=\"twitter:data1\" content=\"3\u00a0Minuten\" \/>\n<!-- \/ Yoast SEO plugin. -->","yoast_head_json":{"title":"Ecstcy Yellow Illuminati Pills for Sale @ Best Price | Chemswell","description":"Buy ecstasy yellow illuminati pills today for your research needs. We provide quality, reliable ecstasy yellow illuminati pills for sale at best rate.","robots":{"index":"index","follow":"follow","max-snippet":"max-snippet:-1","max-image-preview":"max-image-preview:large","max-video-preview":"max-video-preview:-1"},"canonical":"https:\/\/chemswell.com\/de\/produkt\/ecstacy-kaufen-gelbe-illuminati-pillen\/","og_locale":"de_DE","og_type":"article","og_title":"Ecstcy Yellow Illuminati Pills for Sale @ Best Price | Chemswell","og_description":"Buy ecstasy yellow illuminati pills today for your research needs. We provide quality, reliable ecstasy yellow illuminati pills for sale at best rate.","og_url":"https:\/\/chemswell.com\/de\/produkt\/ecstacy-kaufen-gelbe-illuminati-pillen\/","og_site_name":"Chemswell","article_modified_time":"2025-01-08T08:08:33+00:00","og_image":[{"width":600,"height":600,"url":"https:\/\/chemswell.com\/wp-content\/uploads\/2023\/06\/buy-Ecstacy-yellow-illuminati-pills.jpg","type":"image\/jpeg"}],"twitter_card":"summary_large_image","twitter_misc":{"Gesch\u00e4tzte Lesezeit":"3\u00a0Minuten"},"schema":{"@context":"https:\/\/schema.org","@graph":[{"@type":"WebPage","@id":"https:\/\/chemswell.com\/product\/buy-ecstacy-yellow-illuminati-pills\/","url":"https:\/\/chemswell.com\/product\/buy-ecstacy-yellow-illuminati-pills\/","name":"Ecstcy Yellow Illuminati Pills for Sale @ Best Price | Chemswell","isPartOf":{"@id":"https:\/\/chemswell.com\/it\/#website"},"primaryImageOfPage":{"@id":"https:\/\/chemswell.com\/product\/buy-ecstacy-yellow-illuminati-pills\/#primaryimage"},"image":{"@id":"https:\/\/chemswell.com\/product\/buy-ecstacy-yellow-illuminati-pills\/#primaryimage"},"thumbnailUrl":"https:\/\/chemswell.com\/wp-content\/uploads\/2023\/06\/buy-Ecstacy-yellow-illuminati-pills.jpg","datePublished":"2023-06-01T07:28:11+00:00","dateModified":"2025-01-08T08:08:33+00:00","description":"Buy ecstasy yellow illuminati pills today for your research needs. We provide quality, reliable ecstasy yellow illuminati pills for sale at best rate.","breadcrumb":{"@id":"https:\/\/chemswell.com\/product\/buy-ecstacy-yellow-illuminati-pills\/#breadcrumb"},"inLanguage":"de","potentialAction":[{"@type":"ReadAction","target":["https:\/\/chemswell.com\/product\/buy-ecstacy-yellow-illuminati-pills\/"]}]},{"@type":"ImageObject","inLanguage":"de","@id":"https:\/\/chemswell.com\/product\/buy-ecstacy-yellow-illuminati-pills\/#primaryimage","url":"https:\/\/chemswell.com\/wp-content\/uploads\/2023\/06\/buy-Ecstacy-yellow-illuminati-pills.jpg","contentUrl":"https:\/\/chemswell.com\/wp-content\/uploads\/2023\/06\/buy-Ecstacy-yellow-illuminati-pills.jpg","width":600,"height":600,"caption":"buy-Ecstacy-yellow-illuminati-pills"},{"@type":"BreadcrumbList","@id":"https:\/\/chemswell.com\/product\/buy-ecstacy-yellow-illuminati-pills\/#breadcrumb","itemListElement":[{"@type":"ListItem","position":1,"name":"Home","item":"https:\/\/chemswell.com\/ru\/"},{"@type":"ListItem","position":2,"name":"Shop","item":"https:\/\/chemswell.com\/ru\/%d0%bc%d0%b0%d0%b3%d0%b0%d0%b7%d0%b8%d0%bd\/"},{"@type":"ListItem","position":3,"name":"Buy Ecstacy Yellow illuminati Pills"}]},{"@type":"WebSite","@id":"https:\/\/chemswell.com\/it\/#website","url":"https:\/\/chemswell.com\/it\/","name":"Chemswell","description":"#1 Research Chemical Store","potentialAction":[{"@type":"SearchAction","target":{"@type":"EntryPoint","urlTemplate":"https:\/\/chemswell.com\/it\/?s={search_term_string}"},"query-input":"required name=search_term_string"}],"inLanguage":"de"}]}},"_links":{"self":[{"href":"https:\/\/chemswell.com\/de\/wp-json\/wp\/v2\/product\/10118"}],"collection":[{"href":"https:\/\/chemswell.com\/de\/wp-json\/wp\/v2\/product"}],"about":[{"href":"https:\/\/chemswell.com\/de\/wp-json\/wp\/v2\/types\/product"}],"replies":[{"embeddable":true,"href":"https:\/\/chemswell.com\/de\/wp-json\/wp\/v2\/comments?post=10118"}],"wp:featuredmedia":[{"embeddable":true,"href":"https:\/\/chemswell.com\/de\/wp-json\/wp\/v2\/media\/10244"}],"wp:attachment":[{"href":"https:\/\/chemswell.com\/de\/wp-json\/wp\/v2\/media?parent=10118"}],"wp:term":[{"taxonomy":"product_cat","embeddable":true,"href":"https:\/\/chemswell.com\/de\/wp-json\/wp\/v2\/product_cat?post=10118"},{"taxonomy":"product_tag","embeddable":true,"href":"https:\/\/chemswell.com\/de\/wp-json\/wp\/v2\/product_tag?post=10118"}],"curies":[{"name":"wp","href":"https:\/\/api.w.org\/{rel}","templated":true}]}}