{"id":10119,"date":"2023-06-01T07:28:14","date_gmt":"2023-06-01T07:28:14","guid":{"rendered":"https:\/\/chemswell.com\/?post_type=product&#038;p=10119"},"modified":"2026-04-14T16:34:24","modified_gmt":"2026-04-14T16:34:24","slug":"buy-original-ghb-online","status":"publish","type":"product","link":"https:\/\/chemswell.com\/de\/produkt\/original-ghb-online-kaufen\/","title":{"rendered":"Original GHB online kaufen"},"content":{"rendered":"<h2><strong>Medikament GHB zu verkaufen<\/strong><\/h2>\n<p><a href=\"https:\/\/chemswell.com\/de\/produkt\/original-ghb-online-kaufen\/\">Original GHB online kaufen<\/a>, GHB is an intriguing substance that has gained attention in the research community for its ability to treat narcolepsy. On a chemical level, gamma-hydroxybutyrate quickly eliminates sleep problems and uncontrollable energy bursts. Although some researchers have already discovered that GHB can be used to treat narcolepsy, its effects are expected to lead to further benefits for healthcare facilities. You may now purchase GHB online from Chemswell as one of the commercially accessible chemicals to find out what they are.<\/p>\n<p>In einigen L\u00e4ndern, beispielsweise Kanada, wird GHB im klinischen Umfeld zur kontrollierten und \u00fcberwachten Behandlung eingesetzt. Um den Schlaf-Wach-Rhythmus anzupassen und die Aufmerksamkeit w\u00e4hrend des Tages zu steigern, wird es Menschen mit starken Schlafproblemen verabreicht. Dar\u00fcber hinaus k\u00f6nnen Kataplexie-Symptome, die h\u00e4ufig mit Narkolepsie einhergehen und den Patienten aufgrund \u00fcberm\u00e4\u00dfiger Muskelschw\u00e4che sein Wohlbefinden beeintr\u00e4chtigen, durch GHB gelindert werden. <a href=\"https:\/\/en.wikipedia.org\/wiki\/%CE%93-Hydroxybutyric_acid\">GHB<\/a>.<\/p>\n<p>Gamma-Hydroxybutyrat ist wirksam, was einer der Gr\u00fcnde daf\u00fcr ist, dass Gesundheitseinrichtungen es wahrscheinlich kaufen und f\u00fcr die Patientenversorgung verwenden. Wenn ein Arzt m\u00f6gliche Nebenwirkungen richtig \u00fcberwacht, ist die Wahrscheinlichkeit, dass GHB unwirksam ist, geringer als bei herk\u00f6mmlichen Stimulanzien zur Behandlung von Narkolepsie. Es hat auch eine doppelte Wirkung: Es erm\u00f6glicht den Patienten, w\u00e4hrend der Behandlung normaler zu leben.<\/p>\n<h3><strong>F\u00fcr Personen, die GHB kaufen m\u00f6chten, kann die Reinheit ein Problem darstellen.<\/strong><\/h3>\n<p>F\u00fcr Gamma-Hydroxybutyrat als Chemikalie sind nur wenige Faktoren wichtiger als die Reinheit der Substanz. Unreines GHB kann zu einem Durcheinander ver\u00e4nderter Neurotransmitterspiegel, Atemdepression und sogar zum Tod f\u00fchren und muss daher reguliert werden, um therapeutische Ergebnisse und Patientensicherheit zu gew\u00e4hrleisten. Aus diesem Grund muss der Schwerpunkt Ihrer Forschung auf den Eigenschaften von Gamma-Hydroxybutyrat liegen, einer reinen Substanz, die Patienten verabreicht werden kann.<\/p>\n<p>Sie k\u00f6nnen eine reine Chemikalie finden, indem Sie online bei Chemswell nach GHB suchen. Da unser Team es bereits getestet hat, k\u00f6nnen die Forschungsanstrengungen maximiert werden, ohne sich um die unerw\u00fcnschten Bestandteile der Substanz k\u00fcmmern zu m\u00fcssen.<a href=\"https:\/\/chemswell.com\/de\/\">.<\/a><\/p>","protected":false},"excerpt":{"rendered":"<p>Drug GHB for sale Buy Original GHB Online, GHB is an intriguing substance that has gained attention in the research community for<\/p>","protected":false},"featured_media":10246,"comment_status":"open","ping_status":"closed","template":"","meta":{"_joinchat":[]},"product_cat":[1260],"product_tag":[2640,2630,1522,2622,2621,2625,2624,2632,2623,2633,2635,2642,2643,2641,2638,2637,2634,2629,2627,2639,2636,1530,2628,2631,2626],"yoast_head":"<!-- This site is optimized with the Yoast SEO plugin v23.0 - https:\/\/yoast.com\/wordpress\/plugins\/seo\/ -->\n<title>Buy Original GHB Online - Original GHB for Sale | Chemswell<\/title>\n<meta name=\"description\" content=\"Buy original ghb today for your research needs. We provide quality, reliable original ghb for sale at best rate. Order now.\" \/>\n<meta name=\"robots\" content=\"index, follow, max-snippet:-1, max-image-preview:large, max-video-preview:-1\" \/>\n<link rel=\"canonical\" href=\"https:\/\/chemswell.com\/de\/produkt\/original-ghb-online-kaufen\/\" \/>\n<meta property=\"og:locale\" content=\"de_DE\" \/>\n<meta property=\"og:type\" content=\"article\" \/>\n<meta property=\"og:title\" content=\"Buy Original GHB Online - Original GHB for Sale | Chemswell\" \/>\n<meta property=\"og:description\" content=\"Buy original ghb today for your research needs. We provide quality, reliable original ghb for sale at best rate. Order now.\" \/>\n<meta property=\"og:url\" content=\"https:\/\/chemswell.com\/de\/produkt\/original-ghb-online-kaufen\/\" \/>\n<meta property=\"og:site_name\" content=\"Chemswell\" \/>\n<meta property=\"article:modified_time\" content=\"2026-04-14T16:34:24+00:00\" \/>\n<meta property=\"og:image\" content=\"https:\/\/chemswell.com\/wp-content\/uploads\/2023\/06\/Buy-GHB-online.jpg\" \/>\n\t<meta property=\"og:image:width\" content=\"600\" \/>\n\t<meta property=\"og:image:height\" content=\"600\" \/>\n\t<meta property=\"og:image:type\" content=\"image\/jpeg\" \/>\n<meta name=\"twitter:card\" content=\"summary_large_image\" \/>\n<meta name=\"twitter:label1\" content=\"Gesch\u00e4tzte Lesezeit\" \/>\n\t<meta name=\"twitter:data1\" content=\"2\u00a0Minuten\" \/>\n<!-- \/ Yoast SEO plugin. -->","yoast_head_json":{"title":"Buy Original GHB Online - Original GHB for Sale | Chemswell","description":"Buy original ghb today for your research needs. We provide quality, reliable original ghb for sale at best rate. Order now.","robots":{"index":"index","follow":"follow","max-snippet":"max-snippet:-1","max-image-preview":"max-image-preview:large","max-video-preview":"max-video-preview:-1"},"canonical":"https:\/\/chemswell.com\/de\/produkt\/original-ghb-online-kaufen\/","og_locale":"de_DE","og_type":"article","og_title":"Buy Original GHB Online - Original GHB for Sale | Chemswell","og_description":"Buy original ghb today for your research needs. We provide quality, reliable original ghb for sale at best rate. Order now.","og_url":"https:\/\/chemswell.com\/de\/produkt\/original-ghb-online-kaufen\/","og_site_name":"Chemswell","article_modified_time":"2026-04-14T16:34:24+00:00","og_image":[{"width":600,"height":600,"url":"https:\/\/chemswell.com\/wp-content\/uploads\/2023\/06\/Buy-GHB-online.jpg","type":"image\/jpeg"}],"twitter_card":"summary_large_image","twitter_misc":{"Gesch\u00e4tzte Lesezeit":"2\u00a0Minuten"},"schema":{"@context":"https:\/\/schema.org","@graph":[{"@type":"WebPage","@id":"https:\/\/chemswell.com\/product\/buy-original-ghb-online\/","url":"https:\/\/chemswell.com\/product\/buy-original-ghb-online\/","name":"Buy Original GHB Online - Original GHB for Sale | Chemswell","isPartOf":{"@id":"https:\/\/chemswell.com\/it\/#website"},"primaryImageOfPage":{"@id":"https:\/\/chemswell.com\/product\/buy-original-ghb-online\/#primaryimage"},"image":{"@id":"https:\/\/chemswell.com\/product\/buy-original-ghb-online\/#primaryimage"},"thumbnailUrl":"https:\/\/chemswell.com\/wp-content\/uploads\/2023\/06\/Buy-GHB-online.jpg","datePublished":"2023-06-01T07:28:14+00:00","dateModified":"2026-04-14T16:34:24+00:00","description":"Buy original ghb today for your research needs. We provide quality, reliable original ghb for sale at best rate. Order now.","breadcrumb":{"@id":"https:\/\/chemswell.com\/product\/buy-original-ghb-online\/#breadcrumb"},"inLanguage":"de","potentialAction":[{"@type":"ReadAction","target":["https:\/\/chemswell.com\/product\/buy-original-ghb-online\/"]}]},{"@type":"ImageObject","inLanguage":"de","@id":"https:\/\/chemswell.com\/product\/buy-original-ghb-online\/#primaryimage","url":"https:\/\/chemswell.com\/wp-content\/uploads\/2023\/06\/Buy-GHB-online.jpg","contentUrl":"https:\/\/chemswell.com\/wp-content\/uploads\/2023\/06\/Buy-GHB-online.jpg","width":600,"height":600,"caption":"Buy-GHB-online"},{"@type":"BreadcrumbList","@id":"https:\/\/chemswell.com\/product\/buy-original-ghb-online\/#breadcrumb","itemListElement":[{"@type":"ListItem","position":1,"name":"Home","item":"https:\/\/chemswell.com\/ru\/"},{"@type":"ListItem","position":2,"name":"Shop","item":"https:\/\/chemswell.com\/ru\/%d0%bc%d0%b0%d0%b3%d0%b0%d0%b7%d0%b8%d0%bd\/"},{"@type":"ListItem","position":3,"name":"Buy Original GHB Online"}]},{"@type":"WebSite","@id":"https:\/\/chemswell.com\/it\/#website","url":"https:\/\/chemswell.com\/it\/","name":"Chemswell","description":"#1 Research Chemical Store","potentialAction":[{"@type":"SearchAction","target":{"@type":"EntryPoint","urlTemplate":"https:\/\/chemswell.com\/it\/?s={search_term_string}"},"query-input":"required name=search_term_string"}],"inLanguage":"de"}]}},"_links":{"self":[{"href":"https:\/\/chemswell.com\/de\/wp-json\/wp\/v2\/product\/10119"}],"collection":[{"href":"https:\/\/chemswell.com\/de\/wp-json\/wp\/v2\/product"}],"about":[{"href":"https:\/\/chemswell.com\/de\/wp-json\/wp\/v2\/types\/product"}],"replies":[{"embeddable":true,"href":"https:\/\/chemswell.com\/de\/wp-json\/wp\/v2\/comments?post=10119"}],"wp:featuredmedia":[{"embeddable":true,"href":"https:\/\/chemswell.com\/de\/wp-json\/wp\/v2\/media\/10246"}],"wp:attachment":[{"href":"https:\/\/chemswell.com\/de\/wp-json\/wp\/v2\/media?parent=10119"}],"wp:term":[{"taxonomy":"product_cat","embeddable":true,"href":"https:\/\/chemswell.com\/de\/wp-json\/wp\/v2\/product_cat?post=10119"},{"taxonomy":"product_tag","embeddable":true,"href":"https:\/\/chemswell.com\/de\/wp-json\/wp\/v2\/product_tag?post=10119"}],"curies":[{"name":"wp","href":"https:\/\/api.w.org\/{rel}","templated":true}]}}