{"id":10120,"date":"2023-06-01T07:28:18","date_gmt":"2023-06-01T07:28:18","guid":{"rendered":"https:\/\/chemswell.com\/?post_type=product&#038;p=10120"},"modified":"2025-01-08T08:09:51","modified_gmt":"2025-01-08T08:09:51","slug":"buy-molly-mdma-pills-pure-mdma","status":"publish","type":"product","link":"https:\/\/chemswell.com\/de\/produkt\/molly-mdma-pillen-kaufen-reines-mdma\/","title":{"rendered":"Kaufen Sie Molly MDMA-Pillen (reines MDMA)"},"content":{"rendered":"<h2><strong>Was ist Molly\/MDMA?<\/strong><\/h2>\n<p><a href=\"https:\/\/chemswell.com\/de\/produkt\/molly-mdma-pillen-kaufen-reines-mdma\/\">Molly\/MDMA<\/a> hat eine energetisierende Wirkung, verzerrt Zeit und Wahrnehmung und steigert die Freude an taktilen Reizen. Es wirkt sowohl als Stimulans als auch als Halluzinogen. <a href=\"https:\/\/chemswell.com\/de\/\">Chemswell<\/a><\/p>\n<p>Es hilft Jugendlichen und jungen Erwachsenen, sich zu entspannen und zu ermutigen:<\/p>\n<ul>\n<li>Sexualit\u00e4t, Euphorie, Intimit\u00e4t, Empathie und<\/li>\n<\/ul>\n<p>Ecstasy, eine beliebte Partydroge, ist als Pulver oder Tablette erh\u00e4ltlich. Die Logos und Farben der Pille variieren.<\/p>\n<h3><strong>Wie werden sie misshandelt?<\/strong><\/h3>\n<p>Schlucken von Pillen, Tabletten und Molly-Gelkapseln. Kristall, Pulver und Fl\u00fcssigkeit. geschnupft oder zerdr\u00fcckt. regelm\u00e4\u00dfig geraucht.<\/p>\n<h3><strong>Welchen Einfluss haben sie auf den K\u00f6rper?<\/strong><\/h3>\n<p>erh\u00f6hte Herzfrequenz, Blutdruck, Muskelverspannungen, Zittern, Z\u00e4hneknirschen, \u00dcbelkeit, Schwitzen, Euphorie, Empathie, verminderte Hemmung, Sch\u00fcttelfrost, verschwommenes Sehen, Verwirrtheit, starke Dehydrierung, Schlafprobleme und Hei\u00dfhunger auf Drogen.<\/p>\n<h3><strong>Welche Auswirkungen hat es im \u00dcberma\u00df?<\/strong><\/h3>\n<p><a href=\"https:\/\/en.wikipedia.org\/wiki\/MDMA\">MDMA<\/a> kann bei \u00fcberm\u00e4\u00dfigen Dosen die F\u00e4higkeit des K\u00f6rpers beeintr\u00e4chtigen, die Temperatur zu kontrollieren. Manchmal kann dies zu einem pl\u00f6tzlichen Anstieg der K\u00f6rpertemperatur (Hyperthermie) f\u00fchren, was zu Leber-, Nieren- oder Herz-Kreislauf-Versagen, einer Vergr\u00f6\u00dferung des Gehirns und sogar zum Tod f\u00fchren kann. Dar\u00fcber hinaus kann die wiederholte kurzzeitige Einnahme von MDMA zu gef\u00e4hrlichen Mengen der Droge f\u00fchren.<\/p>","protected":false},"excerpt":{"rendered":"<p>Was ist Molly\/MDMA? Molly\/MDMA hat eine anregende Wirkung, verzerrt die Zeit und die Wahrnehmung und steigert die Freude an taktilen Reizen. Es funktioniert sowohl als<\/p>","protected":false},"featured_media":10247,"comment_status":"closed","ping_status":"closed","template":"","meta":{"_joinchat":[]},"product_cat":[1260],"product_tag":[2663,2653,1522,2645,2644,2648,2647,2655,2646,2656,2658,2665,2666,2664,2661,2660,2657,2652,2650,2662,2659,1530,2651,2654,2649],"yoast_head":"<!-- This site is optimized with the Yoast SEO plugin v23.0 - https:\/\/yoast.com\/wordpress\/plugins\/seo\/ -->\n<title>Buy Molly Mdma Pills Online - Molly Mdma Pills for Sale<\/title>\n<meta name=\"description\" content=\"Get the highest quality molly mdma pills for sale at the best prices. Shop our wide range of molly mdma pills and get fast shipping Buy Now!\" \/>\n<meta name=\"robots\" content=\"index, follow, max-snippet:-1, max-image-preview:large, max-video-preview:-1\" \/>\n<link rel=\"canonical\" href=\"https:\/\/chemswell.com\/de\/produkt\/molly-mdma-pillen-kaufen-reines-mdma\/\" \/>\n<meta property=\"og:locale\" content=\"de_DE\" \/>\n<meta property=\"og:type\" content=\"article\" \/>\n<meta property=\"og:title\" content=\"Buy Molly Mdma Pills Online - Molly Mdma Pills for Sale\" \/>\n<meta property=\"og:description\" content=\"Get the highest quality molly mdma pills for sale at the best prices. Shop our wide range of molly mdma pills and get fast shipping Buy Now!\" \/>\n<meta property=\"og:url\" content=\"https:\/\/chemswell.com\/de\/produkt\/molly-mdma-pillen-kaufen-reines-mdma\/\" \/>\n<meta property=\"og:site_name\" content=\"Chemswell\" \/>\n<meta property=\"article:modified_time\" content=\"2025-01-08T08:09:51+00:00\" \/>\n<meta property=\"og:image\" content=\"https:\/\/chemswell.com\/wp-content\/uploads\/2023\/06\/Buy-Molly-MDMA-Pills.jpg\" \/>\n\t<meta property=\"og:image:width\" content=\"600\" \/>\n\t<meta property=\"og:image:height\" content=\"600\" \/>\n\t<meta property=\"og:image:type\" content=\"image\/jpeg\" \/>\n<meta name=\"twitter:card\" content=\"summary_large_image\" \/>\n<meta name=\"twitter:label1\" content=\"Gesch\u00e4tzte Lesezeit\" \/>\n\t<meta name=\"twitter:data1\" content=\"2\u00a0Minuten\" \/>\n<!-- \/ Yoast SEO plugin. -->","yoast_head_json":{"title":"Buy Molly Mdma Pills Online - Molly Mdma Pills for Sale","description":"Get the highest quality molly mdma pills for sale at the best prices. Shop our wide range of molly mdma pills and get fast shipping Buy Now!","robots":{"index":"index","follow":"follow","max-snippet":"max-snippet:-1","max-image-preview":"max-image-preview:large","max-video-preview":"max-video-preview:-1"},"canonical":"https:\/\/chemswell.com\/de\/produkt\/molly-mdma-pillen-kaufen-reines-mdma\/","og_locale":"de_DE","og_type":"article","og_title":"Buy Molly Mdma Pills Online - Molly Mdma Pills for Sale","og_description":"Get the highest quality molly mdma pills for sale at the best prices. Shop our wide range of molly mdma pills and get fast shipping Buy Now!","og_url":"https:\/\/chemswell.com\/de\/produkt\/molly-mdma-pillen-kaufen-reines-mdma\/","og_site_name":"Chemswell","article_modified_time":"2025-01-08T08:09:51+00:00","og_image":[{"width":600,"height":600,"url":"https:\/\/chemswell.com\/wp-content\/uploads\/2023\/06\/Buy-Molly-MDMA-Pills.jpg","type":"image\/jpeg"}],"twitter_card":"summary_large_image","twitter_misc":{"Gesch\u00e4tzte Lesezeit":"2\u00a0Minuten"},"schema":{"@context":"https:\/\/schema.org","@graph":[{"@type":"WebPage","@id":"https:\/\/chemswell.com\/product\/buy-molly-mdma-pills-pure-mdma\/","url":"https:\/\/chemswell.com\/product\/buy-molly-mdma-pills-pure-mdma\/","name":"Buy Molly Mdma Pills Online - Molly Mdma Pills for Sale","isPartOf":{"@id":"https:\/\/chemswell.com\/it\/#website"},"primaryImageOfPage":{"@id":"https:\/\/chemswell.com\/product\/buy-molly-mdma-pills-pure-mdma\/#primaryimage"},"image":{"@id":"https:\/\/chemswell.com\/product\/buy-molly-mdma-pills-pure-mdma\/#primaryimage"},"thumbnailUrl":"https:\/\/chemswell.com\/wp-content\/uploads\/2023\/06\/Buy-Molly-MDMA-Pills.jpg","datePublished":"2023-06-01T07:28:18+00:00","dateModified":"2025-01-08T08:09:51+00:00","description":"Get the highest quality molly mdma pills for sale at the best prices. Shop our wide range of molly mdma pills and get fast shipping Buy Now!","breadcrumb":{"@id":"https:\/\/chemswell.com\/product\/buy-molly-mdma-pills-pure-mdma\/#breadcrumb"},"inLanguage":"de","potentialAction":[{"@type":"ReadAction","target":["https:\/\/chemswell.com\/product\/buy-molly-mdma-pills-pure-mdma\/"]}]},{"@type":"ImageObject","inLanguage":"de","@id":"https:\/\/chemswell.com\/product\/buy-molly-mdma-pills-pure-mdma\/#primaryimage","url":"https:\/\/chemswell.com\/wp-content\/uploads\/2023\/06\/Buy-Molly-MDMA-Pills.jpg","contentUrl":"https:\/\/chemswell.com\/wp-content\/uploads\/2023\/06\/Buy-Molly-MDMA-Pills.jpg","width":600,"height":600,"caption":"Buy-Molly-MDMA-Pills"},{"@type":"BreadcrumbList","@id":"https:\/\/chemswell.com\/product\/buy-molly-mdma-pills-pure-mdma\/#breadcrumb","itemListElement":[{"@type":"ListItem","position":1,"name":"Home","item":"https:\/\/chemswell.com\/ru\/"},{"@type":"ListItem","position":2,"name":"Shop","item":"https:\/\/chemswell.com\/ru\/%d0%bc%d0%b0%d0%b3%d0%b0%d0%b7%d0%b8%d0%bd\/"},{"@type":"ListItem","position":3,"name":"Buy Molly MDMA Pills (Pure MDMA)"}]},{"@type":"WebSite","@id":"https:\/\/chemswell.com\/it\/#website","url":"https:\/\/chemswell.com\/it\/","name":"Chemswell","description":"#1 Research Chemical Store","potentialAction":[{"@type":"SearchAction","target":{"@type":"EntryPoint","urlTemplate":"https:\/\/chemswell.com\/it\/?s={search_term_string}"},"query-input":"required name=search_term_string"}],"inLanguage":"de"}]}},"_links":{"self":[{"href":"https:\/\/chemswell.com\/de\/wp-json\/wp\/v2\/product\/10120"}],"collection":[{"href":"https:\/\/chemswell.com\/de\/wp-json\/wp\/v2\/product"}],"about":[{"href":"https:\/\/chemswell.com\/de\/wp-json\/wp\/v2\/types\/product"}],"replies":[{"embeddable":true,"href":"https:\/\/chemswell.com\/de\/wp-json\/wp\/v2\/comments?post=10120"}],"wp:featuredmedia":[{"embeddable":true,"href":"https:\/\/chemswell.com\/de\/wp-json\/wp\/v2\/media\/10247"}],"wp:attachment":[{"href":"https:\/\/chemswell.com\/de\/wp-json\/wp\/v2\/media?parent=10120"}],"wp:term":[{"taxonomy":"product_cat","embeddable":true,"href":"https:\/\/chemswell.com\/de\/wp-json\/wp\/v2\/product_cat?post=10120"},{"taxonomy":"product_tag","embeddable":true,"href":"https:\/\/chemswell.com\/de\/wp-json\/wp\/v2\/product_tag?post=10120"}],"curies":[{"name":"wp","href":"https:\/\/api.w.org\/{rel}","templated":true}]}}