{"id":10121,"date":"2023-06-01T07:29:11","date_gmt":"2023-06-01T07:29:11","guid":{"rendered":"https:\/\/chemswell.com\/?post_type=product&#038;p=10121"},"modified":"2025-01-08T08:10:19","modified_gmt":"2025-01-08T08:10:19","slug":"buy-molly-pills-online-green-hulk-250mg-molly-pills","status":"publish","type":"product","link":"https:\/\/chemswell.com\/de\/produkt\/mollypillen-online-kaufen-green-hulk-250mg-mollypillen\/","title":{"rendered":"Kaufen Sie Molly-Pillen online (Green Hulk 250 mg Molly-Pillen}"},"content":{"rendered":"<h2><strong>Was ist Molly?<\/strong><\/h2>\n<p>Ein umgangssprachlicher Begriff f\u00fcr die k\u00fcnstlich hergestellte Droge <a href=\"https:\/\/chemswell.com\/de\/produkt\/mollypillen-online-kaufen-green-hulk-250mg-mollypillen\/\">3,4-Methylendioxymethamphetamin (MDMA)<\/a>, Molly. MDMA besitzt Eigenschaften, die sowohl Stimulanzien als auch Halluzinogenen f\u00fcr sich genommen \u00e4hneln. Es kann Gef\u00fchle der Euphorie hervorrufen und die Kraft, Vitalit\u00e4t und Aufregung steigern.<\/p>\n<p>Auch das Zeitgef\u00fchl oder Sinneserlebnisse einer Person wie visuelle, taktile oder akustische Reize k\u00f6nnen durch die Substanz beeinflusst werden. Obwohl sie Berichten zufolge die gleiche Grundchemikalie enthalten, unterscheiden sich Ecstasy und Molly in gewisser Weise voneinander. Der Hauptunterschied besteht darin, dass Molly, was f\u00fcr \u201emolekular\u201c steht, in den 2000er Jahren zur Umbenennung von Ecstasy verwendet wurde, nachdem es aufgrund seiner Unreinheit einen schlechten Ruf erlitten hatte. Zwischen den beiden Chemikalien gibt es noch weitere Unterschiede. <a href=\"https:\/\/chemswell.com\/de\/\">Chemswell<\/a><\/p>\n<h3><strong>Sind Molly\/MDMA und Ecstasy dasselbe?<\/strong><\/h3>\n<p><a href=\"https:\/\/en.wikipedia.org\/wiki\/MDMA\">MDMA<\/a> ist der Hauptbestandteil von Molly und Ecstasy. Es gibt jedoch geringf\u00fcgige Unterschiede zwischen den beiden Medikamenten.<\/p>\n<p>Die kristalline Pulverform von MDMA, die h\u00e4ufig in Kapselform angeboten und oral eingenommen wird, ist als \u201eMolly\u201c bekannt. Andere Namen daf\u00fcr sind \u201eUmarmungsdroge\u201c, \u201eLiebhabergeschwindigkeit\u201c und \u201eKlarheit\u201c.<\/p>\n<p>Der Begriff \u201eEcstasy\u201c bezieht sich normalerweise auf die zerkleinerte Tablettenform der Droge. Zusammen mit diesen Namen tr\u00e4gt es die Spitznamen E, Eve, Adam und Bean.<\/p>\n<p>Viele Leute denken f\u00e4lschlicherweise, dass Molly eine \u201ereinere\u201c Form von MDMA ist, obwohl Tests der DEA an beschlagnahmten Drogen wie Ecstasy und Molly ergeben haben, dass beide h\u00e4ufig mit anderen Drogen gemischt werden und gelegentlich keine enthalten MDMA.<\/p>","protected":false},"excerpt":{"rendered":"<p>Was ist Molly? Eine umgangssprachliche Bezeichnung f\u00fcr die k\u00fcnstlich hergestellte Droge 3,4-Methylendioxymethamphetamin (MDMA), Molly. MDMA weist Eigenschaften auf, die beiden Stimulanzien \u00e4hnlich sind<\/p>","protected":false},"featured_media":10248,"comment_status":"closed","ping_status":"closed","template":"","meta":{"_joinchat":[]},"product_cat":[1260],"product_tag":[2686,2676,1522,2668,2667,2671,2670,2678,2669,2679,2681,2688,2689,2687,2684,2683,2680,2675,2673,2685,2682,1530,2674,2677,2672],"yoast_head":"<!-- This site is optimized with the Yoast SEO plugin v23.0 - https:\/\/yoast.com\/wordpress\/plugins\/seo\/ -->\n<title>Buy Molly Pills Online - Molly Pills for Sale - Order Molly Pills Online<\/title>\n<meta name=\"description\" content=\"Get the best of molly pills online with secure delivery. We offer top-quality molly pills for sale at unbeatable prices. Shop now and get the best deals on your purchase.\" \/>\n<meta name=\"robots\" content=\"index, follow, max-snippet:-1, max-image-preview:large, max-video-preview:-1\" \/>\n<link rel=\"canonical\" href=\"https:\/\/chemswell.com\/de\/produkt\/mollypillen-online-kaufen-green-hulk-250mg-mollypillen\/\" \/>\n<meta property=\"og:locale\" content=\"de_DE\" \/>\n<meta property=\"og:type\" content=\"article\" \/>\n<meta property=\"og:title\" content=\"Buy Molly Pills Online - Molly Pills for Sale - Order Molly Pills Online\" \/>\n<meta property=\"og:description\" content=\"Get the best of molly pills online with secure delivery. We offer top-quality molly pills for sale at unbeatable prices. Shop now and get the best deals on your purchase.\" \/>\n<meta property=\"og:url\" content=\"https:\/\/chemswell.com\/de\/produkt\/mollypillen-online-kaufen-green-hulk-250mg-mollypillen\/\" \/>\n<meta property=\"og:site_name\" content=\"Chemswell\" \/>\n<meta property=\"article:modified_time\" content=\"2025-01-08T08:10:19+00:00\" \/>\n<meta property=\"og:image\" content=\"https:\/\/chemswell.com\/wp-content\/uploads\/2023\/06\/buy-molly-pills-online.jpg\" \/>\n\t<meta property=\"og:image:width\" content=\"600\" \/>\n\t<meta property=\"og:image:height\" content=\"600\" \/>\n\t<meta property=\"og:image:type\" content=\"image\/jpeg\" \/>\n<meta name=\"twitter:card\" content=\"summary_large_image\" \/>\n<meta name=\"twitter:label1\" content=\"Gesch\u00e4tzte Lesezeit\" \/>\n\t<meta name=\"twitter:data1\" content=\"2\u00a0Minuten\" \/>\n<!-- \/ Yoast SEO plugin. -->","yoast_head_json":{"title":"Buy Molly Pills Online - Molly Pills for Sale - Order Molly Pills Online","description":"Get the best of molly pills online with secure delivery. We offer top-quality molly pills for sale at unbeatable prices. Shop now and get the best deals on your purchase.","robots":{"index":"index","follow":"follow","max-snippet":"max-snippet:-1","max-image-preview":"max-image-preview:large","max-video-preview":"max-video-preview:-1"},"canonical":"https:\/\/chemswell.com\/de\/produkt\/mollypillen-online-kaufen-green-hulk-250mg-mollypillen\/","og_locale":"de_DE","og_type":"article","og_title":"Buy Molly Pills Online - Molly Pills for Sale - Order Molly Pills Online","og_description":"Get the best of molly pills online with secure delivery. We offer top-quality molly pills for sale at unbeatable prices. Shop now and get the best deals on your purchase.","og_url":"https:\/\/chemswell.com\/de\/produkt\/mollypillen-online-kaufen-green-hulk-250mg-mollypillen\/","og_site_name":"Chemswell","article_modified_time":"2025-01-08T08:10:19+00:00","og_image":[{"width":600,"height":600,"url":"https:\/\/chemswell.com\/wp-content\/uploads\/2023\/06\/buy-molly-pills-online.jpg","type":"image\/jpeg"}],"twitter_card":"summary_large_image","twitter_misc":{"Gesch\u00e4tzte Lesezeit":"2\u00a0Minuten"},"schema":{"@context":"https:\/\/schema.org","@graph":[{"@type":"WebPage","@id":"https:\/\/chemswell.com\/product\/buy-molly-pills-online-green-hulk-250mg-molly-pills\/","url":"https:\/\/chemswell.com\/product\/buy-molly-pills-online-green-hulk-250mg-molly-pills\/","name":"Buy Molly Pills Online - Molly Pills for Sale - Order Molly Pills Online","isPartOf":{"@id":"https:\/\/chemswell.com\/it\/#website"},"primaryImageOfPage":{"@id":"https:\/\/chemswell.com\/product\/buy-molly-pills-online-green-hulk-250mg-molly-pills\/#primaryimage"},"image":{"@id":"https:\/\/chemswell.com\/product\/buy-molly-pills-online-green-hulk-250mg-molly-pills\/#primaryimage"},"thumbnailUrl":"https:\/\/chemswell.com\/wp-content\/uploads\/2023\/06\/buy-molly-pills-online.jpg","datePublished":"2023-06-01T07:29:11+00:00","dateModified":"2025-01-08T08:10:19+00:00","description":"Get the best of molly pills online with secure delivery. We offer top-quality molly pills for sale at unbeatable prices. Shop now and get the best deals on your purchase.","breadcrumb":{"@id":"https:\/\/chemswell.com\/product\/buy-molly-pills-online-green-hulk-250mg-molly-pills\/#breadcrumb"},"inLanguage":"de","potentialAction":[{"@type":"ReadAction","target":["https:\/\/chemswell.com\/product\/buy-molly-pills-online-green-hulk-250mg-molly-pills\/"]}]},{"@type":"ImageObject","inLanguage":"de","@id":"https:\/\/chemswell.com\/product\/buy-molly-pills-online-green-hulk-250mg-molly-pills\/#primaryimage","url":"https:\/\/chemswell.com\/wp-content\/uploads\/2023\/06\/buy-molly-pills-online.jpg","contentUrl":"https:\/\/chemswell.com\/wp-content\/uploads\/2023\/06\/buy-molly-pills-online.jpg","width":600,"height":600,"caption":"buy-molly-pills-online"},{"@type":"BreadcrumbList","@id":"https:\/\/chemswell.com\/product\/buy-molly-pills-online-green-hulk-250mg-molly-pills\/#breadcrumb","itemListElement":[{"@type":"ListItem","position":1,"name":"Home","item":"https:\/\/chemswell.com\/ru\/"},{"@type":"ListItem","position":2,"name":"Shop","item":"https:\/\/chemswell.com\/ru\/%d0%bc%d0%b0%d0%b3%d0%b0%d0%b7%d0%b8%d0%bd\/"},{"@type":"ListItem","position":3,"name":"Buy Molly Pills Online (Green Hulk 250mg molly pills}"}]},{"@type":"WebSite","@id":"https:\/\/chemswell.com\/it\/#website","url":"https:\/\/chemswell.com\/it\/","name":"Chemswell","description":"#1 Research Chemical Store","potentialAction":[{"@type":"SearchAction","target":{"@type":"EntryPoint","urlTemplate":"https:\/\/chemswell.com\/it\/?s={search_term_string}"},"query-input":"required name=search_term_string"}],"inLanguage":"de"}]}},"_links":{"self":[{"href":"https:\/\/chemswell.com\/de\/wp-json\/wp\/v2\/product\/10121"}],"collection":[{"href":"https:\/\/chemswell.com\/de\/wp-json\/wp\/v2\/product"}],"about":[{"href":"https:\/\/chemswell.com\/de\/wp-json\/wp\/v2\/types\/product"}],"replies":[{"embeddable":true,"href":"https:\/\/chemswell.com\/de\/wp-json\/wp\/v2\/comments?post=10121"}],"wp:featuredmedia":[{"embeddable":true,"href":"https:\/\/chemswell.com\/de\/wp-json\/wp\/v2\/media\/10248"}],"wp:attachment":[{"href":"https:\/\/chemswell.com\/de\/wp-json\/wp\/v2\/media?parent=10121"}],"wp:term":[{"taxonomy":"product_cat","embeddable":true,"href":"https:\/\/chemswell.com\/de\/wp-json\/wp\/v2\/product_cat?post=10121"},{"taxonomy":"product_tag","embeddable":true,"href":"https:\/\/chemswell.com\/de\/wp-json\/wp\/v2\/product_tag?post=10121"}],"curies":[{"name":"wp","href":"https:\/\/api.w.org\/{rel}","templated":true}]}}