{"id":10152,"date":"2023-06-01T07:37:16","date_gmt":"2023-06-01T07:37:16","guid":{"rendered":"https:\/\/chemswell.com\/?post_type=product&#038;p=10152"},"modified":"2025-01-08T08:10:56","modified_gmt":"2025-01-08T08:10:56","slug":"buy-skype-225mg-xtc-mdma-pills","status":"publish","type":"product","link":"https:\/\/chemswell.com\/de\/produkt\/skype-225mg-xtc-mdma-pillen-kaufen\/","title":{"rendered":"Skype 225mg XTC MDMA Pillen kaufen"},"content":{"rendered":"<h2>Kaufen Sie MDMA-Pillen zum Verkauf<\/h2>\n<p>wird h\u00e4ufig als \u201eEcstasy online kaufen\u201c (auch abgek\u00fcrzt als \u201eE online kaufen\u201c, \u201eX online kaufen\u201c oder \u201e<a href=\"https:\/\/chemswell.com\/de\/produkt\/skype-225mg-xtc-mdma-pillen-kaufen\/\">Kaufen Sie XTC online<\/a>\u201c), obwohl sich dieses Wort auch auf Produkte beziehen kann dazu k\u00f6nnen Verf\u00e4lschungen geh\u00f6ren. Der Online-Kauf von MDMA zum Verkauf in Form eines kristallinen Pulvers, das weitgehend frei von Verf\u00e4lschungen ist, wird im Vereinigten K\u00f6nigreich informell als \u201eBuy Mandy for sale online\u201c und in den USA als \u201eBuy Molly for sale for sale\u201c bezeichnet. Manchmal bezieht sich der Ausdruck \u201eMolly online kaufen\u201c auch auf die dazugeh\u00f6rigen Medikamente. Kaufen Sie Mephedron online zum Verkauf, kaufen Sie MDPV online zum Verkauf oder jedes andere Medikament aus der pharmakologischen Substanzklasse. <a href=\"https:\/\/chemswell.com\/de\/\">Chemswell<\/a><\/p>\n<p>In den meisten L\u00e4ndern ist der Besitz von Buy verboten <a href=\"https:\/\/en.wikipedia.org\/wiki\/MDMA\">MDMA<\/a> zum Verkauf verboten. Es gibt einige spezifische Ausschl\u00fcsse, die f\u00fcr wissenschaftliche und medizinische Forschung gelten. Zwischen 9 und 28 Millionen Menschen (oder 0,2 % bis 0,6 % der Weltbev\u00f6lkerung im Alter zwischen 15 und 15 Jahren) konsumierten im Jahr 2013 Ecstasy in der Freizeit. Das war weit weniger als die Zahl der Cannabiskonsumenten, war aber einigerma\u00dfen vergleichbar mit den Zahlen f\u00fcr Kaufen Sie Kokain zum Verkauf online, ersetzen Sie es durch Amphetamine zum Verkauf online und Opioide. Es wird in vielen verschiedenen Situationen konsumiert und steht h\u00e4ufig im Zusammenhang mit Tanzveranstaltungen (auch \u201eRaves\u201c genannt) und elektronischer Tanzmusik.<\/p>\n<p>&nbsp;<\/p>","protected":false},"excerpt":{"rendered":"<p>MDMA Pills kaufen wird h\u00e4ufig als \"Ecstasy online kaufen\" bezeichnet (auch abgek\u00fcrzt als \"E kaufen\").<\/p>","protected":false},"featured_media":10249,"comment_status":"closed","ping_status":"closed","template":"","meta":{"_joinchat":[]},"product_cat":[1260],"product_tag":[2709,2699,1522,2691,2690,2694,2693,2701,2692,2702,2704,2711,2712,2710,2707,2706,2703,2698,2696,2708,2705,1530,2697,2700,2695],"yoast_head":"<!-- This site is optimized with the Yoast SEO plugin v23.0 - https:\/\/yoast.com\/wordpress\/plugins\/seo\/ -->\n<title>Buy Skype 225mg Xtc Mdma Pills Online @ Best Price | CW<\/title>\n<meta name=\"description\" content=\"Looking to buy skype 225mg xtc mdma pills online without prescription? Get the best quality, top-grade skype 225mg xtc mdma pills for sale from us. We offer fast shipping and secure online payment. Order Now!\" \/>\n<meta name=\"robots\" content=\"index, follow, max-snippet:-1, max-image-preview:large, max-video-preview:-1\" \/>\n<link rel=\"canonical\" href=\"https:\/\/chemswell.com\/de\/produkt\/skype-225mg-xtc-mdma-pillen-kaufen\/\" \/>\n<meta property=\"og:locale\" content=\"de_DE\" \/>\n<meta property=\"og:type\" content=\"article\" \/>\n<meta property=\"og:title\" content=\"Buy Skype 225mg Xtc Mdma Pills Online @ Best Price | CW\" \/>\n<meta property=\"og:description\" content=\"Looking to buy skype 225mg xtc mdma pills online without prescription? Get the best quality, top-grade skype 225mg xtc mdma pills for sale from us. We offer fast shipping and secure online payment. Order Now!\" \/>\n<meta property=\"og:url\" content=\"https:\/\/chemswell.com\/de\/produkt\/skype-225mg-xtc-mdma-pillen-kaufen\/\" \/>\n<meta property=\"og:site_name\" content=\"Chemswell\" \/>\n<meta property=\"article:modified_time\" content=\"2025-01-08T08:10:56+00:00\" \/>\n<meta property=\"og:image\" content=\"https:\/\/chemswell.com\/wp-content\/uploads\/2023\/06\/buy-skype-225mg-xtc-mdma-pills.jpg\" \/>\n\t<meta property=\"og:image:width\" content=\"600\" \/>\n\t<meta property=\"og:image:height\" content=\"600\" \/>\n\t<meta property=\"og:image:type\" content=\"image\/jpeg\" \/>\n<meta name=\"twitter:card\" content=\"summary_large_image\" \/>\n<meta name=\"twitter:label1\" content=\"Gesch\u00e4tzte Lesezeit\" \/>\n\t<meta name=\"twitter:data1\" content=\"2\u00a0Minuten\" \/>\n<!-- \/ Yoast SEO plugin. -->","yoast_head_json":{"title":"Buy Skype 225mg Xtc Mdma Pills Online @ Best Price | CW","description":"Looking to buy skype 225mg xtc mdma pills online without prescription? Get the best quality, top-grade skype 225mg xtc mdma pills for sale from us. We offer fast shipping and secure online payment. Order Now!","robots":{"index":"index","follow":"follow","max-snippet":"max-snippet:-1","max-image-preview":"max-image-preview:large","max-video-preview":"max-video-preview:-1"},"canonical":"https:\/\/chemswell.com\/de\/produkt\/skype-225mg-xtc-mdma-pillen-kaufen\/","og_locale":"de_DE","og_type":"article","og_title":"Buy Skype 225mg Xtc Mdma Pills Online @ Best Price | CW","og_description":"Looking to buy skype 225mg xtc mdma pills online without prescription? Get the best quality, top-grade skype 225mg xtc mdma pills for sale from us. We offer fast shipping and secure online payment. Order Now!","og_url":"https:\/\/chemswell.com\/de\/produkt\/skype-225mg-xtc-mdma-pillen-kaufen\/","og_site_name":"Chemswell","article_modified_time":"2025-01-08T08:10:56+00:00","og_image":[{"width":600,"height":600,"url":"https:\/\/chemswell.com\/wp-content\/uploads\/2023\/06\/buy-skype-225mg-xtc-mdma-pills.jpg","type":"image\/jpeg"}],"twitter_card":"summary_large_image","twitter_misc":{"Gesch\u00e4tzte Lesezeit":"2\u00a0Minuten"},"schema":{"@context":"https:\/\/schema.org","@graph":[{"@type":"WebPage","@id":"https:\/\/chemswell.com\/product\/buy-skype-225mg-xtc-mdma-pills\/","url":"https:\/\/chemswell.com\/product\/buy-skype-225mg-xtc-mdma-pills\/","name":"Buy Skype 225mg Xtc Mdma Pills Online @ Best Price | CW","isPartOf":{"@id":"https:\/\/chemswell.com\/it\/#website"},"primaryImageOfPage":{"@id":"https:\/\/chemswell.com\/product\/buy-skype-225mg-xtc-mdma-pills\/#primaryimage"},"image":{"@id":"https:\/\/chemswell.com\/product\/buy-skype-225mg-xtc-mdma-pills\/#primaryimage"},"thumbnailUrl":"https:\/\/chemswell.com\/wp-content\/uploads\/2023\/06\/buy-skype-225mg-xtc-mdma-pills.jpg","datePublished":"2023-06-01T07:37:16+00:00","dateModified":"2025-01-08T08:10:56+00:00","description":"Looking to buy skype 225mg xtc mdma pills online without prescription? Get the best quality, top-grade skype 225mg xtc mdma pills for sale from us. We offer fast shipping and secure online payment. Order Now!","breadcrumb":{"@id":"https:\/\/chemswell.com\/product\/buy-skype-225mg-xtc-mdma-pills\/#breadcrumb"},"inLanguage":"de","potentialAction":[{"@type":"ReadAction","target":["https:\/\/chemswell.com\/product\/buy-skype-225mg-xtc-mdma-pills\/"]}]},{"@type":"ImageObject","inLanguage":"de","@id":"https:\/\/chemswell.com\/product\/buy-skype-225mg-xtc-mdma-pills\/#primaryimage","url":"https:\/\/chemswell.com\/wp-content\/uploads\/2023\/06\/buy-skype-225mg-xtc-mdma-pills.jpg","contentUrl":"https:\/\/chemswell.com\/wp-content\/uploads\/2023\/06\/buy-skype-225mg-xtc-mdma-pills.jpg","width":600,"height":600,"caption":"buy-skype-225mg-xtc-mdma-pills"},{"@type":"BreadcrumbList","@id":"https:\/\/chemswell.com\/product\/buy-skype-225mg-xtc-mdma-pills\/#breadcrumb","itemListElement":[{"@type":"ListItem","position":1,"name":"Home","item":"https:\/\/chemswell.com\/ru\/"},{"@type":"ListItem","position":2,"name":"Shop","item":"https:\/\/chemswell.com\/ru\/%d0%bc%d0%b0%d0%b3%d0%b0%d0%b7%d0%b8%d0%bd\/"},{"@type":"ListItem","position":3,"name":"Buy Skype 225mg XTC MDMA Pills"}]},{"@type":"WebSite","@id":"https:\/\/chemswell.com\/it\/#website","url":"https:\/\/chemswell.com\/it\/","name":"Chemswell","description":"#1 Research Chemical Store","potentialAction":[{"@type":"SearchAction","target":{"@type":"EntryPoint","urlTemplate":"https:\/\/chemswell.com\/it\/?s={search_term_string}"},"query-input":"required name=search_term_string"}],"inLanguage":"de"}]}},"_links":{"self":[{"href":"https:\/\/chemswell.com\/de\/wp-json\/wp\/v2\/product\/10152"}],"collection":[{"href":"https:\/\/chemswell.com\/de\/wp-json\/wp\/v2\/product"}],"about":[{"href":"https:\/\/chemswell.com\/de\/wp-json\/wp\/v2\/types\/product"}],"replies":[{"embeddable":true,"href":"https:\/\/chemswell.com\/de\/wp-json\/wp\/v2\/comments?post=10152"}],"wp:featuredmedia":[{"embeddable":true,"href":"https:\/\/chemswell.com\/de\/wp-json\/wp\/v2\/media\/10249"}],"wp:attachment":[{"href":"https:\/\/chemswell.com\/de\/wp-json\/wp\/v2\/media?parent=10152"}],"wp:term":[{"taxonomy":"product_cat","embeddable":true,"href":"https:\/\/chemswell.com\/de\/wp-json\/wp\/v2\/product_cat?post=10152"},{"taxonomy":"product_tag","embeddable":true,"href":"https:\/\/chemswell.com\/de\/wp-json\/wp\/v2\/product_tag?post=10152"}],"curies":[{"name":"wp","href":"https:\/\/api.w.org\/{rel}","templated":true}]}}