{"id":10154,"date":"2023-06-01T07:38:35","date_gmt":"2023-06-01T07:38:35","guid":{"rendered":"https:\/\/chemswell.com\/?post_type=product&#038;p=10154"},"modified":"2025-06-13T05:34:24","modified_gmt":"2025-06-13T05:34:24","slug":"mdma-for-sale","status":"publish","type":"product","link":"https:\/\/chemswell.com\/de\/produkt\/mdma-zu-verkaufen\/","title":{"rendered":"MDMA zu verkaufen"},"content":{"rendered":"<h2><strong>MDMA<\/strong><\/h2>\n<p><a href=\"https:\/\/chemswell.com\/de\/produkt\/mdma-zu-verkaufen\/\">MDMA zu verkaufen<\/a>, Adam, Beans, Clarity, Disco Biscuit, Ecstasy, Eve, Go, Hug Drug, Lover\u2019s Speed, Molly, Peace, STP, X und XTC sind Beispiele f\u00fcr gebr\u00e4uchliche oder Stra\u00dfennamen f\u00fcr diese Substanz<a href=\"https:\/\/en.wikipedia.org\/wiki\/MDMA\">.<\/a><\/p>\n<h3><strong>Was ist MDMA?<\/strong><\/h3>\n<p>Das Stimulans Methamphetamin und das Halluzinogen Meskalin weisen in ihrer chemischen Struktur \u00c4hnlichkeiten mit der synthetischen psychoaktiven Droge MDMA (3-Methylendioxymethamphetamin) auf. Benutzer bezeichnen es h\u00e4ufig als Molly oder Ecstasy.<\/p>\n<p><a href=\"https:\/\/en.wikipedia.org\/wiki\/MDMA\">MDMA<\/a> ist eine illegale Substanz mit stimulierender und halluzinogener Wirkung, energetisierender Wirkung, zeitlichen und Wahrnehmungsverzerrungen und einer verbesserten Wahrnehmung taktiler Reize. Laut dem Bet\u00e4ubungsmittelgesetz ist MDMA eine Chemikalie der Liste I. Die DEA ist zu dem Schluss gekommen, dass sie ein hohes Missbrauchspotenzial und keinen bekannten medizinischen Nutzen aufweist. Chemswell<\/p>\n<p>Im Jahr 1912 entwickelte ein deutsches Unternehmen erstmals MDMA, m\u00f6glicherweise als Appetitz\u00fcgler. Seit den 1980er Jahren ist es eine weit verbreitete Stra\u00dfendroge, und in den 1990er Jahren nahm der Konsum unter jungen Erwachsenen und Studenten zu. Zu dieser Zeit wurde es am h\u00e4ufigsten bei Rockkonzerten, Nachtclubs und Late-Night-Partys, sogenannten \u201eRaves\u201c, angeboten.<\/p>\n<h3><strong>Wie wird MDMA eingesetzt?<\/strong><\/h3>\n<p>MDMA wird am h\u00e4ufigsten als Tabletten oder Kapseln verkauft und typischerweise konsumiert oder zerkleinert und geschnupft.<\/p>\n<p>Markennamen, Farben und Logos werden von Ecstasy-H\u00e4ndlern h\u00e4ufig als Marketingtaktik eingesetzt, um ihre Produkte von der Konkurrenz abzuheben. Die Erstellung der Logos kann rechtzeitig zu Feiertagen oder besonderen Anl\u00e4ssen erfolgen. Die bekannteren Logos sind vierbl\u00e4ttriges Kleeblatt, Blitze und Schmetterlinge.<\/p>\n<p>Es ist auch als Pulver erh\u00e4ltlich und wird nicht nur selten injiziert, sondern auch gelegentlich geschnupft, als Getr\u00e4nk gegessen und gelegentlich geraucht. Die Wirkung des Arzneimittels h\u00e4lt oft drei bis sechs Stunden an.<\/p>\n<h3><strong>Wozu dient MDMA?<\/strong><\/h3>\n<p>MDMA wird oft eingenommen oder zerkleinert und geschnupft, wobei Pillen und Kapseln die beliebtesten Darreichungsformen sind.<\/p>\n<p>Ecstasy-H\u00e4ndler verwenden h\u00e4ufig Markennamen, Farben und Logos als Marketingstrategien und zur Unterscheidung ihrer Produkte von denen der Konkurrenz. Die Logos k\u00f6nnen rechtzeitig zu Feiertagen oder anderen wichtigen Ereignissen entwickelt werden. Vierbl\u00e4ttrige Kleebl\u00e4tter, Blitze und Schmetterlinge sind die bekanntesten Logos von Mdma for Sale.<\/p>\n<p>Es wird nicht nur selten injiziert, sondern manchmal auch als Getr\u00e4nk konsumiert, gelegentlich geschnupft und gelegentlich geraucht. Es ist auch als Pulver erh\u00e4ltlich. Die Wirkung des Medikaments h\u00e4lt h\u00e4ufig drei bis sechs Stunden an<a href=\"https:\/\/chemswell.com\/de\/produkt\/4-emc-pulver\/\">.<\/a><\/p>\n<p>&nbsp;<\/p>","protected":false},"excerpt":{"rendered":"<p style=\"text-align: center;\"><strong>MDMA<\/strong><br \/>\n<strong>Midomafetamin<\/strong><\/p>\n<p><b>3,4-Methyl<wbr \/>Enedioxy<wbr \/>Methamphetamin<\/b>\u00a0(<b>MDMA<\/b>), gemeinhin bekannt als\u00a0<b>Ecstasy<\/b>\u00a0(Tablettenform), und\u00a0<b>Molly<\/b>\u00a0oder\u00a0<b>mandy<\/b>\u00a0(Kristallform),<sup id=\"cite_ref-15\" class=\"reference\"><\/sup><sup id=\"cite_ref-16\" class=\"reference\"><\/sup>ist ein starkes Empathogen-Entaktogen mit stimulierenden und leicht psychedelischen Eigenschaften, das haupts\u00e4chlich zu Freizeitzwecken verwendet wird.<\/p>","protected":false},"featured_media":10251,"comment_status":"closed","ping_status":"closed","template":"","meta":{"_joinchat":[]},"product_cat":[1255],"product_tag":[2755,2745,1522,2737,2752,2749,2744,2736,2739,2747,2740,2738,2748,2750,2757,2758,2756,2753,2742,2754,2751,1530,2743,2746,2741],"yoast_head":"<!-- This site is optimized with the Yoast SEO plugin v23.0 - https:\/\/yoast.com\/wordpress\/plugins\/seo\/ -->\n<title>Mdma for Sale - Buy Mdma Online - Order Mdma Online<\/title>\n<meta name=\"description\" content=\"Mdma for Sale, Buy mdma online at the best price from leading store Chemswell. Get access to a wide range of products with our huge selection. Order Now!\" \/>\n<meta name=\"robots\" content=\"index, follow, max-snippet:-1, max-image-preview:large, max-video-preview:-1\" \/>\n<link rel=\"canonical\" href=\"https:\/\/chemswell.com\/de\/produkt\/mdma-zu-verkaufen\/\" \/>\n<meta property=\"og:locale\" content=\"de_DE\" \/>\n<meta property=\"og:type\" content=\"article\" \/>\n<meta property=\"og:title\" content=\"Mdma for Sale - Buy Mdma Online - Order Mdma Online\" \/>\n<meta property=\"og:description\" content=\"Mdma for Sale, Buy mdma online at the best price from leading store Chemswell. Get access to a wide range of products with our huge selection. Order Now!\" \/>\n<meta property=\"og:url\" content=\"https:\/\/chemswell.com\/de\/produkt\/mdma-zu-verkaufen\/\" \/>\n<meta property=\"og:site_name\" content=\"Chemswell\" \/>\n<meta property=\"article:modified_time\" content=\"2025-06-13T05:34:24+00:00\" \/>\n<meta property=\"og:image\" content=\"https:\/\/chemswell.com\/wp-content\/uploads\/2023\/06\/MDMA.jpg\" \/>\n\t<meta property=\"og:image:width\" content=\"600\" \/>\n\t<meta property=\"og:image:height\" content=\"600\" \/>\n\t<meta property=\"og:image:type\" content=\"image\/jpeg\" \/>\n<meta name=\"twitter:card\" content=\"summary_large_image\" \/>\n<meta name=\"twitter:label1\" content=\"Gesch\u00e4tzte Lesezeit\" \/>\n\t<meta name=\"twitter:data1\" content=\"2\u00a0Minuten\" \/>\n<!-- \/ Yoast SEO plugin. -->","yoast_head_json":{"title":"Mdma for Sale - Buy Mdma Online - Order Mdma Online","description":"Mdma for Sale, Buy mdma online at the best price from leading store Chemswell. Get access to a wide range of products with our huge selection. Order Now!","robots":{"index":"index","follow":"follow","max-snippet":"max-snippet:-1","max-image-preview":"max-image-preview:large","max-video-preview":"max-video-preview:-1"},"canonical":"https:\/\/chemswell.com\/de\/produkt\/mdma-zu-verkaufen\/","og_locale":"de_DE","og_type":"article","og_title":"Mdma for Sale - Buy Mdma Online - Order Mdma Online","og_description":"Mdma for Sale, Buy mdma online at the best price from leading store Chemswell. Get access to a wide range of products with our huge selection. Order Now!","og_url":"https:\/\/chemswell.com\/de\/produkt\/mdma-zu-verkaufen\/","og_site_name":"Chemswell","article_modified_time":"2025-06-13T05:34:24+00:00","og_image":[{"width":600,"height":600,"url":"https:\/\/chemswell.com\/wp-content\/uploads\/2023\/06\/MDMA.jpg","type":"image\/jpeg"}],"twitter_card":"summary_large_image","twitter_misc":{"Gesch\u00e4tzte Lesezeit":"2\u00a0Minuten"},"schema":{"@context":"https:\/\/schema.org","@graph":[{"@type":"WebPage","@id":"https:\/\/chemswell.com\/product\/mdma-for-sale\/","url":"https:\/\/chemswell.com\/product\/mdma-for-sale\/","name":"Mdma for Sale - Buy Mdma Online - Order Mdma Online","isPartOf":{"@id":"https:\/\/chemswell.com\/it\/#website"},"primaryImageOfPage":{"@id":"https:\/\/chemswell.com\/product\/mdma-for-sale\/#primaryimage"},"image":{"@id":"https:\/\/chemswell.com\/product\/mdma-for-sale\/#primaryimage"},"thumbnailUrl":"https:\/\/chemswell.com\/wp-content\/uploads\/2023\/06\/MDMA.jpg","datePublished":"2023-06-01T07:38:35+00:00","dateModified":"2025-06-13T05:34:24+00:00","description":"Mdma for Sale, Buy mdma online at the best price from leading store Chemswell. Get access to a wide range of products with our huge selection. Order Now!","breadcrumb":{"@id":"https:\/\/chemswell.com\/product\/mdma-for-sale\/#breadcrumb"},"inLanguage":"de","potentialAction":[{"@type":"ReadAction","target":["https:\/\/chemswell.com\/product\/mdma-for-sale\/"]}]},{"@type":"ImageObject","inLanguage":"de","@id":"https:\/\/chemswell.com\/product\/mdma-for-sale\/#primaryimage","url":"https:\/\/chemswell.com\/wp-content\/uploads\/2023\/06\/MDMA.jpg","contentUrl":"https:\/\/chemswell.com\/wp-content\/uploads\/2023\/06\/MDMA.jpg","width":600,"height":600,"caption":"MDMA"},{"@type":"BreadcrumbList","@id":"https:\/\/chemswell.com\/product\/mdma-for-sale\/#breadcrumb","itemListElement":[{"@type":"ListItem","position":1,"name":"Home","item":"https:\/\/chemswell.com\/ru\/"},{"@type":"ListItem","position":2,"name":"Shop","item":"https:\/\/chemswell.com\/ru\/%d0%bc%d0%b0%d0%b3%d0%b0%d0%b7%d0%b8%d0%bd\/"},{"@type":"ListItem","position":3,"name":"MDMA for Sale"}]},{"@type":"WebSite","@id":"https:\/\/chemswell.com\/it\/#website","url":"https:\/\/chemswell.com\/it\/","name":"Chemswell","description":"#1 Research Chemical Store","potentialAction":[{"@type":"SearchAction","target":{"@type":"EntryPoint","urlTemplate":"https:\/\/chemswell.com\/it\/?s={search_term_string}"},"query-input":"required name=search_term_string"}],"inLanguage":"de"}]}},"_links":{"self":[{"href":"https:\/\/chemswell.com\/de\/wp-json\/wp\/v2\/product\/10154"}],"collection":[{"href":"https:\/\/chemswell.com\/de\/wp-json\/wp\/v2\/product"}],"about":[{"href":"https:\/\/chemswell.com\/de\/wp-json\/wp\/v2\/types\/product"}],"replies":[{"embeddable":true,"href":"https:\/\/chemswell.com\/de\/wp-json\/wp\/v2\/comments?post=10154"}],"wp:featuredmedia":[{"embeddable":true,"href":"https:\/\/chemswell.com\/de\/wp-json\/wp\/v2\/media\/10251"}],"wp:attachment":[{"href":"https:\/\/chemswell.com\/de\/wp-json\/wp\/v2\/media?parent=10154"}],"wp:term":[{"taxonomy":"product_cat","embeddable":true,"href":"https:\/\/chemswell.com\/de\/wp-json\/wp\/v2\/product_cat?post=10154"},{"taxonomy":"product_tag","embeddable":true,"href":"https:\/\/chemswell.com\/de\/wp-json\/wp\/v2\/product_tag?post=10154"}],"curies":[{"name":"wp","href":"https:\/\/api.w.org\/{rel}","templated":true}]}}