{"id":10205,"date":"2023-06-01T10:30:16","date_gmt":"2023-06-01T10:30:16","guid":{"rendered":"https:\/\/chemswell.com\/?post_type=product&#038;p=10205"},"modified":"2025-01-08T08:15:56","modified_gmt":"2025-01-08T08:15:56","slug":"buy-hofmann-blotter-200%c2%b5g-lsd","status":"publish","type":"product","link":"https:\/\/chemswell.com\/de\/produkt\/hofmann-blotter-200\u00b5g-lsd-kaufen\/","title":{"rendered":"Hofmann Blotter 200\u00b5g LSD kaufen"},"content":{"rendered":"<h2><strong>KAUFEN SIE LEGALES LSD<\/strong><\/h2>\n<p>LSD legal besorgen, Wir haben <a href=\"https:\/\/chemswell.com\/de\/produkt\/hofmann-blotter-200\u00b5g-lsd-kaufen\/\">200 g Hofmann Blotter LSD<\/a>Hochwirksames, kristallklares LSD. Da es mehr als 150 \u00b5g LSD enth\u00e4lt, gab die Europ\u00e4ische Drogenkontrollbeh\u00f6rde, die diese Dosierungseinheit des L\u00f6schblatts untersuchte, eine \u201eHochdosis\u201c-Warnung heraus. Die Farben Blau, Schwarz, Wei\u00df und Gelb werden f\u00fcr das sichtbare Design verwendet. Schwarz und Wei\u00df befinden sich auf der R\u00fcckseite der Karte. LSD Hofmann L\u00f6schblatt, 205 g<\/p>\n<h3><strong>Kaufen Sie LSD Hofmann Blotter Purchase<\/strong><\/h3>\n<p>LSD-Gel-Tabs Wir haben 200g Hofmann Blotter LSD. Sehr potent, kristallklar <a href=\"https:\/\/en.wikipedia.org\/wiki\/LSD\">LSD<\/a>Da es mehr als 150 \u00b5g LSD enth\u00e4lt, hat die Europ\u00e4ische Drogenkontrollbeh\u00f6rde, die diese Dosierungseinheit des L\u00f6schblatts untersucht hat, eine \u201eHohe Dosis\u201c-Warnung herausgegeben. Blau, Schwarz, Wei\u00df und Gelb bilden das sichtbare Design. Die R\u00fcckseite ist schwarz und wei\u00df. <a href=\"https:\/\/chemswell.com\/de\/\">Chemswell<\/a><\/p>\n<h3>Vorteile von Lysergs\u00e4urediethylamid f\u00fcr die Gesundheit<\/h3>\n<ul>\n<li>LSD reduziert Schmerzen und \u00c4ngste bei Patienten mit unheilbaren Krankheiten.<\/li>\n<li>LSD verbessert die Sozialit\u00e4t, Suggestion und emotionale Empathie.<\/li>\n<li>LSD hilft Menschen, die alkohol- und drogenabh\u00e4ngig sind.<\/li>\n<li>Cluster-Kopfschmerzen werden durch LSD gelindert.<\/li>\n<li>LSD als Behandlung von Stimmungsst\u00f6rungen und Depressionen.<\/li>\n<li>LSD f\u00f6rdert die Kreativit\u00e4t der Menschen.<\/li>\n<li>LSD als Autismusbehandlung.<\/li>\n<li>Starke entz\u00fcndungshemmende Wirkung von LSD.<\/li>\n<li>LSD macht Kriminelle weniger gewaltt\u00e4tig.<\/li>\n<\/ul>\n<h3><strong>Lsd online kaufen | Lsd online bestellen | Lsd zum Verkauf online<\/strong><\/h3>\n<p>Lysergs\u00e4urediethylamid (LSD), eine psychoaktive Substanz (auch Entheogen genannt), wurde erstmals am 16. November 1938 vom Schweizer Chemiker Albert Hofmann in den Werken von Sandoz (heute Novartis) in Basel, Schweiz, hergestellt.<\/p>\n<p>Lithiumsulfat-Geltabletten Mitte der 1960er-Jahre waren staatliche Ma\u00dfnahmen zur Einschr\u00e4nkung der Verf\u00fcgbarkeit der Substanz durch die Illegalit\u00e4t ihrer Verwendung eine Reaktion auf die Gegenreaktionen gegen ihre Verwendung und ihre wahrgenommenen zersetzenden Auswirkungen auf die Ideale der westlichen Mittelschicht.<\/p>\n<p>Aufgrund seiner rechtlichen Einstufung als \u201eSchedule I\u201c-Substanz geht man davon aus, dass LSD ein \u201ehohes Missbrauchspotenzial\u201c und keine \u201ederzeit akzeptierte medizinische Verwendung in der Behandlung\u201c aufweist. LSD wurde legal vom Markt genommen. Nach Angaben der US-Drogenbek\u00e4mpfungsbeh\u00f6rde k\u00f6nnen Sie LSD online kaufen. Erhalten Sie Lsd<\/p>","protected":false},"excerpt":{"rendered":"<p>KAUFEN LEGALES LSD Holen Sie sich LSD legal, Wir haben 200g Hofmann Blotter LSD. Sehr starkes, kristallklares LSD. Weil es mehr enth\u00e4lt als<\/p>","protected":false},"featured_media":10262,"comment_status":"closed","ping_status":"closed","template":"","meta":{"_joinchat":[]},"product_cat":[1259],"product_tag":[2893,2883,1522,2875,2874,2878,2877,2885,2876,2886,2888,2895,2896,2894,2891,2890,2887,2882,2880,2892,2889,1530,2881,2884,2879],"yoast_head":"<!-- This site is optimized with the Yoast SEO plugin v23.0 - https:\/\/yoast.com\/wordpress\/plugins\/seo\/ -->\n<title>Buy Hofmann Blotter 200mg Isd Online @ Best Price | ChemsWell<\/title>\n<meta name=\"description\" content=\"Buy hofmann blotter 200mg Isd online from a trusted source Chemswell. Our premium-grade hofmann blotter 200mg Isd is for sale and guaranteed to be of the highest quality and purity. Order Now!\" \/>\n<meta name=\"robots\" content=\"index, follow, max-snippet:-1, max-image-preview:large, max-video-preview:-1\" \/>\n<link rel=\"canonical\" href=\"https:\/\/chemswell.com\/de\/produkt\/hofmann-blotter-200\u00b5g-lsd-kaufen\/\" \/>\n<meta property=\"og:locale\" content=\"de_DE\" \/>\n<meta property=\"og:type\" content=\"article\" \/>\n<meta property=\"og:title\" content=\"Buy Hofmann Blotter 200mg Isd Online @ Best Price | ChemsWell\" \/>\n<meta property=\"og:description\" content=\"Buy hofmann blotter 200mg Isd online from a trusted source Chemswell. Our premium-grade hofmann blotter 200mg Isd is for sale and guaranteed to be of the highest quality and purity. Order Now!\" \/>\n<meta property=\"og:url\" content=\"https:\/\/chemswell.com\/de\/produkt\/hofmann-blotter-200\u00b5g-lsd-kaufen\/\" \/>\n<meta property=\"og:site_name\" content=\"Chemswell\" \/>\n<meta property=\"article:modified_time\" content=\"2025-01-08T08:15:56+00:00\" \/>\n<meta property=\"og:image\" content=\"https:\/\/chemswell.com\/wp-content\/uploads\/2023\/06\/Buy-Hofmann-Blotter-200\u00b5g-LSD.jpg\" \/>\n\t<meta property=\"og:image:width\" content=\"600\" \/>\n\t<meta property=\"og:image:height\" content=\"600\" \/>\n\t<meta property=\"og:image:type\" content=\"image\/jpeg\" \/>\n<meta name=\"twitter:card\" content=\"summary_large_image\" \/>\n<meta name=\"twitter:label1\" content=\"Gesch\u00e4tzte Lesezeit\" \/>\n\t<meta name=\"twitter:data1\" content=\"2\u00a0Minuten\" \/>\n<!-- \/ Yoast SEO plugin. -->","yoast_head_json":{"title":"Buy Hofmann Blotter 200mg Isd Online @ Best Price | ChemsWell","description":"Buy hofmann blotter 200mg Isd online from a trusted source Chemswell. Our premium-grade hofmann blotter 200mg Isd is for sale and guaranteed to be of the highest quality and purity. Order Now!","robots":{"index":"index","follow":"follow","max-snippet":"max-snippet:-1","max-image-preview":"max-image-preview:large","max-video-preview":"max-video-preview:-1"},"canonical":"https:\/\/chemswell.com\/de\/produkt\/hofmann-blotter-200\u00b5g-lsd-kaufen\/","og_locale":"de_DE","og_type":"article","og_title":"Buy Hofmann Blotter 200mg Isd Online @ Best Price | ChemsWell","og_description":"Buy hofmann blotter 200mg Isd online from a trusted source Chemswell. Our premium-grade hofmann blotter 200mg Isd is for sale and guaranteed to be of the highest quality and purity. Order Now!","og_url":"https:\/\/chemswell.com\/de\/produkt\/hofmann-blotter-200\u00b5g-lsd-kaufen\/","og_site_name":"Chemswell","article_modified_time":"2025-01-08T08:15:56+00:00","og_image":[{"width":600,"height":600,"url":"https:\/\/chemswell.com\/wp-content\/uploads\/2023\/06\/Buy-Hofmann-Blotter-200\u00b5g-LSD.jpg","type":"image\/jpeg"}],"twitter_card":"summary_large_image","twitter_misc":{"Gesch\u00e4tzte Lesezeit":"2\u00a0Minuten"},"schema":{"@context":"https:\/\/schema.org","@graph":[{"@type":"WebPage","@id":"https:\/\/chemswell.com\/product\/buy-hofmann-blotter-200%c2%b5g-lsd\/","url":"https:\/\/chemswell.com\/product\/buy-hofmann-blotter-200%c2%b5g-lsd\/","name":"Buy Hofmann Blotter 200mg Isd Online @ Best Price | ChemsWell","isPartOf":{"@id":"https:\/\/chemswell.com\/it\/#website"},"primaryImageOfPage":{"@id":"https:\/\/chemswell.com\/product\/buy-hofmann-blotter-200%c2%b5g-lsd\/#primaryimage"},"image":{"@id":"https:\/\/chemswell.com\/product\/buy-hofmann-blotter-200%c2%b5g-lsd\/#primaryimage"},"thumbnailUrl":"https:\/\/chemswell.com\/wp-content\/uploads\/2023\/06\/Buy-Hofmann-Blotter-200\u00b5g-LSD.jpg","datePublished":"2023-06-01T10:30:16+00:00","dateModified":"2025-01-08T08:15:56+00:00","description":"Buy hofmann blotter 200mg Isd online from a trusted source Chemswell. Our premium-grade hofmann blotter 200mg Isd is for sale and guaranteed to be of the highest quality and purity. Order Now!","breadcrumb":{"@id":"https:\/\/chemswell.com\/product\/buy-hofmann-blotter-200%c2%b5g-lsd\/#breadcrumb"},"inLanguage":"de","potentialAction":[{"@type":"ReadAction","target":["https:\/\/chemswell.com\/product\/buy-hofmann-blotter-200%c2%b5g-lsd\/"]}]},{"@type":"ImageObject","inLanguage":"de","@id":"https:\/\/chemswell.com\/product\/buy-hofmann-blotter-200%c2%b5g-lsd\/#primaryimage","url":"https:\/\/chemswell.com\/wp-content\/uploads\/2023\/06\/Buy-Hofmann-Blotter-200\u00b5g-LSD.jpg","contentUrl":"https:\/\/chemswell.com\/wp-content\/uploads\/2023\/06\/Buy-Hofmann-Blotter-200\u00b5g-LSD.jpg","width":600,"height":600,"caption":"Buy-Hofmann-Blotter-200\u00b5g-LSD"},{"@type":"BreadcrumbList","@id":"https:\/\/chemswell.com\/product\/buy-hofmann-blotter-200%c2%b5g-lsd\/#breadcrumb","itemListElement":[{"@type":"ListItem","position":1,"name":"Home","item":"https:\/\/chemswell.com\/ru\/"},{"@type":"ListItem","position":2,"name":"Shop","item":"https:\/\/chemswell.com\/ru\/%d0%bc%d0%b0%d0%b3%d0%b0%d0%b7%d0%b8%d0%bd\/"},{"@type":"ListItem","position":3,"name":"Buy Hofmann Blotter 200\u00b5g LSD"}]},{"@type":"WebSite","@id":"https:\/\/chemswell.com\/it\/#website","url":"https:\/\/chemswell.com\/it\/","name":"Chemswell","description":"#1 Research Chemical Store","potentialAction":[{"@type":"SearchAction","target":{"@type":"EntryPoint","urlTemplate":"https:\/\/chemswell.com\/it\/?s={search_term_string}"},"query-input":"required name=search_term_string"}],"inLanguage":"de"}]}},"_links":{"self":[{"href":"https:\/\/chemswell.com\/de\/wp-json\/wp\/v2\/product\/10205"}],"collection":[{"href":"https:\/\/chemswell.com\/de\/wp-json\/wp\/v2\/product"}],"about":[{"href":"https:\/\/chemswell.com\/de\/wp-json\/wp\/v2\/types\/product"}],"replies":[{"embeddable":true,"href":"https:\/\/chemswell.com\/de\/wp-json\/wp\/v2\/comments?post=10205"}],"wp:featuredmedia":[{"embeddable":true,"href":"https:\/\/chemswell.com\/de\/wp-json\/wp\/v2\/media\/10262"}],"wp:attachment":[{"href":"https:\/\/chemswell.com\/de\/wp-json\/wp\/v2\/media?parent=10205"}],"wp:term":[{"taxonomy":"product_cat","embeddable":true,"href":"https:\/\/chemswell.com\/de\/wp-json\/wp\/v2\/product_cat?post=10205"},{"taxonomy":"product_tag","embeddable":true,"href":"https:\/\/chemswell.com\/de\/wp-json\/wp\/v2\/product_tag?post=10205"}],"curies":[{"name":"wp","href":"https:\/\/api.w.org\/{rel}","templated":true}]}}