{"id":10207,"date":"2023-06-01T10:32:14","date_gmt":"2023-06-01T10:32:14","guid":{"rendered":"https:\/\/chemswell.com\/?post_type=product&#038;p=10207"},"modified":"2025-01-08T08:17:12","modified_gmt":"2025-01-08T08:17:12","slug":"hofmann-blotter-240%c2%b5g-lsd","status":"publish","type":"product","link":"https:\/\/chemswell.com\/de\/produkt\/hofmann-blotter-240\u00b5g-lsd\/","title":{"rendered":"Hofmann Blotter 240\u00b5g LSD"},"content":{"rendered":"<h2><strong>So erhalten Sie ganz einfach und heimlich Hofmann Blotter 240g LSD<\/strong><\/h2>\n<p>Zu bekommen <a href=\"https:\/\/chemswell.com\/de\/produkt\/hofmann-blotter-240\u00b5g-lsd\/\">180 g Hofmann Blotter LSD<\/a> erh\u00e4ltlich. Knackige, schreckliche LSD-Blotter-Kunst. Unsere L\u00f6schmittel sind \u00e4u\u00dferst wirksam, seien Sie also vorsichtig. Sie k\u00f6nnen immer mit einem halben Tab beginnen. Das ist besser, als es zu \u00fcbertreiben. Lesen Sie weiter, um zu erfahren, wie Sie eine schnelle und verdeckte Online-Methode anwenden. Besorgen Sie sich die psychedelischen Medikamente Ihrer Wahl schnell und sicher von diesem zuverl\u00e4ssigen Online-Anbieter, der Ihnen eine schnelle Lieferung nur der besten L\u00f6schtabletten und Fl\u00fcssigkeitstabletten bietet.<\/p>\n<h3><strong>W\u00e4hlen Sie die Blotter 240ug LSD-Gr\u00f6\u00dfe Ihrer Wahl.<\/strong><\/h3>\n<p>Hofmann Blotter 240\u00b5g <a href=\"https:\/\/en.wikipedia.org\/wiki\/LSD\">LSD<\/a> ist in verschiedenen Formaten erh\u00e4ltlich, um Ihren individuellen Anforderungen gerecht zu werden. In unserem Online-Shop k\u00f6nnen Sie jede Art von Blotting-Fl\u00fcssigkeit kaufen, die Sie ben\u00f6tigen, darunter gro\u00dfe Flaschen, Fl\u00fcssigkeitstabletten und L\u00f6schbl\u00e4tter. Schauen Sie sich unsere Auswahl an und w\u00e4hlen Sie das aus, was am besten zu Ihrer psychedelischen Reise passt. Sie k\u00f6nnen beruhigt einkaufen, da wir bei der Herstellung aller unserer Produkte auf einen schnellen Versand achten. <a href=\"https:\/\/chemswell.com\/de\/\">Chemswell<\/a><\/p>\n<h3><strong>Sie haben die Wahl zwischen Menge und Sorte.<\/strong><\/h3>\n<p>Aufgrund der Ihnen zur Verf\u00fcgung stehenden Optionen ist die Individualisierung beim Online-Kauf von Psychedelika sehr flexibel. Ob Sie 100 Tabletten oder 200 Flaschen Blotting-Fl\u00fcssigkeit ben\u00f6tigen, unser Online-Shop hat, was Sie brauchen. W\u00e4hlen Sie aus einer Auswahl von Um vollst\u00e4ndig in die psychedelische Welt einzutauchen, w\u00e4hlen Sie aus klassischen Favoriten und hochmodernen Versionen. Jetzt ist es an der Zeit, Ihr Hofmann L\u00f6schpapier 240 ug zu bestellen und es schnell und diskret geliefert zu bekommen.<\/p>\n<h4>F\u00fcr eine sichere Kaufabwicklung und zum Absenden Ihrer Bestellung besuchen Sie die Checkout-Seite.<\/h4>\n<p>Indem Sie die gew\u00fcnschten Tabs und Blotting-Fl\u00fcssigkeit in Ihren Warenkorb legen, k\u00f6nnen Sie Ihre Bestellung aufgeben. Geben Sie einfach Ihre Zahlungsinformationen in einer sicheren Atmosph\u00e4re ein und lehnen Sie sich dann entspannt zur\u00fcck, w\u00e4hrend Ihre Waren unter v\u00f6lliger Geheimhaltung zu Ihnen nach Hause geliefert werden. Wenn Sie bei uns ein S\u00e4urepapier bestellen, k\u00f6nnen Sie sicher sein, dass Sie es schnell und bei einem seri\u00f6sen Online-H\u00e4ndler erhalten.<\/p>","protected":false},"excerpt":{"rendered":"<p>Wie man leicht und heimlich Hofmann Blotter 240g LSD bekommt 180g Hofmann Blotter LSD sind jetzt erh\u00e4ltlich. Knackig, schrecklich<\/p>","protected":false},"featured_media":10259,"comment_status":"closed","ping_status":"closed","template":"","meta":{"_joinchat":[]},"product_cat":[1259],"product_tag":[2939,2929,1522,2921,2936,2933,2920,2923,2924,2931,2922,2932,2934,2941,2942,2940,2937,2928,2926,2938,2935,1530,2927,2930,2925],"yoast_head":"<!-- This site is optimized with the Yoast SEO plugin v23.0 - https:\/\/yoast.com\/wordpress\/plugins\/seo\/ -->\n<title>Buy Hofmann Blotter 240mg LSD Online @ Best Price | CW<\/title>\n<meta name=\"description\" content=\"Buy hofmann blotter 240mg lsd online from the #1 trusted supplier Chemswell. We offer high quality hofmann blotter 240mg isd for sale along with fast delivery. Shop now!\" \/>\n<meta name=\"robots\" content=\"index, follow, max-snippet:-1, max-image-preview:large, max-video-preview:-1\" \/>\n<link rel=\"canonical\" href=\"https:\/\/chemswell.com\/de\/produkt\/hofmann-blotter-240\u00b5g-lsd\/\" \/>\n<meta property=\"og:locale\" content=\"de_DE\" \/>\n<meta property=\"og:type\" content=\"article\" \/>\n<meta property=\"og:title\" content=\"Buy Hofmann Blotter 240mg LSD Online @ Best Price | CW\" \/>\n<meta property=\"og:description\" content=\"Buy hofmann blotter 240mg lsd online from the #1 trusted supplier Chemswell. We offer high quality hofmann blotter 240mg isd for sale along with fast delivery. Shop now!\" \/>\n<meta property=\"og:url\" content=\"https:\/\/chemswell.com\/de\/produkt\/hofmann-blotter-240\u00b5g-lsd\/\" \/>\n<meta property=\"og:site_name\" content=\"Chemswell\" \/>\n<meta property=\"article:modified_time\" content=\"2025-01-08T08:17:12+00:00\" \/>\n<meta property=\"og:image\" content=\"https:\/\/chemswell.com\/wp-content\/uploads\/2023\/06\/Hofmann-Blotter-240\u00b5g-LSD-1.jpg\" \/>\n\t<meta property=\"og:image:width\" content=\"600\" \/>\n\t<meta property=\"og:image:height\" content=\"600\" \/>\n\t<meta property=\"og:image:type\" content=\"image\/jpeg\" \/>\n<meta name=\"twitter:card\" content=\"summary_large_image\" \/>\n<meta name=\"twitter:label1\" content=\"Gesch\u00e4tzte Lesezeit\" \/>\n\t<meta name=\"twitter:data1\" content=\"2\u00a0Minuten\" \/>\n<!-- \/ Yoast SEO plugin. -->","yoast_head_json":{"title":"Buy Hofmann Blotter 240mg LSD Online @ Best Price | CW","description":"Buy hofmann blotter 240mg lsd online from the #1 trusted supplier Chemswell. We offer high quality hofmann blotter 240mg isd for sale along with fast delivery. Shop now!","robots":{"index":"index","follow":"follow","max-snippet":"max-snippet:-1","max-image-preview":"max-image-preview:large","max-video-preview":"max-video-preview:-1"},"canonical":"https:\/\/chemswell.com\/de\/produkt\/hofmann-blotter-240\u00b5g-lsd\/","og_locale":"de_DE","og_type":"article","og_title":"Buy Hofmann Blotter 240mg LSD Online @ Best Price | CW","og_description":"Buy hofmann blotter 240mg lsd online from the #1 trusted supplier Chemswell. We offer high quality hofmann blotter 240mg isd for sale along with fast delivery. Shop now!","og_url":"https:\/\/chemswell.com\/de\/produkt\/hofmann-blotter-240\u00b5g-lsd\/","og_site_name":"Chemswell","article_modified_time":"2025-01-08T08:17:12+00:00","og_image":[{"width":600,"height":600,"url":"https:\/\/chemswell.com\/wp-content\/uploads\/2023\/06\/Hofmann-Blotter-240\u00b5g-LSD-1.jpg","type":"image\/jpeg"}],"twitter_card":"summary_large_image","twitter_misc":{"Gesch\u00e4tzte Lesezeit":"2\u00a0Minuten"},"schema":{"@context":"https:\/\/schema.org","@graph":[{"@type":"WebPage","@id":"https:\/\/chemswell.com\/product\/hofmann-blotter-240%c2%b5g-lsd\/","url":"https:\/\/chemswell.com\/product\/hofmann-blotter-240%c2%b5g-lsd\/","name":"Buy Hofmann Blotter 240mg LSD Online @ Best Price | CW","isPartOf":{"@id":"https:\/\/chemswell.com\/it\/#website"},"primaryImageOfPage":{"@id":"https:\/\/chemswell.com\/product\/hofmann-blotter-240%c2%b5g-lsd\/#primaryimage"},"image":{"@id":"https:\/\/chemswell.com\/product\/hofmann-blotter-240%c2%b5g-lsd\/#primaryimage"},"thumbnailUrl":"https:\/\/chemswell.com\/wp-content\/uploads\/2023\/06\/Hofmann-Blotter-240\u00b5g-LSD-1.jpg","datePublished":"2023-06-01T10:32:14+00:00","dateModified":"2025-01-08T08:17:12+00:00","description":"Buy hofmann blotter 240mg lsd online from the #1 trusted supplier Chemswell. We offer high quality hofmann blotter 240mg isd for sale along with fast delivery. Shop now!","breadcrumb":{"@id":"https:\/\/chemswell.com\/product\/hofmann-blotter-240%c2%b5g-lsd\/#breadcrumb"},"inLanguage":"de","potentialAction":[{"@type":"ReadAction","target":["https:\/\/chemswell.com\/product\/hofmann-blotter-240%c2%b5g-lsd\/"]}]},{"@type":"ImageObject","inLanguage":"de","@id":"https:\/\/chemswell.com\/product\/hofmann-blotter-240%c2%b5g-lsd\/#primaryimage","url":"https:\/\/chemswell.com\/wp-content\/uploads\/2023\/06\/Hofmann-Blotter-240\u00b5g-LSD-1.jpg","contentUrl":"https:\/\/chemswell.com\/wp-content\/uploads\/2023\/06\/Hofmann-Blotter-240\u00b5g-LSD-1.jpg","width":600,"height":600,"caption":"Hofmann-Blotter-240\u00b5g-LSD"},{"@type":"BreadcrumbList","@id":"https:\/\/chemswell.com\/product\/hofmann-blotter-240%c2%b5g-lsd\/#breadcrumb","itemListElement":[{"@type":"ListItem","position":1,"name":"Home","item":"https:\/\/chemswell.com\/ru\/"},{"@type":"ListItem","position":2,"name":"Shop","item":"https:\/\/chemswell.com\/ru\/%d0%bc%d0%b0%d0%b3%d0%b0%d0%b7%d0%b8%d0%bd\/"},{"@type":"ListItem","position":3,"name":"Hofmann Blotter 240\u00b5g LSD"}]},{"@type":"WebSite","@id":"https:\/\/chemswell.com\/it\/#website","url":"https:\/\/chemswell.com\/it\/","name":"Chemswell","description":"#1 Research Chemical Store","potentialAction":[{"@type":"SearchAction","target":{"@type":"EntryPoint","urlTemplate":"https:\/\/chemswell.com\/it\/?s={search_term_string}"},"query-input":"required name=search_term_string"}],"inLanguage":"de"}]}},"_links":{"self":[{"href":"https:\/\/chemswell.com\/de\/wp-json\/wp\/v2\/product\/10207"}],"collection":[{"href":"https:\/\/chemswell.com\/de\/wp-json\/wp\/v2\/product"}],"about":[{"href":"https:\/\/chemswell.com\/de\/wp-json\/wp\/v2\/types\/product"}],"replies":[{"embeddable":true,"href":"https:\/\/chemswell.com\/de\/wp-json\/wp\/v2\/comments?post=10207"}],"wp:featuredmedia":[{"embeddable":true,"href":"https:\/\/chemswell.com\/de\/wp-json\/wp\/v2\/media\/10259"}],"wp:attachment":[{"href":"https:\/\/chemswell.com\/de\/wp-json\/wp\/v2\/media?parent=10207"}],"wp:term":[{"taxonomy":"product_cat","embeddable":true,"href":"https:\/\/chemswell.com\/de\/wp-json\/wp\/v2\/product_cat?post=10207"},{"taxonomy":"product_tag","embeddable":true,"href":"https:\/\/chemswell.com\/de\/wp-json\/wp\/v2\/product_tag?post=10207"}],"curies":[{"name":"wp","href":"https:\/\/api.w.org\/{rel}","templated":true}]}}