{"id":10283,"date":"2023-06-02T09:09:46","date_gmt":"2023-06-02T09:09:46","guid":{"rendered":"https:\/\/chemswell.com\/?post_type=product&#038;p=10283"},"modified":"2025-07-16T05:54:33","modified_gmt":"2025-07-16T05:54:33","slug":"buy-high-quality-250ug-lsd","status":"publish","type":"product","link":"https:\/\/chemswell.com\/de\/produkt\/kaufen-hohe-qualitat-250ug-lsd\/","title":{"rendered":"Hochwertiges 250ug LSD kaufen"},"content":{"rendered":"<h2><strong>Substanzkonsum - LSD<\/strong><\/h2>\n<p>Der Begriff <a href=\"https:\/\/chemswell.com\/de\/produkt\/kaufen-hohe-qualitat-250ug-lsd\/\">LSD<\/a> bezeichnet Lysergs\u00e4urediethylamid. Es ist eine klare, farblose Fl\u00fcssigkeit oder ein wei\u00dfes Pulver und eine illegale Stra\u00dfendroge. Es ist in Tabletten-, Pillen-, Fl\u00fcssigkeits-, Pulver- oder Tablettenform erh\u00e4ltlich. LSD wird h\u00e4ufig oral eingenommen. Manche Menschen spritzen es sich in eine Vene, andere ziehen es durch die Nase.<\/p>\n<p>LSD ist auf der Stra\u00dfe auch als \"Acid\", \"Blotter\", \"Blotter Acid\", \"Blue Cheer\", \"Electric Kool-Aid\", \"Hits\", \"Lucy in the Sky with Diamonds\", \"Mellow Yellow\", \"Microdots\", \"Purple Haze\", \"Sugar Cubes\", \"Sunshine Tabs\" und \"Window Pane\" bekannt. <a href=\"https:\/\/chemswell.com\/de\/\">Chemswell<\/a><\/p>\n<h3><strong>Die Auswirkungen von LSD auf Ihr Gehirn<\/strong><\/h3>\n<p>Zu den bewusstseinsver\u00e4ndernden Drogen geh\u00f6ren <a href=\"https:\/\/en.wikipedia.org\/wiki\/LSD\">LSD<\/a>. Mit anderen Worten: Es wirkt auf das zentrale Nervensystem des Gehirns und ver\u00e4ndert die Stimmung, das Verhalten und die Sichtweise auf die Welt. Serotonin ist ein Neurotransmitter im Gehirn, der durch LSD beeinflusst wird. Serotonin hilft bei der Regulierung von Gedanken, Gef\u00fchlen, Verhalten und Stimmung.<\/p>\n<p>LSD geh\u00f6rt zu der Gruppe von Chemikalien, die als Halluzinogene bekannt sind. Das sind Drogen, die Halluzinationen ausl\u00f6sen k\u00f6nnen. Wenn man wach ist, kann man Dinge erleben, die real zu sein scheinen, aber in Wirklichkeit mentale Kreationen sind, die man wahrnimmt, h\u00f6rt oder f\u00fchlt. Ein extrem starkes Halluzinogen: LSD. Es braucht nur sehr wenig, um Halluzinationen hervorzurufen.<\/p>\n<p>LSD-Konsumenten bezeichnen ihre halluzinogenen Erlebnisse als \"Trips\". Je nach Dosierung und Reaktion des Gehirns kann ein Trip \"gut\" oder \"schlecht\" sein.<\/p>\n<p>Ein angenehmer und faszinierender Ausflug ist m\u00f6glich. Eine schreckliche Reise kann furchtbar und unangenehm sein.<\/p>\n<p>Die Unvorhersehbarkeit der Wirkung von LSD macht es gef\u00e4hrlich. Daher wei\u00df man nie, ob man einen guten oder schrecklichen Urlaub haben wird, bis man es verwendet. Es ist unm\u00f6glich vorherzusagen, wie es auf dich wirken wird:<\/p>\n<ul>\n<li>Sie k\u00f6nnen das Gef\u00fchl haben, von der Realit\u00e4t abgekoppelt zu sein und zu schweben.<\/li>\n<li>Sie k\u00f6nnen Gl\u00fccksgef\u00fchle (Euphorie oder \"Rausch\") und einen Verlust von Hemmungen erleben, \u00e4hnlich wie bei einem Alkoholrausch.<\/li>\n<li>Sie haben vielleicht das Gef\u00fchl, \u00fcbermenschliche Kr\u00e4fte zu besitzen, kristallklar zu denken und keine Angst zu haben.<\/li>\n<li>Ihre Wahrnehmungen k\u00f6nnten verzerrt werden. Es ist m\u00f6glich, die Gr\u00f6\u00dfe und Form eines Objekts zu ver\u00e4ndern. Ansonsten k\u00f6nnen sich Ihre Sinne \"\u00fcberkreuzen\". Sie k\u00f6nnen Farben, Musik oder Gef\u00fchle wahrnehmen.<\/li>\n<li>Sie k\u00f6nnen eine Vielzahl von Emotionen auf einmal erleben oder schnell zwischen ihnen wechseln.<\/li>\n<li>Sie haben vielleicht schreckliche Ideen.<\/li>\n<li>Normalerweise \u00fcberschaubare \u00c4ngste k\u00f6nnen aus dem Ruder laufen. Sie k\u00f6nnten z. B. pessimistische Vorstellungen haben, z. B. dass Sie bald sterben werden, oder dass Sie sich selbst oder anderen schaden wollen.<\/li>\n<\/ul>\n<p><strong>Die Art des LSD-Konsums beeinflusst, wie schnell die Wirkung eintritt:<\/strong><\/p>\n<ul>\n<li>Die Wirkung setzt in der Regel 20 bis 30 Minuten nach der Einnahme ein. Die Wirkung kann bis zu 12 Stunden anhalten und erreicht ihren H\u00f6hepunkt in 2 bis 4 Stunden.<\/li>\n<li>Bei intraven\u00f6ser Verabreichung tritt die Wirkung von LSD innerhalb von nur 10 Minuten ein.<\/li>\n<\/ul>","protected":false},"excerpt":{"rendered":"<h4>MORE DETAILS:<br \/>\n<strong>25 SQUARE PER SHEET<br \/>\n100 to 150 UG MEANING 0.1 or 0.15 MG. MICROGRAMS ARE USED TO MEASURE LSD<br \/>\n<\/strong><\/h4>","protected":false},"featured_media":10319,"comment_status":"closed","ping_status":"closed","template":"","meta":{"_joinchat":[]},"product_cat":[1259],"product_tag":[2433,2423,1522,2415,2414,2418,2417,2425,2416,2426,2428,2435,2436,2434,2431,2430,2427,2422,2420,2432,2429,1530,2421,2424,2419],"yoast_head":"<!-- This site is optimized with the Yoast SEO plugin v23.0 - https:\/\/yoast.com\/wordpress\/plugins\/seo\/ -->\n<title>Buy High Quality 250ug Isd Online - 250ug Isd for Sale Online<\/title>\n<meta name=\"description\" content=\"Buy high-quality 250ug lsd for sale online from a trusted supplier. Our high-quality 250ug lsd comes as a clear, colorless liquid or white powder. Order Now!\" \/>\n<meta name=\"robots\" content=\"index, follow, max-snippet:-1, max-image-preview:large, max-video-preview:-1\" \/>\n<link rel=\"canonical\" href=\"https:\/\/chemswell.com\/de\/produkt\/kaufen-hohe-qualitat-250ug-lsd\/\" \/>\n<meta property=\"og:locale\" content=\"de_DE\" \/>\n<meta property=\"og:type\" content=\"article\" \/>\n<meta property=\"og:title\" content=\"Buy High Quality 250ug Isd Online - 250ug Isd for Sale Online\" \/>\n<meta property=\"og:description\" content=\"Buy high-quality 250ug lsd for sale online from a trusted supplier. Our high-quality 250ug lsd comes as a clear, colorless liquid or white powder. Order Now!\" \/>\n<meta property=\"og:url\" content=\"https:\/\/chemswell.com\/de\/produkt\/kaufen-hohe-qualitat-250ug-lsd\/\" \/>\n<meta property=\"og:site_name\" content=\"Chemswell\" \/>\n<meta property=\"article:modified_time\" content=\"2025-07-16T05:54:33+00:00\" \/>\n<meta property=\"og:image\" content=\"https:\/\/chemswell.com\/wp-content\/uploads\/2023\/06\/buy-lsd-250-ug-768x577-1.jpg\" \/>\n\t<meta property=\"og:image:width\" content=\"768\" \/>\n\t<meta property=\"og:image:height\" content=\"577\" \/>\n\t<meta property=\"og:image:type\" content=\"image\/jpeg\" \/>\n<meta name=\"twitter:card\" content=\"summary_large_image\" \/>\n<meta name=\"twitter:label1\" content=\"Gesch\u00e4tzte Lesezeit\" \/>\n\t<meta name=\"twitter:data1\" content=\"3\u00a0Minuten\" \/>\n<!-- \/ Yoast SEO plugin. -->","yoast_head_json":{"title":"Buy High Quality 250ug Isd Online - 250ug Isd for Sale Online","description":"Buy high-quality 250ug lsd for sale online from a trusted supplier. Our high-quality 250ug lsd comes as a clear, colorless liquid or white powder. Order Now!","robots":{"index":"index","follow":"follow","max-snippet":"max-snippet:-1","max-image-preview":"max-image-preview:large","max-video-preview":"max-video-preview:-1"},"canonical":"https:\/\/chemswell.com\/de\/produkt\/kaufen-hohe-qualitat-250ug-lsd\/","og_locale":"de_DE","og_type":"article","og_title":"Buy High Quality 250ug Isd Online - 250ug Isd for Sale Online","og_description":"Buy high-quality 250ug lsd for sale online from a trusted supplier. Our high-quality 250ug lsd comes as a clear, colorless liquid or white powder. Order Now!","og_url":"https:\/\/chemswell.com\/de\/produkt\/kaufen-hohe-qualitat-250ug-lsd\/","og_site_name":"Chemswell","article_modified_time":"2025-07-16T05:54:33+00:00","og_image":[{"width":768,"height":577,"url":"https:\/\/chemswell.com\/wp-content\/uploads\/2023\/06\/buy-lsd-250-ug-768x577-1.jpg","type":"image\/jpeg"}],"twitter_card":"summary_large_image","twitter_misc":{"Gesch\u00e4tzte Lesezeit":"3\u00a0Minuten"},"schema":{"@context":"https:\/\/schema.org","@graph":[{"@type":"WebPage","@id":"https:\/\/chemswell.com\/product\/buy-high-quality-250ug-lsd\/","url":"https:\/\/chemswell.com\/product\/buy-high-quality-250ug-lsd\/","name":"Buy High Quality 250ug Isd Online - 250ug Isd for Sale Online","isPartOf":{"@id":"https:\/\/chemswell.com\/it\/#website"},"primaryImageOfPage":{"@id":"https:\/\/chemswell.com\/product\/buy-high-quality-250ug-lsd\/#primaryimage"},"image":{"@id":"https:\/\/chemswell.com\/product\/buy-high-quality-250ug-lsd\/#primaryimage"},"thumbnailUrl":"https:\/\/chemswell.com\/wp-content\/uploads\/2023\/06\/buy-lsd-250-ug-768x577-1.jpg","datePublished":"2023-06-02T09:09:46+00:00","dateModified":"2025-07-16T05:54:33+00:00","description":"Buy high-quality 250ug lsd for sale online from a trusted supplier. Our high-quality 250ug lsd comes as a clear, colorless liquid or white powder. Order Now!","breadcrumb":{"@id":"https:\/\/chemswell.com\/product\/buy-high-quality-250ug-lsd\/#breadcrumb"},"inLanguage":"de","potentialAction":[{"@type":"ReadAction","target":["https:\/\/chemswell.com\/product\/buy-high-quality-250ug-lsd\/"]}]},{"@type":"ImageObject","inLanguage":"de","@id":"https:\/\/chemswell.com\/product\/buy-high-quality-250ug-lsd\/#primaryimage","url":"https:\/\/chemswell.com\/wp-content\/uploads\/2023\/06\/buy-lsd-250-ug-768x577-1.jpg","contentUrl":"https:\/\/chemswell.com\/wp-content\/uploads\/2023\/06\/buy-lsd-250-ug-768x577-1.jpg","width":768,"height":577,"caption":"buy-lsd-250-ug-768x577"},{"@type":"BreadcrumbList","@id":"https:\/\/chemswell.com\/product\/buy-high-quality-250ug-lsd\/#breadcrumb","itemListElement":[{"@type":"ListItem","position":1,"name":"Home","item":"https:\/\/chemswell.com\/ru\/"},{"@type":"ListItem","position":2,"name":"Shop","item":"https:\/\/chemswell.com\/ru\/%d0%bc%d0%b0%d0%b3%d0%b0%d0%b7%d0%b8%d0%bd\/"},{"@type":"ListItem","position":3,"name":"Buy High Quality 250ug LSD"}]},{"@type":"WebSite","@id":"https:\/\/chemswell.com\/it\/#website","url":"https:\/\/chemswell.com\/it\/","name":"Chemswell","description":"#1 Research Chemical Store","potentialAction":[{"@type":"SearchAction","target":{"@type":"EntryPoint","urlTemplate":"https:\/\/chemswell.com\/it\/?s={search_term_string}"},"query-input":"required name=search_term_string"}],"inLanguage":"de"}]}},"_links":{"self":[{"href":"https:\/\/chemswell.com\/de\/wp-json\/wp\/v2\/product\/10283"}],"collection":[{"href":"https:\/\/chemswell.com\/de\/wp-json\/wp\/v2\/product"}],"about":[{"href":"https:\/\/chemswell.com\/de\/wp-json\/wp\/v2\/types\/product"}],"replies":[{"embeddable":true,"href":"https:\/\/chemswell.com\/de\/wp-json\/wp\/v2\/comments?post=10283"}],"wp:featuredmedia":[{"embeddable":true,"href":"https:\/\/chemswell.com\/de\/wp-json\/wp\/v2\/media\/10319"}],"wp:attachment":[{"href":"https:\/\/chemswell.com\/de\/wp-json\/wp\/v2\/media?parent=10283"}],"wp:term":[{"taxonomy":"product_cat","embeddable":true,"href":"https:\/\/chemswell.com\/de\/wp-json\/wp\/v2\/product_cat?post=10283"},{"taxonomy":"product_tag","embeddable":true,"href":"https:\/\/chemswell.com\/de\/wp-json\/wp\/v2\/product_tag?post=10283"}],"curies":[{"name":"wp","href":"https:\/\/api.w.org\/{rel}","templated":true}]}}