{"id":10284,"date":"2023-06-02T09:09:49","date_gmt":"2023-06-02T09:09:49","guid":{"rendered":"https:\/\/chemswell.com\/?post_type=product&#038;p=10284"},"modified":"2026-03-05T10:29:59","modified_gmt":"2026-03-05T10:29:59","slug":"buy-liberty-caps-mushrooms-online","status":"publish","type":"product","link":"https:\/\/chemswell.com\/de\/produkt\/liberty-caps-pilze-online-kaufen\/","title":{"rendered":"Liberty Caps Champignons online kaufen"},"content":{"rendered":"<h2><strong>Freiheitskappen online kaufen<\/strong><\/h2>\n<p><a href=\"https:\/\/chemswell.com\/de\/produkt\/liberty-caps-pilze-online-kaufen\/\"><strong>Liberty M\u00fctzen<\/strong><\/a>\u00a0ist ein psychedelischer Pilz, der die psychoaktiven und<\/p>\n<p>Psilocybin-Verbindungen.<\/p>\n<p>Die Form variiert von spitzkegelig bis glockenf\u00f6rmig.<\/p>\n<p>Wenn die Kappe trocken ist, wird sie viel blasser, eine hellgelb-braune Farbe. Sie wird auch Zauberpilz genannt. <a href=\"https:\/\/chemswell.com\/de\/\">Chemswell<\/a><\/p>\n<p>Liberty Caps ist ein magischer Pilz mit langer Potenz und trippender Wirkung - magic mushrooms for sale<\/p>\n<p>Liberty Caps kaufen - Lernen wie man Liberty Caps trocknet - wie man Liberty Caps findet - Magic Mushroom kaufen<\/p>\n<h3><strong>WAS SIND LIBERTY CAPS Pilze?<\/strong><\/h3>\n<p>Die Magie <a href=\"https:\/\/en.wikipedia.org\/wiki\/Mushroom\">Pilz<\/a> Die magische Pilzart Psilocybe semilanceata, gemeinhin Freiheitskappe genannt, enth\u00e4lt die Halluzinogene Psilocybin und Psilocin.<\/p>\n<p>Sie sind die bekanntesten, st\u00e4rksten und am besten zug\u00e4nglichen Magic Mushrooms der Welt. Hier erf\u00e4hrst du, wo du Liberty Caps bekommst, wie du sie trocknest und wo du Magic Mushrooms kaufen kannst.<\/p>\n<p>Liberty Caps, Blue Leg, Meditationspilz, Magic Mushrooms, Narrenschwamm, Paddlestool, Pixie Caps, Psilo, Schwammerl, Shrooms, Witch Cap, und Zwergenhut sind einige der gebr\u00e4uchlichen Namen f\u00fcr Psilocybe semilanceata.<\/p>\n<p>Der beste Ort, um Zauberpilze zu kaufen, ist w\u00e4hrend der Freiheitskappen-Exkursion, bei der man auch Freiheitskappen kaufen kann.<\/p>\n<h3><strong>VERWENDUNG VON LIBERTY CAPS Pilze<\/strong><\/h3>\n<p>Sie sollten die Liberty Kapseln auf n\u00fcchternen Magen einnehmen, um die besten Ergebnisse zu erzielen.<\/p>\n<p>Die Magic Mushrooms k\u00f6nnen gekaut und dann geschluckt werden.<\/p>\n<p>Der K\u00f6rper nimmt die psychoaktiven Chemikalien umso besser auf, je l\u00e4nger man sie kaut. Leider ist der Geschmack nicht sehr gut. Magic Mushrooms kaufen - Wo bekommt man Liberty Caps?<\/p>\n<p>Aus diesem Grund ist auch die Zubereitung von Pilztee eine Option. Liberty Caps in Gro\u00dfbritannien kaufen<\/p>\n<p>Sie sollten in kleine St\u00fccke zerteilt und in kochendem Wasser eingeweicht werden.<\/p>\n<p>Das Psilocybin wird zerst\u00f6rt, wenn das Wasser kocht, daher muss dies vermieden werden. Um den Tee so sanft wie m\u00f6glich ziehen zu lassen, k\u00f6nnen Sie die Kanne auf eine hei\u00dfe Platte stellen.<\/p>\n<p>Nehmen Sie den Tee zusammen mit den magischen Pilzfragmenten zu sich.<\/p>\n<p>Das im Pilztee enthaltene Psilocybin auf Wasserbasis kann durch Zugabe von ausreichend Zitronensaft in Psilocin umgewandelt werden. Liberty Caps in Gro\u00dfbritannien kaufen<\/p>\n<p>Wie bereits erw\u00e4hnt, ist es Psilocin, das die psychedelische Wirkung verursacht.<\/p>\n<p>Daher garantiert Zitronensaft einen schnelleren Start in die Reise.<\/p>\n<p>Au\u00dferdem werden Sie weniger Magenschmerzen haben. Kaufen Sie Magic Mushrooms und Liberty Caps.<\/p>\n<p>Verwandte Suchbegriffe Liberty-Kappen online bestellen, Pilze kaufen, Psilocybin online kaufen, Psilocybin-Pilz-Kits kaufen und Psilocybe semilanceata kaufen.<\/p>","protected":false},"excerpt":{"rendered":"<p>Liberty Caps online kaufen Liberty Caps ist ein psychedelischer Pilz, der die psychoaktiven und Psilocybin-Verbindungen enth\u00e4lt. Variiert in der Form von scharf kegelf\u00f6rmig<\/p>","protected":false},"featured_media":10320,"comment_status":"closed","ping_status":"closed","template":"","meta":{"_joinchat":[]},"product_cat":[1259],"product_tag":[2456,2446,1522,2438,2437,2441,2440,2448,2439,2449,2451,2458,2459,2457,2454,2453,2450,2445,2443,2455,2452,1530,2444,2447,2442],"yoast_head":"<!-- This site is optimized with the Yoast SEO plugin v23.0 - https:\/\/yoast.com\/wordpress\/plugins\/seo\/ -->\n<title>Buy Liberty Caps Mushrooms Online at Best Price | CW<\/title>\n<meta name=\"description\" content=\"Get the highest quality liberty caps mushrooms for sale available online at best price. Our liberty caps mushrooms is lab tested and certified for purity, potency, and quality. Buy now!\" \/>\n<meta name=\"robots\" content=\"index, follow, max-snippet:-1, max-image-preview:large, max-video-preview:-1\" \/>\n<link rel=\"canonical\" href=\"https:\/\/chemswell.com\/de\/produkt\/liberty-caps-pilze-online-kaufen\/\" \/>\n<meta property=\"og:locale\" content=\"de_DE\" \/>\n<meta property=\"og:type\" content=\"article\" \/>\n<meta property=\"og:title\" content=\"Buy Liberty Caps Mushrooms Online at Best Price | CW\" \/>\n<meta property=\"og:description\" content=\"Get the highest quality liberty caps mushrooms for sale available online at best price. Our liberty caps mushrooms is lab tested and certified for purity, potency, and quality. Buy now!\" \/>\n<meta property=\"og:url\" content=\"https:\/\/chemswell.com\/de\/produkt\/liberty-caps-pilze-online-kaufen\/\" \/>\n<meta property=\"og:site_name\" content=\"Chemswell\" \/>\n<meta property=\"article:modified_time\" content=\"2026-03-05T10:29:59+00:00\" \/>\n<meta property=\"og:image\" content=\"https:\/\/chemswell.com\/wp-content\/uploads\/2023\/06\/Liberty-Caps-Mushrooms-.jpg\" \/>\n\t<meta property=\"og:image:width\" content=\"714\" \/>\n\t<meta property=\"og:image:height\" content=\"951\" \/>\n\t<meta property=\"og:image:type\" content=\"image\/jpeg\" \/>\n<meta name=\"twitter:card\" content=\"summary_large_image\" \/>\n<meta name=\"twitter:label1\" content=\"Gesch\u00e4tzte Lesezeit\" \/>\n\t<meta name=\"twitter:data1\" content=\"2\u00a0Minuten\" \/>\n<!-- \/ Yoast SEO plugin. -->","yoast_head_json":{"title":"Buy Liberty Caps Mushrooms Online at Best Price | CW","description":"Get the highest quality liberty caps mushrooms for sale available online at best price. Our liberty caps mushrooms is lab tested and certified for purity, potency, and quality. Buy now!","robots":{"index":"index","follow":"follow","max-snippet":"max-snippet:-1","max-image-preview":"max-image-preview:large","max-video-preview":"max-video-preview:-1"},"canonical":"https:\/\/chemswell.com\/de\/produkt\/liberty-caps-pilze-online-kaufen\/","og_locale":"de_DE","og_type":"article","og_title":"Buy Liberty Caps Mushrooms Online at Best Price | CW","og_description":"Get the highest quality liberty caps mushrooms for sale available online at best price. Our liberty caps mushrooms is lab tested and certified for purity, potency, and quality. Buy now!","og_url":"https:\/\/chemswell.com\/de\/produkt\/liberty-caps-pilze-online-kaufen\/","og_site_name":"Chemswell","article_modified_time":"2026-03-05T10:29:59+00:00","og_image":[{"width":714,"height":951,"url":"https:\/\/chemswell.com\/wp-content\/uploads\/2023\/06\/Liberty-Caps-Mushrooms-.jpg","type":"image\/jpeg"}],"twitter_card":"summary_large_image","twitter_misc":{"Gesch\u00e4tzte Lesezeit":"2\u00a0Minuten"},"schema":{"@context":"https:\/\/schema.org","@graph":[{"@type":"WebPage","@id":"https:\/\/chemswell.com\/product\/buy-liberty-caps-mushrooms-online\/","url":"https:\/\/chemswell.com\/product\/buy-liberty-caps-mushrooms-online\/","name":"Buy Liberty Caps Mushrooms Online at Best Price | CW","isPartOf":{"@id":"https:\/\/chemswell.com\/it\/#website"},"primaryImageOfPage":{"@id":"https:\/\/chemswell.com\/product\/buy-liberty-caps-mushrooms-online\/#primaryimage"},"image":{"@id":"https:\/\/chemswell.com\/product\/buy-liberty-caps-mushrooms-online\/#primaryimage"},"thumbnailUrl":"https:\/\/chemswell.com\/wp-content\/uploads\/2023\/06\/Liberty-Caps-Mushrooms-.jpg","datePublished":"2023-06-02T09:09:49+00:00","dateModified":"2026-03-05T10:29:59+00:00","description":"Get the highest quality liberty caps mushrooms for sale available online at best price. Our liberty caps mushrooms is lab tested and certified for purity, potency, and quality. Buy now!","breadcrumb":{"@id":"https:\/\/chemswell.com\/product\/buy-liberty-caps-mushrooms-online\/#breadcrumb"},"inLanguage":"de","potentialAction":[{"@type":"ReadAction","target":["https:\/\/chemswell.com\/product\/buy-liberty-caps-mushrooms-online\/"]}]},{"@type":"ImageObject","inLanguage":"de","@id":"https:\/\/chemswell.com\/product\/buy-liberty-caps-mushrooms-online\/#primaryimage","url":"https:\/\/chemswell.com\/wp-content\/uploads\/2023\/06\/Liberty-Caps-Mushrooms-.jpg","contentUrl":"https:\/\/chemswell.com\/wp-content\/uploads\/2023\/06\/Liberty-Caps-Mushrooms-.jpg","width":714,"height":951,"caption":"Liberty-Caps-Mushrooms-"},{"@type":"BreadcrumbList","@id":"https:\/\/chemswell.com\/product\/buy-liberty-caps-mushrooms-online\/#breadcrumb","itemListElement":[{"@type":"ListItem","position":1,"name":"Home","item":"https:\/\/chemswell.com\/ru\/"},{"@type":"ListItem","position":2,"name":"Shop","item":"https:\/\/chemswell.com\/ru\/%d0%bc%d0%b0%d0%b3%d0%b0%d0%b7%d0%b8%d0%bd\/"},{"@type":"ListItem","position":3,"name":"Buy Liberty Caps Mushrooms Online"}]},{"@type":"WebSite","@id":"https:\/\/chemswell.com\/it\/#website","url":"https:\/\/chemswell.com\/it\/","name":"Chemswell","description":"#1 Research Chemical Store","potentialAction":[{"@type":"SearchAction","target":{"@type":"EntryPoint","urlTemplate":"https:\/\/chemswell.com\/it\/?s={search_term_string}"},"query-input":"required name=search_term_string"}],"inLanguage":"de"}]}},"_links":{"self":[{"href":"https:\/\/chemswell.com\/de\/wp-json\/wp\/v2\/product\/10284"}],"collection":[{"href":"https:\/\/chemswell.com\/de\/wp-json\/wp\/v2\/product"}],"about":[{"href":"https:\/\/chemswell.com\/de\/wp-json\/wp\/v2\/types\/product"}],"replies":[{"embeddable":true,"href":"https:\/\/chemswell.com\/de\/wp-json\/wp\/v2\/comments?post=10284"}],"wp:featuredmedia":[{"embeddable":true,"href":"https:\/\/chemswell.com\/de\/wp-json\/wp\/v2\/media\/10320"}],"wp:attachment":[{"href":"https:\/\/chemswell.com\/de\/wp-json\/wp\/v2\/media?parent=10284"}],"wp:term":[{"taxonomy":"product_cat","embeddable":true,"href":"https:\/\/chemswell.com\/de\/wp-json\/wp\/v2\/product_cat?post=10284"},{"taxonomy":"product_tag","embeddable":true,"href":"https:\/\/chemswell.com\/de\/wp-json\/wp\/v2\/product_tag?post=10284"}],"curies":[{"name":"wp","href":"https:\/\/api.w.org\/{rel}","templated":true}]}}