{"id":10285,"date":"2023-06-02T09:09:51","date_gmt":"2023-06-02T09:09:51","guid":{"rendered":"https:\/\/chemswell.com\/?post_type=product&#038;p=10285"},"modified":"2025-01-08T07:47:55","modified_gmt":"2025-01-08T07:47:55","slug":"buy-lsd-300ug-online","status":"publish","type":"product","link":"https:\/\/chemswell.com\/de\/produkt\/lsd-300ug-online-kaufen\/","title":{"rendered":"LSD 300ug online kaufen"},"content":{"rendered":"<h2><strong>Lsd 300ug online kaufen<\/strong><\/h2>\n<p><a href=\"https:\/\/chemswell.com\/de\/produkt\/lsd-300ug-online-kaufen\/\">Kaufen Sie LSD Data 300ug online<\/a><strong style=\"font-size: 1.28571rem;\">, <\/strong>aus der National Household Survey on Drug Abuse zeigen, dass Menschen aller Altersgruppen D.O.J. Lsd 300ug konsumieren, und zwar sch\u00e4tzungsweise 20,2 Millionen Amerikaner.<\/p>\n<p>Der LSD-Konsum war unter den 12-J\u00e4hrigen und \u00c4lteren in diesem Gebiet weit verbreitet.<\/p>\n<p>Der Umfrage zufolge gaben 4,5 Millionen Menschen zwischen 18 und 25 Jahren und 742.000 Menschen zwischen 12 und 17 Jahren an, jeweils mindestens einmal <a href=\"https:\/\/en.wikipedia.org\/wiki\/LSD\">LSD<\/a> jeweils mindestens einmal.<\/p>\n<p>Besonders besorgniserregend sind Highschool-Sch\u00fcler, die LSD 300ug konsumieren. Laut der \"Monitoring the Future\"-Umfrage der Universit\u00e4t Michigan haben fast 4 % der Oberstufensch\u00fcler in den Vereinigten Staaten die Substanz innerhalb des letzten Jahres eingenommen und mehr als 8 % haben sie mindestens einmal in ihrem Leben <a href=\"https:\/\/chemswell.com\/de\/\">Chemswell<\/a><\/p>\n<h3>Welche Gefahren bestehen?<\/h3>\n<p>LSD-Konsum hat unvorhersehbare Nebenwirkungen, die je nach Dosierung, Konsumumgebung, Pers\u00f6nlichkeit, Stimmung und Erwartungen des Konsumenten variieren. Manche LSD-Konsumenten berichten von deprimierenden Gedanken, die Kontrolle zu verlieren, wahnsinnig zu werden oder zu sterben, andere berichten von einem deprimierenden Gef\u00fchl der Hoffnungslosigkeit. Einige Konsumenten haben unter dem Einfluss von LSD t\u00f6dliche Missgeschicke erlebt.<\/p>\n<p>Bei LSD-Konsumenten sind Flashbacks \u00fcblich, bei denen bestimmte Elemente ihrer LSD-Erfahrung wiederkehren, auch wenn sie die Droge nicht mehr konsumiert haben. Buy LSD Data 300ug Online-Konsumenten k\u00f6nnen auch schwere Traurigkeit oder lang anhaltende Psychosen wie Schizophrenie erleben.<\/p>\n<p>LSD Buy LSD Data 300ug online gilt nicht als s\u00fcchtig machende Substanz, da sie im Gegensatz zu Kokain, Heroin und Methamphetamin kein zwanghaftes Suchtverhalten ausl\u00f6st. LSD-Konsumenten k\u00f6nnen jedoch tolerant gegen\u00fcber der Droge werden, was bedeutet, dass sie immer h\u00f6here Dosen der Droge einnehmen m\u00fcssen, um die gew\u00fcnschten halluzinogenen Effekte zu erzielen.<\/p>","protected":false},"excerpt":{"rendered":"<p>Buy\u00a0 Lsd 300ug online Buy Lsd Data 300ug online, from the National Household Survey on Drug Abuse show that people of all<\/p>","protected":false},"featured_media":10321,"comment_status":"closed","ping_status":"closed","template":"","meta":{"_joinchat":[]},"product_cat":[1259],"product_tag":[2479,2469,1522,2461,2460,2464,2463,2471,2462,2472,2474,2481,2482,2480,2477,2476,2473,2468,2466,2478,2475,1530,2467,2470,2465],"yoast_head":"<!-- This site is optimized with the Yoast SEO plugin v23.0 - https:\/\/yoast.com\/wordpress\/plugins\/seo\/ -->\n<title>Buy Isd 300ug Online - Isd 300ug for Sale - Order Isd 300ug Online<\/title>\n<meta name=\"description\" content=\"Get your hands on the best quality lsd 300ug for sale online at competitive prices. We offer a wide range of products that are sourced from some of the most trusted and reliable suppliers around the world. Buy now!\" \/>\n<meta name=\"robots\" content=\"index, follow, max-snippet:-1, max-image-preview:large, max-video-preview:-1\" \/>\n<link rel=\"canonical\" href=\"https:\/\/chemswell.com\/de\/produkt\/lsd-300ug-online-kaufen\/\" \/>\n<meta property=\"og:locale\" content=\"de_DE\" \/>\n<meta property=\"og:type\" content=\"article\" \/>\n<meta property=\"og:title\" content=\"Buy Isd 300ug Online - Isd 300ug for Sale - Order Isd 300ug Online\" \/>\n<meta property=\"og:description\" content=\"Get your hands on the best quality lsd 300ug for sale online at competitive prices. We offer a wide range of products that are sourced from some of the most trusted and reliable suppliers around the world. Buy now!\" \/>\n<meta property=\"og:url\" content=\"https:\/\/chemswell.com\/de\/produkt\/lsd-300ug-online-kaufen\/\" \/>\n<meta property=\"og:site_name\" content=\"Chemswell\" \/>\n<meta property=\"article:modified_time\" content=\"2025-01-08T07:47:55+00:00\" \/>\n<meta property=\"og:image\" content=\"https:\/\/chemswell.com\/wp-content\/uploads\/2023\/06\/buy-lsd-300-ug-online-300x225-1.jpg\" \/>\n\t<meta property=\"og:image:width\" content=\"300\" \/>\n\t<meta property=\"og:image:height\" content=\"225\" \/>\n\t<meta property=\"og:image:type\" content=\"image\/jpeg\" \/>\n<meta name=\"twitter:card\" content=\"summary_large_image\" \/>\n<meta name=\"twitter:label1\" content=\"Gesch\u00e4tzte Lesezeit\" \/>\n\t<meta name=\"twitter:data1\" content=\"2\u00a0Minuten\" \/>\n<!-- \/ Yoast SEO plugin. -->","yoast_head_json":{"title":"Buy Isd 300ug Online - Isd 300ug for Sale - Order Isd 300ug Online","description":"Get your hands on the best quality lsd 300ug for sale online at competitive prices. We offer a wide range of products that are sourced from some of the most trusted and reliable suppliers around the world. Buy now!","robots":{"index":"index","follow":"follow","max-snippet":"max-snippet:-1","max-image-preview":"max-image-preview:large","max-video-preview":"max-video-preview:-1"},"canonical":"https:\/\/chemswell.com\/de\/produkt\/lsd-300ug-online-kaufen\/","og_locale":"de_DE","og_type":"article","og_title":"Buy Isd 300ug Online - Isd 300ug for Sale - Order Isd 300ug Online","og_description":"Get your hands on the best quality lsd 300ug for sale online at competitive prices. We offer a wide range of products that are sourced from some of the most trusted and reliable suppliers around the world. Buy now!","og_url":"https:\/\/chemswell.com\/de\/produkt\/lsd-300ug-online-kaufen\/","og_site_name":"Chemswell","article_modified_time":"2025-01-08T07:47:55+00:00","og_image":[{"width":300,"height":225,"url":"https:\/\/chemswell.com\/wp-content\/uploads\/2023\/06\/buy-lsd-300-ug-online-300x225-1.jpg","type":"image\/jpeg"}],"twitter_card":"summary_large_image","twitter_misc":{"Gesch\u00e4tzte Lesezeit":"2\u00a0Minuten"},"schema":{"@context":"https:\/\/schema.org","@graph":[{"@type":"WebPage","@id":"https:\/\/chemswell.com\/product\/buy-lsd-300ug-online\/","url":"https:\/\/chemswell.com\/product\/buy-lsd-300ug-online\/","name":"Buy Isd 300ug Online - Isd 300ug for Sale - Order Isd 300ug Online","isPartOf":{"@id":"https:\/\/chemswell.com\/it\/#website"},"primaryImageOfPage":{"@id":"https:\/\/chemswell.com\/product\/buy-lsd-300ug-online\/#primaryimage"},"image":{"@id":"https:\/\/chemswell.com\/product\/buy-lsd-300ug-online\/#primaryimage"},"thumbnailUrl":"https:\/\/chemswell.com\/wp-content\/uploads\/2023\/06\/buy-lsd-300-ug-online-300x225-1.jpg","datePublished":"2023-06-02T09:09:51+00:00","dateModified":"2025-01-08T07:47:55+00:00","description":"Get your hands on the best quality lsd 300ug for sale online at competitive prices. We offer a wide range of products that are sourced from some of the most trusted and reliable suppliers around the world. Buy now!","breadcrumb":{"@id":"https:\/\/chemswell.com\/product\/buy-lsd-300ug-online\/#breadcrumb"},"inLanguage":"de","potentialAction":[{"@type":"ReadAction","target":["https:\/\/chemswell.com\/product\/buy-lsd-300ug-online\/"]}]},{"@type":"ImageObject","inLanguage":"de","@id":"https:\/\/chemswell.com\/product\/buy-lsd-300ug-online\/#primaryimage","url":"https:\/\/chemswell.com\/wp-content\/uploads\/2023\/06\/buy-lsd-300-ug-online-300x225-1.jpg","contentUrl":"https:\/\/chemswell.com\/wp-content\/uploads\/2023\/06\/buy-lsd-300-ug-online-300x225-1.jpg","width":300,"height":225,"caption":"buy-lsd-300-ug-online-300x225-1"},{"@type":"BreadcrumbList","@id":"https:\/\/chemswell.com\/product\/buy-lsd-300ug-online\/#breadcrumb","itemListElement":[{"@type":"ListItem","position":1,"name":"Home","item":"https:\/\/chemswell.com\/ru\/"},{"@type":"ListItem","position":2,"name":"Shop","item":"https:\/\/chemswell.com\/ru\/%d0%bc%d0%b0%d0%b3%d0%b0%d0%b7%d0%b8%d0%bd\/"},{"@type":"ListItem","position":3,"name":"Buy LSD 300ug Online"}]},{"@type":"WebSite","@id":"https:\/\/chemswell.com\/it\/#website","url":"https:\/\/chemswell.com\/it\/","name":"Chemswell","description":"#1 Research Chemical Store","potentialAction":[{"@type":"SearchAction","target":{"@type":"EntryPoint","urlTemplate":"https:\/\/chemswell.com\/it\/?s={search_term_string}"},"query-input":"required name=search_term_string"}],"inLanguage":"de"}]}},"_links":{"self":[{"href":"https:\/\/chemswell.com\/de\/wp-json\/wp\/v2\/product\/10285"}],"collection":[{"href":"https:\/\/chemswell.com\/de\/wp-json\/wp\/v2\/product"}],"about":[{"href":"https:\/\/chemswell.com\/de\/wp-json\/wp\/v2\/types\/product"}],"replies":[{"embeddable":true,"href":"https:\/\/chemswell.com\/de\/wp-json\/wp\/v2\/comments?post=10285"}],"wp:featuredmedia":[{"embeddable":true,"href":"https:\/\/chemswell.com\/de\/wp-json\/wp\/v2\/media\/10321"}],"wp:attachment":[{"href":"https:\/\/chemswell.com\/de\/wp-json\/wp\/v2\/media?parent=10285"}],"wp:term":[{"taxonomy":"product_cat","embeddable":true,"href":"https:\/\/chemswell.com\/de\/wp-json\/wp\/v2\/product_cat?post=10285"},{"taxonomy":"product_tag","embeddable":true,"href":"https:\/\/chemswell.com\/de\/wp-json\/wp\/v2\/product_tag?post=10285"}],"curies":[{"name":"wp","href":"https:\/\/api.w.org\/{rel}","templated":true}]}}