{"id":10324,"date":"2023-06-02T09:37:57","date_gmt":"2023-06-02T09:37:57","guid":{"rendered":"https:\/\/chemswell.com\/?post_type=product&#038;p=10324"},"modified":"2025-01-11T06:53:39","modified_gmt":"2025-01-11T06:53:39","slug":"buy-lsd-sheets-online","status":"publish","type":"product","link":"https:\/\/chemswell.com\/de\/produkt\/lsd-blatter-online-kaufen\/","title":{"rendered":"Kaufen Sie LSD-Bl\u00e4tter online"},"content":{"rendered":"<h2>Kaufen Sie LSD-Bl\u00e4tter online, S\u00e4ure-Bl\u00e4tter zum Verkauf. S\u00e4uretabletten online kaufen.<\/h2>\n<p><a href=\"https:\/\/chemswell.com\/de\/produkt\/lsd-blatter-online-kaufen\/\">LSD (Lysergs\u00e4urediethylamid)<\/a>, geralmente conhecido como lisergida e \u00e0s vezes referido como \u201c\u00e1cido\u201d, \u00e9 uma subst\u00e2ncia psicod\u00e9lica semissint\u00e9tica da fam\u00edlia da ergolina, popular por seus efeitos psicol\u00f3gicos. Compre LSD kaufen em ChemsWell.com<\/p>\n<h3>Kaufen Sie LSD-Bl\u00e4tter online<\/h3>\n<p>Eines der st\u00e4rksten Medikamente, das die Stimmung ver\u00e4ndert, ist <a href=\"https:\/\/en.wikipedia.org\/wiki\/LSD\">LSD<\/a>. Lysergs\u00e4ure wird aus dem Mutterkornpilz hergestellt, der auf Roggen und anderen Feldfr\u00fcchten w\u00e4chst. Es wird in Laboren, haupts\u00e4chlich in den USA, in kristalliner Form hergestellt. Anschlie\u00dfend wird den Kristallen Verteilungsfl\u00fcssigkeit entzogen. Es hat keine Farbe, keinen Geruch oder Geschmack und ist dennoch inert. LSD wird auf der Stra\u00dfe in Form von Gelatinequadraten (manchmal auch als \u201eFensterscheiben\u201c bezeichnet), Kapseln und kleinen Tabletten (auch als \u201eMikrodots\u201c oder \u201eS\u00e4ure\u201c bekannt) zum Verkauf angeboten. Gelegentlich wird es mit saugf\u00e4higem Papier verwendet, das in winzige Quadrate geschnitten und mit Mustern oder Comicfiguren (sogenannte \u201eLoony Toons\u201c) bemalt wurde. In seltenen F\u00e4llen wird es in fl\u00fcssiger Form angeboten. Aber unabh\u00e4ngig von seiner Form f\u00fchrt LSD den Konsumenten immer in die gleiche Richtung und schafft eine erhebliche L\u00fccke zur Realit\u00e4t. <a href=\"https:\/\/chemswell.com\/de\/\">Chemswell<\/a><\/p>\n<h3>Kaufen Sie LSD-Blotter<\/h3>\n<p>Benutzer von LSD Blotter bezeichnen eine LSD-Begegnung als \u201eTrip\u201c, der normalerweise etwa zw\u00f6lf Stunden dauert. Ein \u201eschlechter Trip\u201c, ein anderer Begriff f\u00fcr die H\u00f6lle auf Erden, wird verwendet, wenn etwas schief geht, was h\u00e4ufig der Fall ist.<\/p>\n<h3>LSD zum Verkauf und Effekte<\/h3>\n<ul>\n<li>LSD erzeugt rundum ein tolles Gef\u00fchl.<\/li>\n<li>Ber\u00fchrung verursacht Zittern, Schwindel und Druck.<\/li>\n<li>Stimmung ist ein Geisteszustand, der Verzweiflung, Euphorie, Angst, Gl\u00fcckseligkeit, Ratlosigkeit, das Gef\u00fchl von Verz\u00fcckung oder Erregung, Ruhe, Schl\u00e4frigkeit oder einen seltsamen Geisteszustand umfassen kann. Stimmungsschwankungen sind h\u00e4ufig.<\/li>\n<li>Denken: unzureichendes Zeitgef\u00fchl (stillstehen, sich schnell bewegen oder anhalten); schneller Denkfluss; Transzendenz; be\u00e4ngstigende Gedanken; Todesangst; usw.<\/li>\n<\/ul>","protected":false},"excerpt":{"rendered":"<h4>MORE DETAILS:<br \/>\n<strong>25 SQUARE PER SHEET<br \/>\n100 to 150 UG MEANING 0.1 or 0.15 MG. MICROGRAMS ARE USED TO MEASURE LSD<br \/>\n<\/strong><\/h4>","protected":false},"featured_media":10330,"comment_status":"closed","ping_status":"closed","template":"","meta":{"_joinchat":[]},"product_cat":[1259],"product_tag":[2525,2515,1522,2507,2506,2510,2509,2517,2508,2518,2520,2527,2528,2526,2523,2522,2519,2514,2512,2524,2521,1530,2513,2516,2511],"yoast_head":"<!-- This site is optimized with the Yoast SEO plugin v23.0 - https:\/\/yoast.com\/wordpress\/plugins\/seo\/ -->\n<title>Buy LSD Sheets Online - LSD Sheets for Sale | Chemswell<\/title>\n<meta name=\"description\" content=\"Browse and buy lsd sheets online from the leading supplier Chemswell. We offer lsd sheets for sale with the highest quality and at reasonable prices. Shop now to get fast delivery to your doorstep.\" \/>\n<meta name=\"robots\" content=\"index, follow, max-snippet:-1, max-image-preview:large, max-video-preview:-1\" \/>\n<link rel=\"canonical\" href=\"https:\/\/chemswell.com\/de\/produkt\/lsd-blatter-online-kaufen\/\" \/>\n<meta property=\"og:locale\" content=\"de_DE\" \/>\n<meta property=\"og:type\" content=\"article\" \/>\n<meta property=\"og:title\" content=\"Buy LSD Sheets Online - LSD Sheets for Sale | Chemswell\" \/>\n<meta property=\"og:description\" content=\"Browse and buy lsd sheets online from the leading supplier Chemswell. We offer lsd sheets for sale with the highest quality and at reasonable prices. Shop now to get fast delivery to your doorstep.\" \/>\n<meta property=\"og:url\" content=\"https:\/\/chemswell.com\/de\/produkt\/lsd-blatter-online-kaufen\/\" \/>\n<meta property=\"og:site_name\" content=\"Chemswell\" \/>\n<meta property=\"article:modified_time\" content=\"2025-01-11T06:53:39+00:00\" \/>\n<meta property=\"og:image\" content=\"https:\/\/chemswell.com\/wp-content\/uploads\/2023\/06\/Buy-LSD-Sheets-Online.jpg\" \/>\n\t<meta property=\"og:image:width\" content=\"400\" \/>\n\t<meta property=\"og:image:height\" content=\"398\" \/>\n\t<meta property=\"og:image:type\" content=\"image\/jpeg\" \/>\n<meta name=\"twitter:card\" content=\"summary_large_image\" \/>\n<meta name=\"twitter:label1\" content=\"Gesch\u00e4tzte Lesezeit\" \/>\n\t<meta name=\"twitter:data1\" content=\"2\u00a0Minuten\" \/>\n<!-- \/ Yoast SEO plugin. -->","yoast_head_json":{"title":"Buy LSD Sheets Online - LSD Sheets for Sale | Chemswell","description":"Browse and buy lsd sheets online from the leading supplier Chemswell. We offer lsd sheets for sale with the highest quality and at reasonable prices. Shop now to get fast delivery to your doorstep.","robots":{"index":"index","follow":"follow","max-snippet":"max-snippet:-1","max-image-preview":"max-image-preview:large","max-video-preview":"max-video-preview:-1"},"canonical":"https:\/\/chemswell.com\/de\/produkt\/lsd-blatter-online-kaufen\/","og_locale":"de_DE","og_type":"article","og_title":"Buy LSD Sheets Online - LSD Sheets for Sale | Chemswell","og_description":"Browse and buy lsd sheets online from the leading supplier Chemswell. We offer lsd sheets for sale with the highest quality and at reasonable prices. Shop now to get fast delivery to your doorstep.","og_url":"https:\/\/chemswell.com\/de\/produkt\/lsd-blatter-online-kaufen\/","og_site_name":"Chemswell","article_modified_time":"2025-01-11T06:53:39+00:00","og_image":[{"width":400,"height":398,"url":"https:\/\/chemswell.com\/wp-content\/uploads\/2023\/06\/Buy-LSD-Sheets-Online.jpg","type":"image\/jpeg"}],"twitter_card":"summary_large_image","twitter_misc":{"Gesch\u00e4tzte Lesezeit":"2\u00a0Minuten"},"schema":{"@context":"https:\/\/schema.org","@graph":[{"@type":"WebPage","@id":"https:\/\/chemswell.com\/product\/buy-lsd-sheets-online\/","url":"https:\/\/chemswell.com\/product\/buy-lsd-sheets-online\/","name":"Buy LSD Sheets Online - LSD Sheets for Sale | Chemswell","isPartOf":{"@id":"https:\/\/chemswell.com\/it\/#website"},"primaryImageOfPage":{"@id":"https:\/\/chemswell.com\/product\/buy-lsd-sheets-online\/#primaryimage"},"image":{"@id":"https:\/\/chemswell.com\/product\/buy-lsd-sheets-online\/#primaryimage"},"thumbnailUrl":"https:\/\/chemswell.com\/wp-content\/uploads\/2023\/06\/Buy-LSD-Sheets-Online.jpg","datePublished":"2023-06-02T09:37:57+00:00","dateModified":"2025-01-11T06:53:39+00:00","description":"Browse and buy lsd sheets online from the leading supplier Chemswell. We offer lsd sheets for sale with the highest quality and at reasonable prices. Shop now to get fast delivery to your doorstep.","breadcrumb":{"@id":"https:\/\/chemswell.com\/product\/buy-lsd-sheets-online\/#breadcrumb"},"inLanguage":"de","potentialAction":[{"@type":"ReadAction","target":["https:\/\/chemswell.com\/product\/buy-lsd-sheets-online\/"]}]},{"@type":"ImageObject","inLanguage":"de","@id":"https:\/\/chemswell.com\/product\/buy-lsd-sheets-online\/#primaryimage","url":"https:\/\/chemswell.com\/wp-content\/uploads\/2023\/06\/Buy-LSD-Sheets-Online.jpg","contentUrl":"https:\/\/chemswell.com\/wp-content\/uploads\/2023\/06\/Buy-LSD-Sheets-Online.jpg","width":400,"height":398,"caption":"Buy-LSD-Sheets-Online"},{"@type":"BreadcrumbList","@id":"https:\/\/chemswell.com\/product\/buy-lsd-sheets-online\/#breadcrumb","itemListElement":[{"@type":"ListItem","position":1,"name":"Home","item":"https:\/\/chemswell.com\/ru\/"},{"@type":"ListItem","position":2,"name":"Shop","item":"https:\/\/chemswell.com\/ru\/%d0%bc%d0%b0%d0%b3%d0%b0%d0%b7%d0%b8%d0%bd\/"},{"@type":"ListItem","position":3,"name":"Buy LSD Sheets Online"}]},{"@type":"WebSite","@id":"https:\/\/chemswell.com\/it\/#website","url":"https:\/\/chemswell.com\/it\/","name":"Chemswell","description":"#1 Research Chemical Store","potentialAction":[{"@type":"SearchAction","target":{"@type":"EntryPoint","urlTemplate":"https:\/\/chemswell.com\/it\/?s={search_term_string}"},"query-input":"required name=search_term_string"}],"inLanguage":"de"}]}},"_links":{"self":[{"href":"https:\/\/chemswell.com\/de\/wp-json\/wp\/v2\/product\/10324"}],"collection":[{"href":"https:\/\/chemswell.com\/de\/wp-json\/wp\/v2\/product"}],"about":[{"href":"https:\/\/chemswell.com\/de\/wp-json\/wp\/v2\/types\/product"}],"replies":[{"embeddable":true,"href":"https:\/\/chemswell.com\/de\/wp-json\/wp\/v2\/comments?post=10324"}],"wp:featuredmedia":[{"embeddable":true,"href":"https:\/\/chemswell.com\/de\/wp-json\/wp\/v2\/media\/10330"}],"wp:attachment":[{"href":"https:\/\/chemswell.com\/de\/wp-json\/wp\/v2\/media?parent=10324"}],"wp:term":[{"taxonomy":"product_cat","embeddable":true,"href":"https:\/\/chemswell.com\/de\/wp-json\/wp\/v2\/product_cat?post=10324"},{"taxonomy":"product_tag","embeddable":true,"href":"https:\/\/chemswell.com\/de\/wp-json\/wp\/v2\/product_tag?post=10324"}],"curies":[{"name":"wp","href":"https:\/\/api.w.org\/{rel}","templated":true}]}}