{"id":10327,"date":"2023-06-02T09:38:08","date_gmt":"2023-06-02T09:38:08","guid":{"rendered":"https:\/\/chemswell.com\/?post_type=product&#038;p=10327"},"modified":"2025-01-08T07:31:59","modified_gmt":"2025-01-08T07:31:59","slug":"mushroom-capsules","status":"publish","type":"product","link":"https:\/\/chemswell.com\/de\/produkt\/pilzkapseln\/","title":{"rendered":"Pilzkapseln"},"content":{"rendered":"<h2>Pilzkapseln online kaufen<\/h2>\n<p>Pilze gelten als halluzinogene Substanzen. Diese Substanzen veranlassen den Benutzer, unwirkliche Anblicke, Ger\u00e4usche und Empfindungen zu erleben. Wissenschaftler behaupten jedoch, dass die Wirkung von Pilzen auf einen Benutzer je nach Umgebung unterschiedlich ist.<\/p>\n<p>Ihre Pers\u00f6nlichkeit, Ihr emotionaler Zustand, Ihre Dosierung, Ihr Alter, Ihr Gewicht, Ihre Umgebung und Ihre psychische Erkrankungsgeschichte beeinflussen, wie <a href=\"https:\/\/chemswell.com\/de\/produkt\/pilzkapseln\/\">Zauberpilze<\/a> f\u00fchlen lassen. Pilze haben keine negativen Nebenwirkungen, obwohl unangenehme Trips durch \u00dcberdosierung der h\u00e4ufigste Grund f\u00fcr Krankenhausaufenthalte sind.<\/p>\n<p>Pilze werden seit langem als spirituelles und therapeutisches Mittel in der Kultur verwendet. Manche nutzen sie zur Selbstfindung und therapeutischen Therapie, andere f\u00fcr spirituelle Erfahrungen. Meskalin, Marihuana und Magie <a href=\"https:\/\/en.wikipedia.org\/wiki\/Mushroom\">Pilze<\/a> sind Beispiele f\u00fcr nat\u00fcrlich vorkommende Substanzen, von denen manche Menschen glauben, dass sie dazu verwendet werden k\u00f6nnen, in einen spirituellen Zustand zu gelangen. <a href=\"https:\/\/chemswell.com\/de\/\">Chemswell<\/a><\/p>\n<p>Der K\u00f6rper wandelt Psilocybin aus dem Verzehr oder Kauf von Zauberpilzen in Psilocin um, das mit Gehirnzellen interagiert und eine Vergiftung hervorruft. Der Serotoninspiegel wird durch Psilocin erh\u00f6ht, was zu Halluzinationen f\u00fchrt. Da es 12 Stunden dauert, Psilocybin zu verdauen und auszuscheiden, kann seine Wirkung bis zu dieser Zeit anhalten.<\/p>","protected":false},"excerpt":{"rendered":"<p>Shroom-Kapseln online kaufen Shrooms gelten als halluzinogene Substanzen. Diese Substanzen bewirken, dass der Benutzer unwirkliche Anblicke, Kl\u00e4nge und<\/p>","protected":false},"featured_media":10333,"comment_status":"closed","ping_status":"closed","template":"","meta":{"_joinchat":[]},"product_cat":[1259],"product_tag":[2249,2239,1522,2231,2246,2243,2238,2230,2233,2241,2234,2232,2242,2244,2251,2252,2250,2247,2236,2248,2245,1530,2237,2240,2235],"yoast_head":"<!-- This site is optimized with the Yoast SEO plugin v23.0 - https:\/\/yoast.com\/wordpress\/plugins\/seo\/ -->\n<title>Buy Mushroom Capsules Online - Mushroom Capsules for Sale<\/title>\n<meta name=\"description\" content=\"Browse and buy mushroom capsules online from the leading supplier Chemswell. We offer mushroom capsules for sale with the highest quality and at reasonable prices. Shop now to get fast delivery to your doorstep.\" \/>\n<meta name=\"robots\" content=\"index, follow, max-snippet:-1, max-image-preview:large, max-video-preview:-1\" \/>\n<link rel=\"canonical\" href=\"https:\/\/chemswell.com\/de\/produkt\/pilzkapseln\/\" \/>\n<meta property=\"og:locale\" content=\"de_DE\" \/>\n<meta property=\"og:type\" content=\"article\" \/>\n<meta property=\"og:title\" content=\"Buy Mushroom Capsules Online - Mushroom Capsules for Sale\" \/>\n<meta property=\"og:description\" content=\"Browse and buy mushroom capsules online from the leading supplier Chemswell. We offer mushroom capsules for sale with the highest quality and at reasonable prices. Shop now to get fast delivery to your doorstep.\" \/>\n<meta property=\"og:url\" content=\"https:\/\/chemswell.com\/de\/produkt\/pilzkapseln\/\" \/>\n<meta property=\"og:site_name\" content=\"Chemswell\" \/>\n<meta property=\"article:modified_time\" content=\"2025-01-08T07:31:59+00:00\" \/>\n<meta property=\"og:image\" content=\"https:\/\/chemswell.com\/wp-content\/uploads\/2023\/06\/shroom-capsules.jpg\" \/>\n\t<meta property=\"og:image:width\" content=\"500\" \/>\n\t<meta property=\"og:image:height\" content=\"500\" \/>\n\t<meta property=\"og:image:type\" content=\"image\/jpeg\" \/>\n<meta name=\"twitter:card\" content=\"summary_large_image\" \/>\n<meta name=\"twitter:label1\" content=\"Gesch\u00e4tzte Lesezeit\" \/>\n\t<meta name=\"twitter:data1\" content=\"1\u00a0Minute\" \/>\n<!-- \/ Yoast SEO plugin. -->","yoast_head_json":{"title":"Buy Mushroom Capsules Online - Mushroom Capsules for Sale","description":"Browse and buy mushroom capsules online from the leading supplier Chemswell. We offer mushroom capsules for sale with the highest quality and at reasonable prices. Shop now to get fast delivery to your doorstep.","robots":{"index":"index","follow":"follow","max-snippet":"max-snippet:-1","max-image-preview":"max-image-preview:large","max-video-preview":"max-video-preview:-1"},"canonical":"https:\/\/chemswell.com\/de\/produkt\/pilzkapseln\/","og_locale":"de_DE","og_type":"article","og_title":"Buy Mushroom Capsules Online - Mushroom Capsules for Sale","og_description":"Browse and buy mushroom capsules online from the leading supplier Chemswell. We offer mushroom capsules for sale with the highest quality and at reasonable prices. Shop now to get fast delivery to your doorstep.","og_url":"https:\/\/chemswell.com\/de\/produkt\/pilzkapseln\/","og_site_name":"Chemswell","article_modified_time":"2025-01-08T07:31:59+00:00","og_image":[{"width":500,"height":500,"url":"https:\/\/chemswell.com\/wp-content\/uploads\/2023\/06\/shroom-capsules.jpg","type":"image\/jpeg"}],"twitter_card":"summary_large_image","twitter_misc":{"Gesch\u00e4tzte Lesezeit":"1\u00a0Minute"},"schema":{"@context":"https:\/\/schema.org","@graph":[{"@type":"WebPage","@id":"https:\/\/chemswell.com\/product\/mushroom-capsules\/","url":"https:\/\/chemswell.com\/product\/mushroom-capsules\/","name":"Buy Mushroom Capsules Online - Mushroom Capsules for Sale","isPartOf":{"@id":"https:\/\/chemswell.com\/it\/#website"},"primaryImageOfPage":{"@id":"https:\/\/chemswell.com\/product\/mushroom-capsules\/#primaryimage"},"image":{"@id":"https:\/\/chemswell.com\/product\/mushroom-capsules\/#primaryimage"},"thumbnailUrl":"https:\/\/chemswell.com\/wp-content\/uploads\/2023\/06\/shroom-capsules.jpg","datePublished":"2023-06-02T09:38:08+00:00","dateModified":"2025-01-08T07:31:59+00:00","description":"Browse and buy mushroom capsules online from the leading supplier Chemswell. We offer mushroom capsules for sale with the highest quality and at reasonable prices. Shop now to get fast delivery to your doorstep.","breadcrumb":{"@id":"https:\/\/chemswell.com\/product\/mushroom-capsules\/#breadcrumb"},"inLanguage":"de","potentialAction":[{"@type":"ReadAction","target":["https:\/\/chemswell.com\/product\/mushroom-capsules\/"]}]},{"@type":"ImageObject","inLanguage":"de","@id":"https:\/\/chemswell.com\/product\/mushroom-capsules\/#primaryimage","url":"https:\/\/chemswell.com\/wp-content\/uploads\/2023\/06\/shroom-capsules.jpg","contentUrl":"https:\/\/chemswell.com\/wp-content\/uploads\/2023\/06\/shroom-capsules.jpg","width":500,"height":500,"caption":"shroom-capsules"},{"@type":"BreadcrumbList","@id":"https:\/\/chemswell.com\/product\/mushroom-capsules\/#breadcrumb","itemListElement":[{"@type":"ListItem","position":1,"name":"Home","item":"https:\/\/chemswell.com\/ru\/"},{"@type":"ListItem","position":2,"name":"Shop","item":"https:\/\/chemswell.com\/ru\/%d0%bc%d0%b0%d0%b3%d0%b0%d0%b7%d0%b8%d0%bd\/"},{"@type":"ListItem","position":3,"name":"Mushroom Capsules"}]},{"@type":"WebSite","@id":"https:\/\/chemswell.com\/it\/#website","url":"https:\/\/chemswell.com\/it\/","name":"Chemswell","description":"#1 Research Chemical Store","potentialAction":[{"@type":"SearchAction","target":{"@type":"EntryPoint","urlTemplate":"https:\/\/chemswell.com\/it\/?s={search_term_string}"},"query-input":"required name=search_term_string"}],"inLanguage":"de"}]}},"_links":{"self":[{"href":"https:\/\/chemswell.com\/de\/wp-json\/wp\/v2\/product\/10327"}],"collection":[{"href":"https:\/\/chemswell.com\/de\/wp-json\/wp\/v2\/product"}],"about":[{"href":"https:\/\/chemswell.com\/de\/wp-json\/wp\/v2\/types\/product"}],"replies":[{"embeddable":true,"href":"https:\/\/chemswell.com\/de\/wp-json\/wp\/v2\/comments?post=10327"}],"wp:featuredmedia":[{"embeddable":true,"href":"https:\/\/chemswell.com\/de\/wp-json\/wp\/v2\/media\/10333"}],"wp:attachment":[{"href":"https:\/\/chemswell.com\/de\/wp-json\/wp\/v2\/media?parent=10327"}],"wp:term":[{"taxonomy":"product_cat","embeddable":true,"href":"https:\/\/chemswell.com\/de\/wp-json\/wp\/v2\/product_cat?post=10327"},{"taxonomy":"product_tag","embeddable":true,"href":"https:\/\/chemswell.com\/de\/wp-json\/wp\/v2\/product_tag?post=10327"}],"curies":[{"name":"wp","href":"https:\/\/api.w.org\/{rel}","templated":true}]}}