{"id":10359,"date":"2023-06-02T10:07:12","date_gmt":"2023-06-02T10:07:12","guid":{"rendered":"https:\/\/chemswell.com\/?post_type=product&#038;p=10359"},"modified":"2026-03-06T10:30:00","modified_gmt":"2026-03-06T10:30:00","slug":"purple-tesla-pills","status":"publish","type":"product","link":"https:\/\/chemswell.com\/de\/produkt\/lila-tesla-pillen\/","title":{"rendered":"Kaufen Sie Purple Tesla Pills online"},"content":{"rendered":"<h2>Kaufen Sie LILA TESLA PILLS XTC.<\/h2>\n<p>St\u00e4rke und Kraft werden gleichgesetzt mit <a href=\"https:\/\/chemswell.com\/de\/produkt\/lila-tesla-pillen\/\">Kaufen Sie PURPLE TESLA PILLS XTC<\/a>, and back in September 2016 the high tech sign was connected to a new potent variety of ecstasy pills. At last year&#8217;s EDC Las Vegas, orange &#8220;Tesla&#8221; tablets that held double the typical dose of MDMA were widespread.<\/p>\n<p>But how did <a href=\"https:\/\/en.wikipedia.org\/wiki\/Purple_Pills\">Tesla<\/a> come to be connected to the medicine industry? Surprisingly, the solution is simpler than you may imagine. For a very long time, ecstasy pills have used the names of numerous prosperous businesses and well-liked cultural movements. The party drugs ecstasy and MDMA first gained popularity in the 1970s; nevertheless, they were outright outlawed in 1985 due to serious safety concerns.<\/p>\n<p>While ecstasy tablets are the drug of choice in Europe, Molly is the most popular drug in America. However, MDMA, Ecstasy, and Purple Tesla Pills are essentially interchangeable. Molly is powdered MDMA, while Ecstasy is pressed 3,4-methylenedioxy-methamphetamine (MDMA). Chemswell<\/p>\n<p>Tesla Purple Pills Heutzutage ist Ecstasy mit Namen, die von beliebten Technologieunternehmen inspiriert sind, zur Norm geworden. Durch die Verwendung der Namen erfolgreicher Unternehmen wie Netflix, Skype, TripAdvisor und Instagram als Pillendesigner wurde das Medikament beworben und vermarktet. Obwohl keines dieser Unternehmen wirklich Ecstasy-Pillen herstellt, hat ihre Beliebtheit dazu gef\u00fchrt, dass ihre Namen als Symbole zur Erkennung und Kategorisierung von Pillen verwendet werden.<\/p>\n<p>Laut Mitchell Gomez, Gesch\u00e4ftsf\u00fchrer von DanceSafe, einer gemeinn\u00fctzigen Organisation, die sich f\u00fcr Gesundheit und Sicherheit in der Tanzgemeinschaft einsetzt, gibt es in einem E-Mail-Interview mit Forbes eine Situation, in der Pillen und Schreibunterlagen mit Firmenlogos hergestellt werden und viele, viele Jahre zur\u00fcckreichen . Das gegenw\u00e4rtige Ph\u00e4nomen hat [wahrscheinlich] mit Marketing und Anerkennung zu tun. Firmenlogos sind leicht zu merken und dienen sowohl als schnelle M\u00f6glichkeit, eine bestimmte Presse zu beschreiben, als auch als Werkzeug, um von deren Beliebtheit zu profitieren.<\/p>\n<p>Die Tatsache, dass Pillenhersteller die dazugeh\u00f6rigen Formen als einfach zu erstellen empfanden, erkl\u00e4rt auch, warum Tech-Logos derzeit beliebt sind. Forbes bezeichnete Mitsubishi aufgrund der einfachen Nachahmung seines Designs als ein weitverbreitetes Tablet. Au\u00dferdem ist es schwierig, Pillenfarbstoffe zu bekommen.<\/p>","protected":false},"excerpt":{"rendered":"<p>PURPLE TESLA PILLS XTC kaufen. St\u00e4rke und Kraft werden mit Buy PURPLE TESLA PILLS XTC gleichgesetzt, und bereits im September 2016 wurde die<\/p>","protected":false},"featured_media":10365,"comment_status":"closed","ping_status":"closed","template":"","meta":{"_joinchat":[]},"product_cat":[1260],"product_tag":[2226,2216,1522,2208,2223,2220,2215,2213,2225,2207,2210,2218,2209,2219,2211,2221,2228,2229,2227,2224,2222,1530,2214,2217,2212],"yoast_head":"<!-- This site is optimized with the Yoast SEO plugin v23.0 - https:\/\/yoast.com\/wordpress\/plugins\/seo\/ -->\n<title>Buy Purple Tesla Pills Online - Purple Tesla Pills for Sale | CW<\/title>\n<meta name=\"description\" content=\"Buy the highest quality purple tesla pills online from our trusted store chemswell. Our purple tesla pills for sale is of the highest purity and guaranteed to provide superior results. Shop now!\" \/>\n<meta name=\"robots\" content=\"index, follow, max-snippet:-1, max-image-preview:large, max-video-preview:-1\" \/>\n<link rel=\"canonical\" href=\"https:\/\/chemswell.com\/de\/produkt\/lila-tesla-pillen\/\" \/>\n<meta property=\"og:locale\" content=\"de_DE\" \/>\n<meta property=\"og:type\" content=\"article\" \/>\n<meta property=\"og:title\" content=\"Buy Purple Tesla Pills Online - Purple Tesla Pills for Sale | CW\" \/>\n<meta property=\"og:description\" content=\"Buy the highest quality purple tesla pills online from our trusted store chemswell. Our purple tesla pills for sale is of the highest purity and guaranteed to provide superior results. Shop now!\" \/>\n<meta property=\"og:url\" content=\"https:\/\/chemswell.com\/de\/produkt\/lila-tesla-pillen\/\" \/>\n<meta property=\"og:site_name\" content=\"Chemswell\" \/>\n<meta property=\"article:modified_time\" content=\"2026-03-06T10:30:00+00:00\" \/>\n<meta property=\"og:image\" content=\"https:\/\/chemswell.com\/wp-content\/uploads\/2023\/06\/Purple-Tesla-Pills.png\" \/>\n\t<meta property=\"og:image:width\" content=\"512\" \/>\n\t<meta property=\"og:image:height\" content=\"341\" \/>\n\t<meta property=\"og:image:type\" content=\"image\/png\" \/>\n<meta name=\"twitter:card\" content=\"summary_large_image\" \/>\n<meta name=\"twitter:label1\" content=\"Gesch\u00e4tzte Lesezeit\" \/>\n\t<meta name=\"twitter:data1\" content=\"2\u00a0Minuten\" \/>\n<!-- \/ Yoast SEO plugin. -->","yoast_head_json":{"title":"Buy Purple Tesla Pills Online - Purple Tesla Pills for Sale | CW","description":"Buy the highest quality purple tesla pills online from our trusted store chemswell. Our purple tesla pills for sale is of the highest purity and guaranteed to provide superior results. Shop now!","robots":{"index":"index","follow":"follow","max-snippet":"max-snippet:-1","max-image-preview":"max-image-preview:large","max-video-preview":"max-video-preview:-1"},"canonical":"https:\/\/chemswell.com\/de\/produkt\/lila-tesla-pillen\/","og_locale":"de_DE","og_type":"article","og_title":"Buy Purple Tesla Pills Online - Purple Tesla Pills for Sale | CW","og_description":"Buy the highest quality purple tesla pills online from our trusted store chemswell. Our purple tesla pills for sale is of the highest purity and guaranteed to provide superior results. Shop now!","og_url":"https:\/\/chemswell.com\/de\/produkt\/lila-tesla-pillen\/","og_site_name":"Chemswell","article_modified_time":"2026-03-06T10:30:00+00:00","og_image":[{"width":512,"height":341,"url":"https:\/\/chemswell.com\/wp-content\/uploads\/2023\/06\/Purple-Tesla-Pills.png","type":"image\/png"}],"twitter_card":"summary_large_image","twitter_misc":{"Gesch\u00e4tzte Lesezeit":"2\u00a0Minuten"},"schema":{"@context":"https:\/\/schema.org","@graph":[{"@type":"WebPage","@id":"https:\/\/chemswell.com\/product\/purple-tesla-pills\/","url":"https:\/\/chemswell.com\/product\/purple-tesla-pills\/","name":"Buy Purple Tesla Pills Online - Purple Tesla Pills for Sale | CW","isPartOf":{"@id":"https:\/\/chemswell.com\/it\/#website"},"primaryImageOfPage":{"@id":"https:\/\/chemswell.com\/product\/purple-tesla-pills\/#primaryimage"},"image":{"@id":"https:\/\/chemswell.com\/product\/purple-tesla-pills\/#primaryimage"},"thumbnailUrl":"https:\/\/chemswell.com\/wp-content\/uploads\/2023\/06\/Purple-Tesla-Pills.png","datePublished":"2023-06-02T10:07:12+00:00","dateModified":"2026-03-06T10:30:00+00:00","description":"Buy the highest quality purple tesla pills online from our trusted store chemswell. Our purple tesla pills for sale is of the highest purity and guaranteed to provide superior results. Shop now!","breadcrumb":{"@id":"https:\/\/chemswell.com\/product\/purple-tesla-pills\/#breadcrumb"},"inLanguage":"de","potentialAction":[{"@type":"ReadAction","target":["https:\/\/chemswell.com\/product\/purple-tesla-pills\/"]}]},{"@type":"ImageObject","inLanguage":"de","@id":"https:\/\/chemswell.com\/product\/purple-tesla-pills\/#primaryimage","url":"https:\/\/chemswell.com\/wp-content\/uploads\/2023\/06\/Purple-Tesla-Pills.png","contentUrl":"https:\/\/chemswell.com\/wp-content\/uploads\/2023\/06\/Purple-Tesla-Pills.png","width":512,"height":341,"caption":"Purple-Tesla-Pills"},{"@type":"BreadcrumbList","@id":"https:\/\/chemswell.com\/product\/purple-tesla-pills\/#breadcrumb","itemListElement":[{"@type":"ListItem","position":1,"name":"Home","item":"https:\/\/chemswell.com\/ru\/"},{"@type":"ListItem","position":2,"name":"Shop","item":"https:\/\/chemswell.com\/ru\/%d0%bc%d0%b0%d0%b3%d0%b0%d0%b7%d0%b8%d0%bd\/"},{"@type":"ListItem","position":3,"name":"Buy Purple Tesla Pills Online"}]},{"@type":"WebSite","@id":"https:\/\/chemswell.com\/it\/#website","url":"https:\/\/chemswell.com\/it\/","name":"Chemswell","description":"#1 Research Chemical Store","potentialAction":[{"@type":"SearchAction","target":{"@type":"EntryPoint","urlTemplate":"https:\/\/chemswell.com\/it\/?s={search_term_string}"},"query-input":"required name=search_term_string"}],"inLanguage":"de"}]}},"_links":{"self":[{"href":"https:\/\/chemswell.com\/de\/wp-json\/wp\/v2\/product\/10359"}],"collection":[{"href":"https:\/\/chemswell.com\/de\/wp-json\/wp\/v2\/product"}],"about":[{"href":"https:\/\/chemswell.com\/de\/wp-json\/wp\/v2\/types\/product"}],"replies":[{"embeddable":true,"href":"https:\/\/chemswell.com\/de\/wp-json\/wp\/v2\/comments?post=10359"}],"wp:featuredmedia":[{"embeddable":true,"href":"https:\/\/chemswell.com\/de\/wp-json\/wp\/v2\/media\/10365"}],"wp:attachment":[{"href":"https:\/\/chemswell.com\/de\/wp-json\/wp\/v2\/media?parent=10359"}],"wp:term":[{"taxonomy":"product_cat","embeddable":true,"href":"https:\/\/chemswell.com\/de\/wp-json\/wp\/v2\/product_cat?post=10359"},{"taxonomy":"product_tag","embeddable":true,"href":"https:\/\/chemswell.com\/de\/wp-json\/wp\/v2\/product_tag?post=10359"}],"curies":[{"name":"wp","href":"https:\/\/api.w.org\/{rel}","templated":true}]}}