{"id":10406,"date":"2023-06-02T10:28:19","date_gmt":"2023-06-02T10:28:19","guid":{"rendered":"https:\/\/chemswell.com\/?post_type=product&#038;p=10406"},"modified":"2026-03-03T07:48:30","modified_gmt":"2026-03-03T07:48:30","slug":"buy-donkey-kong-453mg-mdma","status":"publish","type":"product","link":"https:\/\/chemswell.com\/de\/produkt\/donkey-kong-453mg-mdma-kaufen\/","title":{"rendered":"Kaufen Sie DONKEY KONG 453MG MDMA online"},"content":{"rendered":"<h2>Wo kann ich Donkey Kong XTC-Pillen kaufen?<\/h2>\n<p>Suche nach einem Gesch\u00e4ft zum Kaufen <a href=\"https:\/\/chemswell.com\/de\/produkt\/donkey-kong-453mg-mdma-kaufen\/\">Donkey Kong XTC<\/a>? Kontaktieren Sie HealthBayMed.com f\u00fcr sicheres Online-Shopping. Wir liefern seit mehr als ein paar Jahren und haben uns einen guten Ruf f\u00fcr unsere Qualit\u00e4t und Liefergarantie erworben. Kontaktieren Sie uns sofort, um Donkey Kong XTC und andere Medikamente wie Fentanyl, Tramadol, Codein, Adderall usw. zu unschlagbaren Preisen zu kaufen.<\/p>\n<p>Ecstasy, oft bekannt als <a href=\"https:\/\/en.wikipedia.org\/wiki\/MDMA\">MDMA<\/a>bekannt, ist der Stra\u00dfenname f\u00fcr die Chemikalie 3,4-Methylendioxymethamphetamin, eine synthetische, psychoaktive Substanz mit halluzinogenen und amphetamin\u00e4hnlichen Wirkungen. Seine chemische Zusammensetzung ist vergleichbar mit der von zwei anderen synthetischen Drogen, von denen bekannt ist, dass sie Hirnsch\u00e4den verursachen: DA und Methamphetamin. Donkey King Plaids.<\/p>\n<h3>Was sind MDMA-Donkey-Kong-Pillen?<\/h3>\n<p>Originally designed as a diet aid, Donkey Kong XTC was also used experimentally during counselling sessions due to its capacity to eliminate a person&#8217;s obstinacies. Donkey Kong Pls.<\/p>\n<h3>Verwendung von Donkey Kong MDMA-Pillen<\/h3>\n<p>Ecstasy wird als Tablette verkauft, die h\u00e4ufig mit kommerziellen Logos oder grafischen Designs bedruckt ist. Normalerweise wird es als Tablette eingenommen, es kann aber auch zerkleinert und geschnupft, injiziert oder als Aphrodisiakum verwendet werden. Kaufen Sie Doney King 453 mg XTC-Pillen.<\/p>\n<p>Junge Erwachsene und Heranwachsende aus der Mittelschicht sind gro\u00dfe Fans der Donkey Kong MDMA-Pillen. In Bars, Underground-Clubs und Raves, die die ganze Nacht \u00fcber stattfinden, ist es abgestanden.<\/p>","protected":false},"excerpt":{"rendered":"<p>Wo kann ich Donkey Kong XTC Pillen kaufen? Suchen Sie ein Gesch\u00e4ft, um Donkey Kong XTC zu kaufen? Kontaktieren Sie HealthBayMed.com f\u00fcr sichere und<\/p>","protected":false},"featured_media":10436,"comment_status":"closed","ping_status":"closed","template":"","meta":{"_joinchat":[]},"product_cat":[1260],"product_tag":[2019,2009,1522,2001,2000,2004,2003,2011,2002,2012,2014,2021,2022,2020,2017,2016,2013,2008,2006,2018,2015,1530,2007,2010,2005],"yoast_head":"<!-- This site is optimized with the Yoast SEO plugin v23.0 - https:\/\/yoast.com\/wordpress\/plugins\/seo\/ -->\n<title>Buy Donkey Kong 453mg MDMA Online @ Best Price | CW<\/title>\n<meta name=\"description\" content=\"Buy donkey kong 453mg mdma from the leading supplier chemswell. We offer high quality, lab tested donkey kong 453mg mdma for sale with discreet shipping, fast delivery and excellent customer service. Order Now!\" \/>\n<meta name=\"robots\" content=\"index, follow, max-snippet:-1, max-image-preview:large, max-video-preview:-1\" \/>\n<link rel=\"canonical\" href=\"https:\/\/chemswell.com\/de\/produkt\/donkey-kong-453mg-mdma-kaufen\/\" \/>\n<meta property=\"og:locale\" content=\"de_DE\" \/>\n<meta property=\"og:type\" content=\"article\" \/>\n<meta property=\"og:title\" content=\"Buy Donkey Kong 453mg MDMA Online @ Best Price | CW\" \/>\n<meta property=\"og:description\" content=\"Buy donkey kong 453mg mdma from the leading supplier chemswell. We offer high quality, lab tested donkey kong 453mg mdma for sale with discreet shipping, fast delivery and excellent customer service. Order Now!\" \/>\n<meta property=\"og:url\" content=\"https:\/\/chemswell.com\/de\/produkt\/donkey-kong-453mg-mdma-kaufen\/\" \/>\n<meta property=\"og:site_name\" content=\"Chemswell\" \/>\n<meta property=\"article:modified_time\" content=\"2026-03-03T07:48:30+00:00\" \/>\n<meta property=\"og:image\" content=\"https:\/\/chemswell.com\/wp-content\/uploads\/2023\/06\/DONKEY-KONG-453MG.jpg\" \/>\n\t<meta property=\"og:image:width\" content=\"656\" \/>\n\t<meta property=\"og:image:height\" content=\"817\" \/>\n\t<meta property=\"og:image:type\" content=\"image\/jpeg\" \/>\n<meta name=\"twitter:card\" content=\"summary_large_image\" \/>\n<meta name=\"twitter:label1\" content=\"Gesch\u00e4tzte Lesezeit\" \/>\n\t<meta name=\"twitter:data1\" content=\"2\u00a0Minuten\" \/>\n<!-- \/ Yoast SEO plugin. -->","yoast_head_json":{"title":"Buy Donkey Kong 453mg MDMA Online @ Best Price | CW","description":"Buy donkey kong 453mg mdma from the leading supplier chemswell. We offer high quality, lab tested donkey kong 453mg mdma for sale with discreet shipping, fast delivery and excellent customer service. Order Now!","robots":{"index":"index","follow":"follow","max-snippet":"max-snippet:-1","max-image-preview":"max-image-preview:large","max-video-preview":"max-video-preview:-1"},"canonical":"https:\/\/chemswell.com\/de\/produkt\/donkey-kong-453mg-mdma-kaufen\/","og_locale":"de_DE","og_type":"article","og_title":"Buy Donkey Kong 453mg MDMA Online @ Best Price | CW","og_description":"Buy donkey kong 453mg mdma from the leading supplier chemswell. We offer high quality, lab tested donkey kong 453mg mdma for sale with discreet shipping, fast delivery and excellent customer service. Order Now!","og_url":"https:\/\/chemswell.com\/de\/produkt\/donkey-kong-453mg-mdma-kaufen\/","og_site_name":"Chemswell","article_modified_time":"2026-03-03T07:48:30+00:00","og_image":[{"width":656,"height":817,"url":"https:\/\/chemswell.com\/wp-content\/uploads\/2023\/06\/DONKEY-KONG-453MG.jpg","type":"image\/jpeg"}],"twitter_card":"summary_large_image","twitter_misc":{"Gesch\u00e4tzte Lesezeit":"2\u00a0Minuten"},"schema":{"@context":"https:\/\/schema.org","@graph":[{"@type":"WebPage","@id":"https:\/\/chemswell.com\/product\/buy-donkey-kong-453mg-mdma\/","url":"https:\/\/chemswell.com\/product\/buy-donkey-kong-453mg-mdma\/","name":"Buy Donkey Kong 453mg MDMA Online @ Best Price | CW","isPartOf":{"@id":"https:\/\/chemswell.com\/it\/#website"},"primaryImageOfPage":{"@id":"https:\/\/chemswell.com\/product\/buy-donkey-kong-453mg-mdma\/#primaryimage"},"image":{"@id":"https:\/\/chemswell.com\/product\/buy-donkey-kong-453mg-mdma\/#primaryimage"},"thumbnailUrl":"https:\/\/chemswell.com\/wp-content\/uploads\/2023\/06\/DONKEY-KONG-453MG.jpg","datePublished":"2023-06-02T10:28:19+00:00","dateModified":"2026-03-03T07:48:30+00:00","description":"Buy donkey kong 453mg mdma from the leading supplier chemswell. We offer high quality, lab tested donkey kong 453mg mdma for sale with discreet shipping, fast delivery and excellent customer service. Order Now!","breadcrumb":{"@id":"https:\/\/chemswell.com\/product\/buy-donkey-kong-453mg-mdma\/#breadcrumb"},"inLanguage":"de","potentialAction":[{"@type":"ReadAction","target":["https:\/\/chemswell.com\/product\/buy-donkey-kong-453mg-mdma\/"]}]},{"@type":"ImageObject","inLanguage":"de","@id":"https:\/\/chemswell.com\/product\/buy-donkey-kong-453mg-mdma\/#primaryimage","url":"https:\/\/chemswell.com\/wp-content\/uploads\/2023\/06\/DONKEY-KONG-453MG.jpg","contentUrl":"https:\/\/chemswell.com\/wp-content\/uploads\/2023\/06\/DONKEY-KONG-453MG.jpg","width":656,"height":817,"caption":"DONKEY-KONG-453MG"},{"@type":"BreadcrumbList","@id":"https:\/\/chemswell.com\/product\/buy-donkey-kong-453mg-mdma\/#breadcrumb","itemListElement":[{"@type":"ListItem","position":1,"name":"Home","item":"https:\/\/chemswell.com\/ru\/"},{"@type":"ListItem","position":2,"name":"Shop","item":"https:\/\/chemswell.com\/ru\/%d0%bc%d0%b0%d0%b3%d0%b0%d0%b7%d0%b8%d0%bd\/"},{"@type":"ListItem","position":3,"name":"Buy DONKEY KONG 453MG MDMA Online"}]},{"@type":"WebSite","@id":"https:\/\/chemswell.com\/it\/#website","url":"https:\/\/chemswell.com\/it\/","name":"Chemswell","description":"#1 Research Chemical Store","potentialAction":[{"@type":"SearchAction","target":{"@type":"EntryPoint","urlTemplate":"https:\/\/chemswell.com\/it\/?s={search_term_string}"},"query-input":"required name=search_term_string"}],"inLanguage":"de"}]}},"_links":{"self":[{"href":"https:\/\/chemswell.com\/de\/wp-json\/wp\/v2\/product\/10406"}],"collection":[{"href":"https:\/\/chemswell.com\/de\/wp-json\/wp\/v2\/product"}],"about":[{"href":"https:\/\/chemswell.com\/de\/wp-json\/wp\/v2\/types\/product"}],"replies":[{"embeddable":true,"href":"https:\/\/chemswell.com\/de\/wp-json\/wp\/v2\/comments?post=10406"}],"wp:featuredmedia":[{"embeddable":true,"href":"https:\/\/chemswell.com\/de\/wp-json\/wp\/v2\/media\/10436"}],"wp:attachment":[{"href":"https:\/\/chemswell.com\/de\/wp-json\/wp\/v2\/media?parent=10406"}],"wp:term":[{"taxonomy":"product_cat","embeddable":true,"href":"https:\/\/chemswell.com\/de\/wp-json\/wp\/v2\/product_cat?post=10406"},{"taxonomy":"product_tag","embeddable":true,"href":"https:\/\/chemswell.com\/de\/wp-json\/wp\/v2\/product_tag?post=10406"}],"curies":[{"name":"wp","href":"https:\/\/api.w.org\/{rel}","templated":true}]}}