{"id":10407,"date":"2023-06-02T10:28:21","date_gmt":"2023-06-02T10:28:21","guid":{"rendered":"https:\/\/chemswell.com\/?post_type=product&#038;p=10407"},"modified":"2026-04-23T09:31:36","modified_gmt":"2026-04-23T09:31:36","slug":"buy-mdma-pills","status":"publish","type":"product","link":"https:\/\/chemswell.com\/de\/produkt\/buy-mdma-pills\/","title":{"rendered":"Kaufen Sie MDMA-Pillen"},"content":{"rendered":"<h2><strong>Kaufen Sie echte Ecstasy-Pillen online<\/strong><\/h2>\n<p>Ecstasy-Pillen, manchmal auch genannt <a href=\"https:\/\/chemswell.com\/de\/produkt\/buy-mdma-pills\/\">MDMA<\/a>, Malcolm X, E-Bombs, Eierrollen und andere Stra\u00dfennamen bezeichnet, sind psychoaktive Drogen, die typischerweise in der Freizeit konsumiert werden. Zu den gew\u00fcnschten Ergebnissen geh\u00f6ren gesteigerte Vitalit\u00e4t, Empathie und Freude sowie ver\u00e4nderte Gef\u00fchle.<\/p>\n<p>Alle diese negativen Auswirkungen erfahren <a href=\"https:\/\/en.wikipedia.org\/wiki\/MDMA\">MDMA<\/a> -Konsumenten, sie sind jedoch nicht in der Lage, mit dem Konsum der Droge aufzuh\u00f6ren. Tats\u00e4chlich sch\u00e4tzen MDMA-Konsumenten ihre Ecstasy-Lieferanten noch mehr als ihre Mahlzeiten, da sie ihnen so nahe stehen.<\/p>\n<p>\u00c4hnlich wie bei den oralen Medikamenten Adderall nimmt der Konsum von Ecstasy-Pillen im Laufe der Zeit stetig zu. Die Wirkung setzt bei oraler Einnahme innerhalb von 30\u201345 Minuten ein und h\u00e4lt 3\u20136 Stunden an. Der synthetische Stoff MDMA beeinflusst Stimmung und Perspektive. Es hat chemische \u00c4hnlichkeiten sowohl mit Stimulanzien als auch mit Halluzinogenen und erzeugt Gef\u00fchle von erh\u00f6hter Energie, Vergn\u00fcgen, Sinnesverzerrung und Zeitwahrnehmung.<\/p>\n<p>Die ersten Ecstasy-Pillen wurden 1912 von Marc entwickelt. Ab den 1970er Jahren wurde es zur Verbesserung der Psychotherapie eingesetzt und in den 1980er Jahren erfreute es sich als Stra\u00dfendroge gro\u00dfer Beliebtheit. Derzeit betrifft MDMA ein breiteres Spektrum von Menschen, die die Droge h\u00e4ufiger als Ecstasy oder Molly Powder bezeichnen. Die Droge wurde einst h\u00e4ufig in der Nachtclubszene, in n\u00e4chtlichen Tanzclubs und bei lustigen Maskenb\u00e4llen verwendet.<\/p>\n<p>Ecstasy-Pillen gelten aufgrund ihrer guten Wirkung im Zusammenspiel mit den akustischen Wirkungen von Musik und Licht h\u00e4ufig als bevorzugte Droge bei Raves und Fun-Festivals. Konsumenten von Tela MDMA nehmen es oft als Kapsel oder Tablette ein, w\u00e4hrend andere das Pulver inhalieren oder es in fl\u00fcssiger Form schlucken. Die meisten Drogenh\u00e4ndler agieren im Verborgenen, da der Verkauf von Telsa MDMA in Amerika illegal ist.<\/p>\n<p>Der Begriff \u201eMolly-Pillen\u201c ist ein gebr\u00e4uchlicher Spitzname f\u00fcr Ecstasy-Pillen. Dabei handelt es sich h\u00e4ufig um die reine kristalline Pulverform von MDMA, die typischerweise in Kapseln vermarktet wird. Allerdings greifen Verbraucher, die Pulver oder Kapseln unter dem Markennamen \u201eMolly\u201c kaufen, h\u00e4ufig stattdessen zu anderen Medikamenten, darunter synthetischen Badesalzen, da das, was sie auf der Stra\u00dfe finden, manchmal mit Zusatzstoffen vermischt ist, um die Gewinnspanne zu steigern.<\/p>","protected":false},"excerpt":{"rendered":"<p>Buy Legit Ecstasy Pills Online Ecstasy pills, sometimes referred to as MDMA, Malcolm X, e-bombs, egg rolls, and other street names, are<\/p>","protected":false},"featured_media":10437,"comment_status":"open","ping_status":"closed","template":"","meta":{"_joinchat":[]},"product_cat":[1260],"product_tag":[1996,1986,1522,1978,1977,1981,1980,1988,1979,1989,1991,1998,1999,1997,1994,1993,1990,1985,1983,1995,1992,1530,1984,1987,1982],"yoast_head":"<!-- This site is optimized with the Yoast SEO plugin v23.0 - https:\/\/yoast.com\/wordpress\/plugins\/seo\/ -->\n<title>Buy Mdma Pills Online - Mdma Pills for Sale | ChemsWell<\/title>\n<meta name=\"description\" content=\"Are you looking for Mdma Pills for sale online? You&#039;ve come to the right place. Buy Mdma Pills from our secure and reliable online store. Order Your MDMA Pills Online with Secure Shipping!\" \/>\n<meta name=\"robots\" content=\"index, follow, max-snippet:-1, max-image-preview:large, max-video-preview:-1\" \/>\n<link rel=\"canonical\" href=\"https:\/\/chemswell.com\/de\/produkt\/buy-mdma-pills\/\" \/>\n<meta property=\"og:locale\" content=\"de_DE\" \/>\n<meta property=\"og:type\" content=\"article\" \/>\n<meta property=\"og:title\" content=\"Buy Mdma Pills Online - Mdma Pills for Sale | ChemsWell\" \/>\n<meta property=\"og:description\" content=\"Are you looking for Mdma Pills for sale online? You&#039;ve come to the right place. Buy Mdma Pills from our secure and reliable online store. Order Your MDMA Pills Online with Secure Shipping!\" \/>\n<meta property=\"og:url\" content=\"https:\/\/chemswell.com\/de\/produkt\/buy-mdma-pills\/\" \/>\n<meta property=\"og:site_name\" content=\"Chemswell\" \/>\n<meta property=\"article:modified_time\" content=\"2026-04-23T09:31:36+00:00\" \/>\n<meta property=\"og:image\" content=\"https:\/\/chemswell.com\/wp-content\/uploads\/2023\/06\/dom-perignon-mdma.jpg\" \/>\n\t<meta property=\"og:image:width\" content=\"600\" \/>\n\t<meta property=\"og:image:height\" content=\"515\" \/>\n\t<meta property=\"og:image:type\" content=\"image\/jpeg\" \/>\n<meta name=\"twitter:card\" content=\"summary_large_image\" \/>\n<meta name=\"twitter:label1\" content=\"Gesch\u00e4tzte Lesezeit\" \/>\n\t<meta name=\"twitter:data1\" content=\"2\u00a0Minuten\" \/>\n<!-- \/ Yoast SEO plugin. -->","yoast_head_json":{"title":"Buy Mdma Pills Online - Mdma Pills for Sale | ChemsWell","description":"Are you looking for Mdma Pills for sale online? You've come to the right place. Buy Mdma Pills from our secure and reliable online store. Order Your MDMA Pills Online with Secure Shipping!","robots":{"index":"index","follow":"follow","max-snippet":"max-snippet:-1","max-image-preview":"max-image-preview:large","max-video-preview":"max-video-preview:-1"},"canonical":"https:\/\/chemswell.com\/de\/produkt\/buy-mdma-pills\/","og_locale":"de_DE","og_type":"article","og_title":"Buy Mdma Pills Online - Mdma Pills for Sale | ChemsWell","og_description":"Are you looking for Mdma Pills for sale online? You've come to the right place. Buy Mdma Pills from our secure and reliable online store. Order Your MDMA Pills Online with Secure Shipping!","og_url":"https:\/\/chemswell.com\/de\/produkt\/buy-mdma-pills\/","og_site_name":"Chemswell","article_modified_time":"2026-04-23T09:31:36+00:00","og_image":[{"width":600,"height":515,"url":"https:\/\/chemswell.com\/wp-content\/uploads\/2023\/06\/dom-perignon-mdma.jpg","type":"image\/jpeg"}],"twitter_card":"summary_large_image","twitter_misc":{"Gesch\u00e4tzte Lesezeit":"2\u00a0Minuten"},"schema":{"@context":"https:\/\/schema.org","@graph":[{"@type":"WebPage","@id":"https:\/\/chemswell.com\/product\/buy-mdma-pills\/","url":"https:\/\/chemswell.com\/product\/buy-mdma-pills\/","name":"Buy Mdma Pills Online - Mdma Pills for Sale | ChemsWell","isPartOf":{"@id":"https:\/\/chemswell.com\/it\/#website"},"primaryImageOfPage":{"@id":"https:\/\/chemswell.com\/product\/buy-mdma-pills\/#primaryimage"},"image":{"@id":"https:\/\/chemswell.com\/product\/buy-mdma-pills\/#primaryimage"},"thumbnailUrl":"https:\/\/chemswell.com\/wp-content\/uploads\/2023\/06\/dom-perignon-mdma.jpg","datePublished":"2023-06-02T10:28:21+00:00","dateModified":"2026-04-23T09:31:36+00:00","description":"Are you looking for Mdma Pills for sale online? You've come to the right place. Buy Mdma Pills from our secure and reliable online store. Order Your MDMA Pills Online with Secure Shipping!","breadcrumb":{"@id":"https:\/\/chemswell.com\/product\/buy-mdma-pills\/#breadcrumb"},"inLanguage":"de","potentialAction":[{"@type":"ReadAction","target":["https:\/\/chemswell.com\/product\/buy-mdma-pills\/"]}]},{"@type":"ImageObject","inLanguage":"de","@id":"https:\/\/chemswell.com\/product\/buy-mdma-pills\/#primaryimage","url":"https:\/\/chemswell.com\/wp-content\/uploads\/2023\/06\/dom-perignon-mdma.jpg","contentUrl":"https:\/\/chemswell.com\/wp-content\/uploads\/2023\/06\/dom-perignon-mdma.jpg","width":600,"height":515,"caption":"buy dom perignon mdma online"},{"@type":"BreadcrumbList","@id":"https:\/\/chemswell.com\/product\/buy-mdma-pills\/#breadcrumb","itemListElement":[{"@type":"ListItem","position":1,"name":"Home","item":"https:\/\/chemswell.com\/ru\/"},{"@type":"ListItem","position":2,"name":"Shop","item":"https:\/\/chemswell.com\/ru\/%d0%bc%d0%b0%d0%b3%d0%b0%d0%b7%d0%b8%d0%bd\/"},{"@type":"ListItem","position":3,"name":"Buy MDMA Pills"}]},{"@type":"WebSite","@id":"https:\/\/chemswell.com\/it\/#website","url":"https:\/\/chemswell.com\/it\/","name":"Chemswell","description":"#1 Research Chemical Store","potentialAction":[{"@type":"SearchAction","target":{"@type":"EntryPoint","urlTemplate":"https:\/\/chemswell.com\/it\/?s={search_term_string}"},"query-input":"required name=search_term_string"}],"inLanguage":"de"}]}},"_links":{"self":[{"href":"https:\/\/chemswell.com\/de\/wp-json\/wp\/v2\/product\/10407"}],"collection":[{"href":"https:\/\/chemswell.com\/de\/wp-json\/wp\/v2\/product"}],"about":[{"href":"https:\/\/chemswell.com\/de\/wp-json\/wp\/v2\/types\/product"}],"replies":[{"embeddable":true,"href":"https:\/\/chemswell.com\/de\/wp-json\/wp\/v2\/comments?post=10407"}],"wp:featuredmedia":[{"embeddable":true,"href":"https:\/\/chemswell.com\/de\/wp-json\/wp\/v2\/media\/10437"}],"wp:attachment":[{"href":"https:\/\/chemswell.com\/de\/wp-json\/wp\/v2\/media?parent=10407"}],"wp:term":[{"taxonomy":"product_cat","embeddable":true,"href":"https:\/\/chemswell.com\/de\/wp-json\/wp\/v2\/product_cat?post=10407"},{"taxonomy":"product_tag","embeddable":true,"href":"https:\/\/chemswell.com\/de\/wp-json\/wp\/v2\/product_tag?post=10407"}],"curies":[{"name":"wp","href":"https:\/\/api.w.org\/{rel}","templated":true}]}}