{"id":10495,"date":"2023-06-03T04:00:22","date_gmt":"2023-06-03T04:00:22","guid":{"rendered":"https:\/\/chemswell.com\/?post_type=product&#038;p=10495"},"modified":"2025-01-08T06:12:24","modified_gmt":"2025-01-08T06:12:24","slug":"buy-blue-and-white-skype-200mg-mdma","status":"publish","type":"product","link":"https:\/\/chemswell.com\/de\/produkt\/kaufen-blau-und-weis-skype-200mg-mdma\/","title":{"rendered":"KAUFEN SIE BLAUES UND WEISSES SKYPE 200 MG MDMA"},"content":{"rendered":"<h2>Kaufen Sie 200 mg blaues und wei\u00dfes Skype-MDMA.<\/h2>\n<p><a href=\"https:\/\/chemswell.com\/de\/produkt\/kaufen-blau-und-weis-skype-200mg-mdma\/\">Kaufen Sie BLUE AND WHITE SKYPE<\/a> 200MG <a href=\"https:\/\/en.wikipedia.org\/wiki\/MDMA\">MDMA<\/a> mit der Warnung \u201eextrem hohe Dosis\u201c von ecstasymdma.com, da diese Tablette mehr als 200 mg MDMA enth\u00e4lt. Diese Tablette besteht aus zwei Schichten: einer blauen Seite mit Flecken und einer wei\u00dfen Seite. Auf der wei\u00dfen Seite der Tafel befinden sich Punkte. <a href=\"https:\/\/chemswell.com\/de\/\">Chemswell<\/a><\/p>","protected":false},"excerpt":{"rendered":"<p>Kaufen Sie 200MG BLUE AND WHITE SKYPE MDMA. Kaufen Sie BLUE AND WHITE SKYPE 200MG MDMA mit dem Warnhinweis \"extrem hohe Dosis\" bei ecstasymdma.com<\/p>","protected":false},"featured_media":10503,"comment_status":"closed","ping_status":"closed","template":"","meta":{"_joinchat":[]},"product_cat":[1260],"product_tag":[1537,1526,1522,1516,1520,1519,1528,1518,1529,1532,1539,1540,1538,1535,1517,1534,1531,1525,1523,1536,1533,1530,1524,1527,1521],"yoast_head":"<!-- This site is optimized with the Yoast SEO plugin v23.0 - https:\/\/yoast.com\/wordpress\/plugins\/seo\/ -->\n<title>Blue and White Skype 200mg MDMA for Sale @ Best Price | CW<\/title>\n<meta name=\"description\" content=\"Looking to buy blue and white skype 200mg MDMA online? Order blue and white skype securely and privately with rapid delivery in 2 to 3 days and worldwide shipping.\" \/>\n<meta name=\"robots\" content=\"index, follow, max-snippet:-1, max-image-preview:large, max-video-preview:-1\" \/>\n<link rel=\"canonical\" href=\"https:\/\/chemswell.com\/de\/produkt\/kaufen-blau-und-weis-skype-200mg-mdma\/\" \/>\n<meta property=\"og:locale\" content=\"de_DE\" \/>\n<meta property=\"og:type\" content=\"article\" \/>\n<meta property=\"og:title\" content=\"Blue and White Skype 200mg MDMA for Sale @ Best Price | CW\" \/>\n<meta property=\"og:description\" content=\"Looking to buy blue and white skype 200mg MDMA online? Order blue and white skype securely and privately with rapid delivery in 2 to 3 days and worldwide shipping.\" \/>\n<meta property=\"og:url\" content=\"https:\/\/chemswell.com\/de\/produkt\/kaufen-blau-und-weis-skype-200mg-mdma\/\" \/>\n<meta property=\"og:site_name\" content=\"Chemswell\" \/>\n<meta property=\"article:modified_time\" content=\"2025-01-08T06:12:24+00:00\" \/>\n<meta property=\"og:image\" content=\"https:\/\/chemswell.com\/wp-content\/uploads\/2023\/06\/p29.png\" \/>\n\t<meta property=\"og:image:width\" content=\"600\" \/>\n\t<meta property=\"og:image:height\" content=\"400\" \/>\n\t<meta property=\"og:image:type\" content=\"image\/png\" \/>\n<meta name=\"twitter:card\" content=\"summary_large_image\" \/>\n<meta name=\"twitter:label1\" content=\"Gesch\u00e4tzte Lesezeit\" \/>\n\t<meta name=\"twitter:data1\" content=\"1\u00a0Minute\" \/>\n<!-- \/ Yoast SEO plugin. -->","yoast_head_json":{"title":"Blue and White Skype 200mg MDMA for Sale @ Best Price | CW","description":"Looking to buy blue and white skype 200mg MDMA online? Order blue and white skype securely and privately with rapid delivery in 2 to 3 days and worldwide shipping.","robots":{"index":"index","follow":"follow","max-snippet":"max-snippet:-1","max-image-preview":"max-image-preview:large","max-video-preview":"max-video-preview:-1"},"canonical":"https:\/\/chemswell.com\/de\/produkt\/kaufen-blau-und-weis-skype-200mg-mdma\/","og_locale":"de_DE","og_type":"article","og_title":"Blue and White Skype 200mg MDMA for Sale @ Best Price | CW","og_description":"Looking to buy blue and white skype 200mg MDMA online? Order blue and white skype securely and privately with rapid delivery in 2 to 3 days and worldwide shipping.","og_url":"https:\/\/chemswell.com\/de\/produkt\/kaufen-blau-und-weis-skype-200mg-mdma\/","og_site_name":"Chemswell","article_modified_time":"2025-01-08T06:12:24+00:00","og_image":[{"width":600,"height":400,"url":"https:\/\/chemswell.com\/wp-content\/uploads\/2023\/06\/p29.png","type":"image\/png"}],"twitter_card":"summary_large_image","twitter_misc":{"Gesch\u00e4tzte Lesezeit":"1\u00a0Minute"},"schema":{"@context":"https:\/\/schema.org","@graph":[{"@type":"WebPage","@id":"https:\/\/chemswell.com\/product\/buy-blue-and-white-skype-200mg-mdma\/","url":"https:\/\/chemswell.com\/product\/buy-blue-and-white-skype-200mg-mdma\/","name":"Blue and White Skype 200mg MDMA for Sale @ Best Price | CW","isPartOf":{"@id":"https:\/\/chemswell.com\/it\/#website"},"primaryImageOfPage":{"@id":"https:\/\/chemswell.com\/product\/buy-blue-and-white-skype-200mg-mdma\/#primaryimage"},"image":{"@id":"https:\/\/chemswell.com\/product\/buy-blue-and-white-skype-200mg-mdma\/#primaryimage"},"thumbnailUrl":"https:\/\/chemswell.com\/wp-content\/uploads\/2023\/06\/p29.png","datePublished":"2023-06-03T04:00:22+00:00","dateModified":"2025-01-08T06:12:24+00:00","description":"Looking to buy blue and white skype 200mg MDMA online? Order blue and white skype securely and privately with rapid delivery in 2 to 3 days and worldwide shipping.","breadcrumb":{"@id":"https:\/\/chemswell.com\/product\/buy-blue-and-white-skype-200mg-mdma\/#breadcrumb"},"inLanguage":"de","potentialAction":[{"@type":"ReadAction","target":["https:\/\/chemswell.com\/product\/buy-blue-and-white-skype-200mg-mdma\/"]}]},{"@type":"ImageObject","inLanguage":"de","@id":"https:\/\/chemswell.com\/product\/buy-blue-and-white-skype-200mg-mdma\/#primaryimage","url":"https:\/\/chemswell.com\/wp-content\/uploads\/2023\/06\/p29.png","contentUrl":"https:\/\/chemswell.com\/wp-content\/uploads\/2023\/06\/p29.png","width":600,"height":400,"caption":"p29"},{"@type":"BreadcrumbList","@id":"https:\/\/chemswell.com\/product\/buy-blue-and-white-skype-200mg-mdma\/#breadcrumb","itemListElement":[{"@type":"ListItem","position":1,"name":"Home","item":"https:\/\/chemswell.com\/ru\/"},{"@type":"ListItem","position":2,"name":"Shop","item":"https:\/\/chemswell.com\/ru\/%d0%bc%d0%b0%d0%b3%d0%b0%d0%b7%d0%b8%d0%bd\/"},{"@type":"ListItem","position":3,"name":"Buy BLUE AND WHITE SKYPE 200MG MDMA"}]},{"@type":"WebSite","@id":"https:\/\/chemswell.com\/it\/#website","url":"https:\/\/chemswell.com\/it\/","name":"Chemswell","description":"#1 Research Chemical Store","potentialAction":[{"@type":"SearchAction","target":{"@type":"EntryPoint","urlTemplate":"https:\/\/chemswell.com\/it\/?s={search_term_string}"},"query-input":"required name=search_term_string"}],"inLanguage":"de"}]}},"_links":{"self":[{"href":"https:\/\/chemswell.com\/de\/wp-json\/wp\/v2\/product\/10495"}],"collection":[{"href":"https:\/\/chemswell.com\/de\/wp-json\/wp\/v2\/product"}],"about":[{"href":"https:\/\/chemswell.com\/de\/wp-json\/wp\/v2\/types\/product"}],"replies":[{"embeddable":true,"href":"https:\/\/chemswell.com\/de\/wp-json\/wp\/v2\/comments?post=10495"}],"wp:featuredmedia":[{"embeddable":true,"href":"https:\/\/chemswell.com\/de\/wp-json\/wp\/v2\/media\/10503"}],"wp:attachment":[{"href":"https:\/\/chemswell.com\/de\/wp-json\/wp\/v2\/media?parent=10495"}],"wp:term":[{"taxonomy":"product_cat","embeddable":true,"href":"https:\/\/chemswell.com\/de\/wp-json\/wp\/v2\/product_cat?post=10495"},{"taxonomy":"product_tag","embeddable":true,"href":"https:\/\/chemswell.com\/de\/wp-json\/wp\/v2\/product_tag?post=10495"}],"curies":[{"name":"wp","href":"https:\/\/api.w.org\/{rel}","templated":true}]}}