{"id":10734,"date":"2024-04-15T17:04:16","date_gmt":"2024-04-15T17:04:16","guid":{"rendered":"https:\/\/chemswell.com\/?post_type=product&#038;p=10734"},"modified":"2026-03-03T07:48:08","modified_gmt":"2026-03-03T07:48:08","slug":"buy-caluanie-muelear-oxidize-online","status":"publish","type":"product","link":"https:\/\/chemswell.com\/de\/produkt\/caluanie-muelear-oxidize-online-kaufen\/","title":{"rendered":"Caluanie Muelear Oxidize online kaufen"},"content":{"rendered":"<h1 style=\"text-align: justify;\">Caluanie Muelear Oxidize online kaufen USA | Caluanie Muelear Oxidize<\/h1>\n<p style=\"text-align: justify;\"><a href=\"https:\/\/chemswell.com\/de\/produkt\/caluanie-muelear-oxidize-online-kaufen\/\">Caluanie online kaufen<\/a>Das chemische Produkt Caluanie ist eine hellbraune, viskose Fl\u00fcssigkeit, die durch Transmogrifikation einer rohen Palm\u00f6ll\u00f6sung gewonnen wird. Rohes Caluanie (99 %) wird in der Oxidations- und Pasteurisierungsfabrik von Muelear hergestellt. Es ist eine hervorragende Chemikalie mit potenziellem weltweiten Einsatz in der zentralisierten chemischen Fertigungsindustrie. Wo kann man Caluanie online in Europa kaufen? Caluanie wird in den USA verkauft.<a href=\"https:\/\/bing.com\/\">,<\/a>\u00a0Caluanie online bestellen, wo man Caluanie in China bekommt<\/p>\n<p style=\"text-align: justify;\">Zun\u00e4chst wird Caluanie in der Chemie- und Farbenindustrie als hygroskopisches Mittel eingesetzt. Au\u00dferdem ist es in der Industrie f\u00fcr Beschichtungen, Farben, Kunststoffe und Druckfarben weit verbreitet. <a href=\"https:\/\/chemswell.com\/de\/\">Chemswell<\/a><\/p>\n<h3 style=\"text-align: justify;\"><strong>Wo kann man Caluanie online kaufen USA | Caluanie zu verkaufen in USA.\u00a0<\/strong><\/h3>\n<p style=\"text-align: justify;\">Produkt: Caluanie Muelear Oxidize (Roh-Caluanie 99% wird aus Muelear oxidize erzeugt)<a href=\"https:\/\/google.com\/\">,<\/a>\u00a0Caluanie (Oxidativer Partarisations-Thermostat, Schweres Wasser):<\/p>\n<p style=\"text-align: justify;\">Dieses Produkt kann bei der Zerkleinerung und Verarbeitung von Edelmetallen und Halbedelsteinen helfen. Es funktioniert auch bei der Verarbeitung von Edelsteinen und Halbedelsteinen, Zerkleinerung von Metallen in der chemischen Industrie. Caluanie zu verkaufen in USA,Caluanie online bestellen, wo Caluanie in China zu bekommen<\/p>\n<p style=\"text-align: justify;\">Finally, it is available in packaging of: 5L &amp; bulk packaging as from 20L, 50L, 100L or as per buyer\u2019s request. Have a look around and even read more on\u00a0Caluanie.<\/p>\n<h3 style=\"text-align: justify;\"><strong>Caluanie online bestellen, wo man Caluanie in United State bekommt<\/strong><\/h3>\n<div class=\"woocommerce-product-details__short-description\">\n<p style=\"text-align: justify;\">Wir bieten Caluanie Muelear Oxidize zum Verkauf an. Produkt: Caluanie Muelear Oxidize ( Crude Caluanie 99% wird aus Muelear oxidize erzeugt) Caluanie (Oxidative Partarization Thermostat, Heavy Water): Der Preis f\u00fcr den Kanister ( 1pc ) -5 L.<\/p>\n<p style=\"text-align: justify;\">Wir sind ein zuverl\u00e4ssiger Lieferant und erzielen 100% Erfolge in allen L\u00e4ndern.<br \/>\nSchweres Wasser ver\u00e4ndert die Eigenschaften des Metalls und macht es spr\u00f6de. Aber im Moment des Verdampfens von schwerem Wasser kehrt das Metall in seinen vorherigen Zustand zur\u00fcck<\/p>\n<h3 style=\"text-align: justify;\"><strong>Caluanie Muelear Oxidize Shop Online USA | USA Caluanie Muelear Oxidize Store.<\/strong><\/h3>\n<p style=\"text-align: justify;\">Dieses Produkt wird f\u00fcr die Zerkleinerung und Verarbeitung von Edelmetallen und Halbedelsteinen verwendet. Es wird f\u00fcr die Bearbeitung von Edel- und Halbedelsteinen, das Zerkleinern von Metallen in der chemischen Industrie verwendet. Es erm\u00f6glicht das Brechen von N\u00e4geln mit blo\u00dfen H\u00e4nden nach einem 10-20 Sekunden dauernden Tauchgang. Schweres Wasser ver\u00e4ndert die Eigenschaften des Metalls und macht es spr\u00f6de. Sobald das schwere Wasser verdunstet ist, kehrt das Gestein in seinen vorherigen Zustand zur\u00fcck.<\/p>\n<p style=\"text-align: justify;\">ieses Produkt wird f\u00fcr die Zerkleinerung und Verarbeitung von Edelmetallen und Halbedelsteinen verwendet. Es wird f\u00fcr die Verarbeitung von Edel- und Halbedelsteinen, Zerkleinern von Metallen in der chemischen Industrie verwendet. Dies erleichtert das Brechen von N\u00e4geln mit blo\u00dfen H\u00e4nden nach einem Tauchgang von 10-20 Sekunden. Schweres Wasser ver\u00e4ndert die Eigenschaften des Metalls und macht es spr\u00f6de. Sobald das schwere Wasser verdunstet ist, kehrt das Gestein in seinen vorherigen Zustand zur\u00fcck.<\/p>\n<\/div>","protected":false},"excerpt":{"rendered":"<p>Kaufen\/Bestellen US Made Caluanie Muelear Oxidieren Pasteurisieren. Ein hellbraun gef\u00e4rbtes viskose Fl\u00fcssigkeit abgeleitet Crude Palm\u00f6l Veresterung L\u00f6sung. Wir produzieren und liefern im Gro\u00dfhandel caluanie muelear oxidize und andere Forschung chemische Produkte f\u00fcr jede interessierte Person \/ Unternehmen in der Notwendigkeit zu sehr erschwinglichen Preisen mit internationalen Versand zur Verf\u00fcgung. Wir garantieren die Qualit\u00e4t unserer Produkte.<\/p>","protected":false},"featured_media":10741,"comment_status":"closed","ping_status":"closed","template":"","meta":{"_joinchat":[]},"product_cat":[1384],"product_tag":[1560,1550,1522,1542,1541,1545,1544,1552,1543,1553,1555,1562,1563,1561,1558,1557,1554,1549,1547,1559,1556,1530,1548,1551,1546],"yoast_head":"<!-- This site is optimized with the Yoast SEO plugin v23.0 - https:\/\/yoast.com\/wordpress\/plugins\/seo\/ -->\n<title>Buy Caluanie Muelear Oxidize Online | Chemswell<\/title>\n<meta name=\"description\" content=\"Get top-quality to buy caluanie muelear oxidize online at low price. We offer a wide variety of caluanie muelear oxidize for sale in discreet and secure packaging. Buy now with fast shipping!\" \/>\n<meta name=\"robots\" content=\"index, follow, max-snippet:-1, max-image-preview:large, max-video-preview:-1\" \/>\n<link rel=\"canonical\" href=\"https:\/\/chemswell.com\/de\/produkt\/caluanie-muelear-oxidize-online-kaufen\/\" \/>\n<meta property=\"og:locale\" content=\"de_DE\" \/>\n<meta property=\"og:type\" content=\"article\" \/>\n<meta property=\"og:title\" content=\"Buy Caluanie Muelear Oxidize Online | Chemswell\" \/>\n<meta property=\"og:description\" content=\"Get top-quality to buy caluanie muelear oxidize online at low price. We offer a wide variety of caluanie muelear oxidize for sale in discreet and secure packaging. Buy now with fast shipping!\" \/>\n<meta property=\"og:url\" content=\"https:\/\/chemswell.com\/de\/produkt\/caluanie-muelear-oxidize-online-kaufen\/\" \/>\n<meta property=\"og:site_name\" content=\"Chemswell\" \/>\n<meta property=\"article:modified_time\" content=\"2026-03-03T07:48:08+00:00\" \/>\n<meta property=\"og:image\" content=\"https:\/\/chemswell.com\/wp-content\/uploads\/2024\/04\/caluanie-muelear-oxidize.jpg\" \/>\n\t<meta property=\"og:image:width\" content=\"600\" \/>\n\t<meta property=\"og:image:height\" content=\"600\" \/>\n\t<meta property=\"og:image:type\" content=\"image\/jpeg\" \/>\n<meta name=\"twitter:card\" content=\"summary_large_image\" \/>\n<meta name=\"twitter:label1\" content=\"Gesch\u00e4tzte Lesezeit\" \/>\n\t<meta name=\"twitter:data1\" content=\"3\u00a0Minuten\" \/>\n<!-- \/ Yoast SEO plugin. -->","yoast_head_json":{"title":"Buy Caluanie Muelear Oxidize Online | Chemswell","description":"Get top-quality to buy caluanie muelear oxidize online at low price. We offer a wide variety of caluanie muelear oxidize for sale in discreet and secure packaging. Buy now with fast shipping!","robots":{"index":"index","follow":"follow","max-snippet":"max-snippet:-1","max-image-preview":"max-image-preview:large","max-video-preview":"max-video-preview:-1"},"canonical":"https:\/\/chemswell.com\/de\/produkt\/caluanie-muelear-oxidize-online-kaufen\/","og_locale":"de_DE","og_type":"article","og_title":"Buy Caluanie Muelear Oxidize Online | Chemswell","og_description":"Get top-quality to buy caluanie muelear oxidize online at low price. We offer a wide variety of caluanie muelear oxidize for sale in discreet and secure packaging. Buy now with fast shipping!","og_url":"https:\/\/chemswell.com\/de\/produkt\/caluanie-muelear-oxidize-online-kaufen\/","og_site_name":"Chemswell","article_modified_time":"2026-03-03T07:48:08+00:00","og_image":[{"width":600,"height":600,"url":"https:\/\/chemswell.com\/wp-content\/uploads\/2024\/04\/caluanie-muelear-oxidize.jpg","type":"image\/jpeg"}],"twitter_card":"summary_large_image","twitter_misc":{"Gesch\u00e4tzte Lesezeit":"3\u00a0Minuten"},"schema":{"@context":"https:\/\/schema.org","@graph":[{"@type":"WebPage","@id":"https:\/\/chemswell.com\/product\/buy-caluanie-muelear-oxidize-online\/","url":"https:\/\/chemswell.com\/product\/buy-caluanie-muelear-oxidize-online\/","name":"Buy Caluanie Muelear Oxidize Online | Chemswell","isPartOf":{"@id":"https:\/\/chemswell.com\/it\/#website"},"primaryImageOfPage":{"@id":"https:\/\/chemswell.com\/product\/buy-caluanie-muelear-oxidize-online\/#primaryimage"},"image":{"@id":"https:\/\/chemswell.com\/product\/buy-caluanie-muelear-oxidize-online\/#primaryimage"},"thumbnailUrl":"https:\/\/chemswell.com\/wp-content\/uploads\/2024\/04\/caluanie-muelear-oxidize.jpg","datePublished":"2024-04-15T17:04:16+00:00","dateModified":"2026-03-03T07:48:08+00:00","description":"Get top-quality to buy caluanie muelear oxidize online at low price. We offer a wide variety of caluanie muelear oxidize for sale in discreet and secure packaging. Buy now with fast shipping!","breadcrumb":{"@id":"https:\/\/chemswell.com\/product\/buy-caluanie-muelear-oxidize-online\/#breadcrumb"},"inLanguage":"de","potentialAction":[{"@type":"ReadAction","target":["https:\/\/chemswell.com\/product\/buy-caluanie-muelear-oxidize-online\/"]}]},{"@type":"ImageObject","inLanguage":"de","@id":"https:\/\/chemswell.com\/product\/buy-caluanie-muelear-oxidize-online\/#primaryimage","url":"https:\/\/chemswell.com\/wp-content\/uploads\/2024\/04\/caluanie-muelear-oxidize.jpg","contentUrl":"https:\/\/chemswell.com\/wp-content\/uploads\/2024\/04\/caluanie-muelear-oxidize.jpg","width":600,"height":600,"caption":"caluanie-muelear-oxidize"},{"@type":"BreadcrumbList","@id":"https:\/\/chemswell.com\/product\/buy-caluanie-muelear-oxidize-online\/#breadcrumb","itemListElement":[{"@type":"ListItem","position":1,"name":"Home","item":"https:\/\/chemswell.com\/ru\/"},{"@type":"ListItem","position":2,"name":"Shop","item":"https:\/\/chemswell.com\/ru\/%d0%bc%d0%b0%d0%b3%d0%b0%d0%b7%d0%b8%d0%bd\/"},{"@type":"ListItem","position":3,"name":"Buy Caluanie Muelear Oxidize Online"}]},{"@type":"WebSite","@id":"https:\/\/chemswell.com\/it\/#website","url":"https:\/\/chemswell.com\/it\/","name":"Chemswell","description":"#1 Research Chemical Store","potentialAction":[{"@type":"SearchAction","target":{"@type":"EntryPoint","urlTemplate":"https:\/\/chemswell.com\/it\/?s={search_term_string}"},"query-input":"required name=search_term_string"}],"inLanguage":"de"}]}},"_links":{"self":[{"href":"https:\/\/chemswell.com\/de\/wp-json\/wp\/v2\/product\/10734"}],"collection":[{"href":"https:\/\/chemswell.com\/de\/wp-json\/wp\/v2\/product"}],"about":[{"href":"https:\/\/chemswell.com\/de\/wp-json\/wp\/v2\/types\/product"}],"replies":[{"embeddable":true,"href":"https:\/\/chemswell.com\/de\/wp-json\/wp\/v2\/comments?post=10734"}],"wp:featuredmedia":[{"embeddable":true,"href":"https:\/\/chemswell.com\/de\/wp-json\/wp\/v2\/media\/10741"}],"wp:attachment":[{"href":"https:\/\/chemswell.com\/de\/wp-json\/wp\/v2\/media?parent=10734"}],"wp:term":[{"taxonomy":"product_cat","embeddable":true,"href":"https:\/\/chemswell.com\/de\/wp-json\/wp\/v2\/product_cat?post=10734"},{"taxonomy":"product_tag","embeddable":true,"href":"https:\/\/chemswell.com\/de\/wp-json\/wp\/v2\/product_tag?post=10734"}],"curies":[{"name":"wp","href":"https:\/\/api.w.org\/{rel}","templated":true}]}}