{"id":10757,"date":"2024-04-20T02:13:11","date_gmt":"2024-04-20T02:13:11","guid":{"rendered":"https:\/\/chemswell.com\/?post_type=product&#038;p=10757"},"modified":"2025-07-16T09:07:26","modified_gmt":"2025-07-16T09:07:26","slug":"spravato-nasal-spray","status":"publish","type":"product","link":"https:\/\/chemswell.com\/de\/produkt\/spravato-nasal-spray\/","title":{"rendered":"Spravato Nasenspray online kaufen"},"content":{"rendered":"<h1>SPRAVATO, das einzige von der FDA zugelassene Nasenspray f\u00fcr<br \/>\nerwachsene Patienten mit zwei Formen von therapiebed\u00fcrftigen<br \/>\nschwere depressive St\u00f6rung (MDD):<\/h1>\n<p><a href=\"https:\/\/en.wikipedia.org\/wiki\/Esketamine\">Esketamin<\/a>, verkauft unter den Markennamen\u00a0<a href=\"https:\/\/chemswell.com\/de\/produkt\/spravato-nasal-spray\/\">Spravato<\/a>\u00a0(gegen Depressionen) und Ketanest (zur An\u00e4sthesie) unter anderem<sup id=\"cite_ref-12\" class=\"reference\"><\/sup>\u00a0ist die\u00a0<i>S<\/i>(+)-Enantiomer von Ketamin.<sup id=\"cite_ref-HimmelseherPfenninger2008_5-1\" class=\"reference\"><\/sup><sup id=\"cite_ref-pmid33155503_13-0\" class=\"reference\"><\/sup>\u00a0Es ist ein dissoziatives Halluzinogen, das als Allgemeinan\u00e4sthetikum und als Antidepressivum zur Behandlung von Depressionen eingesetzt wird. Esketamin ist das aktive Enantiomer von Ketamin in Bezug auf den NMDA-Rezeptor-Antagonismus und ist wirksamer als racemisches Ketamin<a href=\"https:\/\/chemspowder.com\/\">.<\/a><sup id=\"cite_ref-pmid9806706_14-0\" class=\"reference\"><\/sup><\/p>\n<p>Es wird speziell als Therapie f\u00fcr behandlungsresistente Depressionen (TRD) und f\u00fcr schwere depressive St\u00f6rungen (MDD) mit gleichzeitigen Suizidgedanken oder -verhalten eingesetzt.<sup id=\"cite_ref-Spravato_FDA_label_10-2\" class=\"reference\"><\/sup><sup id=\"cite_ref-pmid33726522_15-0\" class=\"reference\"><\/sup>\u00a0Seine Wirksamkeit bei Depressionen ist bescheiden und vergleichbar mit der anderer Antidepressiva.<sup id=\"cite_ref-pmid34421147_16-0\" class=\"reference\"><\/sup><sup id=\"cite_ref-Spravato_FDA_label_10-3\" class=\"reference\"><\/sup>\u00a0Esketamine is not used by\u00a0infusion into a vein\u00a0for anesthesia as it is only <a href=\"https:\/\/www.google.de\/search?q=Buy+Spravato+nasal+spray+Online&amp;sca_esv=1a2a07081c7891bb&amp;rlz=1C1RXQR_enIN1098IN1098&amp;ei=l5vOZ-7mLNi64-EP4fWd-AY&amp;ved=0ahUKEwiujqCthf-LAxVY3TgGHeF6B28Q4dUDCBA&amp;uact=5&amp;oq=Buy+Spravato+nasal+spray+Online&amp;gs_lp=Egxnd3Mtd2l6LXNlcnAiH0J1eSBTcHJhdmF0byBuYXNhbCBzcHJheSBPbmxpbmUyBhAAGBYYHjILEAAYgAQYhgMYigUyCxAAGIAEGIYDGIoFMgsQABiABBiGAxiKBTILEAAYgAQYhgMYigUyCBAAGIAEGKIEMggQABiABBiiBDIIEAAYgAQYogQyCBAAGIAEGKIEMggQABiABBiiBEj8ClCUCViUCXADeACQAQCYAcMBoAHDAaoBAzAuMbgBA8gBAPgBAvgBAZgCAaAC0QGYAwCIBgGSBwMyLTGgB7kH&amp;sclient=gws-wiz-serp\">FDA<\/a> approved for depression in the form of an intranasal spray (the parent compound Ketamine is most often administered intravenously) and under direct medical supervision as a\u00a0nasal spray. Chemswell<\/p>\n<ul class=\"home-list\">\n<li>Erwachsene mit MDD, die auf zwei oder mehr orale Antidepressiva nur unzureichend angesprochen haben, so genannte behandlungsresistente Depression (TRD)<\/li>\n<li>Depressive Symptome bei Erwachsenen mit MDD mit Selbstmordgedanken oder -handlungen (MDSI)<\/li>\n<\/ul>\n<p>Spravato Nasenspray kaufen, ohne Konservierungsstoffe, geeignet f\u00fcr Kinder ab 6 Jahren.<\/p>\n<p class=\"howwillitake\"><strong>Wie soll ich SPRAVATO einnehmen?<sup>\u00ae<\/sup>?<\/strong><\/p>\n<ul class=\"isi_body_wrapper_ul_15\">\n<li>Sie werden SPRAVATO Nasenspray selbst unter Aufsicht einer medizinischen Fachkraft in einer medizinischen Einrichtung einnehmen. Ihr medizinischer Betreuer wird Ihnen zeigen, wie Sie das SPRAVATO-Nasenspray anwenden.<\/li>\n<li>Ihr medizinischer Betreuer wird Ihnen sagen, wie viel SPRAVATO Sie einnehmen werden und wann Sie es einnehmen werden.<\/li>\n<li>Befolgen Sie den SPRAVATO-Behandlungsplan genau so, wie es Ihnen Ihr medizinischer Betreuer sagt.<\/li>\n<li>W\u00e4hrend und nach jeder Anwendung des SPRAVATO-Nasensprays werden Sie von einer medizinischen Fachkraft untersucht, die entscheidet, wann Sie bereit sind, die medizinische Einrichtung zu verlassen.<\/li>\n<li>Sie m\u00fcssen einplanen, dass eine Betreuungsperson oder ein Familienmitglied Sie nach der Einnahme von SPRAVATO nach Hause f\u00e4hrt.<\/li>\n<li>Wenn Sie eine Behandlung mit SPRAVATO vergessen haben, kann Ihr medizinischer Betreuer Ihre Dosis und Ihren Behandlungsplan \u00e4ndern.<\/li>\n<li>Manche Menschen, die SPRAVATO einnehmen, bekommen \u00dcbelkeit und Erbrechen. Sie sollten mindestens 2 Stunden vor der Einnahme von SPRAVATO nichts mehr essen und mindestens 30 Minuten vor der Einnahme von SPRAVATO keine Fl\u00fcssigkeit mehr trinken.<\/li>\n<li>Wenn Sie ein nasales Kortikosteroid oder ein nasales Abschwellungsmittel einnehmen, nehmen Sie diese Arzneimittel mindestens 1 Stunde vor der Einnahme von SPRAVATO ein.<\/li>\n<\/ul>\n<p class=\"whatshouldia\"><strong>Was sollte ich w\u00e4hrend der Einnahme von SPRAVATO vermeiden?<sup>\u00ae<\/sup>?<\/strong><\/p>\n<p class=\"donotdriveop\">F\u00fchren Sie nach der Einnahme von SPRAVATO kein Fahrzeug, bedienen Sie keine Maschinen und tun Sie nichts, bei dem Sie v\u00f6llig wachsam sein m\u00fcssen. Nehmen Sie diese Aktivit\u00e4ten erst am n\u00e4chsten Tag nach einem erholsamen Schlaf wieder auf. Siehe \u201eWas sind die wichtigsten Informationen, die ich \u00fcber SPRAVATO wissen sollte?\u201c<\/p>\n<p class=\"whatarethepo\"><strong>Was sind die m\u00f6glichen Nebenwirkungen von SPRAVATO?<\/strong><\/p>\n<p class=\"spravatomayc\"><strong>SPRAVATO kann schwerwiegende Nebenwirkungen verursachen, einschlie\u00dflich:<\/strong><\/p>\n<ul class=\"isi_body_wrapper_ul_16\">\n<li>\"Was sind die wichtigsten Informationen, die ich \u00fcber SPRAVATO wissen sollte?\"<sup>\u00ae<\/sup>?\"<\/li>\n<li>SPRAVATO kann einen vor\u00fcbergehenden Anstieg Ihres Blutdrucks verursachen, der etwa 4 Stunden nach der Einnahme einer Dosis anhalten kann. Ihr medizinischer Betreuer wird Ihren Blutdruck vor der Einnahme von SPRAVATO und f\u00fcr mindestens 2 Stunden nach der Einnahme von SPRAVATO kontrollieren. Informieren Sie Ihren medizinischen Betreuer sofort, wenn Sie nach der Einnahme von SPRAVATO Brustschmerzen, Kurzatmigkeit, pl\u00f6tzliche starke Kopfschmerzen, ver\u00e4ndertes Sehverm\u00f6gen oder Krampfanf\u00e4lle bekommen.<\/li>\n<li>Informieren Sie Ihren medizinischen Betreuer, wenn Sie Probleme beim Denken oder Erinnern haben.<\/li>\n<li>Informieren Sie Ihren Arzt oder Ihre \u00c4rztin, wenn Sie Probleme beim Wasserlassen haben, wie z. B. h\u00e4ufiger oder dringender Harndrang, Schmerzen beim Wasserlassen oder h\u00e4ufiges Wasserlassen in der Nacht.<\/li>\n<\/ul>\n<p><strong>Die Wirkstoffe sind:<\/strong><br \/>\nXylometazolinhydrochlorid\/Dexpanthenol. Ein Spray (entspricht 0,1 ml L\u00f6sung) enth\u00e4lt 0,1 mg Xylometazolinhydrochlorid und 5,0 mg Dexpanthenol. 1 ml L\u00f6sung enth\u00e4lt: 1 mg Xylometazolinhydrochlorid und 50 mg Dexpanthenol.<\/p>","protected":false},"excerpt":{"rendered":"<h1 id=\"type_info_prio_12_1\" class=\"titre_produit\">Bio-Nasenspray aus den Pyren\u00e4en 15 ml<\/h1>\n<div>spravato\u00a0<strong>esketamin<\/strong>\u00a0nasenspray<\/div>\n<div><\/div>\n<div><strong>esketamin<\/strong>\u00a0nasenspray<\/div>","protected":false},"featured_media":10758,"comment_status":"closed","ping_status":"closed","template":"","meta":{"_joinchat":[]},"product_cat":[1257],"product_tag":[1605,1596,1522,1385,1588,1602,1390,1386,1599,1595,1593,1392,1604,1601,1391,1389,1587,1394,1393,1590,1598,1589,1395,1396,1591,1600,1397,1607,1608,1606,1603,1387,1388,1530,1594,1597,1592],"yoast_head":"<!-- This site is optimized with the Yoast SEO plugin v23.0 - https:\/\/yoast.com\/wordpress\/plugins\/seo\/ -->\n<title>Buy Spravato nasal spray - Spravato nasal spray for Sale<\/title>\n<meta name=\"description\" content=\"Buy Spravato nasal spray, Spravato is a nasal spray that is used to treat depression in adults Order Nasal Spray, Order Online &amp; Enjoy.\" \/>\n<meta name=\"robots\" content=\"index, follow, max-snippet:-1, max-image-preview:large, max-video-preview:-1\" \/>\n<link rel=\"canonical\" href=\"https:\/\/chemswell.com\/de\/produkt\/spravato-nasal-spray\/\" \/>\n<meta property=\"og:locale\" content=\"de_DE\" \/>\n<meta property=\"og:type\" content=\"article\" \/>\n<meta property=\"og:title\" content=\"Buy Spravato nasal spray - Spravato nasal spray for Sale\" \/>\n<meta property=\"og:description\" content=\"Buy Spravato nasal spray, Spravato is a nasal spray that is used to treat depression in adults Order Nasal Spray, Order Online &amp; Enjoy.\" \/>\n<meta property=\"og:url\" content=\"https:\/\/chemswell.com\/de\/produkt\/spravato-nasal-spray\/\" \/>\n<meta property=\"og:site_name\" content=\"Chemswell\" \/>\n<meta property=\"article:modified_time\" content=\"2025-07-16T09:07:26+00:00\" \/>\n<meta property=\"og:image\" content=\"https:\/\/chemswell.com\/wp-content\/uploads\/2024\/04\/th.jpeg\" \/>\n\t<meta property=\"og:image:width\" content=\"206\" \/>\n\t<meta property=\"og:image:height\" content=\"240\" \/>\n\t<meta property=\"og:image:type\" content=\"image\/jpeg\" \/>\n<meta name=\"twitter:card\" content=\"summary_large_image\" \/>\n<meta name=\"twitter:label1\" content=\"Gesch\u00e4tzte Lesezeit\" \/>\n\t<meta name=\"twitter:data1\" content=\"3\u00a0Minuten\" \/>\n<!-- \/ Yoast SEO plugin. -->","yoast_head_json":{"title":"Buy Spravato nasal spray - Spravato nasal spray for Sale","description":"Buy Spravato nasal spray, Spravato is a nasal spray that is used to treat depression in adults Order Nasal Spray, Order Online & Enjoy.","robots":{"index":"index","follow":"follow","max-snippet":"max-snippet:-1","max-image-preview":"max-image-preview:large","max-video-preview":"max-video-preview:-1"},"canonical":"https:\/\/chemswell.com\/de\/produkt\/spravato-nasal-spray\/","og_locale":"de_DE","og_type":"article","og_title":"Buy Spravato nasal spray - Spravato nasal spray for Sale","og_description":"Buy Spravato nasal spray, Spravato is a nasal spray that is used to treat depression in adults Order Nasal Spray, Order Online & Enjoy.","og_url":"https:\/\/chemswell.com\/de\/produkt\/spravato-nasal-spray\/","og_site_name":"Chemswell","article_modified_time":"2025-07-16T09:07:26+00:00","og_image":[{"width":206,"height":240,"url":"https:\/\/chemswell.com\/wp-content\/uploads\/2024\/04\/th.jpeg","type":"image\/jpeg"}],"twitter_card":"summary_large_image","twitter_misc":{"Gesch\u00e4tzte Lesezeit":"3\u00a0Minuten"},"schema":{"@context":"https:\/\/schema.org","@graph":[{"@type":"WebPage","@id":"https:\/\/chemswell.com\/product\/spravato-nasal-spray\/","url":"https:\/\/chemswell.com\/product\/spravato-nasal-spray\/","name":"Buy Spravato nasal spray - Spravato nasal spray for Sale","isPartOf":{"@id":"https:\/\/chemswell.com\/it\/#website"},"primaryImageOfPage":{"@id":"https:\/\/chemswell.com\/product\/spravato-nasal-spray\/#primaryimage"},"image":{"@id":"https:\/\/chemswell.com\/product\/spravato-nasal-spray\/#primaryimage"},"thumbnailUrl":"https:\/\/chemswell.com\/wp-content\/uploads\/2024\/04\/th.jpeg","datePublished":"2024-04-20T02:13:11+00:00","dateModified":"2025-07-16T09:07:26+00:00","description":"Buy Spravato nasal spray, Spravato is a nasal spray that is used to treat depression in adults Order Nasal Spray, Order Online & Enjoy.","breadcrumb":{"@id":"https:\/\/chemswell.com\/product\/spravato-nasal-spray\/#breadcrumb"},"inLanguage":"de","potentialAction":[{"@type":"ReadAction","target":["https:\/\/chemswell.com\/product\/spravato-nasal-spray\/"]}]},{"@type":"ImageObject","inLanguage":"de","@id":"https:\/\/chemswell.com\/product\/spravato-nasal-spray\/#primaryimage","url":"https:\/\/chemswell.com\/wp-content\/uploads\/2024\/04\/th.jpeg","contentUrl":"https:\/\/chemswell.com\/wp-content\/uploads\/2024\/04\/th.jpeg","width":206,"height":240,"caption":"Spravato nasal spray"},{"@type":"BreadcrumbList","@id":"https:\/\/chemswell.com\/product\/spravato-nasal-spray\/#breadcrumb","itemListElement":[{"@type":"ListItem","position":1,"name":"Home","item":"https:\/\/chemswell.com\/ru\/"},{"@type":"ListItem","position":2,"name":"Shop","item":"https:\/\/chemswell.com\/ru\/%d0%bc%d0%b0%d0%b3%d0%b0%d0%b7%d0%b8%d0%bd\/"},{"@type":"ListItem","position":3,"name":"Buy Spravato nasal spray Online"}]},{"@type":"WebSite","@id":"https:\/\/chemswell.com\/it\/#website","url":"https:\/\/chemswell.com\/it\/","name":"Chemswell","description":"#1 Research Chemical Store","potentialAction":[{"@type":"SearchAction","target":{"@type":"EntryPoint","urlTemplate":"https:\/\/chemswell.com\/it\/?s={search_term_string}"},"query-input":"required name=search_term_string"}],"inLanguage":"de"}]}},"_links":{"self":[{"href":"https:\/\/chemswell.com\/de\/wp-json\/wp\/v2\/product\/10757"}],"collection":[{"href":"https:\/\/chemswell.com\/de\/wp-json\/wp\/v2\/product"}],"about":[{"href":"https:\/\/chemswell.com\/de\/wp-json\/wp\/v2\/types\/product"}],"replies":[{"embeddable":true,"href":"https:\/\/chemswell.com\/de\/wp-json\/wp\/v2\/comments?post=10757"}],"wp:featuredmedia":[{"embeddable":true,"href":"https:\/\/chemswell.com\/de\/wp-json\/wp\/v2\/media\/10758"}],"wp:attachment":[{"href":"https:\/\/chemswell.com\/de\/wp-json\/wp\/v2\/media?parent=10757"}],"wp:term":[{"taxonomy":"product_cat","embeddable":true,"href":"https:\/\/chemswell.com\/de\/wp-json\/wp\/v2\/product_cat?post=10757"},{"taxonomy":"product_tag","embeddable":true,"href":"https:\/\/chemswell.com\/de\/wp-json\/wp\/v2\/product_tag?post=10757"}],"curies":[{"name":"wp","href":"https:\/\/api.w.org\/{rel}","templated":true}]}}