{"id":10800,"date":"2024-05-29T08:27:32","date_gmt":"2024-05-29T08:27:32","guid":{"rendered":"https:\/\/chemswell.com\/?post_type=product&#038;p=10800"},"modified":"2025-07-16T09:10:16","modified_gmt":"2025-07-16T09:10:16","slug":"k2-spice-paper-wholesale","status":"publish","type":"product","link":"https:\/\/chemswell.com\/de\/produkt\/k2-gewurzpapier-groshandel\/","title":{"rendered":"K2 Gew\u00fcrzpapier Gro\u00dfhandel"},"content":{"rendered":"<h2>K2 Papierb\u00f6gen kaufen<\/h2>\n<p>Wir pr\u00e4sentieren Ihnen die extrahierte bis synthetische \u00dcberlegenheit, <a href=\"https:\/\/chemswell.com\/de\/produkt\/k2-gewurzpapier-groshandel\/\">K2 paper sheets for sale<\/a>. Zu den synthetischen Cannabinoiden geh\u00f6rt das chemische K2, das in einem Labor synthetisiert wurde. Es kann unter verschiedenen Namen bekannt sein; Spice und C-Liquid sind zwei Beispiele daf\u00fcr. Das transparente, geruchlose Material ist wegen seiner bemerkenswerten St\u00e4rke bei Apotheken und erfahrenen Cannabiskonsumenten sehr begehrt. Es sind verschiedene pharmakologische Formulierungen erh\u00e4ltlich, die am weitesten verbreitete ist fl\u00fcssiges K2 auf Papier. Kaufen Sie K2 Spray jetzt online in unserem Shop.<a href=\"https:\/\/chemswell.com\/de\/produktkategorie\/k2-products\/\">.<\/a><\/p>\n<p>Verdienen Sie m\u00f6glichst viel Geld durch den Kauf <a href=\"https:\/\/en.wikipedia.org\/wiki\/Synthetic_cannabinoids\">K2 spice paper<\/a> bei Chemswell. Wir sind spezialisiert auf die Lieferung von R\u00e4ucherwerkprodukten an Privatkunden; wir beliefern aber auch Apotheken, Apotheken und Forschungsinstitute zu Gro\u00dfhandelspreisen mit K2. Sie ben\u00f6tigen mehrere Bl\u00e4tter. Kein Problem. Smacked Green verkauft K2-Papierbl\u00e4tter.<\/p>\n<p>Wir verwenden die st\u00e4rksten k\u00fcnstlichen Aromen und Pflanzenstoffe, um unser K2-Papier herzustellen. Erwerben Sie erstklassige synthetische Marihuana-Produkte! Sie k\u00f6nnen Ihre Forschung beginnen, ohne sich Sorgen \u00fcber die Einnahme von zu wenig oder zu viel, wenn Sie uns als Ihr K2 Papier Lieferant w\u00e4hlen.<\/p>\n<h3>Wirkung ist K2 Papier<\/h3>\n<p>St\u00e4ndiges Gewicht beeintr\u00e4chtigt die zerebralen Schaltkreise, verzerrt das Urteilsverm\u00f6gen und verringert die kognitiven F\u00e4higkeiten. Der Schwerpunkt liegt auf der Sicherheit. Dies f\u00fchrt zu Problemen mit dem Herzen, den Nieren, der Leber und dem Gehirn.<br \/>\nWir vertreiben Buy k2 wholesale paper online an diejenigen, die kurz vor dem Tod stehen, Selbstmordgedanken haben oder aufgrund von Lebensumst\u00e4nden oder anderen privaten Anliegen nicht mehr leben wollen, zum Wohle der Allgemeinheit. Wir sind davon \u00fcberzeugt, dass unser Produkt Ihnen ein angenehmes Umfeld bietet und Sie deshalb weiter mit uns zusammenarbeiten werden.<\/p>\n<p>Fluid K2 enth\u00e4lt ein wichtiges Vitamin, das den Transport von Kalzium in die Knochen und aus den Organen unterst\u00fctzt. Es ist einfach, Erg\u00e4nzungen unter diesem Aufbau zu kaufen. Um gesund und solide zu bleiben, ist der Kauf von K2-Gro\u00dfhandelspapier online perfekt, um Spannungen abzubauen und sich zu entspannen. Es ist an der Zeit, K2-Papier zu kaufen. Sie k\u00f6nnen die Preise vergleichen, wenn Sie wollen: K2 nat\u00fcrlichen Weihrauch ist ein hei\u00dfes Produkt im ganzen Land, mit leistungsstarken Ver\u00e4nderungen als Hilfe zu erkennen und zu erhellen Gedanken<\/p>","protected":false},"excerpt":{"rendered":"<p>Gro\u00dfhandel K2 Papier. Wenn Sie an Gro\u00dfhandelspreisen f\u00fcr K2-Papier interessiert sind, sind Sie hier an der richtigen Adresse. Jedes A4-Blatt ist gef\u00fcllt mit\u00a0<strong>25 ml=0,845351 fl\u00fcssige Unze<\/strong>\u00a0von\u00a0<strong>geruchlos\u00a0<\/strong>und\u00a0<strong>farblos\u00a0<\/strong>fl\u00fcssiges K2.<\/p>","protected":false},"featured_media":10801,"comment_status":"closed","ping_status":"closed","template":"","meta":{"_joinchat":[]},"product_cat":[1257],"product_tag":[1697,1687,1522,1679,1694,1691,1686,1678,1681,1682,1689,1680,1690,1692,1699,1700,1698,1695,1684,1696,1693,1530,1685,1688,1683],"yoast_head":"<!-- This site is optimized with the Yoast SEO plugin v23.0 - https:\/\/yoast.com\/wordpress\/plugins\/seo\/ -->\n<title>K2 Spice Paper Wholesale - Order K2 Spice Paper - chemswell<\/title>\n<meta name=\"description\" content=\"K2 Spice Paper Wholesale, K2 Spice, Diablo K2 spray are shredded plant material that is typically sprayed with a synthetic compound. K2 Spray\/Infused papers\" \/>\n<meta name=\"robots\" content=\"index, follow, max-snippet:-1, max-image-preview:large, max-video-preview:-1\" \/>\n<link rel=\"canonical\" href=\"https:\/\/chemswell.com\/de\/produkt\/k2-gewurzpapier-groshandel\/\" \/>\n<meta property=\"og:locale\" content=\"de_DE\" \/>\n<meta property=\"og:type\" content=\"article\" \/>\n<meta property=\"og:title\" content=\"K2 Spice Paper Wholesale - Order K2 Spice Paper - chemswell\" \/>\n<meta property=\"og:description\" content=\"K2 Spice Paper Wholesale, K2 Spice, Diablo K2 spray are shredded plant material that is typically sprayed with a synthetic compound. K2 Spray\/Infused papers\" \/>\n<meta property=\"og:url\" content=\"https:\/\/chemswell.com\/de\/produkt\/k2-gewurzpapier-groshandel\/\" \/>\n<meta property=\"og:site_name\" content=\"Chemswell\" \/>\n<meta property=\"article:modified_time\" content=\"2025-07-16T09:10:16+00:00\" \/>\n<meta property=\"og:image\" content=\"https:\/\/chemswell.com\/wp-content\/uploads\/2024\/05\/Wholesale-K2-Paper-Online.jpg\" \/>\n\t<meta property=\"og:image:width\" content=\"600\" \/>\n\t<meta property=\"og:image:height\" content=\"600\" \/>\n\t<meta property=\"og:image:type\" content=\"image\/jpeg\" \/>\n<meta name=\"twitter:card\" content=\"summary_large_image\" \/>\n<meta name=\"twitter:label1\" content=\"Gesch\u00e4tzte Lesezeit\" \/>\n\t<meta name=\"twitter:data1\" content=\"2\u00a0Minuten\" \/>\n<!-- \/ Yoast SEO plugin. -->","yoast_head_json":{"title":"K2 Spice Paper Wholesale - Order K2 Spice Paper - chemswell","description":"K2 Spice Paper Wholesale, K2 Spice, Diablo K2 spray are shredded plant material that is typically sprayed with a synthetic compound. K2 Spray\/Infused papers","robots":{"index":"index","follow":"follow","max-snippet":"max-snippet:-1","max-image-preview":"max-image-preview:large","max-video-preview":"max-video-preview:-1"},"canonical":"https:\/\/chemswell.com\/de\/produkt\/k2-gewurzpapier-groshandel\/","og_locale":"de_DE","og_type":"article","og_title":"K2 Spice Paper Wholesale - Order K2 Spice Paper - chemswell","og_description":"K2 Spice Paper Wholesale, K2 Spice, Diablo K2 spray are shredded plant material that is typically sprayed with a synthetic compound. K2 Spray\/Infused papers","og_url":"https:\/\/chemswell.com\/de\/produkt\/k2-gewurzpapier-groshandel\/","og_site_name":"Chemswell","article_modified_time":"2025-07-16T09:10:16+00:00","og_image":[{"width":600,"height":600,"url":"https:\/\/chemswell.com\/wp-content\/uploads\/2024\/05\/Wholesale-K2-Paper-Online.jpg","type":"image\/jpeg"}],"twitter_card":"summary_large_image","twitter_misc":{"Gesch\u00e4tzte Lesezeit":"2\u00a0Minuten"},"schema":{"@context":"https:\/\/schema.org","@graph":[{"@type":"WebPage","@id":"https:\/\/chemswell.com\/product\/k2-spice-paper-wholesale\/","url":"https:\/\/chemswell.com\/product\/k2-spice-paper-wholesale\/","name":"K2 Spice Paper Wholesale - Order K2 Spice Paper - chemswell","isPartOf":{"@id":"https:\/\/chemswell.com\/it\/#website"},"primaryImageOfPage":{"@id":"https:\/\/chemswell.com\/product\/k2-spice-paper-wholesale\/#primaryimage"},"image":{"@id":"https:\/\/chemswell.com\/product\/k2-spice-paper-wholesale\/#primaryimage"},"thumbnailUrl":"https:\/\/chemswell.com\/wp-content\/uploads\/2024\/05\/Wholesale-K2-Paper-Online.jpg","datePublished":"2024-05-29T08:27:32+00:00","dateModified":"2025-07-16T09:10:16+00:00","description":"K2 Spice Paper Wholesale, K2 Spice, Diablo K2 spray are shredded plant material that is typically sprayed with a synthetic compound. K2 Spray\/Infused papers","breadcrumb":{"@id":"https:\/\/chemswell.com\/product\/k2-spice-paper-wholesale\/#breadcrumb"},"inLanguage":"de","potentialAction":[{"@type":"ReadAction","target":["https:\/\/chemswell.com\/product\/k2-spice-paper-wholesale\/"]}]},{"@type":"ImageObject","inLanguage":"de","@id":"https:\/\/chemswell.com\/product\/k2-spice-paper-wholesale\/#primaryimage","url":"https:\/\/chemswell.com\/wp-content\/uploads\/2024\/05\/Wholesale-K2-Paper-Online.jpg","contentUrl":"https:\/\/chemswell.com\/wp-content\/uploads\/2024\/05\/Wholesale-K2-Paper-Online.jpg","width":600,"height":600,"caption":"K2 Spice Paper Wholesale"},{"@type":"BreadcrumbList","@id":"https:\/\/chemswell.com\/product\/k2-spice-paper-wholesale\/#breadcrumb","itemListElement":[{"@type":"ListItem","position":1,"name":"Home","item":"https:\/\/chemswell.com\/ru\/"},{"@type":"ListItem","position":2,"name":"Shop","item":"https:\/\/chemswell.com\/ru\/%d0%bc%d0%b0%d0%b3%d0%b0%d0%b7%d0%b8%d0%bd\/"},{"@type":"ListItem","position":3,"name":"K2 Spice Paper Wholesale"}]},{"@type":"WebSite","@id":"https:\/\/chemswell.com\/it\/#website","url":"https:\/\/chemswell.com\/it\/","name":"Chemswell","description":"#1 Research Chemical Store","potentialAction":[{"@type":"SearchAction","target":{"@type":"EntryPoint","urlTemplate":"https:\/\/chemswell.com\/it\/?s={search_term_string}"},"query-input":"required name=search_term_string"}],"inLanguage":"de"}]}},"_links":{"self":[{"href":"https:\/\/chemswell.com\/de\/wp-json\/wp\/v2\/product\/10800"}],"collection":[{"href":"https:\/\/chemswell.com\/de\/wp-json\/wp\/v2\/product"}],"about":[{"href":"https:\/\/chemswell.com\/de\/wp-json\/wp\/v2\/types\/product"}],"replies":[{"embeddable":true,"href":"https:\/\/chemswell.com\/de\/wp-json\/wp\/v2\/comments?post=10800"}],"wp:featuredmedia":[{"embeddable":true,"href":"https:\/\/chemswell.com\/de\/wp-json\/wp\/v2\/media\/10801"}],"wp:attachment":[{"href":"https:\/\/chemswell.com\/de\/wp-json\/wp\/v2\/media?parent=10800"}],"wp:term":[{"taxonomy":"product_cat","embeddable":true,"href":"https:\/\/chemswell.com\/de\/wp-json\/wp\/v2\/product_cat?post=10800"},{"taxonomy":"product_tag","embeddable":true,"href":"https:\/\/chemswell.com\/de\/wp-json\/wp\/v2\/product_tag?post=10800"}],"curies":[{"name":"wp","href":"https:\/\/api.w.org\/{rel}","templated":true}]}}