{"id":9783,"date":"2023-01-18T11:03:15","date_gmt":"2023-01-18T11:03:15","guid":{"rendered":"https:\/\/legitchemicals.com\/chemswell\/product\/import-placeholder-for-40\/"},"modified":"2026-02-28T10:31:55","modified_gmt":"2026-02-28T10:31:55","slug":"7h-herbal-incense","status":"publish","type":"product","link":"https:\/\/chemswell.com\/de\/produkt\/7h-herbal-incense\/","title":{"rendered":"Buy 7h Herbal Incense Online"},"content":{"rendered":"<h2>Holen Sie sich 7h Kr\u00e4uterr\u00e4ucherst\u00e4bchen zum Verkauf bei ChemsWell!<\/h2>\n<p><a href=\"https:\/\/chemswell.com\/de\/produkt\/7h-herbal-incense\/\">Buy 7h Herbal Incense online<\/a>, Are you searching for a way to bring more peace and relaxation into your life? 7H Herbal Incense for sale might be the answer you&#8217;ve been searching for. Whether you want to use it for meditation, to improve your sleep, or just to fill your home with a pleasant aroma, 7H herbal incense can provide the soothing atmosphere you&#8217;re looking for. At <a href=\"https:\/\/chemswell.com\/de\/\">ChemsWell<\/a>, you can easily order 7H Herbal incense online at the best prices available.<\/p>\n<h3>Was ist 7h Kr\u00e4uterr\u00e4ucherst\u00e4bchen?<\/h3>\n<p>7h Herbal Incense ist eine einzigartige Form von Weihrauch, die in vielen verschiedenen Kulturen eine lange Geschichte hat. Es ist bekannt f\u00fcr seine kraftvollen und wohltuenden Wirkungen, die helfen k\u00f6nnen, Ihre geistige und k\u00f6rperliche Gesundheit zu verbessern.<\/p>\n<p>7h Herbal Incense ist in erster Linie f\u00fcr seine langanhaltende Wirkung bekannt. Im Gegensatz zu herk\u00f6mmlichem R\u00e4ucherwerk, das einmal verwendet und dann entsorgt werden soll, kann 7h Herbal Incense immer wieder verwendet werden, ohne seine Wirksamkeit zu verlieren. Dies macht es zu einer gro\u00dfartigen Wahl, wenn Sie Ihre geistige oder k\u00f6rperliche Gesundheit schrittweise verbessern m\u00f6chten \u2013 und nicht \u00fcber Nacht.<\/p>\n<p>7h Herbal Incense hat eine Vielzahl von Anwendungen. Ob Sie es zu Entspannungszwecken oder zur Verbesserung Ihres spirituellen Lebens verwenden m\u00f6chten, es gibt wahrscheinlich eine Option f\u00fcr Sie! Dar\u00fcber hinaus bietet 7h Kr\u00e4uterr\u00e4ucherst\u00e4bchen verschiedene Vorteile, wenn es in Kombination mit anderen Arten von R\u00e4ucherst\u00e4bchen verwendet wird \u2013 daher ist es wichtig, die richtige Mischung f\u00fcr Sie zu finden!<\/p>\n<p>Schlie\u00dflich ist eine \u00dcberlegung bei der Verwendung jeglicher Art von R\u00e4ucherwerk die Sicherheit. Lesen Sie immer die Inhaltsstoffe, bevor Sie ein neues Produkt verwenden, insbesondere wenn es von einem Arzt verschrieben wurde. Vermeiden Sie au\u00dferdem immer das Rauchen, w\u00e4hrend Sie Kr\u00e4uter jeglicher Art verwenden, da sie sich negativ gegenseitig beeinflussen k\u00f6nnen.<\/p>\n<h3>Verwendung von 7h Kr\u00e4uterr\u00e4ucherst\u00e4bchen<\/h3>\n<p>Kaufen Sie 7H Herbal Incense, weil es ein nat\u00fcrliches Kr\u00e4uterprodukt ist, das nat\u00fcrliche Kr\u00e4uterextrakte enth\u00e4lt. Diese Extrakte sind daf\u00fcr bekannt, R\u00e4ume zu erfrischen und Ger\u00fcche zu neutralisieren. Es kann auch verwendet werden, um Stress und Angst abzubauen, Depressionen zu bek\u00e4mpfen und in Zeiten von hohem Stress oder \u00fcberw\u00e4ltigenden Emotionen ein Gef\u00fchl der Ruhe zu vermitteln. Die nat\u00fcrlichen Eigenschaften von 7h Herbal Incense k\u00f6nnen auch dazu beitragen, den Fokus und die geistige Klarheit zu verbessern, was zu einer verbesserten Lebensqualit\u00e4t f\u00fchrt.<\/p>\n<p>Kaufen Sie noch heute 7H Kr\u00e4uterr\u00e4ucherst\u00e4bchen online bei ChemsWell und erwarten Sie die Lieferung in K\u00fcrze!<\/p>","protected":false},"excerpt":{"rendered":"<p>Get 7h Herbal Incense for Sale at ChemsWell! Buy 7h Herbal Incense online, Are you searching for a way to bring more<\/p>","protected":false},"featured_media":9945,"comment_status":"open","ping_status":"closed","template":"","meta":{"_joinchat":[]},"product_cat":[1255],"product_tag":[],"yoast_head":"<!-- This site is optimized with the Yoast SEO plugin v23.0 - https:\/\/yoast.com\/wordpress\/plugins\/seo\/ -->\n<title>Buy 7h Herbal Incense Online - 7h Herbal Incense for Sale | CW<\/title>\n<meta name=\"description\" content=\"If you wish to buy 7h herbal incense online, our online Chemswell store can help. We have 7h herbal incense for sale at the best rates here. Place your order now\" \/>\n<meta name=\"robots\" content=\"index, follow, max-snippet:-1, max-image-preview:large, max-video-preview:-1\" \/>\n<link rel=\"canonical\" href=\"https:\/\/chemswell.com\/de\/produkt\/7h-herbal-incense\/\" \/>\n<meta property=\"og:locale\" content=\"de_DE\" \/>\n<meta property=\"og:type\" content=\"article\" \/>\n<meta property=\"og:title\" content=\"Buy 7h Herbal Incense Online - 7h Herbal Incense for Sale | CW\" \/>\n<meta property=\"og:description\" content=\"If you wish to buy 7h herbal incense online, our online Chemswell store can help. We have 7h herbal incense for sale at the best rates here. Place your order now\" \/>\n<meta property=\"og:url\" content=\"https:\/\/chemswell.com\/de\/produkt\/7h-herbal-incense\/\" \/>\n<meta property=\"og:site_name\" content=\"Chemswell\" \/>\n<meta property=\"article:modified_time\" content=\"2026-02-28T10:31:55+00:00\" \/>\n<meta property=\"og:image\" content=\"https:\/\/chemswell.com\/wp-content\/uploads\/2023\/01\/7h-Herbal-Incense.jpg\" \/>\n\t<meta property=\"og:image:width\" content=\"600\" \/>\n\t<meta property=\"og:image:height\" content=\"600\" \/>\n\t<meta property=\"og:image:type\" content=\"image\/jpeg\" \/>\n<meta name=\"twitter:card\" content=\"summary_large_image\" \/>\n<meta name=\"twitter:label1\" content=\"Gesch\u00e4tzte Lesezeit\" \/>\n\t<meta name=\"twitter:data1\" content=\"2\u00a0Minuten\" \/>\n<!-- \/ Yoast SEO plugin. -->","yoast_head_json":{"title":"Buy 7h Herbal Incense Online - 7h Herbal Incense for Sale | CW","description":"If you wish to buy 7h herbal incense online, our online Chemswell store can help. We have 7h herbal incense for sale at the best rates here. Place your order now","robots":{"index":"index","follow":"follow","max-snippet":"max-snippet:-1","max-image-preview":"max-image-preview:large","max-video-preview":"max-video-preview:-1"},"canonical":"https:\/\/chemswell.com\/de\/produkt\/7h-herbal-incense\/","og_locale":"de_DE","og_type":"article","og_title":"Buy 7h Herbal Incense Online - 7h Herbal Incense for Sale | CW","og_description":"If you wish to buy 7h herbal incense online, our online Chemswell store can help. We have 7h herbal incense for sale at the best rates here. Place your order now","og_url":"https:\/\/chemswell.com\/de\/produkt\/7h-herbal-incense\/","og_site_name":"Chemswell","article_modified_time":"2026-02-28T10:31:55+00:00","og_image":[{"width":600,"height":600,"url":"https:\/\/chemswell.com\/wp-content\/uploads\/2023\/01\/7h-Herbal-Incense.jpg","type":"image\/jpeg"}],"twitter_card":"summary_large_image","twitter_misc":{"Gesch\u00e4tzte Lesezeit":"2\u00a0Minuten"},"schema":{"@context":"https:\/\/schema.org","@graph":[{"@type":"WebPage","@id":"https:\/\/chemswell.com\/product\/7h-herbal-incense\/","url":"https:\/\/chemswell.com\/product\/7h-herbal-incense\/","name":"Buy 7h Herbal Incense Online - 7h Herbal Incense for Sale | CW","isPartOf":{"@id":"https:\/\/chemswell.com\/it\/#website"},"primaryImageOfPage":{"@id":"https:\/\/chemswell.com\/product\/7h-herbal-incense\/#primaryimage"},"image":{"@id":"https:\/\/chemswell.com\/product\/7h-herbal-incense\/#primaryimage"},"thumbnailUrl":"https:\/\/chemswell.com\/wp-content\/uploads\/2023\/01\/7h-Herbal-Incense.jpg","datePublished":"2023-01-18T11:03:15+00:00","dateModified":"2026-02-28T10:31:55+00:00","description":"If you wish to buy 7h herbal incense online, our online Chemswell store can help. We have 7h herbal incense for sale at the best rates here. Place your order now","breadcrumb":{"@id":"https:\/\/chemswell.com\/product\/7h-herbal-incense\/#breadcrumb"},"inLanguage":"de","potentialAction":[{"@type":"ReadAction","target":["https:\/\/chemswell.com\/product\/7h-herbal-incense\/"]}]},{"@type":"ImageObject","inLanguage":"de","@id":"https:\/\/chemswell.com\/product\/7h-herbal-incense\/#primaryimage","url":"https:\/\/chemswell.com\/wp-content\/uploads\/2023\/01\/7h-Herbal-Incense.jpg","contentUrl":"https:\/\/chemswell.com\/wp-content\/uploads\/2023\/01\/7h-Herbal-Incense.jpg","width":600,"height":600,"caption":"7h-Herbal-Incense"},{"@type":"BreadcrumbList","@id":"https:\/\/chemswell.com\/product\/7h-herbal-incense\/#breadcrumb","itemListElement":[{"@type":"ListItem","position":1,"name":"Home","item":"https:\/\/chemswell.com\/ru\/"},{"@type":"ListItem","position":2,"name":"Shop","item":"https:\/\/chemswell.com\/ru\/%d0%bc%d0%b0%d0%b3%d0%b0%d0%b7%d0%b8%d0%bd\/"},{"@type":"ListItem","position":3,"name":"Buy 7h Herbal Incense Online"}]},{"@type":"WebSite","@id":"https:\/\/chemswell.com\/it\/#website","url":"https:\/\/chemswell.com\/it\/","name":"Chemswell","description":"#1 Research Chemical Store","potentialAction":[{"@type":"SearchAction","target":{"@type":"EntryPoint","urlTemplate":"https:\/\/chemswell.com\/it\/?s={search_term_string}"},"query-input":"required name=search_term_string"}],"inLanguage":"de"}]}},"_links":{"self":[{"href":"https:\/\/chemswell.com\/de\/wp-json\/wp\/v2\/product\/9783"}],"collection":[{"href":"https:\/\/chemswell.com\/de\/wp-json\/wp\/v2\/product"}],"about":[{"href":"https:\/\/chemswell.com\/de\/wp-json\/wp\/v2\/types\/product"}],"replies":[{"embeddable":true,"href":"https:\/\/chemswell.com\/de\/wp-json\/wp\/v2\/comments?post=9783"}],"wp:featuredmedia":[{"embeddable":true,"href":"https:\/\/chemswell.com\/de\/wp-json\/wp\/v2\/media\/9945"}],"wp:attachment":[{"href":"https:\/\/chemswell.com\/de\/wp-json\/wp\/v2\/media?parent=9783"}],"wp:term":[{"taxonomy":"product_cat","embeddable":true,"href":"https:\/\/chemswell.com\/de\/wp-json\/wp\/v2\/product_cat?post=9783"},{"taxonomy":"product_tag","embeddable":true,"href":"https:\/\/chemswell.com\/de\/wp-json\/wp\/v2\/product_tag?post=9783"}],"curies":[{"name":"wp","href":"https:\/\/api.w.org\/{rel}","templated":true}]}}