{"id":9849,"date":"2023-01-18T11:03:28","date_gmt":"2023-01-18T11:03:28","guid":{"rendered":"https:\/\/legitchemicals.com\/chemswell\/product\/import-placeholder-for-108\/"},"modified":"2025-04-13T00:54:12","modified_gmt":"2025-04-13T00:54:12","slug":"jungle-juice-liquid-incense","status":"publish","type":"product","link":"https:\/\/chemswell.com\/de\/produkt\/dschungel-saft-flussig-weihrauch\/","title":{"rendered":"Dschungelsaft Fl\u00fcssig Weihrauch"},"content":{"rendered":"<h2>Kaufen Sie Jungle Juice Liquid Weihrauch bei ChemsWell<\/h2>\n<p>Suchen Sie nach einem nat\u00fcrlichen Weg, um Ihre spirituelle Praxis zu verbessern? M\u00f6chten Sie neue und exotische D\u00fcfte entdecken? Suchen Sie nicht weiter als <a href=\"https:\/\/chemswell.com\/de\/produkt\/dschungel-saft-flussig-weihrauch\/\"><strong>Jungle Juice Liquid R\u00e4ucherst\u00e4bchen zu verkaufen<\/strong><\/a>. Dieser einzigartige Duft wird aus nat\u00fcrlichen Inhaltsstoffen hergestellt und kann verwendet werden, um Ihre spirituelle Reise auf vielf\u00e4ltige Weise zu verbessern.<\/p>\n<p><strong>Jungle Juice Fl\u00fcssiges R\u00e4ucherwerk online<\/strong> wird aus nat\u00fcrlichen Inhaltsstoffen hergestellt, darunter Weihrauch, Myrrhe und Cassia. Diese Inhaltsstoffe sollen eine Vielzahl von Vorteilen haben, darunter die Unterst\u00fctzung der Meditation, die Steigerung der Kreativit\u00e4t und die Verbesserung der Stimmung. Dar\u00fcber hinaus ist Jungle Juice Liquid Incense bei Chemswell Chemists ohne Sicherheitsrisiken oder Bedenken erh\u00e4ltlich. <a href=\"https:\/\/chemswell.com\/de\/\">Chemswell<\/a> Chemists without any safety risks or concerns.<\/p>\n<p>Wenn Sie m\u00f6chten <strong>Kaufen Sie Jungle Juice Liquid Weihrauch bei ChemsWell<\/strong>e, stellen Sie sicher, dass Sie unsere vertrauensw\u00fcrdige Plattform verwenden. Wir bieten einen sicheren Checkout-Prozess und wettbewerbsf\u00e4hige Preise, die Sie nicht entt\u00e4uschen werden. Dar\u00fcber hinaus empfehlen wir, Jungle Juice Liquid Incense an einem k\u00fchlen Ort ohne direkte Sonneneinstrahlung oder W\u00e4rmequellen aufzubewahren. Schlie\u00dflich ist es immer am besten, unbenutzte Produkte verantwortungsvoll zu entsorgen, indem Sie sie recyceln oder in den M\u00fclleimer werfen.<\/p>\n<h3><strong>Warum bei ChemsWell kaufen?<\/strong><\/h3>\n<p>Beim Kauf von Chemikalien gibt es viele M\u00f6glichkeiten, und es kann schwierig sein, zu wissen, welchen Lieferanten man w\u00e4hlen soll. ChemsWell bietet eine gro\u00dfe Auswahl an Chemikalien und verwandten Produkten zu wettbewerbsf\u00e4higen Preisen, mit dem zus\u00e4tzlichen Vorteil einer soliden Qualit\u00e4tskontrolle und ISO 90012015-Zertifizierung. Dies stellt sicher, dass Ihre Produkte von h\u00f6chster Qualit\u00e4t sind und Sie Unterst\u00fctzung von einem zuverl\u00e4ssigen Lieferanten erhalten.<\/p>\n<p>ChemsWell bietet nicht nur die breiteste verf\u00fcgbare Produktpalette, sondern unser Team ist hochqualifiziert und erfahren auf seinem Gebiet. Wir arbeiten eng mit unseren Kunden zusammen, um ma\u00dfgeschneiderte L\u00f6sungen f\u00fcr ihre Projekte zu entwickeln und sicherzustellen, dass sie immer den bestm\u00f6glichen Service erhalten. Dar\u00fcber hinaus bieten wir Vertriebsunterst\u00fctzung f\u00fcr die technischen und regulatorischen Aspekte eines Projekts an, damit Sie sicher sein k\u00f6nnen, die richtige Wahl f\u00fcr Ihre Bed\u00fcrfnisse zu treffen.<\/p>\n<p><strong>Order Jungle Juice Liquid <a href=\"https:\/\/en.wikipedia.org\/wiki\/Incense\">Incense<\/a> online<\/strong> online bei ChemsWell heute! <a href=\"https:\/\/chemswell.com\/de\/produkt\/dschungel-saft-flussig-weihrauch\/\">!<\/a><\/p>","protected":false},"excerpt":{"rendered":"<p>Buy Jungle Juice Liquid Incense At ChemsWell Sind Sie auf der Suche nach einem nat\u00fcrlichen Weg, um Ihre spirituelle Praxis zu verbessern? M\u00f6chten Sie<\/p>","protected":false},"featured_media":9936,"comment_status":"open","ping_status":"closed","template":"","meta":{"_joinchat":[]},"product_cat":[1256],"product_tag":[2962,2952,1522,2944,2959,2956,2951,2943,2946,2947,2954,2945,2955,2957,2964,2965,2963,2960,2949,2961,2958,1530,2950,2953,2948],"yoast_head":"<!-- This site is optimized with the Yoast SEO plugin v23.0 - https:\/\/yoast.com\/wordpress\/plugins\/seo\/ -->\n<title>Buy Jungle Juice Liquid Incense Online | Chemswell<\/title>\n<meta name=\"description\" content=\"Buy Jungle Juice Liquid Incense At ChemsWell Are you looking for a natural way to enhance your spiritual practice? Do you want to order Jungle Juice Incense for sale.\" \/>\n<meta name=\"robots\" content=\"index, follow, max-snippet:-1, max-image-preview:large, max-video-preview:-1\" \/>\n<link rel=\"canonical\" href=\"https:\/\/chemswell.com\/de\/produkt\/dschungel-saft-flussig-weihrauch\/\" \/>\n<meta property=\"og:locale\" content=\"de_DE\" \/>\n<meta property=\"og:type\" content=\"article\" \/>\n<meta property=\"og:title\" content=\"Buy Jungle Juice Liquid Incense Online | Chemswell\" \/>\n<meta property=\"og:description\" content=\"Buy Jungle Juice Liquid Incense At ChemsWell Are you looking for a natural way to enhance your spiritual practice? Do you want to order Jungle Juice Incense for sale.\" \/>\n<meta property=\"og:url\" content=\"https:\/\/chemswell.com\/de\/produkt\/dschungel-saft-flussig-weihrauch\/\" \/>\n<meta property=\"og:site_name\" content=\"Chemswell\" \/>\n<meta property=\"article:modified_time\" content=\"2025-04-13T00:54:12+00:00\" \/>\n<meta property=\"og:image\" content=\"https:\/\/chemswell.com\/wp-content\/uploads\/2023\/01\/Jungle-Juice-Liquid-Incense.jpg\" \/>\n\t<meta property=\"og:image:width\" content=\"600\" \/>\n\t<meta property=\"og:image:height\" content=\"600\" \/>\n\t<meta property=\"og:image:type\" content=\"image\/jpeg\" \/>\n<meta name=\"twitter:card\" content=\"summary_large_image\" \/>\n<meta name=\"twitter:label1\" content=\"Gesch\u00e4tzte Lesezeit\" \/>\n\t<meta name=\"twitter:data1\" content=\"2\u00a0Minuten\" \/>\n<!-- \/ Yoast SEO plugin. -->","yoast_head_json":{"title":"Buy Jungle Juice Liquid Incense Online | Chemswell","description":"Buy Jungle Juice Liquid Incense At ChemsWell Are you looking for a natural way to enhance your spiritual practice? Do you want to order Jungle Juice Incense for sale.","robots":{"index":"index","follow":"follow","max-snippet":"max-snippet:-1","max-image-preview":"max-image-preview:large","max-video-preview":"max-video-preview:-1"},"canonical":"https:\/\/chemswell.com\/de\/produkt\/dschungel-saft-flussig-weihrauch\/","og_locale":"de_DE","og_type":"article","og_title":"Buy Jungle Juice Liquid Incense Online | Chemswell","og_description":"Buy Jungle Juice Liquid Incense At ChemsWell Are you looking for a natural way to enhance your spiritual practice? Do you want to order Jungle Juice Incense for sale.","og_url":"https:\/\/chemswell.com\/de\/produkt\/dschungel-saft-flussig-weihrauch\/","og_site_name":"Chemswell","article_modified_time":"2025-04-13T00:54:12+00:00","og_image":[{"width":600,"height":600,"url":"https:\/\/chemswell.com\/wp-content\/uploads\/2023\/01\/Jungle-Juice-Liquid-Incense.jpg","type":"image\/jpeg"}],"twitter_card":"summary_large_image","twitter_misc":{"Gesch\u00e4tzte Lesezeit":"2\u00a0Minuten"},"schema":{"@context":"https:\/\/schema.org","@graph":[{"@type":"WebPage","@id":"https:\/\/chemswell.com\/product\/jungle-juice-liquid-incense\/","url":"https:\/\/chemswell.com\/product\/jungle-juice-liquid-incense\/","name":"Buy Jungle Juice Liquid Incense Online | Chemswell","isPartOf":{"@id":"https:\/\/chemswell.com\/it\/#website"},"primaryImageOfPage":{"@id":"https:\/\/chemswell.com\/product\/jungle-juice-liquid-incense\/#primaryimage"},"image":{"@id":"https:\/\/chemswell.com\/product\/jungle-juice-liquid-incense\/#primaryimage"},"thumbnailUrl":"https:\/\/chemswell.com\/wp-content\/uploads\/2023\/01\/Jungle-Juice-Liquid-Incense.jpg","datePublished":"2023-01-18T11:03:28+00:00","dateModified":"2025-04-13T00:54:12+00:00","description":"Buy Jungle Juice Liquid Incense At ChemsWell Are you looking for a natural way to enhance your spiritual practice? Do you want to order Jungle Juice Incense for sale.","breadcrumb":{"@id":"https:\/\/chemswell.com\/product\/jungle-juice-liquid-incense\/#breadcrumb"},"inLanguage":"de","potentialAction":[{"@type":"ReadAction","target":["https:\/\/chemswell.com\/product\/jungle-juice-liquid-incense\/"]}]},{"@type":"ImageObject","inLanguage":"de","@id":"https:\/\/chemswell.com\/product\/jungle-juice-liquid-incense\/#primaryimage","url":"https:\/\/chemswell.com\/wp-content\/uploads\/2023\/01\/Jungle-Juice-Liquid-Incense.jpg","contentUrl":"https:\/\/chemswell.com\/wp-content\/uploads\/2023\/01\/Jungle-Juice-Liquid-Incense.jpg","width":600,"height":600,"caption":"Jungle-Juice-Liquid-Incense"},{"@type":"BreadcrumbList","@id":"https:\/\/chemswell.com\/product\/jungle-juice-liquid-incense\/#breadcrumb","itemListElement":[{"@type":"ListItem","position":1,"name":"Home","item":"https:\/\/chemswell.com\/ru\/"},{"@type":"ListItem","position":2,"name":"Shop","item":"https:\/\/chemswell.com\/ru\/%d0%bc%d0%b0%d0%b3%d0%b0%d0%b7%d0%b8%d0%bd\/"},{"@type":"ListItem","position":3,"name":"Jungle Juice Liquid Incense"}]},{"@type":"WebSite","@id":"https:\/\/chemswell.com\/it\/#website","url":"https:\/\/chemswell.com\/it\/","name":"Chemswell","description":"#1 Research Chemical Store","potentialAction":[{"@type":"SearchAction","target":{"@type":"EntryPoint","urlTemplate":"https:\/\/chemswell.com\/it\/?s={search_term_string}"},"query-input":"required name=search_term_string"}],"inLanguage":"de"}]}},"_links":{"self":[{"href":"https:\/\/chemswell.com\/de\/wp-json\/wp\/v2\/product\/9849"}],"collection":[{"href":"https:\/\/chemswell.com\/de\/wp-json\/wp\/v2\/product"}],"about":[{"href":"https:\/\/chemswell.com\/de\/wp-json\/wp\/v2\/types\/product"}],"replies":[{"embeddable":true,"href":"https:\/\/chemswell.com\/de\/wp-json\/wp\/v2\/comments?post=9849"}],"wp:featuredmedia":[{"embeddable":true,"href":"https:\/\/chemswell.com\/de\/wp-json\/wp\/v2\/media\/9936"}],"wp:attachment":[{"href":"https:\/\/chemswell.com\/de\/wp-json\/wp\/v2\/media?parent=9849"}],"wp:term":[{"taxonomy":"product_cat","embeddable":true,"href":"https:\/\/chemswell.com\/de\/wp-json\/wp\/v2\/product_cat?post=9849"},{"taxonomy":"product_tag","embeddable":true,"href":"https:\/\/chemswell.com\/de\/wp-json\/wp\/v2\/product_tag?post=9849"}],"curies":[{"name":"wp","href":"https:\/\/api.w.org\/{rel}","templated":true}]}}