{"id":9911,"date":"2023-01-18T11:03:43","date_gmt":"2023-01-18T11:03:43","guid":{"rendered":"https:\/\/legitchemicals.com\/chemswell\/product\/import-placeholder-for-171\/"},"modified":"2025-01-08T09:34:24","modified_gmt":"2025-01-08T09:34:24","slug":"space-cadet-herbal-incense","status":"publish","type":"product","link":"https:\/\/chemswell.com\/de\/produkt\/raumkadett-krauterweihrauch\/","title":{"rendered":"Space Cadet Kr\u00e4uterweihrauch"},"content":{"rendered":"<h2>Kaufen Sie Space Cadet Kr\u00e4uterr\u00e4ucherst\u00e4bchen bei ChemsWell!<\/h2>\n<p>Wenn Sie auf der Suche nach hochwertigem, chemiefreiem Kr\u00e4uterweihrauch sind, <a href=\"https:\/\/chemswell.com\/de\/produkt\/raumkadett-krauterweihrauch\/\">Space Cadet Kr\u00e4uterweihrauch online kaufen<\/a> bei ChemsWell. Unsere Produkte stammen aus den renommiertesten Labors der Welt und wurden entwickelt, um aufregende Aromen f\u00fcr die Verwendung in Ritualen und Zeremonien zu liefern. Unsere nat\u00fcrlichen Inhaltsstoffe werden verwendet, um wirksame und sichere Produkte zu produzieren, die Ihr spirituelles und emotionales Wohlbefinden steigern werden.<\/p>\n<p><a href=\"https:\/\/en.wikipedia.org\/wiki\/Synthetic_cannabinoids\"><strong>Space Cadet Herbal Incense zu verkaufen<\/strong><\/a> ist in einer Vielzahl verschiedener Aromen erh\u00e4ltlich, die jeden ansprechen werden, darunter Zitrus-, Minz-, Lavendel-, Vanille- und Holzd\u00fcfte. Und unser sicheres Online-Bestellverfahren macht es Ihnen leicht, einen herrlich duftenden Weihrauch genau dann zu bekommen, wenn Sie ihn brauchen. <a href=\"https:\/\/chemswell.com\/de\/\">Chemswell<\/a><\/p>\n<p>Unsere laborgepr\u00fcften Chemikalien und die Analyse des chemischen Profils bedeuten, dass Sie unseren Produkten vertrauen k\u00f6nnen - sie sind garantiert wirksam und sicher. Wir bieten au\u00dferdem einen kosteng\u00fcnstigen weltweiten Versand mit diskreter Verpackung, damit Sie Ihre Privatsph\u00e4re bewahren k\u00f6nnen.<a href=\"https:\/\/chemswell.com\/de\/produkt\/raumkadett-krauterweihrauch\/\">.<\/a><\/p>\n<h3>Lagerungshinweise f\u00fcr Space Cadet Herbal Incense<\/h3>\n<p>Um Ihre Dosis von Space Cadet sicher und verantwortungsbewusst zu lagern und abzumessen, beachten Sie bitte die folgenden Richtlinien: Bewahren Sie das R\u00e4ucherst\u00e4bchen an einem k\u00fchlen, trockenen Ort auf und sch\u00fctzen Sie es vor direkter Sonneneinstrahlung; messen Sie Ihre Dosis nach Gewicht und nicht nach Volumen; vermeiden Sie das Rauchen w\u00e4hrend der Einnahme von Space Cadet; wenn Sie nach der Einnahme von Space Cadet negative Nebenwirkungen wie Schl\u00e4frigkeit oder Koordinationsst\u00f6rungen versp\u00fcren, brechen Sie die Einnahme bitte sofort ab und wenden Sie sich an Ihren medizinischen Betreuer.<\/p>\n<p>Chemswell bietet sicheres Online-Shopping f\u00fcr pflanzliche R\u00e4uchermittel wie Space Cadet durch Qualit\u00e4tskontrollma\u00dfnahmen wie einen sicheren Zahlungsprozess und diskrete Verpackung. Alle Produkte, die \u00fcber Chemswell verkauft werden, sind in den meisten L\u00e4ndern weltweit aufgrund ihrer konventionellen Inhaltsstofflisten (Eukalyptus\u00f6l usw.) legal. Au\u00dferdem nehmen wir bei ChemsWell den Schutz der Privatsph\u00e4re sehr ernst und werden niemals Kundendaten ohne deren ausdr\u00fcckliche Zustimmung verkaufen.<\/p>\n<p>Sie k\u00f6nnen Space Cadet Herbal Incense jetzt einfach online bei ChemsWell bestellen. Wir sind hier, um Ihre Bestellung innerhalb eines kurzen Zeitraums zu liefern<a href=\"https:\/\/en.wikisource.org\/wiki\/Hobson-Jobson\/B\">.<\/a><\/p>","protected":false},"excerpt":{"rendered":"<p>Space Cadet Herbal Incense bei ChemsWell kaufen! Wenn Sie auf der Suche nach hochwertigem, chemiefreiem Kr\u00e4uterweihrauch sind, kaufen Sie Space Cadet Herbal Incense online bei<\/p>","protected":false},"featured_media":9927,"comment_status":"open","ping_status":"closed","template":"","meta":{"_joinchat":[]},"product_cat":[1256],"product_tag":[3193,3183,1522,3175,3190,3187,3182,3180,3192,3189,3174,3177,3185,3176,3186,3178,3188,3195,3196,3194,3191,1530,3181,3184,3179],"yoast_head":"<!-- This site is optimized with the Yoast SEO plugin v23.0 - https:\/\/yoast.com\/wordpress\/plugins\/seo\/ -->\n<title>Buy Space Cadet Herbal Incense Online @ Best Price | Chemswell<\/title>\n<meta name=\"description\" content=\"At our Chemswell, you can get space cadet herbal incense for sale at cheap rates. Here you can buy space cadet herbal incense online. Place your order now!\" \/>\n<meta name=\"robots\" content=\"index, follow, max-snippet:-1, max-image-preview:large, max-video-preview:-1\" \/>\n<link rel=\"canonical\" href=\"https:\/\/chemswell.com\/de\/produkt\/raumkadett-krauterweihrauch\/\" \/>\n<meta property=\"og:locale\" content=\"de_DE\" \/>\n<meta property=\"og:type\" content=\"article\" \/>\n<meta property=\"og:title\" content=\"Buy Space Cadet Herbal Incense Online @ Best Price | Chemswell\" \/>\n<meta property=\"og:description\" content=\"At our Chemswell, you can get space cadet herbal incense for sale at cheap rates. Here you can buy space cadet herbal incense online. Place your order now!\" \/>\n<meta property=\"og:url\" content=\"https:\/\/chemswell.com\/de\/produkt\/raumkadett-krauterweihrauch\/\" \/>\n<meta property=\"og:site_name\" content=\"Chemswell\" \/>\n<meta property=\"article:modified_time\" content=\"2025-01-08T09:34:24+00:00\" \/>\n<meta property=\"og:image\" content=\"https:\/\/chemswell.com\/wp-content\/uploads\/2023\/01\/Space-Cadet-Herbal-Incense.jpg\" \/>\n\t<meta property=\"og:image:width\" content=\"600\" \/>\n\t<meta property=\"og:image:height\" content=\"600\" \/>\n\t<meta property=\"og:image:type\" content=\"image\/jpeg\" \/>\n<meta name=\"twitter:card\" content=\"summary_large_image\" \/>\n<meta name=\"twitter:label1\" content=\"Gesch\u00e4tzte Lesezeit\" \/>\n\t<meta name=\"twitter:data1\" content=\"2\u00a0Minuten\" \/>\n<!-- \/ Yoast SEO plugin. -->","yoast_head_json":{"title":"Buy Space Cadet Herbal Incense Online @ Best Price | Chemswell","description":"At our Chemswell, you can get space cadet herbal incense for sale at cheap rates. Here you can buy space cadet herbal incense online. Place your order now!","robots":{"index":"index","follow":"follow","max-snippet":"max-snippet:-1","max-image-preview":"max-image-preview:large","max-video-preview":"max-video-preview:-1"},"canonical":"https:\/\/chemswell.com\/de\/produkt\/raumkadett-krauterweihrauch\/","og_locale":"de_DE","og_type":"article","og_title":"Buy Space Cadet Herbal Incense Online @ Best Price | Chemswell","og_description":"At our Chemswell, you can get space cadet herbal incense for sale at cheap rates. Here you can buy space cadet herbal incense online. Place your order now!","og_url":"https:\/\/chemswell.com\/de\/produkt\/raumkadett-krauterweihrauch\/","og_site_name":"Chemswell","article_modified_time":"2025-01-08T09:34:24+00:00","og_image":[{"width":600,"height":600,"url":"https:\/\/chemswell.com\/wp-content\/uploads\/2023\/01\/Space-Cadet-Herbal-Incense.jpg","type":"image\/jpeg"}],"twitter_card":"summary_large_image","twitter_misc":{"Gesch\u00e4tzte Lesezeit":"2\u00a0Minuten"},"schema":{"@context":"https:\/\/schema.org","@graph":[{"@type":"WebPage","@id":"https:\/\/chemswell.com\/product\/space-cadet-herbal-incense\/","url":"https:\/\/chemswell.com\/product\/space-cadet-herbal-incense\/","name":"Buy Space Cadet Herbal Incense Online @ Best Price | Chemswell","isPartOf":{"@id":"https:\/\/chemswell.com\/it\/#website"},"primaryImageOfPage":{"@id":"https:\/\/chemswell.com\/product\/space-cadet-herbal-incense\/#primaryimage"},"image":{"@id":"https:\/\/chemswell.com\/product\/space-cadet-herbal-incense\/#primaryimage"},"thumbnailUrl":"https:\/\/chemswell.com\/wp-content\/uploads\/2023\/01\/Space-Cadet-Herbal-Incense.jpg","datePublished":"2023-01-18T11:03:43+00:00","dateModified":"2025-01-08T09:34:24+00:00","description":"At our Chemswell, you can get space cadet herbal incense for sale at cheap rates. Here you can buy space cadet herbal incense online. Place your order now!","breadcrumb":{"@id":"https:\/\/chemswell.com\/product\/space-cadet-herbal-incense\/#breadcrumb"},"inLanguage":"de","potentialAction":[{"@type":"ReadAction","target":["https:\/\/chemswell.com\/product\/space-cadet-herbal-incense\/"]}]},{"@type":"ImageObject","inLanguage":"de","@id":"https:\/\/chemswell.com\/product\/space-cadet-herbal-incense\/#primaryimage","url":"https:\/\/chemswell.com\/wp-content\/uploads\/2023\/01\/Space-Cadet-Herbal-Incense.jpg","contentUrl":"https:\/\/chemswell.com\/wp-content\/uploads\/2023\/01\/Space-Cadet-Herbal-Incense.jpg","width":600,"height":600,"caption":"Space-Cadet-Herbal-Incense"},{"@type":"BreadcrumbList","@id":"https:\/\/chemswell.com\/product\/space-cadet-herbal-incense\/#breadcrumb","itemListElement":[{"@type":"ListItem","position":1,"name":"Home","item":"https:\/\/chemswell.com\/ru\/"},{"@type":"ListItem","position":2,"name":"Shop","item":"https:\/\/chemswell.com\/ru\/%d0%bc%d0%b0%d0%b3%d0%b0%d0%b7%d0%b8%d0%bd\/"},{"@type":"ListItem","position":3,"name":"Space Cadet Herbal Incense"}]},{"@type":"WebSite","@id":"https:\/\/chemswell.com\/it\/#website","url":"https:\/\/chemswell.com\/it\/","name":"Chemswell","description":"#1 Research Chemical Store","potentialAction":[{"@type":"SearchAction","target":{"@type":"EntryPoint","urlTemplate":"https:\/\/chemswell.com\/it\/?s={search_term_string}"},"query-input":"required name=search_term_string"}],"inLanguage":"de"}]}},"_links":{"self":[{"href":"https:\/\/chemswell.com\/de\/wp-json\/wp\/v2\/product\/9911"}],"collection":[{"href":"https:\/\/chemswell.com\/de\/wp-json\/wp\/v2\/product"}],"about":[{"href":"https:\/\/chemswell.com\/de\/wp-json\/wp\/v2\/types\/product"}],"replies":[{"embeddable":true,"href":"https:\/\/chemswell.com\/de\/wp-json\/wp\/v2\/comments?post=9911"}],"wp:featuredmedia":[{"embeddable":true,"href":"https:\/\/chemswell.com\/de\/wp-json\/wp\/v2\/media\/9927"}],"wp:attachment":[{"href":"https:\/\/chemswell.com\/de\/wp-json\/wp\/v2\/media?parent=9911"}],"wp:term":[{"taxonomy":"product_cat","embeddable":true,"href":"https:\/\/chemswell.com\/de\/wp-json\/wp\/v2\/product_cat?post=9911"},{"taxonomy":"product_tag","embeddable":true,"href":"https:\/\/chemswell.com\/de\/wp-json\/wp\/v2\/product_tag?post=9911"}],"curies":[{"name":"wp","href":"https:\/\/api.w.org\/{rel}","templated":true}]}}