{"id":9953,"date":"2023-01-21T15:56:56","date_gmt":"2023-01-21T15:56:56","guid":{"rendered":"https:\/\/chemswell.com\/?post_type=product&#038;p=9953"},"modified":"2025-08-22T18:08:59","modified_gmt":"2025-08-22T18:08:59","slug":"crystal-meth","status":"publish","type":"product","link":"https:\/\/chemswell.com\/de\/produkt\/crystal-meth\/","title":{"rendered":"Kristallmeth"},"content":{"rendered":"<h2><strong>Kaufen Sie Crystal Meth Research Chemical bei ChemsWell!<\/strong><\/h2>\n<p>Auf der Suche nach den Besten <a href=\"https:\/\/chemswell.com\/de\/produkt\/crystal-meth\/\"><strong>Crystal Meth zu verkaufen<\/strong><\/a> da drau\u00dfen? Suchen Sie nicht weiter als <a href=\"https:\/\/chemswell.com\/de\/\">Chemswell<\/a>Wir bieten eine breite Palette hochwertiger und bew\u00e4hrter Produkte \u2013 ideal f\u00fcr alle, die in der Drogenszene Fu\u00df fassen m\u00f6chten. Unser Ziel ist es, unseren Kunden h\u00f6chste Qualit\u00e4t und Reinheit zu unschlagbaren Preisen zu bieten. Dar\u00fcber hinaus garantieren wir absolute Vertraulichkeit \u2013 Ihre Daten bleiben vertraulich.<\/p>\n<p>Unser Preisversprechen garantiert, dass Sie von unseren Produkten nie entt\u00e4uscht werden. Und wenn bei Ihrer Bestellung etwas schief geht \u2013 egal wie klein \u2013 werden wir alles tun, um es wieder gut zu machen. Wir haben auch einen Entsch\u00e4digungsplan, falls mit Ihrer Sendung etwas schief gehen sollte. Schlie\u00dflich haben wir ein erfahrenes Kundendienstteam, das sich allen Dingen rund um Crystal Meth und seine Anwendungen widmet. Egal, ob Sie ein Neuling oder ein Experte sind, wir haben das Wissen und die Unterst\u00fctzung, die Sie ben\u00f6tigen, um das Beste aus den ChemsWell-Produkten herauszuholen!<\/p>\n<h3><strong>Sicherer Versand und diskrete Verpackung<\/strong><\/h3>\n<p>Wenn du <strong>Kaufen <a href=\"https:\/\/en.wikipedia.org\/wiki\/Crystal%20Meth?redirect=no&amp;useFormat=mobile\">Crystal Meth<\/a> online<\/strong>, m\u00fcssen Sie sicher sein, dass Sie die bestm\u00f6gliche Qualit\u00e4t erhalten. Hier kommen wir ins Spiel. Unser Online-Shop bietet erstklassige Kristalle zu erschwinglichen Preisen und wir liefern Produkte direkt an Ihre Haust\u00fcr. Wir verwenden diskrete Verpackungen und sichere Versandmethoden, um sicherzustellen, dass Ihre Produkte sicher und gesch\u00fctzt ankommen. Dar\u00fcber hinaus verf\u00fcgen wir \u00fcber ein Team von geschultem Personal, das daf\u00fcr sorgt, dass die Produkte w\u00e4hrend des Transports sicher gehandhabt werden.<\/p>\n<p>Wir nehmen auch die Kundenzufriedenheit sehr ernst, weshalb wir allen Kunden ein 100% sicheres Zahlungsgateway anbieten. Unser Gesch\u00e4ft ist also die perfekte Anlaufstelle, wenn Sie m\u00f6chten <strong>Crystal Meth online bestellen<\/strong> f\u00fcr Bildungszwecke oder f\u00fcr den pers\u00f6nlichen Gebrauch.<\/p>\n<p><strong>Crystal Meth kaufen<\/strong> bei ChemsWell und erhalten innerhalb kurzer Zeit das komplette Paket. <a href=\"https:\/\/chemswell.com\/de\/produkt\/crystal-meth\/\">.<\/a><\/p>","protected":false},"excerpt":{"rendered":"<p>Buy Crystal Meth Research Chemical At ChemsWell! Looking for the best Crystal Meth for sale out there? Look no further than Chemswell.<\/p>","protected":false},"featured_media":9954,"comment_status":"open","ping_status":"closed","template":"","meta":{"_joinchat":[]},"product_cat":[1258],"product_tag":[3233,3223,1522,120,3230,119,3220,123,3225,122,3226,3228,3235,3236,3234,3231,3227,3222,124,3232,3229,1530,128,3224,3221],"yoast_head":"<!-- This site is optimized with the Yoast SEO plugin v23.0 - https:\/\/yoast.com\/wordpress\/plugins\/seo\/ -->\n<title>Buy Crystal Meth online - Crystal Meth for Sale | Chemswell<\/title>\n<meta name=\"description\" content=\"Buy Crystal Meth online, Research chemicals for sale at chemswell! Looking for the best crystal meth for sale out there? Look no further than ChemsWell.\" \/>\n<meta name=\"robots\" content=\"index, follow, max-snippet:-1, max-image-preview:large, max-video-preview:-1\" \/>\n<link rel=\"canonical\" href=\"https:\/\/chemswell.com\/de\/produkt\/crystal-meth\/\" \/>\n<meta property=\"og:locale\" content=\"de_DE\" \/>\n<meta property=\"og:type\" content=\"article\" \/>\n<meta property=\"og:title\" content=\"Buy Crystal Meth online - Crystal Meth for Sale | Chemswell\" \/>\n<meta property=\"og:description\" content=\"Buy Crystal Meth online, Research chemicals for sale at chemswell! Looking for the best crystal meth for sale out there? Look no further than ChemsWell.\" \/>\n<meta property=\"og:url\" content=\"https:\/\/chemswell.com\/de\/produkt\/crystal-meth\/\" \/>\n<meta property=\"og:site_name\" content=\"Chemswell\" \/>\n<meta property=\"article:modified_time\" content=\"2025-08-22T18:08:59+00:00\" \/>\n<meta property=\"og:image\" content=\"https:\/\/chemswell.com\/wp-content\/uploads\/2023\/01\/crystal-meth.jpg\" \/>\n\t<meta property=\"og:image:width\" content=\"600\" \/>\n\t<meta property=\"og:image:height\" content=\"600\" \/>\n\t<meta property=\"og:image:type\" content=\"image\/jpeg\" \/>\n<meta name=\"twitter:card\" content=\"summary_large_image\" \/>\n<meta name=\"twitter:label1\" content=\"Gesch\u00e4tzte Lesezeit\" \/>\n\t<meta name=\"twitter:data1\" content=\"2\u00a0Minuten\" \/>\n<!-- \/ Yoast SEO plugin. -->","yoast_head_json":{"title":"Buy Crystal Meth online - Crystal Meth for Sale | Chemswell","description":"Buy Crystal Meth online, Research chemicals for sale at chemswell! Looking for the best crystal meth for sale out there? Look no further than ChemsWell.","robots":{"index":"index","follow":"follow","max-snippet":"max-snippet:-1","max-image-preview":"max-image-preview:large","max-video-preview":"max-video-preview:-1"},"canonical":"https:\/\/chemswell.com\/de\/produkt\/crystal-meth\/","og_locale":"de_DE","og_type":"article","og_title":"Buy Crystal Meth online - Crystal Meth for Sale | Chemswell","og_description":"Buy Crystal Meth online, Research chemicals for sale at chemswell! Looking for the best crystal meth for sale out there? Look no further than ChemsWell.","og_url":"https:\/\/chemswell.com\/de\/produkt\/crystal-meth\/","og_site_name":"Chemswell","article_modified_time":"2025-08-22T18:08:59+00:00","og_image":[{"width":600,"height":600,"url":"https:\/\/chemswell.com\/wp-content\/uploads\/2023\/01\/crystal-meth.jpg","type":"image\/jpeg"}],"twitter_card":"summary_large_image","twitter_misc":{"Gesch\u00e4tzte Lesezeit":"2\u00a0Minuten"},"schema":{"@context":"https:\/\/schema.org","@graph":[{"@type":"WebPage","@id":"https:\/\/chemswell.com\/product\/crystal-meth\/","url":"https:\/\/chemswell.com\/product\/crystal-meth\/","name":"Buy Crystal Meth online - Crystal Meth for Sale | Chemswell","isPartOf":{"@id":"https:\/\/chemswell.com\/it\/#website"},"primaryImageOfPage":{"@id":"https:\/\/chemswell.com\/product\/crystal-meth\/#primaryimage"},"image":{"@id":"https:\/\/chemswell.com\/product\/crystal-meth\/#primaryimage"},"thumbnailUrl":"https:\/\/chemswell.com\/wp-content\/uploads\/2023\/01\/crystal-meth.jpg","datePublished":"2023-01-21T15:56:56+00:00","dateModified":"2025-08-22T18:08:59+00:00","description":"Buy Crystal Meth online, Research chemicals for sale at chemswell! Looking for the best crystal meth for sale out there? Look no further than ChemsWell.","breadcrumb":{"@id":"https:\/\/chemswell.com\/product\/crystal-meth\/#breadcrumb"},"inLanguage":"de","potentialAction":[{"@type":"ReadAction","target":["https:\/\/chemswell.com\/product\/crystal-meth\/"]}]},{"@type":"ImageObject","inLanguage":"de","@id":"https:\/\/chemswell.com\/product\/crystal-meth\/#primaryimage","url":"https:\/\/chemswell.com\/wp-content\/uploads\/2023\/01\/crystal-meth.jpg","contentUrl":"https:\/\/chemswell.com\/wp-content\/uploads\/2023\/01\/crystal-meth.jpg","width":600,"height":600,"caption":"Buy Crystal Meth online"},{"@type":"BreadcrumbList","@id":"https:\/\/chemswell.com\/product\/crystal-meth\/#breadcrumb","itemListElement":[{"@type":"ListItem","position":1,"name":"Home","item":"https:\/\/chemswell.com\/ru\/"},{"@type":"ListItem","position":2,"name":"Shop","item":"https:\/\/chemswell.com\/ru\/%d0%bc%d0%b0%d0%b3%d0%b0%d0%b7%d0%b8%d0%bd\/"},{"@type":"ListItem","position":3,"name":"Crystal Meth"}]},{"@type":"WebSite","@id":"https:\/\/chemswell.com\/it\/#website","url":"https:\/\/chemswell.com\/it\/","name":"Chemswell","description":"#1 Research Chemical Store","potentialAction":[{"@type":"SearchAction","target":{"@type":"EntryPoint","urlTemplate":"https:\/\/chemswell.com\/it\/?s={search_term_string}"},"query-input":"required name=search_term_string"}],"inLanguage":"de"}]}},"_links":{"self":[{"href":"https:\/\/chemswell.com\/de\/wp-json\/wp\/v2\/product\/9953"}],"collection":[{"href":"https:\/\/chemswell.com\/de\/wp-json\/wp\/v2\/product"}],"about":[{"href":"https:\/\/chemswell.com\/de\/wp-json\/wp\/v2\/types\/product"}],"replies":[{"embeddable":true,"href":"https:\/\/chemswell.com\/de\/wp-json\/wp\/v2\/comments?post=9953"}],"wp:featuredmedia":[{"embeddable":true,"href":"https:\/\/chemswell.com\/de\/wp-json\/wp\/v2\/media\/9954"}],"wp:attachment":[{"href":"https:\/\/chemswell.com\/de\/wp-json\/wp\/v2\/media?parent=9953"}],"wp:term":[{"taxonomy":"product_cat","embeddable":true,"href":"https:\/\/chemswell.com\/de\/wp-json\/wp\/v2\/product_cat?post=9953"},{"taxonomy":"product_tag","embeddable":true,"href":"https:\/\/chemswell.com\/de\/wp-json\/wp\/v2\/product_tag?post=9953"}],"curies":[{"name":"wp","href":"https:\/\/api.w.org\/{rel}","templated":true}]}}