{"id":10085,"date":"2023-05-16T07:28:53","date_gmt":"2023-05-16T07:28:53","guid":{"rendered":"https:\/\/chemswell.com\/?post_type=product&#038;p=10085"},"modified":"2026-04-12T21:11:48","modified_gmt":"2026-04-12T21:11:48","slug":"buy-adb-butinaca-adbb-online","status":"publish","type":"product","link":"https:\/\/chemswell.com\/es\/producto\/comprar-adb-butinaca-adbb-online\/","title":{"rendered":"ADB Butinaca (ADBB) comprar en l\u00ednea"},"content":{"rendered":"<h2 style=\"text-align: left;\">Comprar ADB-BUTINACA<\/h2>\n<p style=\"text-align: left;\"><a href=\"https:\/\/chemswell.com\/es\/producto\/comprar-adb-butinaca-adbb-online\/\">ADB Butinaca (ADBB) comprar en l\u00ednea<\/a>Comprar ADB-BUTINACA Comprar ADB Butinaca (ADBB) Online, Comprar ADB-BUTINACA al precio m\u00e1s bajo? En chemswel, puede encontrar las mejores drogas de dise\u00f1o.<\/p>\n<p style=\"text-align: left;\"><a href=\"https:\/\/en.wikipedia.org\/wiki\/ADB-BUTINACA\">ADB-BUTINACA<\/a> ADB-BUTINACA es un producto qu\u00edmico de investigaci\u00f3n. El producto es una droga de dise\u00f1o desde 2014. Nunca vuelvas a pagar de m\u00e1s por tus drogas de dise\u00f1o.<\/p>\n<h3 style=\"text-align: left;\">Es seguro comprar ADB-BUTINACA<\/h3>\n<p style=\"text-align: left;\">Siempre podemos garantizar los precios m\u00e1s bajos porque siempre compramos directamente a los productores. En nuestra tienda online puedes pagar de forma segura con Ideal, Bitcoin o tarjeta de cr\u00e9dito.<\/p>\n<h3 style=\"text-align: left;\">Alta calidad ADB-BUTINACA<\/h3>\n<p style=\"text-align: left;\">Lo que vendemos son los productos farmac\u00e9uticos de mejor dise\u00f1o del Benelux. Siempre podemos producir art\u00edculos de alta calidad porque llevamos 7 a\u00f1os en el sector de los medicamentos de dise\u00f1o. Dado que todos nuestros art\u00edculos han sido sometidos a pruebas de laboratorio, todos son aptos para el estudio.<\/p>\n<h3 style=\"text-align: left;\">ADB-BUTINACA Probado en laboratorio<\/h3>\n<p style=\"text-align: left;\">Cuando busque medicamentos de dise\u00f1o, querr\u00e1 estar seguro de que los productos son del m\u00e1s alto calibre. Todos nuestros medicamentos de dise\u00f1o son de primera calidad y se someten peri\u00f3dicamente a pruebas de laboratorio. Puede contar con nosotros para obtener art\u00edculos excelentes a precios competitivos.<\/p>\n<h3 style=\"text-align: left;\">Ofertas ADB-BUTINACA<\/h3>\n<p style=\"text-align: left;\">ChemsWell siempre tiene grandes ofertas en la gama para que usted pueda ahorrar mucho dinero como<a href=\"https:\/\/en.wikipedia.org\/wiki\/ADB-BINACA\">:<\/a><\/p>\n<ul style=\"text-align: left;\">\n<li>ADB-BUTINACA Polvo<\/li>\n<\/ul>\n<p style=\"text-align: left;\">\u00bfse controla adb butinaca? adb butinaca cayman comprar, adb butinaca dea comprar, adb butinaca cayman, adb butinaca en Venta<br \/>\nComo comprar adb butinaca, Calidad adb butinaca en venta, adb butinaca tienda, donde comprar adb butinaca, 5f-adb comprar<br \/>\n7-adb, trrcshop, 5f-adb-33n, adb-butinaca psychonaut, adb-butinaca usa, adb-butinaca efectos secundarios, Comprar adb butinaca legal<br \/>\n4F-ADB<br \/>\n5F-AB-PINACA<br \/>\n5F-ADB, Comprar ADB Butinaca (ADBB) Online<br \/>\n5F-ADB-PINACA EN VENTA<br \/>\nPEDIDO ADB-CHMINACA<br \/>\nCALIDAD ADB-FUBICA EN VENTA<br \/>\nCOMPRAR ADB-FUBINACA, COMPRAR ADB-HEXINACA<br \/>\nCOMPRAR ADB-PINACA<br \/>\nCOMPRAR ADB-4en-PINACA<\/p>\n<h4 style=\"text-align: left;\">\u00a1Cuidado al comprar drogas de dise\u00f1o en Internet!<\/h4>\n<p style=\"text-align: left;\">Existen varias tiendas online activas que venden medicamentos de dise\u00f1o falsos o de calidad inferior. Puede recibir su pedido en casa de forma r\u00e1pida y discreta si compra sus medicamentos de dise\u00f1o en Chemswell.<\/p>","protected":false},"excerpt":{"rendered":"<h1 id=\"firstHeading\" class=\"firstHeading mw-first-heading\"><span class=\"mw-page-title-main\">ADB-BINACA<\/span><\/h1>\n<p><b>ADB-BINACA<\/b>\u00a0es una droga cannabinoide de dise\u00f1o que se ha encontrado como ingrediente en algunos productos de cannabis sint\u00e9tico. <span style=\"font-size: 1rem;\">El an\u00e1logo con una sustituci\u00f3n 1-butil en el anillo de indazol en lugar de 1-bencil tambi\u00e9n se ha vendido como droga de dise\u00f1o con el nombre de ADB-BINACA, pero ahora se conoce m\u00e1s com\u00fanmente como <\/span><b style=\"font-size: 1rem;\">ADB-BUTINACA<\/b><span style=\"font-size: 1rem;\">\u00a0para evitar confusiones con el compuesto benc\u00edlico.<\/span><\/p>","protected":false},"featured_media":10092,"comment_status":"open","ping_status":"closed","template":"","meta":{"_joinchat":[]},"product_cat":[1255],"product_tag":[1274,1270,1267,1268,1269,1276,1273,1264,1266,1271,1275,1280,1281,1265,1262,1279,1277,1261,1263,1278,1272],"yoast_head":"<!-- This site is optimized with the Yoast SEO plugin v23.0 - https:\/\/yoast.com\/wordpress\/plugins\/seo\/ -->\n<title>Buy ADB Butinaca (ADBB) Online - ADB Butinaca for Sale<\/title>\n<meta name=\"description\" content=\"Buy ADB Butinaca (ADBB) Online, ADB-BUTINACA is a potent cannabinoid closely related to MDMB-BUTINACA. Order adb butinaca from a Reliable ADB SHOP ONLINE\" \/>\n<meta name=\"robots\" content=\"index, follow, max-snippet:-1, max-image-preview:large, max-video-preview:-1\" \/>\n<link rel=\"canonical\" href=\"https:\/\/chemswell.com\/es\/producto\/comprar-adb-butinaca-adbb-online\/\" \/>\n<meta property=\"og:locale\" content=\"es_ES\" \/>\n<meta property=\"og:type\" content=\"article\" \/>\n<meta property=\"og:title\" content=\"Buy ADB Butinaca (ADBB) Online - ADB Butinaca for Sale\" \/>\n<meta property=\"og:description\" content=\"Buy ADB Butinaca (ADBB) Online, ADB-BUTINACA is a potent cannabinoid closely related to MDMB-BUTINACA. Order adb butinaca from a Reliable ADB SHOP ONLINE\" \/>\n<meta property=\"og:url\" content=\"https:\/\/chemswell.com\/es\/producto\/comprar-adb-butinaca-adbb-online\/\" \/>\n<meta property=\"og:site_name\" content=\"Chemswell\" \/>\n<meta property=\"article:modified_time\" content=\"2026-04-12T21:11:48+00:00\" \/>\n<meta property=\"og:image\" content=\"https:\/\/chemswell.com\/wp-content\/uploads\/2023\/05\/Buy-ADB-Butinaca.jpg\" \/>\n\t<meta property=\"og:image:width\" content=\"600\" \/>\n\t<meta property=\"og:image:height\" content=\"600\" \/>\n\t<meta property=\"og:image:type\" content=\"image\/jpeg\" \/>\n<meta name=\"twitter:card\" content=\"summary_large_image\" \/>\n<meta name=\"twitter:label1\" content=\"Tiempo de lectura\" \/>\n\t<meta name=\"twitter:data1\" content=\"2 minutos\" \/>\n<!-- \/ Yoast SEO plugin. -->","yoast_head_json":{"title":"Buy ADB Butinaca (ADBB) Online - ADB Butinaca for Sale","description":"Buy ADB Butinaca (ADBB) Online, ADB-BUTINACA is a potent cannabinoid closely related to MDMB-BUTINACA. Order adb butinaca from a Reliable ADB SHOP ONLINE","robots":{"index":"index","follow":"follow","max-snippet":"max-snippet:-1","max-image-preview":"max-image-preview:large","max-video-preview":"max-video-preview:-1"},"canonical":"https:\/\/chemswell.com\/es\/producto\/comprar-adb-butinaca-adbb-online\/","og_locale":"es_ES","og_type":"article","og_title":"Buy ADB Butinaca (ADBB) Online - ADB Butinaca for Sale","og_description":"Buy ADB Butinaca (ADBB) Online, ADB-BUTINACA is a potent cannabinoid closely related to MDMB-BUTINACA. Order adb butinaca from a Reliable ADB SHOP ONLINE","og_url":"https:\/\/chemswell.com\/es\/producto\/comprar-adb-butinaca-adbb-online\/","og_site_name":"Chemswell","article_modified_time":"2026-04-12T21:11:48+00:00","og_image":[{"width":600,"height":600,"url":"https:\/\/chemswell.com\/wp-content\/uploads\/2023\/05\/Buy-ADB-Butinaca.jpg","type":"image\/jpeg"}],"twitter_card":"summary_large_image","twitter_misc":{"Tiempo de lectura":"2 minutos"},"schema":{"@context":"https:\/\/schema.org","@graph":[{"@type":"WebPage","@id":"https:\/\/chemswell.com\/product\/buy-adb-butinaca-adbb-online\/","url":"https:\/\/chemswell.com\/product\/buy-adb-butinaca-adbb-online\/","name":"Buy ADB Butinaca (ADBB) Online - ADB Butinaca for Sale","isPartOf":{"@id":"https:\/\/chemswell.com\/it\/#website"},"primaryImageOfPage":{"@id":"https:\/\/chemswell.com\/product\/buy-adb-butinaca-adbb-online\/#primaryimage"},"image":{"@id":"https:\/\/chemswell.com\/product\/buy-adb-butinaca-adbb-online\/#primaryimage"},"thumbnailUrl":"https:\/\/chemswell.com\/wp-content\/uploads\/2023\/05\/Buy-ADB-Butinaca.jpg","datePublished":"2023-05-16T07:28:53+00:00","dateModified":"2026-04-12T21:11:48+00:00","description":"Buy ADB Butinaca (ADBB) Online, ADB-BUTINACA is a potent cannabinoid closely related to MDMB-BUTINACA. Order adb butinaca from a Reliable ADB SHOP ONLINE","breadcrumb":{"@id":"https:\/\/chemswell.com\/product\/buy-adb-butinaca-adbb-online\/#breadcrumb"},"inLanguage":"es","potentialAction":[{"@type":"ReadAction","target":["https:\/\/chemswell.com\/product\/buy-adb-butinaca-adbb-online\/"]}]},{"@type":"ImageObject","inLanguage":"es","@id":"https:\/\/chemswell.com\/product\/buy-adb-butinaca-adbb-online\/#primaryimage","url":"https:\/\/chemswell.com\/wp-content\/uploads\/2023\/05\/Buy-ADB-Butinaca.jpg","contentUrl":"https:\/\/chemswell.com\/wp-content\/uploads\/2023\/05\/Buy-ADB-Butinaca.jpg","width":600,"height":600,"caption":"Buy-ADB-Butinaca"},{"@type":"BreadcrumbList","@id":"https:\/\/chemswell.com\/product\/buy-adb-butinaca-adbb-online\/#breadcrumb","itemListElement":[{"@type":"ListItem","position":1,"name":"Home","item":"https:\/\/chemswell.com\/ru\/"},{"@type":"ListItem","position":2,"name":"Shop","item":"https:\/\/chemswell.com\/ru\/%d0%bc%d0%b0%d0%b3%d0%b0%d0%b7%d0%b8%d0%bd\/"},{"@type":"ListItem","position":3,"name":"Buy ADB Butinaca (ADBB) Online"}]},{"@type":"WebSite","@id":"https:\/\/chemswell.com\/it\/#website","url":"https:\/\/chemswell.com\/it\/","name":"Chemswell","description":"#1 Research Chemical Store","potentialAction":[{"@type":"SearchAction","target":{"@type":"EntryPoint","urlTemplate":"https:\/\/chemswell.com\/it\/?s={search_term_string}"},"query-input":"required name=search_term_string"}],"inLanguage":"es"}]}},"_links":{"self":[{"href":"https:\/\/chemswell.com\/es\/wp-json\/wp\/v2\/product\/10085"}],"collection":[{"href":"https:\/\/chemswell.com\/es\/wp-json\/wp\/v2\/product"}],"about":[{"href":"https:\/\/chemswell.com\/es\/wp-json\/wp\/v2\/types\/product"}],"replies":[{"embeddable":true,"href":"https:\/\/chemswell.com\/es\/wp-json\/wp\/v2\/comments?post=10085"}],"wp:featuredmedia":[{"embeddable":true,"href":"https:\/\/chemswell.com\/es\/wp-json\/wp\/v2\/media\/10092"}],"wp:attachment":[{"href":"https:\/\/chemswell.com\/es\/wp-json\/wp\/v2\/media?parent=10085"}],"wp:term":[{"taxonomy":"product_cat","embeddable":true,"href":"https:\/\/chemswell.com\/es\/wp-json\/wp\/v2\/product_cat?post=10085"},{"taxonomy":"product_tag","embeddable":true,"href":"https:\/\/chemswell.com\/es\/wp-json\/wp\/v2\/product_tag?post=10085"}],"curies":[{"name":"wp","href":"https:\/\/api.w.org\/{rel}","templated":true}]}}