{"id":10099,"date":"2023-05-29T12:50:46","date_gmt":"2023-05-29T12:50:46","guid":{"rendered":"https:\/\/chemswell.com\/?post_type=product&#038;p=10099"},"modified":"2026-02-25T04:16:36","modified_gmt":"2026-02-25T04:16:36","slug":"pure-100g-mdma-rocks-for-sale-online","status":"publish","type":"product","link":"https:\/\/chemswell.com\/es\/producto\/venta-online-de-rocas-de-mdma-puras-100g\/","title":{"rendered":"Se Vende Online MDMA Pura 100g Rocas"},"content":{"rendered":"<h2><strong>Comprar Rocas de MDMA Pura Online<\/strong><\/h2>\n<p><a href=\"https:\/\/chemswell.com\/es\/producto\/venta-online-de-rocas-de-mdma-puras-100g\/\">Comprar Rocas de MDMA Pura Online<\/a> con 88% de pureza. Probado en laboratorio. Directamente de Amsterdam no 1 proveedor. Pedir Rocas de MDMA Puras Online, Rocas de MDMA Puras a la venta online, Pedir Rocas de MDMA online, Rocas de MDMA Puras a la venta, Donde comprar Rocas de MDMA Puras online<\/p>\n<h3>\u00bfQu\u00e9 es MDMA?<\/h3>\n<p>(<a href=\"https:\/\/en.wikipedia.org\/wiki\/MDMA\">MDMA<\/a>La metilendioximetanfetamina es un empat\u00f3geno, que aumenta el sentimiento de empat\u00eda y bondad de un individuo, y aumenta los sentimientos de ser aceptado socialmente por los dem\u00e1s y de estar conectado con ellos, MDMA es el nombre qu\u00edmico abreviado de la droga psicoactiva sint\u00e9tica 3,4 metilendioximetanfetamina. La MDMA puede presentarse en forma de polvo o cristal y es tambi\u00e9n el principio activo que se espera encontrar en las pastillas de \u00e9xtasis. La cantidad de MDMA en las pastillas de \u00e9xtasis en Europa. <a href=\"https:\/\/chemswell.com\/es\/\">Chemswell<\/a><\/p>\n<h3><strong>\u00bfEfectos?<\/strong><\/h3>\n<p>- Euforia, sensaci\u00f3n de bienestar general y felicidad.<br \/>\n- Mayor sociabilidad y sensaci\u00f3n de que la comunicaci\u00f3n es f\u00e1cil o sencilla.<br \/>\n- Mayor empat\u00eda o sentimientos de cercan\u00eda con los dem\u00e1s.- \u00a1Es seguro!<br \/>\n- Una sensaci\u00f3n de paz interior.<br \/>\n- Se mejoran los colores y los sonidos, as\u00ed como los efectos visuales leves a ojos cerrados.<br \/>\n- Aumento de las sensaciones, la percepci\u00f3n o la sexualidad.<br \/>\n- Mantendr\u00e1s el control y recordar\u00e1s todo.<br \/>\n- Sin resaca.<\/p>\n<h3>Otros nombres<\/h3>\n<p>P\u00edldora de \u00e9xtasis: ecstasy, E, eggs, sweeties, eccies, pingers, swedgers, wee fellas, yolks, pills, o tablets pueden denominarse por el logotipo que aparece en el anverso de la p\u00edldora, MDMA en polvo\/cristal: mandy, madman, molly (en Norteam\u00e9rica),<\/p>\n<h3>\u00bfC\u00f3mo se consume la MDMA?<\/h3>\n<p>Las personas que consumen MDMA para su venta suelen tomarla en forma de c\u00e1psulas o comprimidos, aunque algunos la tragan en forma l\u00edquida o esnifan el polvo. El apodo popular Molly (en argot, \"molecular\") suele referirse a la forma de polvo cristalino supuestamente \"puro\" de la MDMA, que suele venderse en c\u00e1psulas. Sin embargo, las personas que compran el polvo o las c\u00e1psulas que se venden como Molly suelen adquirir en realidad otras drogas, como catinonas sint\u00e9ticas.<\/p>\n<p>Algunas personas toman MDMA en combinaci\u00f3n con otras drogas como el alcohol o la marihuana.<\/p>","protected":false},"excerpt":{"rendered":"<p>Comprar MDMA Puro Rocas Online Comprar MDMA Puro Rocas Online con 88% pureza. Probado en laboratorio. Directamente del proveedor n\u00famero 1 de Amsterdam. Pedir<\/p>","protected":false},"featured_media":10100,"comment_status":"closed","ping_status":"closed","template":"","meta":{"_joinchat":[]},"product_cat":[1258,1255],"product_tag":[3256,3246,1522,3238,3253,3250,3245,3243,3255,3237,3240,3248,3239,3249,3241,3251,3258,3259,3257,3254,3252,1530,3244,3247,3242],"yoast_head":"<!-- This site is optimized with the Yoast SEO plugin v23.0 - https:\/\/yoast.com\/wordpress\/plugins\/seo\/ -->\n<title>MDMA for sale - Buy MDMA Online - Order MDMA | Chemswell<\/title>\n<meta name=\"description\" content=\"MDMA for sale, Buy Pure MDMA crystals for sale discretely. Molly (ecstasy) powder is a very potent stimulant with empathogenic and entactogenic effects.\" \/>\n<meta name=\"robots\" content=\"index, follow, max-snippet:-1, max-image-preview:large, max-video-preview:-1\" \/>\n<link rel=\"canonical\" href=\"https:\/\/chemswell.com\/es\/producto\/venta-online-de-rocas-de-mdma-puras-100g\/\" \/>\n<meta property=\"og:locale\" content=\"es_ES\" \/>\n<meta property=\"og:type\" content=\"article\" \/>\n<meta property=\"og:title\" content=\"MDMA for sale - Buy MDMA Online - Order MDMA | Chemswell\" \/>\n<meta property=\"og:description\" content=\"MDMA for sale, Buy Pure MDMA crystals for sale discretely. Molly (ecstasy) powder is a very potent stimulant with empathogenic and entactogenic effects.\" \/>\n<meta property=\"og:url\" content=\"https:\/\/chemswell.com\/es\/producto\/venta-online-de-rocas-de-mdma-puras-100g\/\" \/>\n<meta property=\"og:site_name\" content=\"Chemswell\" \/>\n<meta property=\"article:modified_time\" content=\"2026-02-25T04:16:36+00:00\" \/>\n<meta property=\"og:image\" content=\"https:\/\/chemswell.com\/wp-content\/uploads\/2023\/05\/pure-mdma.webp\" \/>\n\t<meta property=\"og:image:width\" content=\"1000\" \/>\n\t<meta property=\"og:image:height\" content=\"750\" \/>\n\t<meta property=\"og:image:type\" content=\"image\/webp\" \/>\n<meta name=\"twitter:card\" content=\"summary_large_image\" \/>\n<meta name=\"twitter:label1\" content=\"Tiempo de lectura\" \/>\n\t<meta name=\"twitter:data1\" content=\"2 minutos\" \/>\n<!-- \/ Yoast SEO plugin. -->","yoast_head_json":{"title":"MDMA for sale - Buy MDMA Online - Order MDMA | Chemswell","description":"MDMA for sale, Buy Pure MDMA crystals for sale discretely. Molly (ecstasy) powder is a very potent stimulant with empathogenic and entactogenic effects.","robots":{"index":"index","follow":"follow","max-snippet":"max-snippet:-1","max-image-preview":"max-image-preview:large","max-video-preview":"max-video-preview:-1"},"canonical":"https:\/\/chemswell.com\/es\/producto\/venta-online-de-rocas-de-mdma-puras-100g\/","og_locale":"es_ES","og_type":"article","og_title":"MDMA for sale - Buy MDMA Online - Order MDMA | Chemswell","og_description":"MDMA for sale, Buy Pure MDMA crystals for sale discretely. Molly (ecstasy) powder is a very potent stimulant with empathogenic and entactogenic effects.","og_url":"https:\/\/chemswell.com\/es\/producto\/venta-online-de-rocas-de-mdma-puras-100g\/","og_site_name":"Chemswell","article_modified_time":"2026-02-25T04:16:36+00:00","og_image":[{"width":1000,"height":750,"url":"https:\/\/chemswell.com\/wp-content\/uploads\/2023\/05\/pure-mdma.webp","type":"image\/webp"}],"twitter_card":"summary_large_image","twitter_misc":{"Tiempo de lectura":"2 minutos"},"schema":{"@context":"https:\/\/schema.org","@graph":[{"@type":"WebPage","@id":"https:\/\/chemswell.com\/product\/pure-100g-mdma-rocks-for-sale-online\/","url":"https:\/\/chemswell.com\/product\/pure-100g-mdma-rocks-for-sale-online\/","name":"MDMA for sale - Buy MDMA Online - Order MDMA | Chemswell","isPartOf":{"@id":"https:\/\/chemswell.com\/it\/#website"},"primaryImageOfPage":{"@id":"https:\/\/chemswell.com\/product\/pure-100g-mdma-rocks-for-sale-online\/#primaryimage"},"image":{"@id":"https:\/\/chemswell.com\/product\/pure-100g-mdma-rocks-for-sale-online\/#primaryimage"},"thumbnailUrl":"https:\/\/chemswell.com\/wp-content\/uploads\/2023\/05\/pure-mdma.webp","datePublished":"2023-05-29T12:50:46+00:00","dateModified":"2026-02-25T04:16:36+00:00","description":"MDMA for sale, Buy Pure MDMA crystals for sale discretely. Molly (ecstasy) powder is a very potent stimulant with empathogenic and entactogenic effects.","breadcrumb":{"@id":"https:\/\/chemswell.com\/product\/pure-100g-mdma-rocks-for-sale-online\/#breadcrumb"},"inLanguage":"es","potentialAction":[{"@type":"ReadAction","target":["https:\/\/chemswell.com\/product\/pure-100g-mdma-rocks-for-sale-online\/"]}]},{"@type":"ImageObject","inLanguage":"es","@id":"https:\/\/chemswell.com\/product\/pure-100g-mdma-rocks-for-sale-online\/#primaryimage","url":"https:\/\/chemswell.com\/wp-content\/uploads\/2023\/05\/pure-mdma.webp","contentUrl":"https:\/\/chemswell.com\/wp-content\/uploads\/2023\/05\/pure-mdma.webp","width":1000,"height":750,"caption":"MDMA for sale"},{"@type":"BreadcrumbList","@id":"https:\/\/chemswell.com\/product\/pure-100g-mdma-rocks-for-sale-online\/#breadcrumb","itemListElement":[{"@type":"ListItem","position":1,"name":"Home","item":"https:\/\/chemswell.com\/ru\/"},{"@type":"ListItem","position":2,"name":"Shop","item":"https:\/\/chemswell.com\/ru\/%d0%bc%d0%b0%d0%b3%d0%b0%d0%b7%d0%b8%d0%bd\/"},{"@type":"ListItem","position":3,"name":"Pure 100g MDMA Rocks For Sale Online"}]},{"@type":"WebSite","@id":"https:\/\/chemswell.com\/it\/#website","url":"https:\/\/chemswell.com\/it\/","name":"Chemswell","description":"#1 Research Chemical Store","potentialAction":[{"@type":"SearchAction","target":{"@type":"EntryPoint","urlTemplate":"https:\/\/chemswell.com\/it\/?s={search_term_string}"},"query-input":"required name=search_term_string"}],"inLanguage":"es"}]}},"_links":{"self":[{"href":"https:\/\/chemswell.com\/es\/wp-json\/wp\/v2\/product\/10099"}],"collection":[{"href":"https:\/\/chemswell.com\/es\/wp-json\/wp\/v2\/product"}],"about":[{"href":"https:\/\/chemswell.com\/es\/wp-json\/wp\/v2\/types\/product"}],"replies":[{"embeddable":true,"href":"https:\/\/chemswell.com\/es\/wp-json\/wp\/v2\/comments?post=10099"}],"wp:featuredmedia":[{"embeddable":true,"href":"https:\/\/chemswell.com\/es\/wp-json\/wp\/v2\/media\/10100"}],"wp:attachment":[{"href":"https:\/\/chemswell.com\/es\/wp-json\/wp\/v2\/media?parent=10099"}],"wp:term":[{"taxonomy":"product_cat","embeddable":true,"href":"https:\/\/chemswell.com\/es\/wp-json\/wp\/v2\/product_cat?post=10099"},{"taxonomy":"product_tag","embeddable":true,"href":"https:\/\/chemswell.com\/es\/wp-json\/wp\/v2\/product_tag?post=10099"}],"curies":[{"name":"wp","href":"https:\/\/api.w.org\/{rel}","templated":true}]}}