{"id":10102,"date":"2023-05-29T13:12:42","date_gmt":"2023-05-29T13:12:42","guid":{"rendered":"https:\/\/chemswell.com\/?post_type=product&#038;p=10102"},"modified":"2026-03-02T11:49:44","modified_gmt":"2026-03-02T11:49:44","slug":"buy-alprazolam-powder-100g-online","status":"publish","type":"product","link":"https:\/\/chemswell.com\/es\/producto\/comprar-alprazolam-polvo-100g-online\/","title":{"rendered":"Comprar Alprazolam en Polvo Online"},"content":{"rendered":"<h1>Comprar Alprazolam en Polvo Online<\/h1>\n<p>Adonde <a href=\"https:\/\/chemswell.com\/es\/producto\/comprar-alprazolam-polvo-100g-online\/\">comprar alprazolam en polvo en l\u00ednea<\/a> En Europa. La gente busca constantemente d\u00f3nde comprar Xanax en l\u00ednea. Por otro lado, se pide Xanax en polvo a diario. \u00bfCu\u00e1l es el problema? Una fuente confiable. El medicamento alprazolam y Xanax no es tan com\u00fan, as\u00ed que no deber\u00edas ver un n\u00famero en un blog y llamar sin m\u00e1s. El suministro de medicamentos se realiza con cuidado y precauci\u00f3n. Esto para evitar las leyes de la DEA y la FDA sobre medicamentos.<\/p>\n<p>Xanax tambi\u00e9n pertenece a la clase de las benzodiacepinas. Es un ansiol\u00edtico de acci\u00f3n corta que se utiliza para tratar la ansiedad y los trastornos de p\u00e1nico. Es eficaz cuando se toma una dosis correcta. Adem\u00e1s, abusar de \u00e9l puede provocar la muerte. Aunque no nos importa si tiene receta, le aconsejamos que acuda a un m\u00e9dico. Es un medicamento contra la ansiedad, pero ordenar sin conocimientos m\u00e9dicos es arriesgado. Alprazolam para la venta y la pol\u00edtica de env\u00edo. <a href=\"https:\/\/chemswell.com\/es\/\">Chemswell<\/a><\/p>\n<p>This product is use for making xanax bars. Xanax bars belongs to a group of drugs called benzodiazepines (ben-zoe-dye-AZE-eh-peens). It works by slowing down the movement of chemicals in the brain that may become unbalanced. This results in a reduction in nervous tension (anxiety). Xanax is used to treat anxiety disorders, panic disorders, and anxiety caused by depression. The drug has a currently accepted medical use in treatment in the United States.<\/p>\n<p>d\u00f3nde comprar <a href=\"https:\/\/en.wikipedia.org\/wiki\/Alprazolam\">alprazolam powder<\/a>Comprar alprazolam en l\u00ednea, comprar Xanax en l\u00ednea en EE. UU., farmacia de alprazolam en l\u00ednea<\/p>\n<p>alprazolam 0,25 mg para dormir, alprazolam puro en polvo en venta, alprazolam en polvo proveedores, es seguro tomar alprazolam<\/p>","protected":false},"excerpt":{"rendered":"<p>Comprar Alprazolam en Polvo Online Donde comprar alprazolam en polvo online en Europa. La gente sigue buscando donde comprar xanax online. En<\/p>","protected":false},"featured_media":10104,"comment_status":"closed","ping_status":"closed","template":"","meta":{"_joinchat":[]},"product_cat":[1255],"product_tag":[3279,3269,1522,3260,3264,3263,3271,3262,3272,3274,3281,3282,3280,3277,3261,3276,3273,3268,3266,3278,3275,1530,3267,3270,3265],"yoast_head":"<!-- This site is optimized with the Yoast SEO plugin v23.0 - https:\/\/yoast.com\/wordpress\/plugins\/seo\/ -->\n<title>Buy Alprazolam Powder Online - Alprazolam for Sale | Chemswell<\/title>\n<meta name=\"description\" content=\"Buy alprazolam powder Online, you can order quality alprazolam for sale safely from a relaible online chemical shop Chemswell. Place your order now!\" \/>\n<meta name=\"robots\" content=\"index, follow, max-snippet:-1, max-image-preview:large, max-video-preview:-1\" \/>\n<link rel=\"canonical\" href=\"https:\/\/chemswell.com\/es\/producto\/comprar-alprazolam-polvo-100g-online\/\" \/>\n<meta property=\"og:locale\" content=\"es_ES\" \/>\n<meta property=\"og:type\" content=\"article\" \/>\n<meta property=\"og:title\" content=\"Buy Alprazolam Powder Online - Alprazolam for Sale | Chemswell\" \/>\n<meta property=\"og:description\" content=\"Buy alprazolam powder Online, you can order quality alprazolam for sale safely from a relaible online chemical shop Chemswell. Place your order now!\" \/>\n<meta property=\"og:url\" content=\"https:\/\/chemswell.com\/es\/producto\/comprar-alprazolam-polvo-100g-online\/\" \/>\n<meta property=\"og:site_name\" content=\"Chemswell\" \/>\n<meta property=\"article:modified_time\" content=\"2026-03-02T11:49:44+00:00\" \/>\n<meta property=\"og:image\" content=\"https:\/\/chemswell.com\/wp-content\/uploads\/2023\/05\/Buy-Alprazolam-Powder-Online.jpg\" \/>\n\t<meta property=\"og:image:width\" content=\"220\" \/>\n\t<meta property=\"og:image:height\" content=\"267\" \/>\n\t<meta property=\"og:image:type\" content=\"image\/jpeg\" \/>\n<meta name=\"twitter:card\" content=\"summary_large_image\" \/>\n<meta name=\"twitter:label1\" content=\"Tiempo de lectura\" \/>\n\t<meta name=\"twitter:data1\" content=\"2 minutos\" \/>\n<!-- \/ Yoast SEO plugin. -->","yoast_head_json":{"title":"Buy Alprazolam Powder Online - Alprazolam for Sale | Chemswell","description":"Buy alprazolam powder Online, you can order quality alprazolam for sale safely from a relaible online chemical shop Chemswell. Place your order now!","robots":{"index":"index","follow":"follow","max-snippet":"max-snippet:-1","max-image-preview":"max-image-preview:large","max-video-preview":"max-video-preview:-1"},"canonical":"https:\/\/chemswell.com\/es\/producto\/comprar-alprazolam-polvo-100g-online\/","og_locale":"es_ES","og_type":"article","og_title":"Buy Alprazolam Powder Online - Alprazolam for Sale | Chemswell","og_description":"Buy alprazolam powder Online, you can order quality alprazolam for sale safely from a relaible online chemical shop Chemswell. Place your order now!","og_url":"https:\/\/chemswell.com\/es\/producto\/comprar-alprazolam-polvo-100g-online\/","og_site_name":"Chemswell","article_modified_time":"2026-03-02T11:49:44+00:00","og_image":[{"width":220,"height":267,"url":"https:\/\/chemswell.com\/wp-content\/uploads\/2023\/05\/Buy-Alprazolam-Powder-Online.jpg","type":"image\/jpeg"}],"twitter_card":"summary_large_image","twitter_misc":{"Tiempo de lectura":"2 minutos"},"schema":{"@context":"https:\/\/schema.org","@graph":[{"@type":"WebPage","@id":"https:\/\/chemswell.com\/product\/buy-alprazolam-powder-100g-online\/","url":"https:\/\/chemswell.com\/product\/buy-alprazolam-powder-100g-online\/","name":"Buy Alprazolam Powder Online - Alprazolam for Sale | Chemswell","isPartOf":{"@id":"https:\/\/chemswell.com\/it\/#website"},"primaryImageOfPage":{"@id":"https:\/\/chemswell.com\/product\/buy-alprazolam-powder-100g-online\/#primaryimage"},"image":{"@id":"https:\/\/chemswell.com\/product\/buy-alprazolam-powder-100g-online\/#primaryimage"},"thumbnailUrl":"https:\/\/chemswell.com\/wp-content\/uploads\/2023\/05\/Buy-Alprazolam-Powder-Online.jpg","datePublished":"2023-05-29T13:12:42+00:00","dateModified":"2026-03-02T11:49:44+00:00","description":"Buy alprazolam powder Online, you can order quality alprazolam for sale safely from a relaible online chemical shop Chemswell. Place your order now!","breadcrumb":{"@id":"https:\/\/chemswell.com\/product\/buy-alprazolam-powder-100g-online\/#breadcrumb"},"inLanguage":"es","potentialAction":[{"@type":"ReadAction","target":["https:\/\/chemswell.com\/product\/buy-alprazolam-powder-100g-online\/"]}]},{"@type":"ImageObject","inLanguage":"es","@id":"https:\/\/chemswell.com\/product\/buy-alprazolam-powder-100g-online\/#primaryimage","url":"https:\/\/chemswell.com\/wp-content\/uploads\/2023\/05\/Buy-Alprazolam-Powder-Online.jpg","contentUrl":"https:\/\/chemswell.com\/wp-content\/uploads\/2023\/05\/Buy-Alprazolam-Powder-Online.jpg","width":220,"height":267,"caption":"Buy Alprazolam Powder Online"},{"@type":"BreadcrumbList","@id":"https:\/\/chemswell.com\/product\/buy-alprazolam-powder-100g-online\/#breadcrumb","itemListElement":[{"@type":"ListItem","position":1,"name":"Home","item":"https:\/\/chemswell.com\/ru\/"},{"@type":"ListItem","position":2,"name":"Shop","item":"https:\/\/chemswell.com\/ru\/%d0%bc%d0%b0%d0%b3%d0%b0%d0%b7%d0%b8%d0%bd\/"},{"@type":"ListItem","position":3,"name":"Buy Alprazolam Powder Online"}]},{"@type":"WebSite","@id":"https:\/\/chemswell.com\/it\/#website","url":"https:\/\/chemswell.com\/it\/","name":"Chemswell","description":"#1 Research Chemical Store","potentialAction":[{"@type":"SearchAction","target":{"@type":"EntryPoint","urlTemplate":"https:\/\/chemswell.com\/it\/?s={search_term_string}"},"query-input":"required name=search_term_string"}],"inLanguage":"es"}]}},"_links":{"self":[{"href":"https:\/\/chemswell.com\/es\/wp-json\/wp\/v2\/product\/10102"}],"collection":[{"href":"https:\/\/chemswell.com\/es\/wp-json\/wp\/v2\/product"}],"about":[{"href":"https:\/\/chemswell.com\/es\/wp-json\/wp\/v2\/types\/product"}],"replies":[{"embeddable":true,"href":"https:\/\/chemswell.com\/es\/wp-json\/wp\/v2\/comments?post=10102"}],"wp:featuredmedia":[{"embeddable":true,"href":"https:\/\/chemswell.com\/es\/wp-json\/wp\/v2\/media\/10104"}],"wp:attachment":[{"href":"https:\/\/chemswell.com\/es\/wp-json\/wp\/v2\/media?parent=10102"}],"wp:term":[{"taxonomy":"product_cat","embeddable":true,"href":"https:\/\/chemswell.com\/es\/wp-json\/wp\/v2\/product_cat?post=10102"},{"taxonomy":"product_tag","embeddable":true,"href":"https:\/\/chemswell.com\/es\/wp-json\/wp\/v2\/product_tag?post=10102"}],"curies":[{"name":"wp","href":"https:\/\/api.w.org\/{rel}","templated":true}]}}