{"id":10108,"date":"2023-05-29T14:00:17","date_gmt":"2023-05-29T14:00:17","guid":{"rendered":"https:\/\/chemswell.com\/?post_type=product&#038;p=10108"},"modified":"2026-02-28T10:31:14","modified_gmt":"2026-02-28T10:31:14","slug":"buy-5-mapb-crystal-50g-online","status":"publish","type":"product","link":"https:\/\/chemswell.com\/es\/producto\/comprar-5-mapb-crystal-50g-online\/","title":{"rendered":"COMPRAR 5-MAPB CRYSTAL 50g EN L\u00cdNEA"},"content":{"rendered":"<h2><strong>BUY 5-MAPB CRYSTAL ONLINE<\/strong><\/h2>\n<p><a href=\"https:\/\/chemswell.com\/es\/producto\/comprar-5-mapb-crystal-50g-online\/\">Comprar 5-mapb-crystal online<\/a>, \u00bfDesea Comprar 5-mapb-cristal a un precio razonable? entonces p\u00f3ngase en contacto con nuestro almac\u00e9n qu\u00edmico online lo antes posible. Puede comprar 5-mapb-cristal online a un precio excelente en chemswell, un minorista online de primera categor\u00eda. Somos un proveedor y vendedor de confianza con un almac\u00e9n de productos qu\u00edmicos online, y estamos siempre a su servicio. \u00a1Compre 5-MAPB-crystal ahora mismo!<\/p>\n<h3>WHAT IS\u00a05-MAPB-CRYSTAL?<\/h3>\n<p><a href=\"https:\/\/en.wikipedia.org\/wiki\/5-MAPB\"><strong>5-MAPB<\/strong><\/a>\u00a0(<strong>1-(benzofurano-5-il)-<\/strong><em><strong>N<\/strong><\/em><strong>-metil propano-2-amina<\/strong>) es una droga de dise\u00f1o entact\u00f3gena similar a la MDMA en su estructura y efectos. El 5-(2-metil aminopropil)benzofurano (abreviado 5-MAPB) es un entact\u00f3geno sint\u00e9tico de la clase de los benzofuranos sustituidos. <a href=\"https:\/\/chemswell.com\/es\/\">Chemswell<\/a><\/p>\n<p>5-mapb, 5-mapb en venta, 5-mapb en venta online, 5-mapb en polvo, 5-mapb en polvo Australia, 5-mapb en polvo Canad\u00e1, 5-mapb en polvo dosis, 5-mapb en polvo en venta, 5-mapb en polvo revisi\u00f3n, 5-mapb en polvo proveedor, 5-mapb en polvo Reino Unido, 5-mapb en polvo EE.UU., 5-mapb en polvo vendedor, 5-mapb reddit, 5-mapb research chemicals, 5-mapb research chemicals for sale, 5-mapb review, buy 5-mapb, buy 5-mapb online, buy 5-mapb powder online, buy 5-mapb research chemicals, mail 5-mapb, order 5-mapb, order 5-mapb online, order 5-mapb powder, pure 5-mapb powder, where to buy 5-mapb<\/p>\n<h3>\u00bfC\u00d3MO COMPRAR 5-MAPB-CRYSTAL EN L\u00cdNEA?<\/h3>\n<p>En nuestro sitio web oficial, puede pedir 5-mapb-crystal, y recibir\u00e1 el paquete r\u00e1pidamente en el lugar que nos indique. En Estados Unidos, Reino Unido, Canad\u00e1, Alemania y Australia, s\u00f3lo vendemos 5-mapb-crystal. \u00a1Con\u00e9ctese ahora mismo!<\/p>\n<p>Somos el mejor vendedor y proveedor de productos qu\u00edmicos de primera calidad a precios rentables. Nuestro personal cualificado y nuestros amplios conocimientos tranquilizan al cliente. Ahora pueden mantener f\u00e1cilmente un nivel de existencias suficiente y obtener una entrega r\u00e1pida para satisfacer sus necesidades. Nos hemos ganado el afecto y el respeto de la gente ofreciendo productos de alta calidad a precios asequibles y prestando servicios de primera clase. No s\u00f3lo es nuestra responsabilidad, sino tambi\u00e9n nuestro trabajo, estar a la altura de sus expectativas. Antes de comprar el mdpt, usted no est\u00e1 obligado a ver a un m\u00e9dico Comprar 5-mapb-crystal en l\u00ednea.<\/p>\n<p>Hacemos todo lo posible para satisfacer exactamente las expectativas del cliente. Los precios se fijan de acuerdo con las normas del sector, donde el objetivo primordial de la empresa es lograr el reconocimiento mundial en t\u00e9rminos de productos y servicios.<\/p>\n<p>Adem\u00e1s, damos la misma prioridad a todos sus pedidos, ya sean al por mayor o en peque\u00f1as cantidades, y nos esforzamos por despachar su pedido en el plazo m\u00e1s breve posible.<\/p>\n<p>Estamos muy seguros de que no se arrepentir\u00e1 de su decisi\u00f3n despu\u00e9s de realizar sus compras. Obtenemos nuestro material del mejor lugar para suministrarle la calidad \u00f3ptima del producto. Recibir\u00e1 su embalaje envuelto en un discreto envoltorio.<\/p>\n<p>Nuestra amplia experiencia nos ha ayudado a afianzarnos en el sector\u00a0<strong>investigaci\u00f3n qu\u00edmica<\/strong>\u00a0mercado. Creemos en el mantenimiento de una relaci\u00f3n sana con nuestros clientes, basada en la confianza, que nos ha permitido convertirnos en un reputado distribuidor de productos qu\u00edmicos de investigaci\u00f3n.<a href=\"https:\/\/en.wikipedia.org\/wiki\/Special:Search?go=Go&amp;search=Lorazepam+2.5mg+Im+Blister&amp;ns0=1\">.<\/a><\/p>\n<p>&nbsp;<\/p>\n<p>&nbsp;<\/p>\n<p>&nbsp;<\/p>","protected":false},"excerpt":{"rendered":"<p>BUY 5-MAPB CRYSTAL ONLINE Buy 5-mapb-crystal online, Want to Buy 5-mapb crystal at a reasonable price? then get in touch with our<\/p>","protected":false},"featured_media":10109,"comment_status":"open","ping_status":"closed","template":"","meta":{"_joinchat":[]},"product_cat":[1258,1255],"product_tag":[3302,3292,1522,3283,3287,3286,3294,3285,3295,3297,3304,3305,3303,3300,3284,3299,3296,3291,3289,3301,3298,1530,3290,3293,3288],"yoast_head":"<!-- This site is optimized with the Yoast SEO plugin v23.0 - https:\/\/yoast.com\/wordpress\/plugins\/seo\/ -->\n<title>Buy 5-mapb-crystal online \u2013 Buy 5-MAPB \u2013 chemswell<\/title>\n<meta name=\"description\" content=\"Buy 5-mapb-crystal online, Order Buy 5-MAPB Crystal Online in ChemsWorld. Buy 5-MAPB Crystal Online online with worldwide delivery. Place your order now!\" \/>\n<meta name=\"robots\" content=\"index, follow, max-snippet:-1, max-image-preview:large, max-video-preview:-1\" \/>\n<link rel=\"canonical\" href=\"https:\/\/chemswell.com\/es\/producto\/comprar-5-mapb-crystal-50g-online\/\" \/>\n<meta property=\"og:locale\" content=\"es_ES\" \/>\n<meta property=\"og:type\" content=\"article\" \/>\n<meta property=\"og:title\" content=\"Buy 5-mapb-crystal online \u2013 Buy 5-MAPB \u2013 chemswell\" \/>\n<meta property=\"og:description\" content=\"Buy 5-mapb-crystal online, Order Buy 5-MAPB Crystal Online in ChemsWorld. Buy 5-MAPB Crystal Online online with worldwide delivery. Place your order now!\" \/>\n<meta property=\"og:url\" content=\"https:\/\/chemswell.com\/es\/producto\/comprar-5-mapb-crystal-50g-online\/\" \/>\n<meta property=\"og:site_name\" content=\"Chemswell\" \/>\n<meta property=\"article:modified_time\" content=\"2026-02-28T10:31:14+00:00\" \/>\n<meta property=\"og:image\" content=\"https:\/\/chemswell.com\/wp-content\/uploads\/2023\/05\/Buy-5-MAPB-Powder-Crystal-600x488-1.jpg\" \/>\n\t<meta property=\"og:image:width\" content=\"600\" \/>\n\t<meta property=\"og:image:height\" content=\"488\" \/>\n\t<meta property=\"og:image:type\" content=\"image\/jpeg\" \/>\n<meta name=\"twitter:card\" content=\"summary_large_image\" \/>\n<meta name=\"twitter:label1\" content=\"Tiempo de lectura\" \/>\n\t<meta name=\"twitter:data1\" content=\"3 minutos\" \/>\n<!-- \/ Yoast SEO plugin. -->","yoast_head_json":{"title":"Buy 5-mapb-crystal online \u2013 Buy 5-MAPB \u2013 chemswell","description":"Buy 5-mapb-crystal online, Order Buy 5-MAPB Crystal Online in ChemsWorld. Buy 5-MAPB Crystal Online online with worldwide delivery. Place your order now!","robots":{"index":"index","follow":"follow","max-snippet":"max-snippet:-1","max-image-preview":"max-image-preview:large","max-video-preview":"max-video-preview:-1"},"canonical":"https:\/\/chemswell.com\/es\/producto\/comprar-5-mapb-crystal-50g-online\/","og_locale":"es_ES","og_type":"article","og_title":"Buy 5-mapb-crystal online \u2013 Buy 5-MAPB \u2013 chemswell","og_description":"Buy 5-mapb-crystal online, Order Buy 5-MAPB Crystal Online in ChemsWorld. Buy 5-MAPB Crystal Online online with worldwide delivery. Place your order now!","og_url":"https:\/\/chemswell.com\/es\/producto\/comprar-5-mapb-crystal-50g-online\/","og_site_name":"Chemswell","article_modified_time":"2026-02-28T10:31:14+00:00","og_image":[{"width":600,"height":488,"url":"https:\/\/chemswell.com\/wp-content\/uploads\/2023\/05\/Buy-5-MAPB-Powder-Crystal-600x488-1.jpg","type":"image\/jpeg"}],"twitter_card":"summary_large_image","twitter_misc":{"Tiempo de lectura":"3 minutos"},"schema":{"@context":"https:\/\/schema.org","@graph":[{"@type":"WebPage","@id":"https:\/\/chemswell.com\/product\/buy-5-mapb-crystal-50g-online\/","url":"https:\/\/chemswell.com\/product\/buy-5-mapb-crystal-50g-online\/","name":"Buy 5-mapb-crystal online \u2013 Buy 5-MAPB \u2013 chemswell","isPartOf":{"@id":"https:\/\/chemswell.com\/it\/#website"},"primaryImageOfPage":{"@id":"https:\/\/chemswell.com\/product\/buy-5-mapb-crystal-50g-online\/#primaryimage"},"image":{"@id":"https:\/\/chemswell.com\/product\/buy-5-mapb-crystal-50g-online\/#primaryimage"},"thumbnailUrl":"https:\/\/chemswell.com\/wp-content\/uploads\/2023\/05\/Buy-5-MAPB-Powder-Crystal-600x488-1.jpg","datePublished":"2023-05-29T14:00:17+00:00","dateModified":"2026-02-28T10:31:14+00:00","description":"Buy 5-mapb-crystal online, Order Buy 5-MAPB Crystal Online in ChemsWorld. Buy 5-MAPB Crystal Online online with worldwide delivery. Place your order now!","breadcrumb":{"@id":"https:\/\/chemswell.com\/product\/buy-5-mapb-crystal-50g-online\/#breadcrumb"},"inLanguage":"es","potentialAction":[{"@type":"ReadAction","target":["https:\/\/chemswell.com\/product\/buy-5-mapb-crystal-50g-online\/"]}]},{"@type":"ImageObject","inLanguage":"es","@id":"https:\/\/chemswell.com\/product\/buy-5-mapb-crystal-50g-online\/#primaryimage","url":"https:\/\/chemswell.com\/wp-content\/uploads\/2023\/05\/Buy-5-MAPB-Powder-Crystal-600x488-1.jpg","contentUrl":"https:\/\/chemswell.com\/wp-content\/uploads\/2023\/05\/Buy-5-MAPB-Powder-Crystal-600x488-1.jpg","width":600,"height":488,"caption":"Buy 5-mapb-crystal online"},{"@type":"BreadcrumbList","@id":"https:\/\/chemswell.com\/product\/buy-5-mapb-crystal-50g-online\/#breadcrumb","itemListElement":[{"@type":"ListItem","position":1,"name":"Home","item":"https:\/\/chemswell.com\/ru\/"},{"@type":"ListItem","position":2,"name":"Shop","item":"https:\/\/chemswell.com\/ru\/%d0%bc%d0%b0%d0%b3%d0%b0%d0%b7%d0%b8%d0%bd\/"},{"@type":"ListItem","position":3,"name":"BUY 5-MAPB CRYSTAL 50g ONLINE"}]},{"@type":"WebSite","@id":"https:\/\/chemswell.com\/it\/#website","url":"https:\/\/chemswell.com\/it\/","name":"Chemswell","description":"#1 Research Chemical Store","potentialAction":[{"@type":"SearchAction","target":{"@type":"EntryPoint","urlTemplate":"https:\/\/chemswell.com\/it\/?s={search_term_string}"},"query-input":"required name=search_term_string"}],"inLanguage":"es"}]}},"_links":{"self":[{"href":"https:\/\/chemswell.com\/es\/wp-json\/wp\/v2\/product\/10108"}],"collection":[{"href":"https:\/\/chemswell.com\/es\/wp-json\/wp\/v2\/product"}],"about":[{"href":"https:\/\/chemswell.com\/es\/wp-json\/wp\/v2\/types\/product"}],"replies":[{"embeddable":true,"href":"https:\/\/chemswell.com\/es\/wp-json\/wp\/v2\/comments?post=10108"}],"wp:featuredmedia":[{"embeddable":true,"href":"https:\/\/chemswell.com\/es\/wp-json\/wp\/v2\/media\/10109"}],"wp:attachment":[{"href":"https:\/\/chemswell.com\/es\/wp-json\/wp\/v2\/media?parent=10108"}],"wp:term":[{"taxonomy":"product_cat","embeddable":true,"href":"https:\/\/chemswell.com\/es\/wp-json\/wp\/v2\/product_cat?post=10108"},{"taxonomy":"product_tag","embeddable":true,"href":"https:\/\/chemswell.com\/es\/wp-json\/wp\/v2\/product_tag?post=10108"}],"curies":[{"name":"wp","href":"https:\/\/api.w.org\/{rel}","templated":true}]}}