{"id":10113,"date":"2023-05-29T14:42:06","date_gmt":"2023-05-29T14:42:06","guid":{"rendered":"https:\/\/chemswell.com\/?post_type=product&#038;p=10113"},"modified":"2026-02-28T10:31:37","modified_gmt":"2026-02-28T10:31:37","slug":"buy-4-cl-pvp-crystal-online","status":"publish","type":"product","link":"https:\/\/chemswell.com\/es\/producto\/comprar-4-cl-pvp-crystal-online\/","title":{"rendered":"Comprar 4-CL-PVP Cristal en l\u00ednea"},"content":{"rendered":"<h2>Comprar 4-CL-PVP Cristal en l\u00ednea<\/h2>\n<p>4-CL-PVP (<a href=\"https:\/\/en.wikipedia.org\/wiki\/4-Chloro-%CE%B1-pyrrolidinovalerophenone\">4-Chloro-alpha-pyrrolidinovalerophenone<\/a>es un producto qu\u00edmico de investigaci\u00f3n de la clase de las pirrolidinofenonas. Tambi\u00e9n es un an\u00e1logo cristalino del a-PVP, lo que significa que los investigadores han encontrado en \u00e9l una gran alternativa. El orden 4-CL-PVP produce sus efectos estimulantes ya que es un inhibidor de la recaptaci\u00f3n de norepinefrina-dopamina. Informes anecd\u00f3ticos han afirmado que los participantes hab\u00edan exhibido efectos de alta energ\u00eda, mejora del estado de alerta y euforia.<\/p>\n<h2><b>Introducci\u00f3n<\/b><\/h2>\n<p><span style=\"font-weight: 400;\">The presence of <\/span><a href=\"https:\/\/chemswell.com\/es\/producto\/comprar-4-cl-pvp-crystal-online\/\"><b>4-CL-PVP Crystal<\/b><\/a><span style=\"font-weight: 400;\"> Su presencia en los mercados grises en l\u00ednea plantea preguntas urgentes sobre la regulaci\u00f3n, la seguridad p\u00fablica y la autonom\u00eda individual. Comercializada como una \"sustancia qu\u00edmica de investigaci\u00f3n\", la 4-CL-PVP es un potente estimulante sint\u00e9tico con una creciente presencia digital; se vende a menudo en foros, mercados de la red oscura y aplicaciones de mensajer\u00eda cifrada.<\/span><\/p>\n<p><span style=\"font-weight: 400;\">Este art\u00edculo analiza los mecanismos detr\u00e1s de su distribuci\u00f3n digital, consideraciones \u00e9ticas, responsabilidades de la plataforma y respuestas pol\u00edticas en una econom\u00eda de drogas descentralizada e impulsada por la tecnolog\u00eda.<\/span><\/p>\n<h3><b>\u00bfQu\u00e9 hace que la venta de cristal 4-CL-PVP?<\/b><\/h3>\n<p>La 4-CL-PVP (4-cloro-alfa-PVP) pertenece a la clase de estimulantes de las catinonas, estrechamente relacionada con la alfa-PVP (flakka). Se vende generalmente en forma cristalina o en polvo y es conocida por sus intensos efectos estimulantes, que pueden incluir euforia, aumento de energ\u00eda, pero tambi\u00e9n paranoia, alucinaciones y consumo compulsivo de nuevas dosis.<\/p>\n<p><span style=\"font-weight: 400;\">Su atractivo en el mercado est\u00e1 impulsado por:<\/span><\/p>\n<ul>\n<li style=\"font-weight: 400;\" aria-level=\"1\">Potencia en dosis bajas (p. ej., 10\u201330 mg)<\/li>\n<li style=\"font-weight: 400;\" aria-level=\"1\">Alto valor estimulante para uso recreativo o de rendimiento.<\/li>\n<li style=\"font-weight: 400;\" aria-level=\"1\">Ambig\u00fcedad jur\u00eddica, especialmente cuando no est\u00e1 prevista directamente<\/li>\n<li style=\"font-weight: 400;\" aria-level=\"1\"><span style=\"font-size: 1rem;\">Opciones de venta al por mayor, a menudo dirigidas a revendedores<\/span><\/li>\n<\/ul>\n<p><span style=\"font-weight: 400;\">El hecho de que se venda en forma de cristal (como en \u201cpaquetes de 500 g\u201d) sugiere una distribuci\u00f3n a nivel industrial, aun cuando los riesgos para la salud siguen en gran medida sin estar regulados.<\/span><\/p>\n<h3><b>Descripci\u00f3n general de vendedores en l\u00ednea, foros y rese\u00f1as de usuarios<\/b><\/h3>\n<p><span style=\"font-weight: 400;\">El 4-CL-PVP se vende frecuentemente a trav\u00e9s de:<\/span><\/p>\n<ul>\n<li style=\"font-weight: 400;\" aria-level=\"1\">Mercados de la Darknet (que utilizan Tor)<\/li>\n<li style=\"font-weight: 400;\" aria-level=\"1\">Sitios de suministro de productos qu\u00edmicos de red limpia etiquetados como \u201cno aptos para consumo humano\u201d<\/li>\n<li style=\"font-weight: 400;\" aria-level=\"1\">Canales de chat cifrados (por ejemplo, Telegram, Discord)<\/li>\n<li style=\"font-weight: 400;\" aria-level=\"1\">Foros de usuarios y sistemas de comentarios, donde los compradores anteriores califican a los vendedores en cuanto a discreci\u00f3n, potencia y servicio al cliente.<\/li>\n<\/ul>\n<p><span style=\"font-weight: 400;\">Estas plataformas imitan los ecosistemas de comercio electr\u00f3nico tradicionales (con promociones, programas de fidelizaci\u00f3n y marcas de proveedores), pero sin las barreras legales.<\/span><\/p>\n<h3><b>El papel de las criptomonedas y el anonimato<\/b><\/h3>\n<p><span style=\"font-weight: 400;\">El anonimato digital permite que estas transacciones prosperen. Los compradores y vendedores suelen utilizar:<\/span><\/p>\n<ul>\n<li style=\"font-weight: 400;\" aria-level=\"1\">Bitcoin and monero for privacy-preserving payments<\/li>\n<li style=\"font-weight: 400;\" aria-level=\"1\">Escrow systems to reduce fraud<\/li>\n<li style=\"font-weight: 400;\" aria-level=\"1\">PGP encryption and onion-routing for communication these tools make it extremely difficult to trace transactions or identify operators, which complicates enforcement and risk mitigation.<\/li>\n<\/ul>\n<h3><b>\u00bfDeber\u00edan las personas tener acceso a sustancias no reguladas?<\/b><\/h3>\n<p><span style=\"font-weight: 400;\">Algunos argumentan que el Estado no deber\u00eda criminalizar el acceso a ninguna sustancia si se consume en privado por un adulto informado. Este marco de \"libertad cognitiva\" apoya el acceso a compuestos como la 4-CL-PVP, especialmente en peque\u00f1as cantidades.<\/span><\/p>\n<p><span style=\"font-weight: 400;\">Sin embargo, las catinonas como la 4-CL-PVP se han relacionado con:<\/span><\/p>\n<ul>\n<li style=\"font-weight: 400;\" aria-level=\"1\">Neurotoxicity and cardiovascular risks<\/li>\n<li style=\"font-weight: 400;\" aria-level=\"1\">Addiction-like patterns of abuse<\/li>\n<li style=\"font-weight: 400;\" aria-level=\"1\">Severe psychiatric outcomes, including delusions and violenceThis raises the ethical question: Can users truly consent to risk when information is unreliable and substances are untested?<\/li>\n<\/ul>\n<h3><b>El equilibrio entre la libertad y la salud p\u00fablica<\/b><\/h3>\n<p><span style=\"font-weight: 400;\">The challenge lies in balancing:<\/span><\/p>\n<ul>\n<li style=\"font-weight: 400;\" aria-level=\"1\">Individual freedom of choice<\/li>\n<li style=\"font-weight: 400;\" aria-level=\"1\">Access to reliable information and testing<\/li>\n<li style=\"font-weight: 400;\" aria-level=\"1\">The public health cost of untreated substance abuse or ER admissions<\/li>\n<\/ul>\n<p><span style=\"font-weight: 400;\">Desde el punto de vista \u00e9tico, la reducci\u00f3n de da\u00f1os (no la prohibici\u00f3n) puede ofrecer un enfoque m\u00e1s equilibrado para los compuestos que quedan fuera de la clasificaci\u00f3n tradicional.<\/span><\/p>\n<h2><b>Responsabilidad de la plataforma<\/b><\/h2>\n<p><span style=\"font-weight: 400;\">Los operadores de plataformas suelen usar descargos de responsabilidad (p. ej., \u00abNo apto para consumo humano\u00bb) o alegar desconocimiento. Sin embargo, muchas plataformas:<\/span><\/p>\n<ul>\n<li style=\"font-weight: 400;\" aria-level=\"1\">Curate vendor reputations<\/li>\n<li style=\"font-weight: 400;\" aria-level=\"1\">Provide customer service features<\/li>\n<li style=\"font-weight: 400;\" aria-level=\"1\">Enable bulk purchasing (e.g., 4-CL-PVP Crystal)<\/li>\n<\/ul>\n<p><span style=\"font-weight: 400;\">Esto plantea cuestiones jur\u00eddicas y \u00e9ticas sobre la complicidad, especialmente cuando los casos de da\u00f1os o sobredosis pueden vincularse a productos vendidos a trav\u00e9s de su infraestructura.<\/span><\/p>\n<h3><b>Estudios de casos de paradas (por ejemplo, cristal 4-CL-PVP)<\/b><\/h3>\n<p>Cuando se cierran mercados como Empire Market o AlphaBay, desaparecen temporalmente las listas de 4-CL-PVP y sustancias similares. Sin embargo, como se ha observado con otras catinonas:<\/p>\n<ul>\n<li>Vendors resurface under new aliases<\/li>\n<li>Markets migrate to other forums or private groups<\/li>\n<li>Prices may fluctuate briefly, but demand remains stable<\/li>\n<\/ul>\n<p><span style=\"font-weight: 400;\">This cycle of whack-a-mole enforcement has done little to curb availability long-term.<\/span><\/p>\n<h3><b>Regulaci\u00f3n \u00e9tica en la era del comercio descentralizado<\/b><\/h3>\n<p><span style=\"font-weight: 400;\">Instead of criminalizing end-users, policy responses could focus on:<\/span><\/p>\n<ul>\n<li style=\"font-weight: 400;\" aria-level=\"1\">Safe supply models<\/li>\n<li style=\"font-weight: 400;\" aria-level=\"1\">Research-led scheduling<span style=\"font-weight: 400;\">, not reactionary bans<\/span><\/li>\n<li style=\"font-weight: 400;\" aria-level=\"1\">Accessible drug checking services<\/li>\n<li style=\"font-weight: 400;\" aria-level=\"1\">Cross-border regulatory collaboration<\/li>\n<\/ul>\n<p>Al reconocer la inevitabilidad del acceso digital, los gobiernos pueden reducir el da\u00f1o y al mismo tiempo preservar los derechos individuales.<\/p>\n<h3><b>Monitoreo digital sin exceso de vigilancia<\/b><\/h3>\n<p><span style=\"font-weight: 400;\">Modern solutions include:<\/span><\/p>\n<ul>\n<li style=\"font-weight: 400;\" aria-level=\"1\">AI-powered threat detection tools<\/li>\n<li style=\"font-weight: 400;\" aria-level=\"1\">Real-time data scraping of forums<\/li>\n<li style=\"font-weight: 400;\" aria-level=\"1\">Sistemas de alerta para informes de lotes t\u00f3xicos<\/li>\n<\/ul>\n<p>Pero todo esto debe equilibrarse con los derechos digitales, incluida la privacidad, la libertad de expresi\u00f3n y el debido proceso.<\/p>\n<h2><b>Conclusi\u00f3n: Navegando el futuro de la \u00e9tica digital de los medicamentos<\/b><\/h2>\n<p>La distribuci\u00f3n en l\u00ednea de 4-CL-PVP Crystal es m\u00e1s que una tendencia de drogas: es un s\u00edntoma de un mundo descentralizado, donde el control, el acceso y la \u00e9tica se renegocian en tiempo real.<\/p>\n<p><span style=\"font-weight: 400;\">Ahora estamos en un paisaje donde:<\/span><\/p>\n<ul>\n<li style=\"font-weight: 400;\" aria-level=\"1\">La criptograf\u00eda protege a las usuarias<\/li>\n<li style=\"font-weight: 400;\" aria-level=\"1\">Los algoritmos permiten la distribuci\u00f3n masiva<\/li>\n<li style=\"font-weight: 400;\" aria-level=\"1\">La pol\u00edtica va a la zaga de la innovaci\u00f3n<\/li>\n<\/ul>\n<p>El futuro requiere una conversaci\u00f3n honesta sobre la libertad, la seguridad y el tipo de sociedad digital que queremos construir.<\/p>","protected":false},"excerpt":{"rendered":"<p>Comprar 4-CL-PVP Cristal online 4-CL-PVP (4-cloro-alfa-pirrolidinovalerofenona) es un producto qu\u00edmico de investigaci\u00f3n de la clase de las pirrolidinofenonas. Tambi\u00e9n es un an\u00e1logo cristalino de a-PVP<\/p>","protected":false},"featured_media":10114,"comment_status":"closed","ping_status":"closed","template":"","meta":{"_joinchat":[]},"product_cat":[1258,1255],"product_tag":[2594,2584,1522,2575,2579,2578,2586,2577,2587,2589,2596,2597,2595,2592,2576,2591,2588,2583,2581,2593,2590,1530,2582,2585,2580],"yoast_head":"<!-- This site is optimized with the Yoast SEO plugin v23.0 - https:\/\/yoast.com\/wordpress\/plugins\/seo\/ -->\n<title>Buy 4-CL-PVP Crystal Online - Cheap 4-Cl-PVP for Sale<\/title>\n<meta name=\"description\" content=\"Buy 4-CL-PVP Crystal online. Shop 4-cl-pvp-crystal from a reliable online 4-cl-pvp-crystal shop we offer wholesale 4-cl-pvp-crystal online with guarantee.\" \/>\n<meta name=\"robots\" content=\"index, follow, max-snippet:-1, max-image-preview:large, max-video-preview:-1\" \/>\n<link rel=\"canonical\" href=\"https:\/\/chemswell.com\/es\/producto\/comprar-4-cl-pvp-crystal-online\/\" \/>\n<meta property=\"og:locale\" content=\"es_ES\" \/>\n<meta property=\"og:type\" content=\"article\" \/>\n<meta property=\"og:title\" content=\"Buy 4-CL-PVP Crystal Online - Cheap 4-Cl-PVP for Sale\" \/>\n<meta property=\"og:description\" content=\"Buy 4-CL-PVP Crystal online. Shop 4-cl-pvp-crystal from a reliable online 4-cl-pvp-crystal shop we offer wholesale 4-cl-pvp-crystal online with guarantee.\" \/>\n<meta property=\"og:url\" content=\"https:\/\/chemswell.com\/es\/producto\/comprar-4-cl-pvp-crystal-online\/\" \/>\n<meta property=\"og:site_name\" content=\"Chemswell\" \/>\n<meta property=\"article:modified_time\" content=\"2026-02-28T10:31:37+00:00\" \/>\n<meta property=\"og:image\" content=\"https:\/\/chemswell.com\/wp-content\/uploads\/2023\/05\/4-cl-pvp33.png\" \/>\n\t<meta property=\"og:image:width\" content=\"600\" \/>\n\t<meta property=\"og:image:height\" content=\"600\" \/>\n\t<meta property=\"og:image:type\" content=\"image\/png\" \/>\n<meta name=\"twitter:card\" content=\"summary_large_image\" \/>\n<meta name=\"twitter:label1\" content=\"Tiempo de lectura\" \/>\n\t<meta name=\"twitter:data1\" content=\"4 minutos\" \/>\n<!-- \/ Yoast SEO plugin. -->","yoast_head_json":{"title":"Buy 4-CL-PVP Crystal Online - Cheap 4-Cl-PVP for Sale","description":"Buy 4-CL-PVP Crystal online. Shop 4-cl-pvp-crystal from a reliable online 4-cl-pvp-crystal shop we offer wholesale 4-cl-pvp-crystal online with guarantee.","robots":{"index":"index","follow":"follow","max-snippet":"max-snippet:-1","max-image-preview":"max-image-preview:large","max-video-preview":"max-video-preview:-1"},"canonical":"https:\/\/chemswell.com\/es\/producto\/comprar-4-cl-pvp-crystal-online\/","og_locale":"es_ES","og_type":"article","og_title":"Buy 4-CL-PVP Crystal Online - Cheap 4-Cl-PVP for Sale","og_description":"Buy 4-CL-PVP Crystal online. Shop 4-cl-pvp-crystal from a reliable online 4-cl-pvp-crystal shop we offer wholesale 4-cl-pvp-crystal online with guarantee.","og_url":"https:\/\/chemswell.com\/es\/producto\/comprar-4-cl-pvp-crystal-online\/","og_site_name":"Chemswell","article_modified_time":"2026-02-28T10:31:37+00:00","og_image":[{"width":600,"height":600,"url":"https:\/\/chemswell.com\/wp-content\/uploads\/2023\/05\/4-cl-pvp33.png","type":"image\/png"}],"twitter_card":"summary_large_image","twitter_misc":{"Tiempo de lectura":"4 minutos"},"schema":{"@context":"https:\/\/schema.org","@graph":[{"@type":"WebPage","@id":"https:\/\/chemswell.com\/product\/buy-4-cl-pvp-crystal-online\/","url":"https:\/\/chemswell.com\/product\/buy-4-cl-pvp-crystal-online\/","name":"Buy 4-CL-PVP Crystal Online - Cheap 4-Cl-PVP for Sale","isPartOf":{"@id":"https:\/\/chemswell.com\/it\/#website"},"primaryImageOfPage":{"@id":"https:\/\/chemswell.com\/product\/buy-4-cl-pvp-crystal-online\/#primaryimage"},"image":{"@id":"https:\/\/chemswell.com\/product\/buy-4-cl-pvp-crystal-online\/#primaryimage"},"thumbnailUrl":"https:\/\/chemswell.com\/wp-content\/uploads\/2023\/05\/4-cl-pvp33.png","datePublished":"2023-05-29T14:42:06+00:00","dateModified":"2026-02-28T10:31:37+00:00","description":"Buy 4-CL-PVP Crystal online. Shop 4-cl-pvp-crystal from a reliable online 4-cl-pvp-crystal shop we offer wholesale 4-cl-pvp-crystal online with guarantee.","breadcrumb":{"@id":"https:\/\/chemswell.com\/product\/buy-4-cl-pvp-crystal-online\/#breadcrumb"},"inLanguage":"es","potentialAction":[{"@type":"ReadAction","target":["https:\/\/chemswell.com\/product\/buy-4-cl-pvp-crystal-online\/"]}]},{"@type":"ImageObject","inLanguage":"es","@id":"https:\/\/chemswell.com\/product\/buy-4-cl-pvp-crystal-online\/#primaryimage","url":"https:\/\/chemswell.com\/wp-content\/uploads\/2023\/05\/4-cl-pvp33.png","contentUrl":"https:\/\/chemswell.com\/wp-content\/uploads\/2023\/05\/4-cl-pvp33.png","width":600,"height":600,"caption":"Buy 4-CL-PVP Crystal online"},{"@type":"BreadcrumbList","@id":"https:\/\/chemswell.com\/product\/buy-4-cl-pvp-crystal-online\/#breadcrumb","itemListElement":[{"@type":"ListItem","position":1,"name":"Home","item":"https:\/\/chemswell.com\/ru\/"},{"@type":"ListItem","position":2,"name":"Shop","item":"https:\/\/chemswell.com\/ru\/%d0%bc%d0%b0%d0%b3%d0%b0%d0%b7%d0%b8%d0%bd\/"},{"@type":"ListItem","position":3,"name":"Buy 4-CL-PVP Crystal online"}]},{"@type":"WebSite","@id":"https:\/\/chemswell.com\/it\/#website","url":"https:\/\/chemswell.com\/it\/","name":"Chemswell","description":"#1 Research Chemical Store","potentialAction":[{"@type":"SearchAction","target":{"@type":"EntryPoint","urlTemplate":"https:\/\/chemswell.com\/it\/?s={search_term_string}"},"query-input":"required name=search_term_string"}],"inLanguage":"es"}]}},"_links":{"self":[{"href":"https:\/\/chemswell.com\/es\/wp-json\/wp\/v2\/product\/10113"}],"collection":[{"href":"https:\/\/chemswell.com\/es\/wp-json\/wp\/v2\/product"}],"about":[{"href":"https:\/\/chemswell.com\/es\/wp-json\/wp\/v2\/types\/product"}],"replies":[{"embeddable":true,"href":"https:\/\/chemswell.com\/es\/wp-json\/wp\/v2\/comments?post=10113"}],"wp:featuredmedia":[{"embeddable":true,"href":"https:\/\/chemswell.com\/es\/wp-json\/wp\/v2\/media\/10114"}],"wp:attachment":[{"href":"https:\/\/chemswell.com\/es\/wp-json\/wp\/v2\/media?parent=10113"}],"wp:term":[{"taxonomy":"product_cat","embeddable":true,"href":"https:\/\/chemswell.com\/es\/wp-json\/wp\/v2\/product_cat?post=10113"},{"taxonomy":"product_tag","embeddable":true,"href":"https:\/\/chemswell.com\/es\/wp-json\/wp\/v2\/product_tag?post=10113"}],"curies":[{"name":"wp","href":"https:\/\/api.w.org\/{rel}","templated":true}]}}