{"id":10117,"date":"2023-06-01T07:28:11","date_gmt":"2023-06-01T07:28:11","guid":{"rendered":"https:\/\/chemswell.com\/?post_type=product&#038;p=10117"},"modified":"2025-01-08T09:37:08","modified_gmt":"2025-01-08T09:37:08","slug":"buy-dibutylone-crystal-online","status":"publish","type":"product","link":"https:\/\/chemswell.com\/es\/producto\/comprar-dibutilona-cristal-online\/","title":{"rendered":"Comprar Dibutilona Cristal Online"},"content":{"rendered":"<h2><strong>Comprar Dibutilona Cristal Online<\/strong><\/h2>\n<p><a href=\"https:\/\/chemswell.com\/es\/producto\/comprar-dibutilona-cristal-online\/\">Dibutylone<\/a>tambi\u00e9n conocida como bk-DMBDB, es un medicamento estimulante que pertenece a los grupos farmacol\u00f3gicos de la catinona, la fenetilamina y la anfetamina. Estos medicamentos tienen un grupo alquilo unido al carbono alfa del n\u00facleo de la fenetilamina y un grupo cetona unido al carbono beta.<\/p>\n<p>La planta khat, cuyas hojas se mastican a veces como droga recreativa, contiene catinona de forma natural. \u00bfBusca comprar Dibutilona cristal en l\u00ednea? Est\u00e1s en el sitio web adecuado. <a href=\"https:\/\/chemswell.com\/es\/\">Chemswell<\/a><\/p>\n<h3><strong>Comprar Dibutilona Cristal Compra:<\/strong><\/h3>\n<p>Designer substance <a href=\"https:\/\/en.wikipedia.org\/wiki\/Dibutylone\">Dutylone<\/a> sustancia de dise\u00f1o, tiene potencial psicoactivo. Comparte similitudes estructurales con la droga de dise\u00f1o metilona, que se ha encontrado en art\u00edculos como sales de ba\u00f1o, alimentos para plantas y pastillas. Sin embargo, a\u00fan no se sabe con certeza c\u00f3mo puede afectar un compuesto qu\u00edmico como \u00e9ste a los espec\u00edmenes org\u00e1nicos, como los voluntarios humanos de pruebas.<\/p>\n<p>Se considera un bioqu\u00edmico que tiene numerosos usos en espectrometr\u00eda de masas. Por lo tanto, aquellos que deseen comprar dibutilo uno podr\u00eda planear emplearlo en la ciencia forense y el estudio de la neurociencia.<\/p>\n<h3><strong>D\u00f3nde comprar cristales de dibutilona<\/strong><\/h3>\n<p>Muchos usuarios descubren que la experiencia es, en el mejor de los casos, modesta en comparaci\u00f3n con sustancias similares, produciendo simplemente una leve sensaci\u00f3n de euforia. Sin embargo, esto s\u00f3lo ha sido mencionado por un porcentaje muy peque\u00f1o de usuarios, con la mayor\u00eda de ellos reportando absolutamente ning\u00fan cambio en sus estados mentales.<\/p>\n<p>Algunas personas experimentaron un agradable subid\u00f3n, una mayor apertura a la hora de hablar de sentimientos y pensamientos y una elevaci\u00f3n del estado de \u00e1nimo. El m\u00e9todo \u00f3ptimo de consumo, seg\u00fan estos usuarios, es la inhalaci\u00f3n; no obstante, tambi\u00e9n han consumido la droga por v\u00eda oral mezcl\u00e1ndola con agua y bebiendo la mezcla resultante.<\/p>\n<p>&nbsp;<\/p>\n<p>&nbsp;<\/p>","protected":false},"excerpt":{"rendered":"<p>Comprar Dibutylone Cristal Online Dibutylone, tambi\u00e9n conocido como bk-DMBDB, es un medicamento estimulante que pertenece a la catinona, fenetilamina, y la anfetamina farmacol\u00f3gicos.<\/p>","protected":false},"featured_media":10245,"comment_status":"closed","ping_status":"closed","template":"","meta":{"_joinchat":[]},"product_cat":[1258],"product_tag":[3325,3315,1522,3307,3306,3310,3309,3317,3308,3318,3320,3327,3328,3326,3323,3322,3319,3314,3312,3324,3321,1530,3313,3316,3311],"yoast_head":"<!-- This site is optimized with the Yoast SEO plugin v23.0 - https:\/\/yoast.com\/wordpress\/plugins\/seo\/ -->\n<title>Buy Dibutylone Crystal Online - Dibutylone Crystal for Sale<\/title>\n<meta name=\"description\" content=\"Buy dibutylone crystal online, Order dibutylone crystal online in ChemsWorld. dibutylone crystal for sale with worldwide delivery. Place your order now!\" \/>\n<meta name=\"robots\" content=\"index, follow, max-snippet:-1, max-image-preview:large, max-video-preview:-1\" \/>\n<link rel=\"canonical\" href=\"https:\/\/chemswell.com\/es\/producto\/comprar-dibutilona-cristal-online\/\" \/>\n<meta property=\"og:locale\" content=\"es_ES\" \/>\n<meta property=\"og:type\" content=\"article\" \/>\n<meta property=\"og:title\" content=\"Buy Dibutylone Crystal Online - Dibutylone Crystal for Sale\" \/>\n<meta property=\"og:description\" content=\"Buy dibutylone crystal online, Order dibutylone crystal online in ChemsWorld. dibutylone crystal for sale with worldwide delivery. Place your order now!\" \/>\n<meta property=\"og:url\" content=\"https:\/\/chemswell.com\/es\/producto\/comprar-dibutilona-cristal-online\/\" \/>\n<meta property=\"og:site_name\" content=\"Chemswell\" \/>\n<meta property=\"article:modified_time\" content=\"2025-01-08T09:37:08+00:00\" \/>\n<meta property=\"og:image\" content=\"https:\/\/chemswell.com\/wp-content\/uploads\/2023\/06\/Buy-Dibutylone-Crystal-online.jpg\" \/>\n\t<meta property=\"og:image:width\" content=\"600\" \/>\n\t<meta property=\"og:image:height\" content=\"600\" \/>\n\t<meta property=\"og:image:type\" content=\"image\/jpeg\" \/>\n<meta name=\"twitter:card\" content=\"summary_large_image\" \/>\n<meta name=\"twitter:label1\" content=\"Tiempo de lectura\" \/>\n\t<meta name=\"twitter:data1\" content=\"2 minutos\" \/>\n<!-- \/ Yoast SEO plugin. -->","yoast_head_json":{"title":"Buy Dibutylone Crystal Online - Dibutylone Crystal for Sale","description":"Buy dibutylone crystal online, Order dibutylone crystal online in ChemsWorld. dibutylone crystal for sale with worldwide delivery. Place your order now!","robots":{"index":"index","follow":"follow","max-snippet":"max-snippet:-1","max-image-preview":"max-image-preview:large","max-video-preview":"max-video-preview:-1"},"canonical":"https:\/\/chemswell.com\/es\/producto\/comprar-dibutilona-cristal-online\/","og_locale":"es_ES","og_type":"article","og_title":"Buy Dibutylone Crystal Online - Dibutylone Crystal for Sale","og_description":"Buy dibutylone crystal online, Order dibutylone crystal online in ChemsWorld. dibutylone crystal for sale with worldwide delivery. Place your order now!","og_url":"https:\/\/chemswell.com\/es\/producto\/comprar-dibutilona-cristal-online\/","og_site_name":"Chemswell","article_modified_time":"2025-01-08T09:37:08+00:00","og_image":[{"width":600,"height":600,"url":"https:\/\/chemswell.com\/wp-content\/uploads\/2023\/06\/Buy-Dibutylone-Crystal-online.jpg","type":"image\/jpeg"}],"twitter_card":"summary_large_image","twitter_misc":{"Tiempo de lectura":"2 minutos"},"schema":{"@context":"https:\/\/schema.org","@graph":[{"@type":"WebPage","@id":"https:\/\/chemswell.com\/product\/buy-dibutylone-crystal-online\/","url":"https:\/\/chemswell.com\/product\/buy-dibutylone-crystal-online\/","name":"Buy Dibutylone Crystal Online - Dibutylone Crystal for Sale","isPartOf":{"@id":"https:\/\/chemswell.com\/it\/#website"},"primaryImageOfPage":{"@id":"https:\/\/chemswell.com\/product\/buy-dibutylone-crystal-online\/#primaryimage"},"image":{"@id":"https:\/\/chemswell.com\/product\/buy-dibutylone-crystal-online\/#primaryimage"},"thumbnailUrl":"https:\/\/chemswell.com\/wp-content\/uploads\/2023\/06\/Buy-Dibutylone-Crystal-online.jpg","datePublished":"2023-06-01T07:28:11+00:00","dateModified":"2025-01-08T09:37:08+00:00","description":"Buy dibutylone crystal online, Order dibutylone crystal online in ChemsWorld. dibutylone crystal for sale with worldwide delivery. Place your order now!","breadcrumb":{"@id":"https:\/\/chemswell.com\/product\/buy-dibutylone-crystal-online\/#breadcrumb"},"inLanguage":"es","potentialAction":[{"@type":"ReadAction","target":["https:\/\/chemswell.com\/product\/buy-dibutylone-crystal-online\/"]}]},{"@type":"ImageObject","inLanguage":"es","@id":"https:\/\/chemswell.com\/product\/buy-dibutylone-crystal-online\/#primaryimage","url":"https:\/\/chemswell.com\/wp-content\/uploads\/2023\/06\/Buy-Dibutylone-Crystal-online.jpg","contentUrl":"https:\/\/chemswell.com\/wp-content\/uploads\/2023\/06\/Buy-Dibutylone-Crystal-online.jpg","width":600,"height":600,"caption":"Buy-Dibutylone-Crystal-online"},{"@type":"BreadcrumbList","@id":"https:\/\/chemswell.com\/product\/buy-dibutylone-crystal-online\/#breadcrumb","itemListElement":[{"@type":"ListItem","position":1,"name":"Home","item":"https:\/\/chemswell.com\/ru\/"},{"@type":"ListItem","position":2,"name":"Shop","item":"https:\/\/chemswell.com\/ru\/%d0%bc%d0%b0%d0%b3%d0%b0%d0%b7%d0%b8%d0%bd\/"},{"@type":"ListItem","position":3,"name":"Buy Dibutylone Crystal Online"}]},{"@type":"WebSite","@id":"https:\/\/chemswell.com\/it\/#website","url":"https:\/\/chemswell.com\/it\/","name":"Chemswell","description":"#1 Research Chemical Store","potentialAction":[{"@type":"SearchAction","target":{"@type":"EntryPoint","urlTemplate":"https:\/\/chemswell.com\/it\/?s={search_term_string}"},"query-input":"required name=search_term_string"}],"inLanguage":"es"}]}},"_links":{"self":[{"href":"https:\/\/chemswell.com\/es\/wp-json\/wp\/v2\/product\/10117"}],"collection":[{"href":"https:\/\/chemswell.com\/es\/wp-json\/wp\/v2\/product"}],"about":[{"href":"https:\/\/chemswell.com\/es\/wp-json\/wp\/v2\/types\/product"}],"replies":[{"embeddable":true,"href":"https:\/\/chemswell.com\/es\/wp-json\/wp\/v2\/comments?post=10117"}],"wp:featuredmedia":[{"embeddable":true,"href":"https:\/\/chemswell.com\/es\/wp-json\/wp\/v2\/media\/10245"}],"wp:attachment":[{"href":"https:\/\/chemswell.com\/es\/wp-json\/wp\/v2\/media?parent=10117"}],"wp:term":[{"taxonomy":"product_cat","embeddable":true,"href":"https:\/\/chemswell.com\/es\/wp-json\/wp\/v2\/product_cat?post=10117"},{"taxonomy":"product_tag","embeddable":true,"href":"https:\/\/chemswell.com\/es\/wp-json\/wp\/v2\/product_tag?post=10117"}],"curies":[{"name":"wp","href":"https:\/\/api.w.org\/{rel}","templated":true}]}}