{"id":10121,"date":"2023-06-01T07:29:11","date_gmt":"2023-06-01T07:29:11","guid":{"rendered":"https:\/\/chemswell.com\/?post_type=product&#038;p=10121"},"modified":"2025-01-08T08:10:19","modified_gmt":"2025-01-08T08:10:19","slug":"buy-molly-pills-online-green-hulk-250mg-molly-pills","status":"publish","type":"product","link":"https:\/\/chemswell.com\/es\/producto\/comprar-pastillas-molly-online-green-hulk-250mg-pastillas-molly\/","title":{"rendered":"Compre Molly Pills en l\u00ednea (Green Hulk 250mg molly pills)"},"content":{"rendered":"<h2><strong>\u00bfQu\u00e9 es Molly?<\/strong><\/h2>\n<p>Un t\u00e9rmino coloquial para la droga sint\u00e9tica. <a href=\"https:\/\/chemswell.com\/es\/producto\/comprar-pastillas-molly-online-green-hulk-250mg-pastillas-molly\/\">3,4-metilendioximetanfetamina (MDMA)<\/a>, molly. MDMA posee caracter\u00edsticas que son similares tanto a los estimulantes como a los alucin\u00f3genos por s\u00ed solos. Puede provocar sentimientos de euforia y aumentar el vigor, la vitalidad y la emoci\u00f3n.<\/p>\n<p>El sentido del tiempo o las experiencias sensoriales de una persona, como los est\u00edmulos visuales, t\u00e1ctiles o auditivos, tambi\u00e9n pueden verse afectados por la sustancia. A pesar de tener supuestamente el mismo qu\u00edmico b\u00e1sico, el \u00e9xtasis y Molly difieren entre s\u00ed en ciertos aspectos. La principal distinci\u00f3n es que Molly, que significa \"molecular\", se us\u00f3 para cambiar el nombre del \u00e9xtasis en la d\u00e9cada de 2000 despu\u00e9s de que sufriera una reputaci\u00f3n negativa debido a su impureza. Entre los dos productos qu\u00edmicos, todav\u00eda hay m\u00e1s diferencias. <a href=\"https:\/\/chemswell.com\/es\/\">Chemswell<\/a><\/p>\n<h3><strong>\u00bfSon lo mismo Molly\/MDMA y \u00e9xtasis?<\/strong><\/h3>\n<p><a href=\"https:\/\/en.wikipedia.org\/wiki\/MDMA\">MDMA<\/a> es el ingrediente principal tanto del molly como del \u00e9xtasis. Sin embargo, hay variaciones m\u00ednimas entre los dos medicamentos.<\/p>\n<p>La forma de polvo de cristal de MDMA, que con frecuencia se ofrece en forma de c\u00e1psula y se consume por v\u00eda oral, se conoce como \"molly\". Otros nombres para \u00e9l incluyen droga de abrazo, velocidad del amante y claridad.<\/p>\n<p>El t\u00e9rmino \"\u00e9xtasis\" generalmente se refiere a la forma de tableta triturada de la droga. Junto con estos nombres, recibe el apodo de E, Eve, Adam y Bean.<\/p>\n<p>Mucha gente piensa err\u00f3neamente que la molly es una forma m\u00e1s \"pura\" de MDMA, aunque las pruebas realizadas por la DEA con drogas como el \u00e9xtasis y la molly que fueron confiscadas han revelado que ambas se mezclan con frecuencia con otras drogas y, en ocasiones, ni siquiera contienen ninguna. MDMA.<\/p>","protected":false},"excerpt":{"rendered":"<p>\u00bfQu\u00e9 es Molly? T\u00e9rmino coloquial para referirse a la droga artificial 3,4-metilendioximetanfetamina (MDMA), molly. La MDMA posee caracter\u00edsticas similares a las de los estimulantes<\/p>","protected":false},"featured_media":10248,"comment_status":"closed","ping_status":"closed","template":"","meta":{"_joinchat":[]},"product_cat":[1260],"product_tag":[2686,2676,1522,2668,2667,2671,2670,2678,2669,2679,2681,2688,2689,2687,2684,2683,2680,2675,2673,2685,2682,1530,2674,2677,2672],"yoast_head":"<!-- This site is optimized with the Yoast SEO plugin v23.0 - https:\/\/yoast.com\/wordpress\/plugins\/seo\/ -->\n<title>Buy Molly Pills Online - Molly Pills for Sale - Order Molly Pills Online<\/title>\n<meta name=\"description\" content=\"Get the best of molly pills online with secure delivery. We offer top-quality molly pills for sale at unbeatable prices. Shop now and get the best deals on your purchase.\" \/>\n<meta name=\"robots\" content=\"index, follow, max-snippet:-1, max-image-preview:large, max-video-preview:-1\" \/>\n<link rel=\"canonical\" href=\"https:\/\/chemswell.com\/es\/producto\/comprar-pastillas-molly-online-green-hulk-250mg-pastillas-molly\/\" \/>\n<meta property=\"og:locale\" content=\"es_ES\" \/>\n<meta property=\"og:type\" content=\"article\" \/>\n<meta property=\"og:title\" content=\"Buy Molly Pills Online - Molly Pills for Sale - Order Molly Pills Online\" \/>\n<meta property=\"og:description\" content=\"Get the best of molly pills online with secure delivery. We offer top-quality molly pills for sale at unbeatable prices. Shop now and get the best deals on your purchase.\" \/>\n<meta property=\"og:url\" content=\"https:\/\/chemswell.com\/es\/producto\/comprar-pastillas-molly-online-green-hulk-250mg-pastillas-molly\/\" \/>\n<meta property=\"og:site_name\" content=\"Chemswell\" \/>\n<meta property=\"article:modified_time\" content=\"2025-01-08T08:10:19+00:00\" \/>\n<meta property=\"og:image\" content=\"https:\/\/chemswell.com\/wp-content\/uploads\/2023\/06\/buy-molly-pills-online.jpg\" \/>\n\t<meta property=\"og:image:width\" content=\"600\" \/>\n\t<meta property=\"og:image:height\" content=\"600\" \/>\n\t<meta property=\"og:image:type\" content=\"image\/jpeg\" \/>\n<meta name=\"twitter:card\" content=\"summary_large_image\" \/>\n<meta name=\"twitter:label1\" content=\"Tiempo de lectura\" \/>\n\t<meta name=\"twitter:data1\" content=\"2 minutos\" \/>\n<!-- \/ Yoast SEO plugin. -->","yoast_head_json":{"title":"Buy Molly Pills Online - Molly Pills for Sale - Order Molly Pills Online","description":"Get the best of molly pills online with secure delivery. We offer top-quality molly pills for sale at unbeatable prices. Shop now and get the best deals on your purchase.","robots":{"index":"index","follow":"follow","max-snippet":"max-snippet:-1","max-image-preview":"max-image-preview:large","max-video-preview":"max-video-preview:-1"},"canonical":"https:\/\/chemswell.com\/es\/producto\/comprar-pastillas-molly-online-green-hulk-250mg-pastillas-molly\/","og_locale":"es_ES","og_type":"article","og_title":"Buy Molly Pills Online - Molly Pills for Sale - Order Molly Pills Online","og_description":"Get the best of molly pills online with secure delivery. We offer top-quality molly pills for sale at unbeatable prices. Shop now and get the best deals on your purchase.","og_url":"https:\/\/chemswell.com\/es\/producto\/comprar-pastillas-molly-online-green-hulk-250mg-pastillas-molly\/","og_site_name":"Chemswell","article_modified_time":"2025-01-08T08:10:19+00:00","og_image":[{"width":600,"height":600,"url":"https:\/\/chemswell.com\/wp-content\/uploads\/2023\/06\/buy-molly-pills-online.jpg","type":"image\/jpeg"}],"twitter_card":"summary_large_image","twitter_misc":{"Tiempo de lectura":"2 minutos"},"schema":{"@context":"https:\/\/schema.org","@graph":[{"@type":"WebPage","@id":"https:\/\/chemswell.com\/product\/buy-molly-pills-online-green-hulk-250mg-molly-pills\/","url":"https:\/\/chemswell.com\/product\/buy-molly-pills-online-green-hulk-250mg-molly-pills\/","name":"Buy Molly Pills Online - Molly Pills for Sale - Order Molly Pills Online","isPartOf":{"@id":"https:\/\/chemswell.com\/it\/#website"},"primaryImageOfPage":{"@id":"https:\/\/chemswell.com\/product\/buy-molly-pills-online-green-hulk-250mg-molly-pills\/#primaryimage"},"image":{"@id":"https:\/\/chemswell.com\/product\/buy-molly-pills-online-green-hulk-250mg-molly-pills\/#primaryimage"},"thumbnailUrl":"https:\/\/chemswell.com\/wp-content\/uploads\/2023\/06\/buy-molly-pills-online.jpg","datePublished":"2023-06-01T07:29:11+00:00","dateModified":"2025-01-08T08:10:19+00:00","description":"Get the best of molly pills online with secure delivery. We offer top-quality molly pills for sale at unbeatable prices. Shop now and get the best deals on your purchase.","breadcrumb":{"@id":"https:\/\/chemswell.com\/product\/buy-molly-pills-online-green-hulk-250mg-molly-pills\/#breadcrumb"},"inLanguage":"es","potentialAction":[{"@type":"ReadAction","target":["https:\/\/chemswell.com\/product\/buy-molly-pills-online-green-hulk-250mg-molly-pills\/"]}]},{"@type":"ImageObject","inLanguage":"es","@id":"https:\/\/chemswell.com\/product\/buy-molly-pills-online-green-hulk-250mg-molly-pills\/#primaryimage","url":"https:\/\/chemswell.com\/wp-content\/uploads\/2023\/06\/buy-molly-pills-online.jpg","contentUrl":"https:\/\/chemswell.com\/wp-content\/uploads\/2023\/06\/buy-molly-pills-online.jpg","width":600,"height":600,"caption":"buy-molly-pills-online"},{"@type":"BreadcrumbList","@id":"https:\/\/chemswell.com\/product\/buy-molly-pills-online-green-hulk-250mg-molly-pills\/#breadcrumb","itemListElement":[{"@type":"ListItem","position":1,"name":"Home","item":"https:\/\/chemswell.com\/ru\/"},{"@type":"ListItem","position":2,"name":"Shop","item":"https:\/\/chemswell.com\/ru\/%d0%bc%d0%b0%d0%b3%d0%b0%d0%b7%d0%b8%d0%bd\/"},{"@type":"ListItem","position":3,"name":"Buy Molly Pills Online (Green Hulk 250mg molly pills}"}]},{"@type":"WebSite","@id":"https:\/\/chemswell.com\/it\/#website","url":"https:\/\/chemswell.com\/it\/","name":"Chemswell","description":"#1 Research Chemical Store","potentialAction":[{"@type":"SearchAction","target":{"@type":"EntryPoint","urlTemplate":"https:\/\/chemswell.com\/it\/?s={search_term_string}"},"query-input":"required name=search_term_string"}],"inLanguage":"es"}]}},"_links":{"self":[{"href":"https:\/\/chemswell.com\/es\/wp-json\/wp\/v2\/product\/10121"}],"collection":[{"href":"https:\/\/chemswell.com\/es\/wp-json\/wp\/v2\/product"}],"about":[{"href":"https:\/\/chemswell.com\/es\/wp-json\/wp\/v2\/types\/product"}],"replies":[{"embeddable":true,"href":"https:\/\/chemswell.com\/es\/wp-json\/wp\/v2\/comments?post=10121"}],"wp:featuredmedia":[{"embeddable":true,"href":"https:\/\/chemswell.com\/es\/wp-json\/wp\/v2\/media\/10248"}],"wp:attachment":[{"href":"https:\/\/chemswell.com\/es\/wp-json\/wp\/v2\/media?parent=10121"}],"wp:term":[{"taxonomy":"product_cat","embeddable":true,"href":"https:\/\/chemswell.com\/es\/wp-json\/wp\/v2\/product_cat?post=10121"},{"taxonomy":"product_tag","embeddable":true,"href":"https:\/\/chemswell.com\/es\/wp-json\/wp\/v2\/product_tag?post=10121"}],"curies":[{"name":"wp","href":"https:\/\/api.w.org\/{rel}","templated":true}]}}