{"id":10154,"date":"2023-06-01T07:38:35","date_gmt":"2023-06-01T07:38:35","guid":{"rendered":"https:\/\/chemswell.com\/?post_type=product&#038;p=10154"},"modified":"2025-06-13T05:34:24","modified_gmt":"2025-06-13T05:34:24","slug":"mdma-for-sale","status":"publish","type":"product","link":"https:\/\/chemswell.com\/es\/producto\/mdma-en-venta\/","title":{"rendered":"Venta de MDMA"},"content":{"rendered":"<h2><strong>MDMA<\/strong><\/h2>\n<p><a href=\"https:\/\/chemswell.com\/es\/producto\/mdma-en-venta\/\">Venta de MDMA<\/a>Adam, Beans, Clarity, Disco Biscuit, Ecstasy, Eve, Go, Hug Drug, Lover\u2019s Speed, Molly, Peace, STP, X y XTC son ejemplos de nombres comunes o callejeros para esta sustancia.<a href=\"https:\/\/en.wikipedia.org\/wiki\/MDMA\">.<\/a><\/p>\n<h3><strong>\u00bfQu\u00e9 es MDMA?<\/strong><\/h3>\n<p>El estimulante metanfetamina y el alucin\u00f3geno mescalina comparten similitudes en sus estructuras qu\u00edmicas con la droga psicoactiva sint\u00e9tica conocida como MDMA (3-metilendioximetanfetamina). Los usuarios se refieren con frecuencia a ella como Molly o Ecstasy.<\/p>\n<p><a href=\"https:\/\/en.wikipedia.org\/wiki\/MDMA\">MDMA<\/a> Es una sustancia il\u00edcita con efectos estimulantes y alucin\u00f3genos, efectos energizantes, distorsiones temporales y perceptivas, y una mejor percepci\u00f3n de los est\u00edmulos t\u00e1ctiles. Seg\u00fan la Ley de Sustancias Controladas, la MDMA es una sustancia qu\u00edmica incluida en la Lista I, lo que significa que la DEA ha concluido que tiene un alto potencial de abuso y no se le conocen beneficios medicinales. Chemswell<\/p>\n<p>En 1912, una empresa alemana cre\u00f3 MDMA por primera vez, posiblemente como supresor del apetito. Desde la d\u00e9cada de 1980, ha sido una droga callejera ampliamente utilizada y, en la d\u00e9cada de 1990, aument\u00f3 su uso entre adultos j\u00f3venes y estudiantes universitarios. En ese momento, los conciertos de rock, los clubes nocturnos y las fiestas nocturnas denominadas \"raves\" eran los lugares donde se ofrec\u00eda con mayor frecuencia.<\/p>\n<h3><strong>\u00bfC\u00f3mo se emplea MDMA?<\/strong><\/h3>\n<p>La MDMA, que se vende con mayor frecuencia en forma de tabletas o c\u00e1psulas, generalmente se consume o se tritura y se inhala.<\/p>\n<p>Los traficantes de \u00e9xtasis suelen utilizar las marcas, los colores y los logotipos como t\u00e1cticas de marketing y para diferenciar sus productos de los de sus rivales. La creaci\u00f3n de los logotipos puede tener lugar a tiempo para d\u00edas festivos u ocasiones importantes. Los logotipos m\u00e1s conocidos son tr\u00e9boles de cuatro hojas, rel\u00e1mpagos y mariposas.<\/p>\n<p>Tambi\u00e9n se puede comprar en forma de polvo y, adem\u00e1s de rara vez se inyecta, tambi\u00e9n se inhala ocasionalmente, se come como bebida y, en ocasiones, se fuma. Los efectos del medicamento a menudo contin\u00faan durante tres a seis horas.<\/p>\n<h3><strong>\u00bfCu\u00e1l es el uso de MDMA?<\/strong><\/h3>\n<p>La MDMA a menudo se ingiere o se tritura y se inhala, siendo las pastillas y las c\u00e1psulas las formas de administraci\u00f3n m\u00e1s populares.<\/p>\n<p>Los traficantes de \u00e9xtasis suelen utilizar marcas, colores y logotipos como estrategias de marketing y para diferenciar sus productos de los de la competencia. Los logotipos podr\u00edan desarrollarse con antelaci\u00f3n a las fiestas u otros acontecimientos significativos. Tr\u00e9boles de cuatro hojas, rayos y mariposas son los logotipos m\u00e1s conocidos Mdma for Sale.<\/p>\n<p>Adem\u00e1s de inyectarse en raras ocasiones, tambi\u00e9n se consume a veces como bebida, en ocasiones se esnifa y en ocasiones se fuma. Tambi\u00e9n est\u00e1 disponible en polvo. Sus efectos suelen durar entre tres y seis horas.<a href=\"https:\/\/chemswell.com\/es\/producto\/4-polvo-emc\/\">.<\/a><\/p>\n<p>&nbsp;<\/p>","protected":false},"excerpt":{"rendered":"<p style=\"text-align: center;\"><strong>MDMA<\/strong><br \/>\n<strong>Midomafetamina<\/strong><\/p>\n<p><b>3,4-metil<wbr \/>enedioxi<wbr \/>metanfetamina<\/b>\u00a0(<b>MDMA<\/b>), com\u00fanmente conocido como\u00a0<b>\u00e9xtasis<\/b>\u00a0(en comprimidos), y\u00a0<b>molly<\/b>\u00a0o\u00a0<b>mandy<\/b>\u00a0(forma cristalina),<sup id=\"cite_ref-15\" class=\"reference\"><\/sup><sup id=\"cite_ref-16\" class=\"reference\"><\/sup>es un potente empat\u00f3geno-entact\u00f3geno con propiedades estimulantes y psicod\u00e9licas menores utilizado principalmente con fines recreativos.<\/p>","protected":false},"featured_media":10251,"comment_status":"closed","ping_status":"closed","template":"","meta":{"_joinchat":[]},"product_cat":[1255],"product_tag":[2755,2745,1522,2737,2752,2749,2744,2736,2739,2747,2740,2738,2748,2750,2757,2758,2756,2753,2742,2754,2751,1530,2743,2746,2741],"yoast_head":"<!-- This site is optimized with the Yoast SEO plugin v23.0 - https:\/\/yoast.com\/wordpress\/plugins\/seo\/ -->\n<title>Mdma for Sale - Buy Mdma Online - Order Mdma Online<\/title>\n<meta name=\"description\" content=\"Mdma for Sale, Buy mdma online at the best price from leading store Chemswell. Get access to a wide range of products with our huge selection. Order Now!\" \/>\n<meta name=\"robots\" content=\"index, follow, max-snippet:-1, max-image-preview:large, max-video-preview:-1\" \/>\n<link rel=\"canonical\" href=\"https:\/\/chemswell.com\/es\/producto\/mdma-en-venta\/\" \/>\n<meta property=\"og:locale\" content=\"es_ES\" \/>\n<meta property=\"og:type\" content=\"article\" \/>\n<meta property=\"og:title\" content=\"Mdma for Sale - Buy Mdma Online - Order Mdma Online\" \/>\n<meta property=\"og:description\" content=\"Mdma for Sale, Buy mdma online at the best price from leading store Chemswell. Get access to a wide range of products with our huge selection. Order Now!\" \/>\n<meta property=\"og:url\" content=\"https:\/\/chemswell.com\/es\/producto\/mdma-en-venta\/\" \/>\n<meta property=\"og:site_name\" content=\"Chemswell\" \/>\n<meta property=\"article:modified_time\" content=\"2025-06-13T05:34:24+00:00\" \/>\n<meta property=\"og:image\" content=\"https:\/\/chemswell.com\/wp-content\/uploads\/2023\/06\/MDMA.jpg\" \/>\n\t<meta property=\"og:image:width\" content=\"600\" \/>\n\t<meta property=\"og:image:height\" content=\"600\" \/>\n\t<meta property=\"og:image:type\" content=\"image\/jpeg\" \/>\n<meta name=\"twitter:card\" content=\"summary_large_image\" \/>\n<meta name=\"twitter:label1\" content=\"Tiempo de lectura\" \/>\n\t<meta name=\"twitter:data1\" content=\"2 minutos\" \/>\n<!-- \/ Yoast SEO plugin. -->","yoast_head_json":{"title":"Mdma for Sale - Buy Mdma Online - Order Mdma Online","description":"Mdma for Sale, Buy mdma online at the best price from leading store Chemswell. Get access to a wide range of products with our huge selection. Order Now!","robots":{"index":"index","follow":"follow","max-snippet":"max-snippet:-1","max-image-preview":"max-image-preview:large","max-video-preview":"max-video-preview:-1"},"canonical":"https:\/\/chemswell.com\/es\/producto\/mdma-en-venta\/","og_locale":"es_ES","og_type":"article","og_title":"Mdma for Sale - Buy Mdma Online - Order Mdma Online","og_description":"Mdma for Sale, Buy mdma online at the best price from leading store Chemswell. Get access to a wide range of products with our huge selection. Order Now!","og_url":"https:\/\/chemswell.com\/es\/producto\/mdma-en-venta\/","og_site_name":"Chemswell","article_modified_time":"2025-06-13T05:34:24+00:00","og_image":[{"width":600,"height":600,"url":"https:\/\/chemswell.com\/wp-content\/uploads\/2023\/06\/MDMA.jpg","type":"image\/jpeg"}],"twitter_card":"summary_large_image","twitter_misc":{"Tiempo de lectura":"2 minutos"},"schema":{"@context":"https:\/\/schema.org","@graph":[{"@type":"WebPage","@id":"https:\/\/chemswell.com\/product\/mdma-for-sale\/","url":"https:\/\/chemswell.com\/product\/mdma-for-sale\/","name":"Mdma for Sale - Buy Mdma Online - Order Mdma Online","isPartOf":{"@id":"https:\/\/chemswell.com\/it\/#website"},"primaryImageOfPage":{"@id":"https:\/\/chemswell.com\/product\/mdma-for-sale\/#primaryimage"},"image":{"@id":"https:\/\/chemswell.com\/product\/mdma-for-sale\/#primaryimage"},"thumbnailUrl":"https:\/\/chemswell.com\/wp-content\/uploads\/2023\/06\/MDMA.jpg","datePublished":"2023-06-01T07:38:35+00:00","dateModified":"2025-06-13T05:34:24+00:00","description":"Mdma for Sale, Buy mdma online at the best price from leading store Chemswell. Get access to a wide range of products with our huge selection. Order Now!","breadcrumb":{"@id":"https:\/\/chemswell.com\/product\/mdma-for-sale\/#breadcrumb"},"inLanguage":"es","potentialAction":[{"@type":"ReadAction","target":["https:\/\/chemswell.com\/product\/mdma-for-sale\/"]}]},{"@type":"ImageObject","inLanguage":"es","@id":"https:\/\/chemswell.com\/product\/mdma-for-sale\/#primaryimage","url":"https:\/\/chemswell.com\/wp-content\/uploads\/2023\/06\/MDMA.jpg","contentUrl":"https:\/\/chemswell.com\/wp-content\/uploads\/2023\/06\/MDMA.jpg","width":600,"height":600,"caption":"MDMA"},{"@type":"BreadcrumbList","@id":"https:\/\/chemswell.com\/product\/mdma-for-sale\/#breadcrumb","itemListElement":[{"@type":"ListItem","position":1,"name":"Home","item":"https:\/\/chemswell.com\/ru\/"},{"@type":"ListItem","position":2,"name":"Shop","item":"https:\/\/chemswell.com\/ru\/%d0%bc%d0%b0%d0%b3%d0%b0%d0%b7%d0%b8%d0%bd\/"},{"@type":"ListItem","position":3,"name":"MDMA for Sale"}]},{"@type":"WebSite","@id":"https:\/\/chemswell.com\/it\/#website","url":"https:\/\/chemswell.com\/it\/","name":"Chemswell","description":"#1 Research Chemical Store","potentialAction":[{"@type":"SearchAction","target":{"@type":"EntryPoint","urlTemplate":"https:\/\/chemswell.com\/it\/?s={search_term_string}"},"query-input":"required name=search_term_string"}],"inLanguage":"es"}]}},"_links":{"self":[{"href":"https:\/\/chemswell.com\/es\/wp-json\/wp\/v2\/product\/10154"}],"collection":[{"href":"https:\/\/chemswell.com\/es\/wp-json\/wp\/v2\/product"}],"about":[{"href":"https:\/\/chemswell.com\/es\/wp-json\/wp\/v2\/types\/product"}],"replies":[{"embeddable":true,"href":"https:\/\/chemswell.com\/es\/wp-json\/wp\/v2\/comments?post=10154"}],"wp:featuredmedia":[{"embeddable":true,"href":"https:\/\/chemswell.com\/es\/wp-json\/wp\/v2\/media\/10251"}],"wp:attachment":[{"href":"https:\/\/chemswell.com\/es\/wp-json\/wp\/v2\/media?parent=10154"}],"wp:term":[{"taxonomy":"product_cat","embeddable":true,"href":"https:\/\/chemswell.com\/es\/wp-json\/wp\/v2\/product_cat?post=10154"},{"taxonomy":"product_tag","embeddable":true,"href":"https:\/\/chemswell.com\/es\/wp-json\/wp\/v2\/product_tag?post=10154"}],"curies":[{"name":"wp","href":"https:\/\/api.w.org\/{rel}","templated":true}]}}