{"id":10206,"date":"2023-06-01T10:32:10","date_gmt":"2023-06-01T10:32:10","guid":{"rendered":"https:\/\/chemswell.com\/?post_type=product&#038;p=10206"},"modified":"2025-01-08T08:16:30","modified_gmt":"2025-01-08T08:16:30","slug":"buy-lsd-blotters-online","status":"publish","type":"product","link":"https:\/\/chemswell.com\/es\/producto\/comprar-papel-secante-lsd-online\/","title":{"rendered":"Comprar papel secante de LSD en l\u00ednea"},"content":{"rendered":"<h2>Describe el LSD.<\/h2>\n<p><a href=\"https:\/\/chemswell.com\/es\/producto\/comprar-papel-secante-lsd-online\/\">LSD (dietilamida del \u00e1cido lis\u00e9rgico)<\/a> Es un alucin\u00f3geno muy potente creado originalmente en 1938. Cuando algo que ves, oyes, sientes, saboreas u hueles parece real, pero no lo es, se trata de una alucinaci\u00f3n. El nombre com\u00fan es \u00e1cido.<\/p>\n<p>Lysergs\u00e4ure, die in Mutterkorn enthalten ist, einem Pilz, der auf Roggen und anderen Getreidesorten w\u00e4chst, wird zur synthetischen Herstellung von LSD verwendet. Aufgrund seiner St\u00e4rke liegen die Dosen normalerweise im Mikrogrammbereich (mcg). Seine Wirkung \u2013 oft als \u201eTrip\u201c bezeichnet \u2013 kann anregend, freudig und geistig ersch\u00fctternd sein. Als \u201eschlechter Trip\u201c bezeichnet man eine Situation, in der es zu einer unangenehmen und mitunter be\u00e4ngstigenden Begegnung kommen kann. <a href=\"https:\/\/chemswell.com\/es\/\">Chemswell<\/a><\/p>\n<p>La Agencia Antidrogas (DEA) ha designado <a href=\"https:\/\/en.wikipedia.org\/wiki\/LSD\">LSD<\/a> como una droga de la Lista 1 en los Estados Unidos, lo que significa que est\u00e1 prohibido y tiene un bajo potencial de uso m\u00e9dico bajo supervisi\u00f3n y un alto potencial de uso indebido. El LSD todav\u00eda figura como una droga de la Lista 1, aunque existe un inter\u00e9s renovado en sus posibles aplicaciones terap\u00e9uticas, incluido el manejo de la depresi\u00f3n y el alcoholismo. Ahora se est\u00e1n realizando estudios que se adhieren a los criterios de investigaci\u00f3n contempor\u00e1neos y podr\u00edan mejorar nuestra comprensi\u00f3n del uso de LSD.<\/p>\n<p>El LSD se crea en forma cristalina, que luego se combina con otras sustancias inertes o se disuelve con fluidos para crear formas ingeribles. No tiene sabor, ni color, y un sabor ligeramente amargo.<\/p>","protected":false},"excerpt":{"rendered":"<p>Describa la LSD. La LSD (dietilamida del \u00e1cido lis\u00e9rgico) es un alucin\u00f3geno muy potente que se cre\u00f3 originalmente en 1938. Cuando algo que ves, oyes,<\/p>","protected":false},"featured_media":10258,"comment_status":"closed","ping_status":"closed","template":"","meta":{"_joinchat":[]},"product_cat":[1259],"product_tag":[2916,2906,1522,2898,2897,2901,2900,2908,2899,2909,2911,2918,2919,2917,2914,2913,2910,2905,2903,2915,2912,1530,2904,2907,2902],"yoast_head":"<!-- This site is optimized with the Yoast SEO plugin v23.0 - https:\/\/yoast.com\/wordpress\/plugins\/seo\/ -->\n<title>Buy LSD Blotters Online - LSD Blotters for Sale @ Best Price | CW<\/title>\n<meta name=\"description\" content=\"Buy lsd blotters online at unbeatable price from our online store. We offer the highest-quality Isd blotters for sale which is available here. Shop now and get guaranteed fast delivery worldwide!\" \/>\n<meta name=\"robots\" content=\"index, follow, max-snippet:-1, max-image-preview:large, max-video-preview:-1\" \/>\n<link rel=\"canonical\" href=\"https:\/\/chemswell.com\/es\/producto\/comprar-papel-secante-lsd-online\/\" \/>\n<meta property=\"og:locale\" content=\"es_ES\" \/>\n<meta property=\"og:type\" content=\"article\" \/>\n<meta property=\"og:title\" content=\"Buy LSD Blotters Online - LSD Blotters for Sale @ Best Price | CW\" \/>\n<meta property=\"og:description\" content=\"Buy lsd blotters online at unbeatable price from our online store. We offer the highest-quality Isd blotters for sale which is available here. Shop now and get guaranteed fast delivery worldwide!\" \/>\n<meta property=\"og:url\" content=\"https:\/\/chemswell.com\/es\/producto\/comprar-papel-secante-lsd-online\/\" \/>\n<meta property=\"og:site_name\" content=\"Chemswell\" \/>\n<meta property=\"article:modified_time\" content=\"2025-01-08T08:16:30+00:00\" \/>\n<meta property=\"og:image\" content=\"https:\/\/chemswell.com\/wp-content\/uploads\/2023\/06\/buy-Lsd-blotters-online.jpg\" \/>\n\t<meta property=\"og:image:width\" content=\"600\" \/>\n\t<meta property=\"og:image:height\" content=\"600\" \/>\n\t<meta property=\"og:image:type\" content=\"image\/jpeg\" \/>\n<meta name=\"twitter:card\" content=\"summary_large_image\" \/>\n<meta name=\"twitter:label1\" content=\"Tiempo de lectura\" \/>\n\t<meta name=\"twitter:data1\" content=\"2 minutos\" \/>\n<!-- \/ Yoast SEO plugin. -->","yoast_head_json":{"title":"Buy LSD Blotters Online - LSD Blotters for Sale @ Best Price | CW","description":"Buy lsd blotters online at unbeatable price from our online store. We offer the highest-quality Isd blotters for sale which is available here. Shop now and get guaranteed fast delivery worldwide!","robots":{"index":"index","follow":"follow","max-snippet":"max-snippet:-1","max-image-preview":"max-image-preview:large","max-video-preview":"max-video-preview:-1"},"canonical":"https:\/\/chemswell.com\/es\/producto\/comprar-papel-secante-lsd-online\/","og_locale":"es_ES","og_type":"article","og_title":"Buy LSD Blotters Online - LSD Blotters for Sale @ Best Price | CW","og_description":"Buy lsd blotters online at unbeatable price from our online store. We offer the highest-quality Isd blotters for sale which is available here. Shop now and get guaranteed fast delivery worldwide!","og_url":"https:\/\/chemswell.com\/es\/producto\/comprar-papel-secante-lsd-online\/","og_site_name":"Chemswell","article_modified_time":"2025-01-08T08:16:30+00:00","og_image":[{"width":600,"height":600,"url":"https:\/\/chemswell.com\/wp-content\/uploads\/2023\/06\/buy-Lsd-blotters-online.jpg","type":"image\/jpeg"}],"twitter_card":"summary_large_image","twitter_misc":{"Tiempo de lectura":"2 minutos"},"schema":{"@context":"https:\/\/schema.org","@graph":[{"@type":"WebPage","@id":"https:\/\/chemswell.com\/product\/buy-lsd-blotters-online\/","url":"https:\/\/chemswell.com\/product\/buy-lsd-blotters-online\/","name":"Buy LSD Blotters Online - LSD Blotters for Sale @ Best Price | CW","isPartOf":{"@id":"https:\/\/chemswell.com\/it\/#website"},"primaryImageOfPage":{"@id":"https:\/\/chemswell.com\/product\/buy-lsd-blotters-online\/#primaryimage"},"image":{"@id":"https:\/\/chemswell.com\/product\/buy-lsd-blotters-online\/#primaryimage"},"thumbnailUrl":"https:\/\/chemswell.com\/wp-content\/uploads\/2023\/06\/buy-Lsd-blotters-online.jpg","datePublished":"2023-06-01T10:32:10+00:00","dateModified":"2025-01-08T08:16:30+00:00","description":"Buy lsd blotters online at unbeatable price from our online store. We offer the highest-quality Isd blotters for sale which is available here. Shop now and get guaranteed fast delivery worldwide!","breadcrumb":{"@id":"https:\/\/chemswell.com\/product\/buy-lsd-blotters-online\/#breadcrumb"},"inLanguage":"es","potentialAction":[{"@type":"ReadAction","target":["https:\/\/chemswell.com\/product\/buy-lsd-blotters-online\/"]}]},{"@type":"ImageObject","inLanguage":"es","@id":"https:\/\/chemswell.com\/product\/buy-lsd-blotters-online\/#primaryimage","url":"https:\/\/chemswell.com\/wp-content\/uploads\/2023\/06\/buy-Lsd-blotters-online.jpg","contentUrl":"https:\/\/chemswell.com\/wp-content\/uploads\/2023\/06\/buy-Lsd-blotters-online.jpg","width":600,"height":600,"caption":"buy-Lsd-blotters-online"},{"@type":"BreadcrumbList","@id":"https:\/\/chemswell.com\/product\/buy-lsd-blotters-online\/#breadcrumb","itemListElement":[{"@type":"ListItem","position":1,"name":"Home","item":"https:\/\/chemswell.com\/ru\/"},{"@type":"ListItem","position":2,"name":"Shop","item":"https:\/\/chemswell.com\/ru\/%d0%bc%d0%b0%d0%b3%d0%b0%d0%b7%d0%b8%d0%bd\/"},{"@type":"ListItem","position":3,"name":"Buy LSD Blotters Online"}]},{"@type":"WebSite","@id":"https:\/\/chemswell.com\/it\/#website","url":"https:\/\/chemswell.com\/it\/","name":"Chemswell","description":"#1 Research Chemical Store","potentialAction":[{"@type":"SearchAction","target":{"@type":"EntryPoint","urlTemplate":"https:\/\/chemswell.com\/it\/?s={search_term_string}"},"query-input":"required name=search_term_string"}],"inLanguage":"es"}]}},"_links":{"self":[{"href":"https:\/\/chemswell.com\/es\/wp-json\/wp\/v2\/product\/10206"}],"collection":[{"href":"https:\/\/chemswell.com\/es\/wp-json\/wp\/v2\/product"}],"about":[{"href":"https:\/\/chemswell.com\/es\/wp-json\/wp\/v2\/types\/product"}],"replies":[{"embeddable":true,"href":"https:\/\/chemswell.com\/es\/wp-json\/wp\/v2\/comments?post=10206"}],"wp:featuredmedia":[{"embeddable":true,"href":"https:\/\/chemswell.com\/es\/wp-json\/wp\/v2\/media\/10258"}],"wp:attachment":[{"href":"https:\/\/chemswell.com\/es\/wp-json\/wp\/v2\/media?parent=10206"}],"wp:term":[{"taxonomy":"product_cat","embeddable":true,"href":"https:\/\/chemswell.com\/es\/wp-json\/wp\/v2\/product_cat?post=10206"},{"taxonomy":"product_tag","embeddable":true,"href":"https:\/\/chemswell.com\/es\/wp-json\/wp\/v2\/product_tag?post=10206"}],"curies":[{"name":"wp","href":"https:\/\/api.w.org\/{rel}","templated":true}]}}