{"id":10281,"date":"2023-06-02T09:09:40","date_gmt":"2023-06-02T09:09:40","guid":{"rendered":"https:\/\/chemswell.com\/?post_type=product&#038;p=10281"},"modified":"2026-03-02T11:53:21","modified_gmt":"2026-03-02T11:53:21","slug":"albino-penis-envy","status":"publish","type":"product","link":"https:\/\/chemswell.com\/es\/producto\/envidia-del-pene-albino\/","title":{"rendered":"Comprar Albino Penis Envy en l\u00ednea"},"content":{"rendered":"<h2><strong>\u00bfQu\u00e9 es la envidia del pene?<\/strong><\/h2>\n<p>A variety of the Psilocybe cubensis mushroom is called Penis Envy. They have a special potency and include psilocybin, the hallucinogenic ingredient in &#8220;magic mushrooms,&#8221; in reasonable amounts. Although Penis Envy is a fairly common mushroom, if you&#8217;ve never heard of it, keep reading for some fascinating details. <a href=\"https:\/\/chemswell.com\/es\/producto\/envidia-del-pene-albino\/\">Penis Envy<\/a> Y los Liberty Caps se mencionan con frecuencia como dos de los hongos m\u00e1s fuertes.<\/p>\n<h3><strong>Esporas del hongo de la envidia del pene\u00a0<\/strong><\/h3>\n<p>Una de las cepas de esporas de hongos m\u00e1s conocidas y buscadas del mundo se llama Penis Envy. Su amplio uso en microscop\u00eda dom\u00e9stica es prueba de ello. Se cree que esta cepa de esporas tiene propiedades relajantes y un fuerte impacto perceptivo. <a href=\"https:\/\/chemswell.com\/es\/\">Chemswell<\/a><\/p>\n<p>Although there are countless opportunities for instruction, we advise more experienced researchers to use this spore strain because it requires some special knowledge. PE spores have complex microstructures under the microscope, some of which are similar to those in nature.<\/p>\n<p>Los hongos PE se parecen bastante al pene humano, como sugiere su nombre. Se pueden reconocer en la naturaleza por sus sombreros bulbosos y sus tallos gruesos y carnosos, que suelen ser m\u00e1s grandes y robustos que los de su g\u00e9nero. En la naturaleza, con frecuencia brotan en \u00e1reas considerables.<\/p>\n<p>En <a href=\"https:\/\/en.wikipedia.org\/wiki\/Penis_envy\">Penis Envy<\/a> mushroom strain has one of the highest psilocybin concentrations of all the magic mushroom kinds, making it one of the strongest. They are thought to provide strong euphoric, psychedelic, and visual effects.<\/p>","protected":false},"excerpt":{"rendered":"<p>\u00bfQu\u00e9 es el Penis Envy? Una variedad del hongo Psilocybe cubensis se llama Penis Envy. Tienen una potencia especial y<\/p>","protected":false},"featured_media":10317,"comment_status":"closed","ping_status":"closed","template":"","meta":{"_joinchat":[]},"product_cat":[1259],"product_tag":[2368,2372,2371,2379,2370,2380,2382,2389,2390,2388,2385,2387,2377,1522,2369,2384,2381,2376,2374,2386,2383,1530,2375,2378,2373],"yoast_head":"<!-- This site is optimized with the Yoast SEO plugin v23.0 - https:\/\/yoast.com\/wordpress\/plugins\/seo\/ -->\n<title>Buy Albino Penis Envy Online - Albino Penis Envy for Sale<\/title>\n<meta name=\"description\" content=\"Buy albino penis envy online at great price. We offer the highest quality pure albino penis envy for sale with fast, discreet delivery worldwide. Shop now and get the best deals.\" \/>\n<meta name=\"robots\" content=\"index, follow, max-snippet:-1, max-image-preview:large, max-video-preview:-1\" \/>\n<link rel=\"canonical\" href=\"https:\/\/chemswell.com\/es\/producto\/envidia-del-pene-albino\/\" \/>\n<meta property=\"og:locale\" content=\"es_ES\" \/>\n<meta property=\"og:type\" content=\"article\" \/>\n<meta property=\"og:title\" content=\"Buy Albino Penis Envy Online - Albino Penis Envy for Sale\" \/>\n<meta property=\"og:description\" content=\"Buy albino penis envy online at great price. We offer the highest quality pure albino penis envy for sale with fast, discreet delivery worldwide. Shop now and get the best deals.\" \/>\n<meta property=\"og:url\" content=\"https:\/\/chemswell.com\/es\/producto\/envidia-del-pene-albino\/\" \/>\n<meta property=\"og:site_name\" content=\"Chemswell\" \/>\n<meta property=\"article:modified_time\" content=\"2026-03-02T11:53:21+00:00\" \/>\n<meta property=\"og:image\" content=\"https:\/\/chemswell.com\/wp-content\/uploads\/2023\/06\/Albino-Penis-Envy.jpg\" \/>\n\t<meta property=\"og:image:width\" content=\"768\" \/>\n\t<meta property=\"og:image:height\" content=\"768\" \/>\n\t<meta property=\"og:image:type\" content=\"image\/jpeg\" \/>\n<meta name=\"twitter:card\" content=\"summary_large_image\" \/>\n<meta name=\"twitter:label1\" content=\"Tiempo de lectura\" \/>\n\t<meta name=\"twitter:data1\" content=\"2 minutos\" \/>\n<!-- \/ Yoast SEO plugin. -->","yoast_head_json":{"title":"Buy Albino Penis Envy Online - Albino Penis Envy for Sale","description":"Buy albino penis envy online at great price. We offer the highest quality pure albino penis envy for sale with fast, discreet delivery worldwide. Shop now and get the best deals.","robots":{"index":"index","follow":"follow","max-snippet":"max-snippet:-1","max-image-preview":"max-image-preview:large","max-video-preview":"max-video-preview:-1"},"canonical":"https:\/\/chemswell.com\/es\/producto\/envidia-del-pene-albino\/","og_locale":"es_ES","og_type":"article","og_title":"Buy Albino Penis Envy Online - Albino Penis Envy for Sale","og_description":"Buy albino penis envy online at great price. We offer the highest quality pure albino penis envy for sale with fast, discreet delivery worldwide. Shop now and get the best deals.","og_url":"https:\/\/chemswell.com\/es\/producto\/envidia-del-pene-albino\/","og_site_name":"Chemswell","article_modified_time":"2026-03-02T11:53:21+00:00","og_image":[{"width":768,"height":768,"url":"https:\/\/chemswell.com\/wp-content\/uploads\/2023\/06\/Albino-Penis-Envy.jpg","type":"image\/jpeg"}],"twitter_card":"summary_large_image","twitter_misc":{"Tiempo de lectura":"2 minutos"},"schema":{"@context":"https:\/\/schema.org","@graph":[{"@type":"WebPage","@id":"https:\/\/chemswell.com\/product\/albino-penis-envy\/","url":"https:\/\/chemswell.com\/product\/albino-penis-envy\/","name":"Buy Albino Penis Envy Online - Albino Penis Envy for Sale","isPartOf":{"@id":"https:\/\/chemswell.com\/it\/#website"},"primaryImageOfPage":{"@id":"https:\/\/chemswell.com\/product\/albino-penis-envy\/#primaryimage"},"image":{"@id":"https:\/\/chemswell.com\/product\/albino-penis-envy\/#primaryimage"},"thumbnailUrl":"https:\/\/chemswell.com\/wp-content\/uploads\/2023\/06\/Albino-Penis-Envy.jpg","datePublished":"2023-06-02T09:09:40+00:00","dateModified":"2026-03-02T11:53:21+00:00","description":"Buy albino penis envy online at great price. We offer the highest quality pure albino penis envy for sale with fast, discreet delivery worldwide. Shop now and get the best deals.","breadcrumb":{"@id":"https:\/\/chemswell.com\/product\/albino-penis-envy\/#breadcrumb"},"inLanguage":"es","potentialAction":[{"@type":"ReadAction","target":["https:\/\/chemswell.com\/product\/albino-penis-envy\/"]}]},{"@type":"ImageObject","inLanguage":"es","@id":"https:\/\/chemswell.com\/product\/albino-penis-envy\/#primaryimage","url":"https:\/\/chemswell.com\/wp-content\/uploads\/2023\/06\/Albino-Penis-Envy.jpg","contentUrl":"https:\/\/chemswell.com\/wp-content\/uploads\/2023\/06\/Albino-Penis-Envy.jpg","width":768,"height":768,"caption":"Albino-Penis-Envy"},{"@type":"BreadcrumbList","@id":"https:\/\/chemswell.com\/product\/albino-penis-envy\/#breadcrumb","itemListElement":[{"@type":"ListItem","position":1,"name":"Home","item":"https:\/\/chemswell.com\/ru\/"},{"@type":"ListItem","position":2,"name":"Shop","item":"https:\/\/chemswell.com\/ru\/%d0%bc%d0%b0%d0%b3%d0%b0%d0%b7%d0%b8%d0%bd\/"},{"@type":"ListItem","position":3,"name":"Buy Albino Penis Envy Online"}]},{"@type":"WebSite","@id":"https:\/\/chemswell.com\/it\/#website","url":"https:\/\/chemswell.com\/it\/","name":"Chemswell","description":"#1 Research Chemical Store","potentialAction":[{"@type":"SearchAction","target":{"@type":"EntryPoint","urlTemplate":"https:\/\/chemswell.com\/it\/?s={search_term_string}"},"query-input":"required name=search_term_string"}],"inLanguage":"es"}]}},"_links":{"self":[{"href":"https:\/\/chemswell.com\/es\/wp-json\/wp\/v2\/product\/10281"}],"collection":[{"href":"https:\/\/chemswell.com\/es\/wp-json\/wp\/v2\/product"}],"about":[{"href":"https:\/\/chemswell.com\/es\/wp-json\/wp\/v2\/types\/product"}],"replies":[{"embeddable":true,"href":"https:\/\/chemswell.com\/es\/wp-json\/wp\/v2\/comments?post=10281"}],"wp:featuredmedia":[{"embeddable":true,"href":"https:\/\/chemswell.com\/es\/wp-json\/wp\/v2\/media\/10317"}],"wp:attachment":[{"href":"https:\/\/chemswell.com\/es\/wp-json\/wp\/v2\/media?parent=10281"}],"wp:term":[{"taxonomy":"product_cat","embeddable":true,"href":"https:\/\/chemswell.com\/es\/wp-json\/wp\/v2\/product_cat?post=10281"},{"taxonomy":"product_tag","embeddable":true,"href":"https:\/\/chemswell.com\/es\/wp-json\/wp\/v2\/product_tag?post=10281"}],"curies":[{"name":"wp","href":"https:\/\/api.w.org\/{rel}","templated":true}]}}