{"id":10284,"date":"2023-06-02T09:09:49","date_gmt":"2023-06-02T09:09:49","guid":{"rendered":"https:\/\/chemswell.com\/?post_type=product&#038;p=10284"},"modified":"2026-03-05T10:29:59","modified_gmt":"2026-03-05T10:29:59","slug":"buy-liberty-caps-mushrooms-online","status":"publish","type":"product","link":"https:\/\/chemswell.com\/es\/producto\/comprar-setas-liberty-caps-online\/","title":{"rendered":"Comprar setas Liberty Caps en l\u00ednea"},"content":{"rendered":"<h2><strong>Comprar gorras liberty en l\u00ednea<\/strong><\/h2>\n<p><a href=\"https:\/\/chemswell.com\/es\/producto\/comprar-setas-liberty-caps-online\/\"><strong>Gorras Liberty<\/strong><\/a>\u00a0es una seta psicod\u00e9lica que contiene la sustancia psicoactiva y<\/p>\n<p>compuestos de psilocibina.<\/p>\n<p>Su forma var\u00eda de fuertemente c\u00f3nica a acampanada.<\/p>\n<p>Cuando el sombrero est\u00e1 seco, se vuelve mucho m\u00e1s p\u00e1lido, de un color amarillo-marr\u00f3n claro. Tambi\u00e9n se llama setas m\u00e1gicas. <a href=\"https:\/\/chemswell.com\/es\/\">Chemswell<\/a><\/p>\n<p>Liberty caps es una seta m\u00e1gica de gran potencia y efectos triposos - venta de setas m\u00e1gicas<\/p>\n<p>Comprar Liberty Caps - Aprender a secar Liberty caps - c\u00f3mo encontrar liberty caps - Comprar seta m\u00e1gica<\/p>\n<h3><strong>\u00bfQU\u00c9 SON LAS SETAS LIBERTY CAPS?<\/strong><\/h3>\n<p>La magia <a href=\"https:\/\/en.wikipedia.org\/wiki\/Mushroom\">champi\u00f1\u00f3n<\/a> La especie conocida como Psilocybe semilanceata, com\u00fanmente llamada gorra de la libertad, contiene los alucin\u00f3genos psilocibina y psilocina.<\/p>\n<p>Son las setas m\u00e1gicas m\u00e1s conocidas, potentes y accesibles del mundo. Aprende d\u00f3nde conseguir liberty caps, c\u00f3mo secarlas y d\u00f3nde comprar setas m\u00e1gicas.<\/p>\n<p>Liberty Caps, Blue Leg, Meditationspilz, Magic Mushrooms, Narrenschwamm, Paddlestool, Pixie Caps, Psilo, Schwammerl, Shrooms, Witch Cap y Zwergenhut son algunos de los nombres comunes de la Psilocybe semilanceata.<\/p>\n<p>El mejor lugar para comprar setas m\u00e1gicas es durante la excursi\u00f3n Liberty Cap, donde tambi\u00e9n se pueden comprar gorras liberty.<\/p>\n<h3><strong>USO DE LOS TAPONES LIBERTY Setas<\/strong><\/h3>\n<p>Debe tomar las c\u00e1psulas Liberty con el est\u00f3mago vac\u00edo para obtener los mejores resultados.<\/p>\n<p>Las setas m\u00e1gicas pueden masticarse y luego tragarse.<\/p>\n<p>El cuerpo absorbe mejor las sustancias psicoactivas cuanto m\u00e1s tiempo se mastica. Lamentablemente, el sabor no es muy bueno. Comprar setas m\u00e1gicas - \u00bfD\u00f3nde conseguir liberty caps?<\/p>\n<p>Por esta raz\u00f3n, hacer t\u00e9 de setas tambi\u00e9n es una opci\u00f3n. Comprar Liberty Caps en el Reino Unido<\/p>\n<p>Deben dividirse en trozos peque\u00f1os y remojarse en agua hirviendo.<\/p>\n<p>La psilocibina se destruir\u00e1 si el agua hierve, por lo que debe evitarse. Para que el t\u00e9 se infusione lo m\u00e1s suavemente posible, puedes colocar la tetera sobre un plato caliente.<\/p>\n<p>Consumir el t\u00e9 junto con los fragmentos de hongo m\u00e1gico.<\/p>\n<p>La psilocibina a base de agua en el t\u00e9 de setas puede convertirse en psilocina a\u00f1adiendo suficiente zumo de lim\u00f3n. Comprar Liberty Caps en el Reino Unido<\/p>\n<p>Como ya se ha dicho, la psilocina es lo que causa el efecto psicod\u00e9lico.<\/p>\n<p>Por lo tanto, el zumo de lim\u00f3n garantiza un inicio m\u00e1s r\u00e1pido de su viaje.<\/p>\n<p>Adem\u00e1s, tendr\u00e1s menos dolores de est\u00f3mago. Compra setas m\u00e1gicas y liberty caps.<\/p>\n<p>B\u00fasquedas relacionadas Pedir Liberty caps online, comprar setas, comprar psilocibina online, comprar kits de setas de psilocibina y comprar psilocybe semilanceata.<\/p>","protected":false},"excerpt":{"rendered":"<p>Comprar liberty caps online Liberty Caps es una seta psicod\u00e9lica que contiene los compuestos psicoactivos y psilocibina. Var\u00eda en forma desde fuertemente c\u00f3nica<\/p>","protected":false},"featured_media":10320,"comment_status":"closed","ping_status":"closed","template":"","meta":{"_joinchat":[]},"product_cat":[1259],"product_tag":[2456,2446,1522,2438,2437,2441,2440,2448,2439,2449,2451,2458,2459,2457,2454,2453,2450,2445,2443,2455,2452,1530,2444,2447,2442],"yoast_head":"<!-- This site is optimized with the Yoast SEO plugin v23.0 - https:\/\/yoast.com\/wordpress\/plugins\/seo\/ -->\n<title>Buy Liberty Caps Mushrooms Online at Best Price | CW<\/title>\n<meta name=\"description\" content=\"Get the highest quality liberty caps mushrooms for sale available online at best price. Our liberty caps mushrooms is lab tested and certified for purity, potency, and quality. Buy now!\" \/>\n<meta name=\"robots\" content=\"index, follow, max-snippet:-1, max-image-preview:large, max-video-preview:-1\" \/>\n<link rel=\"canonical\" href=\"https:\/\/chemswell.com\/es\/producto\/comprar-setas-liberty-caps-online\/\" \/>\n<meta property=\"og:locale\" content=\"es_ES\" \/>\n<meta property=\"og:type\" content=\"article\" \/>\n<meta property=\"og:title\" content=\"Buy Liberty Caps Mushrooms Online at Best Price | CW\" \/>\n<meta property=\"og:description\" content=\"Get the highest quality liberty caps mushrooms for sale available online at best price. Our liberty caps mushrooms is lab tested and certified for purity, potency, and quality. Buy now!\" \/>\n<meta property=\"og:url\" content=\"https:\/\/chemswell.com\/es\/producto\/comprar-setas-liberty-caps-online\/\" \/>\n<meta property=\"og:site_name\" content=\"Chemswell\" \/>\n<meta property=\"article:modified_time\" content=\"2026-03-05T10:29:59+00:00\" \/>\n<meta property=\"og:image\" content=\"https:\/\/chemswell.com\/wp-content\/uploads\/2023\/06\/Liberty-Caps-Mushrooms-.jpg\" \/>\n\t<meta property=\"og:image:width\" content=\"714\" \/>\n\t<meta property=\"og:image:height\" content=\"951\" \/>\n\t<meta property=\"og:image:type\" content=\"image\/jpeg\" \/>\n<meta name=\"twitter:card\" content=\"summary_large_image\" \/>\n<meta name=\"twitter:label1\" content=\"Tiempo de lectura\" \/>\n\t<meta name=\"twitter:data1\" content=\"2 minutos\" \/>\n<!-- \/ Yoast SEO plugin. -->","yoast_head_json":{"title":"Buy Liberty Caps Mushrooms Online at Best Price | CW","description":"Get the highest quality liberty caps mushrooms for sale available online at best price. Our liberty caps mushrooms is lab tested and certified for purity, potency, and quality. Buy now!","robots":{"index":"index","follow":"follow","max-snippet":"max-snippet:-1","max-image-preview":"max-image-preview:large","max-video-preview":"max-video-preview:-1"},"canonical":"https:\/\/chemswell.com\/es\/producto\/comprar-setas-liberty-caps-online\/","og_locale":"es_ES","og_type":"article","og_title":"Buy Liberty Caps Mushrooms Online at Best Price | CW","og_description":"Get the highest quality liberty caps mushrooms for sale available online at best price. Our liberty caps mushrooms is lab tested and certified for purity, potency, and quality. Buy now!","og_url":"https:\/\/chemswell.com\/es\/producto\/comprar-setas-liberty-caps-online\/","og_site_name":"Chemswell","article_modified_time":"2026-03-05T10:29:59+00:00","og_image":[{"width":714,"height":951,"url":"https:\/\/chemswell.com\/wp-content\/uploads\/2023\/06\/Liberty-Caps-Mushrooms-.jpg","type":"image\/jpeg"}],"twitter_card":"summary_large_image","twitter_misc":{"Tiempo de lectura":"2 minutos"},"schema":{"@context":"https:\/\/schema.org","@graph":[{"@type":"WebPage","@id":"https:\/\/chemswell.com\/product\/buy-liberty-caps-mushrooms-online\/","url":"https:\/\/chemswell.com\/product\/buy-liberty-caps-mushrooms-online\/","name":"Buy Liberty Caps Mushrooms Online at Best Price | CW","isPartOf":{"@id":"https:\/\/chemswell.com\/it\/#website"},"primaryImageOfPage":{"@id":"https:\/\/chemswell.com\/product\/buy-liberty-caps-mushrooms-online\/#primaryimage"},"image":{"@id":"https:\/\/chemswell.com\/product\/buy-liberty-caps-mushrooms-online\/#primaryimage"},"thumbnailUrl":"https:\/\/chemswell.com\/wp-content\/uploads\/2023\/06\/Liberty-Caps-Mushrooms-.jpg","datePublished":"2023-06-02T09:09:49+00:00","dateModified":"2026-03-05T10:29:59+00:00","description":"Get the highest quality liberty caps mushrooms for sale available online at best price. Our liberty caps mushrooms is lab tested and certified for purity, potency, and quality. Buy now!","breadcrumb":{"@id":"https:\/\/chemswell.com\/product\/buy-liberty-caps-mushrooms-online\/#breadcrumb"},"inLanguage":"es","potentialAction":[{"@type":"ReadAction","target":["https:\/\/chemswell.com\/product\/buy-liberty-caps-mushrooms-online\/"]}]},{"@type":"ImageObject","inLanguage":"es","@id":"https:\/\/chemswell.com\/product\/buy-liberty-caps-mushrooms-online\/#primaryimage","url":"https:\/\/chemswell.com\/wp-content\/uploads\/2023\/06\/Liberty-Caps-Mushrooms-.jpg","contentUrl":"https:\/\/chemswell.com\/wp-content\/uploads\/2023\/06\/Liberty-Caps-Mushrooms-.jpg","width":714,"height":951,"caption":"Liberty-Caps-Mushrooms-"},{"@type":"BreadcrumbList","@id":"https:\/\/chemswell.com\/product\/buy-liberty-caps-mushrooms-online\/#breadcrumb","itemListElement":[{"@type":"ListItem","position":1,"name":"Home","item":"https:\/\/chemswell.com\/ru\/"},{"@type":"ListItem","position":2,"name":"Shop","item":"https:\/\/chemswell.com\/ru\/%d0%bc%d0%b0%d0%b3%d0%b0%d0%b7%d0%b8%d0%bd\/"},{"@type":"ListItem","position":3,"name":"Buy Liberty Caps Mushrooms Online"}]},{"@type":"WebSite","@id":"https:\/\/chemswell.com\/it\/#website","url":"https:\/\/chemswell.com\/it\/","name":"Chemswell","description":"#1 Research Chemical Store","potentialAction":[{"@type":"SearchAction","target":{"@type":"EntryPoint","urlTemplate":"https:\/\/chemswell.com\/it\/?s={search_term_string}"},"query-input":"required name=search_term_string"}],"inLanguage":"es"}]}},"_links":{"self":[{"href":"https:\/\/chemswell.com\/es\/wp-json\/wp\/v2\/product\/10284"}],"collection":[{"href":"https:\/\/chemswell.com\/es\/wp-json\/wp\/v2\/product"}],"about":[{"href":"https:\/\/chemswell.com\/es\/wp-json\/wp\/v2\/types\/product"}],"replies":[{"embeddable":true,"href":"https:\/\/chemswell.com\/es\/wp-json\/wp\/v2\/comments?post=10284"}],"wp:featuredmedia":[{"embeddable":true,"href":"https:\/\/chemswell.com\/es\/wp-json\/wp\/v2\/media\/10320"}],"wp:attachment":[{"href":"https:\/\/chemswell.com\/es\/wp-json\/wp\/v2\/media?parent=10284"}],"wp:term":[{"taxonomy":"product_cat","embeddable":true,"href":"https:\/\/chemswell.com\/es\/wp-json\/wp\/v2\/product_cat?post=10284"},{"taxonomy":"product_tag","embeddable":true,"href":"https:\/\/chemswell.com\/es\/wp-json\/wp\/v2\/product_tag?post=10284"}],"curies":[{"name":"wp","href":"https:\/\/api.w.org\/{rel}","templated":true}]}}