{"id":10323,"date":"2023-06-02T09:37:54","date_gmt":"2023-06-02T09:37:54","guid":{"rendered":"https:\/\/chemswell.com\/?post_type=product&#038;p=10323"},"modified":"2026-03-05T10:30:27","modified_gmt":"2026-03-05T10:30:27","slug":"buy-lsd-gel-tabs-online","status":"publish","type":"product","link":"https:\/\/chemswell.com\/es\/producto\/comprar-lsd-gel-tabs-online\/","title":{"rendered":"Comprar LSD Gel Tabs Online"},"content":{"rendered":"<h2>Compre LSD Gel Tabs en l\u00ednea Discreto<\/h2>\n<p><a href=\"https:\/\/chemswell.com\/es\/producto\/comprar-lsd-gel-tabs-online\/\">Pastillas de gel LSD a la venta<\/a> Env\u00edo a todo el pa\u00eds en la mejor tienda online de psicod\u00e9licos de Estados Unidos. Se venden pastillas de gel de la m\u00e1s alta calidad y pureza en varias cantidades. Tomar pastillas de LSD proporciona una potente experiencia psicod\u00e9lica. Compra pastillas de LSD en l\u00ednea. Compra 1p-LSD online, pastillas de gel \u00e1cido en el Reino Unido, papel secante de LSD online, pastillas de gel \u00e1cido y pastillas de LSD a la venta.<\/p>\n<h3>\u00bfQu\u00e9 son las tabletas de gel de LSD?<\/h3>\n<p>Una sustancia llamada gel puede variar en caracter\u00edsticas, desde blanda y d\u00e9bil hasta r\u00edgida y duradera. Los geles se describen como un sistema reticulado altamente diluido que, en estado estacionario, no presenta flujo. <a href=\"https:\/\/en.wikipedia.org\/wiki\/LSD\">LSD<\/a> Por lo tanto, las pastillas de gel son similares a un gel con LSD a\u00f1adido para una experiencia m\u00e1s sabrosa y suave. El LSD se usa exclusivamente para investigaci\u00f3n y nunca se inyecta. Com\u00fanmente, se usa papel secante, que se puede dividir en pastillas, para disolverlo. <a href=\"https:\/\/chemswell.com\/es\/\">Chemswell<\/a><\/p>\n<h3>\u00bfCu\u00e1nto tiempo duran las tabletas de gel \u00e1cido?<\/h3>\n<p>\u00bfCu\u00e1l es la duraci\u00f3n de la misma? Dentro de los 20 a 90 minutos despu\u00e9s de tomar una tableta de \u00e1cido, puede comenzar a sentir sus efectos. El viaje \u00e1cido t\u00edpico dura entre 6 y 15 horas, pero la mayor\u00eda no dura m\u00e1s de 12 horas. Puede sentir los efectos de \"resplandor\" durante otras seis horas despu\u00e9s de su viaje. Compre tabletas de gel de \u00e1cido lsd en l\u00ednea en ChemsWell.com usando la aplicaci\u00f3n de efectivo, PayPal o criptomoneda para recibir una entrega discreta las 24 horas, los 7 d\u00edas de la semana y un descuento en cantidades m\u00e1s grandes.<\/p>\n<h3>\u00bfD\u00f3nde puedo comprar tabletas de gel de LSD en l\u00ednea en EE. UU.?<\/h3>\n<p>At ChemsWell, the leading provider of psychedelic drugs in the United States, you can get LSD Gel Tabs online at a low price with quick delivery to your region. LSD gel tabs are gel-like tabs with added LSD to improve the flavour and provide a smoother, more modern high. Gel tabs for sale that are of the highest quality and purity are offered in various quantities. An extremely strong hallucinogenic effect is produced by LSD tablet tabs.<\/p>","protected":false},"excerpt":{"rendered":"<p>Comprar LSD Gel Tabs Online Discreet Gel Tabs LSD For Sale env\u00edo a todos los pa\u00edses en la mejor tienda psicod\u00e9lica online americana.<\/p>","protected":false},"featured_media":10329,"comment_status":"closed","ping_status":"closed","template":"","meta":{"_joinchat":[]},"product_cat":[1259],"product_tag":[2548,2538,1522,2530,2529,2533,2532,2540,2531,2541,2543,2550,2551,2549,2546,2545,2542,2537,2535,2547,2544,1530,2536,2539,2534],"yoast_head":"<!-- This site is optimized with the Yoast SEO plugin v23.0 - https:\/\/yoast.com\/wordpress\/plugins\/seo\/ -->\n<title>Buy Isd Gel Tablets Online - Isd Gel Tabs for Sale Online<\/title>\n<meta name=\"description\" content=\"Buy the highest quality lsd gel tabls online at the best price through a leading store. We are committed to providing you with the best lsd gel tabls for sale and a safe and secure shopping experience, so shop now!\" \/>\n<meta name=\"robots\" content=\"index, follow, max-snippet:-1, max-image-preview:large, max-video-preview:-1\" \/>\n<link rel=\"canonical\" href=\"https:\/\/chemswell.com\/es\/producto\/comprar-lsd-gel-tabs-online\/\" \/>\n<meta property=\"og:locale\" content=\"es_ES\" \/>\n<meta property=\"og:type\" content=\"article\" \/>\n<meta property=\"og:title\" content=\"Buy Isd Gel Tablets Online - Isd Gel Tabs for Sale Online\" \/>\n<meta property=\"og:description\" content=\"Buy the highest quality lsd gel tabls online at the best price through a leading store. We are committed to providing you with the best lsd gel tabls for sale and a safe and secure shopping experience, so shop now!\" \/>\n<meta property=\"og:url\" content=\"https:\/\/chemswell.com\/es\/producto\/comprar-lsd-gel-tabs-online\/\" \/>\n<meta property=\"og:site_name\" content=\"Chemswell\" \/>\n<meta property=\"article:modified_time\" content=\"2026-03-05T10:30:27+00:00\" \/>\n<meta property=\"og:image\" content=\"https:\/\/chemswell.com\/wp-content\/uploads\/2023\/06\/Buy-LSD-Gel-Tabs-Online.jpeg\" \/>\n\t<meta property=\"og:image:width\" content=\"543\" \/>\n\t<meta property=\"og:image:height\" content=\"1080\" \/>\n\t<meta property=\"og:image:type\" content=\"image\/jpeg\" \/>\n<meta name=\"twitter:card\" content=\"summary_large_image\" \/>\n<meta name=\"twitter:label1\" content=\"Tiempo de lectura\" \/>\n\t<meta name=\"twitter:data1\" content=\"2 minutos\" \/>\n<!-- \/ Yoast SEO plugin. -->","yoast_head_json":{"title":"Buy Isd Gel Tablets Online - Isd Gel Tabs for Sale Online","description":"Buy the highest quality lsd gel tabls online at the best price through a leading store. We are committed to providing you with the best lsd gel tabls for sale and a safe and secure shopping experience, so shop now!","robots":{"index":"index","follow":"follow","max-snippet":"max-snippet:-1","max-image-preview":"max-image-preview:large","max-video-preview":"max-video-preview:-1"},"canonical":"https:\/\/chemswell.com\/es\/producto\/comprar-lsd-gel-tabs-online\/","og_locale":"es_ES","og_type":"article","og_title":"Buy Isd Gel Tablets Online - Isd Gel Tabs for Sale Online","og_description":"Buy the highest quality lsd gel tabls online at the best price through a leading store. We are committed to providing you with the best lsd gel tabls for sale and a safe and secure shopping experience, so shop now!","og_url":"https:\/\/chemswell.com\/es\/producto\/comprar-lsd-gel-tabs-online\/","og_site_name":"Chemswell","article_modified_time":"2026-03-05T10:30:27+00:00","og_image":[{"width":543,"height":1080,"url":"https:\/\/chemswell.com\/wp-content\/uploads\/2023\/06\/Buy-LSD-Gel-Tabs-Online.jpeg","type":"image\/jpeg"}],"twitter_card":"summary_large_image","twitter_misc":{"Tiempo de lectura":"2 minutos"},"schema":{"@context":"https:\/\/schema.org","@graph":[{"@type":"WebPage","@id":"https:\/\/chemswell.com\/product\/buy-lsd-gel-tabs-online\/","url":"https:\/\/chemswell.com\/product\/buy-lsd-gel-tabs-online\/","name":"Buy Isd Gel Tablets Online - Isd Gel Tabs for Sale Online","isPartOf":{"@id":"https:\/\/chemswell.com\/it\/#website"},"primaryImageOfPage":{"@id":"https:\/\/chemswell.com\/product\/buy-lsd-gel-tabs-online\/#primaryimage"},"image":{"@id":"https:\/\/chemswell.com\/product\/buy-lsd-gel-tabs-online\/#primaryimage"},"thumbnailUrl":"https:\/\/chemswell.com\/wp-content\/uploads\/2023\/06\/Buy-LSD-Gel-Tabs-Online.jpeg","datePublished":"2023-06-02T09:37:54+00:00","dateModified":"2026-03-05T10:30:27+00:00","description":"Buy the highest quality lsd gel tabls online at the best price through a leading store. We are committed to providing you with the best lsd gel tabls for sale and a safe and secure shopping experience, so shop now!","breadcrumb":{"@id":"https:\/\/chemswell.com\/product\/buy-lsd-gel-tabs-online\/#breadcrumb"},"inLanguage":"es","potentialAction":[{"@type":"ReadAction","target":["https:\/\/chemswell.com\/product\/buy-lsd-gel-tabs-online\/"]}]},{"@type":"ImageObject","inLanguage":"es","@id":"https:\/\/chemswell.com\/product\/buy-lsd-gel-tabs-online\/#primaryimage","url":"https:\/\/chemswell.com\/wp-content\/uploads\/2023\/06\/Buy-LSD-Gel-Tabs-Online.jpeg","contentUrl":"https:\/\/chemswell.com\/wp-content\/uploads\/2023\/06\/Buy-LSD-Gel-Tabs-Online.jpeg","width":543,"height":1080,"caption":"Buy-LSD-Gel-Tabs-Online"},{"@type":"BreadcrumbList","@id":"https:\/\/chemswell.com\/product\/buy-lsd-gel-tabs-online\/#breadcrumb","itemListElement":[{"@type":"ListItem","position":1,"name":"Home","item":"https:\/\/chemswell.com\/ru\/"},{"@type":"ListItem","position":2,"name":"Shop","item":"https:\/\/chemswell.com\/ru\/%d0%bc%d0%b0%d0%b3%d0%b0%d0%b7%d0%b8%d0%bd\/"},{"@type":"ListItem","position":3,"name":"Buy LSD Gel Tabs Online"}]},{"@type":"WebSite","@id":"https:\/\/chemswell.com\/it\/#website","url":"https:\/\/chemswell.com\/it\/","name":"Chemswell","description":"#1 Research Chemical Store","potentialAction":[{"@type":"SearchAction","target":{"@type":"EntryPoint","urlTemplate":"https:\/\/chemswell.com\/it\/?s={search_term_string}"},"query-input":"required name=search_term_string"}],"inLanguage":"es"}]}},"_links":{"self":[{"href":"https:\/\/chemswell.com\/es\/wp-json\/wp\/v2\/product\/10323"}],"collection":[{"href":"https:\/\/chemswell.com\/es\/wp-json\/wp\/v2\/product"}],"about":[{"href":"https:\/\/chemswell.com\/es\/wp-json\/wp\/v2\/types\/product"}],"replies":[{"embeddable":true,"href":"https:\/\/chemswell.com\/es\/wp-json\/wp\/v2\/comments?post=10323"}],"wp:featuredmedia":[{"embeddable":true,"href":"https:\/\/chemswell.com\/es\/wp-json\/wp\/v2\/media\/10329"}],"wp:attachment":[{"href":"https:\/\/chemswell.com\/es\/wp-json\/wp\/v2\/media?parent=10323"}],"wp:term":[{"taxonomy":"product_cat","embeddable":true,"href":"https:\/\/chemswell.com\/es\/wp-json\/wp\/v2\/product_cat?post=10323"},{"taxonomy":"product_tag","embeddable":true,"href":"https:\/\/chemswell.com\/es\/wp-json\/wp\/v2\/product_tag?post=10323"}],"curies":[{"name":"wp","href":"https:\/\/api.w.org\/{rel}","templated":true}]}}