{"id":10326,"date":"2023-06-02T09:38:04","date_gmt":"2023-06-02T09:38:04","guid":{"rendered":"https:\/\/chemswell.com\/?post_type=product&#038;p=10326"},"modified":"2025-01-08T07:32:34","modified_gmt":"2025-01-08T07:32:34","slug":"lsd-25-220ug-swiss-crystal","status":"publish","type":"product","link":"https:\/\/chemswell.com\/es\/producto\/lsd-25-220ug-cristal-suizo\/","title":{"rendered":"LSD-25 220ug CRISTAL SUIZO"},"content":{"rendered":"<h2>\u00bfQu\u00e9 son los cristales suizos de LSD? Comprar papel secante LSD en l\u00ednea<\/h2>\n<p><a href=\"https:\/\/chemswell.com\/es\/producto\/lsd-25-220ug-cristal-suizo\/\">LSD (dietilamida del \u00e1cido lis\u00e9rgico)<\/a>, com\u00fanmente conocida como LSD-25, lisergida y \u00e1cido, es una sustancia psicod\u00e9lica semisint\u00e9tica bien conocida por sus efectos psicol\u00f3gicos.<\/p>\n<p>Informaci\u00f3n de importancia comprar lsd papel secante en l\u00ednea El LSD (dietilamida del \u00e1cido lis\u00e9rgico), com\u00fanmente conocido como LSD-25, lisergida y \u00e1cido, es una sustancia psicod\u00e9lica semisint\u00e9tica conocida por sus efectos psicol\u00f3gicos. En l\u00ednea, el papel secante LSD (dietilamida del \u00e1cido lis\u00e9rgico) se puede comprar a un precio razonable. <a href=\"https:\/\/en.wikipedia.org\/wiki\/LSD\">LSD<\/a> El cristal en polvo es una de las sustancias m\u00e1s poderosas para<\/p>\n<p>alterando el estado de \u00e1nimo. El \u00e1cido lis\u00e9rgico, que se puede encontrar en el hongo ergot que crece en el centeno y otros cereales, se usa para hacerlo. <a href=\"https:\/\/chemswell.com\/es\/\">Chemswell<\/a><\/p>\n<p>&nbsp;<\/p>","protected":false},"excerpt":{"rendered":"<p>\u00bfQu\u00e9 es LSD Swiss Crystals? Comprar LSD Blotter Online LSD (Dietilamida del \u00c1cido Lis\u00e9rgico), com\u00fanmente conocida como LSD-25, Lisergida y \u00e1cido,<\/p>","protected":false},"featured_media":10332,"comment_status":"closed","ping_status":"closed","template":"","meta":{"_joinchat":[]},"product_cat":[1259],"product_tag":[2272,2262,1522,2254,2269,2266,2261,2253,2256,2264,2257,2255,2265,2267,2274,2275,2273,2270,2259,2271,2268,1530,2260,2263,2258],"yoast_head":"<!-- This site is optimized with the Yoast SEO plugin v23.0 - https:\/\/yoast.com\/wordpress\/plugins\/seo\/ -->\n<title>Buy LSD 25 220ug Swiss Crystal Online at Best Price | Chemswell<\/title>\n<meta name=\"description\" content=\"Get the highest quality Isd 25 220ug swiss crystal for sale that is available on the market. Our product is lab tested, pure, and safe to use. Buy from us today and get fast shipping with discreet packaging.\" \/>\n<meta name=\"robots\" content=\"index, follow, max-snippet:-1, max-image-preview:large, max-video-preview:-1\" \/>\n<link rel=\"canonical\" href=\"https:\/\/chemswell.com\/es\/producto\/lsd-25-220ug-cristal-suizo\/\" \/>\n<meta property=\"og:locale\" content=\"es_ES\" \/>\n<meta property=\"og:type\" content=\"article\" \/>\n<meta property=\"og:title\" content=\"Buy LSD 25 220ug Swiss Crystal Online at Best Price | Chemswell\" \/>\n<meta property=\"og:description\" content=\"Get the highest quality Isd 25 220ug swiss crystal for sale that is available on the market. Our product is lab tested, pure, and safe to use. Buy from us today and get fast shipping with discreet packaging.\" \/>\n<meta property=\"og:url\" content=\"https:\/\/chemswell.com\/es\/producto\/lsd-25-220ug-cristal-suizo\/\" \/>\n<meta property=\"og:site_name\" content=\"Chemswell\" \/>\n<meta property=\"article:modified_time\" content=\"2025-01-08T07:32:34+00:00\" \/>\n<meta property=\"og:image\" content=\"https:\/\/chemswell.com\/wp-content\/uploads\/2023\/06\/buy-lsd-crystals-150x150-1.jpg\" \/>\n\t<meta property=\"og:image:width\" content=\"150\" \/>\n\t<meta property=\"og:image:height\" content=\"150\" \/>\n\t<meta property=\"og:image:type\" content=\"image\/jpeg\" \/>\n<meta name=\"twitter:card\" content=\"summary_large_image\" \/>\n<meta name=\"twitter:label1\" content=\"Tiempo de lectura\" \/>\n\t<meta name=\"twitter:data1\" content=\"1 minuto\" \/>\n<!-- \/ Yoast SEO plugin. -->","yoast_head_json":{"title":"Buy LSD 25 220ug Swiss Crystal Online at Best Price | Chemswell","description":"Get the highest quality Isd 25 220ug swiss crystal for sale that is available on the market. Our product is lab tested, pure, and safe to use. Buy from us today and get fast shipping with discreet packaging.","robots":{"index":"index","follow":"follow","max-snippet":"max-snippet:-1","max-image-preview":"max-image-preview:large","max-video-preview":"max-video-preview:-1"},"canonical":"https:\/\/chemswell.com\/es\/producto\/lsd-25-220ug-cristal-suizo\/","og_locale":"es_ES","og_type":"article","og_title":"Buy LSD 25 220ug Swiss Crystal Online at Best Price | Chemswell","og_description":"Get the highest quality Isd 25 220ug swiss crystal for sale that is available on the market. Our product is lab tested, pure, and safe to use. Buy from us today and get fast shipping with discreet packaging.","og_url":"https:\/\/chemswell.com\/es\/producto\/lsd-25-220ug-cristal-suizo\/","og_site_name":"Chemswell","article_modified_time":"2025-01-08T07:32:34+00:00","og_image":[{"width":150,"height":150,"url":"https:\/\/chemswell.com\/wp-content\/uploads\/2023\/06\/buy-lsd-crystals-150x150-1.jpg","type":"image\/jpeg"}],"twitter_card":"summary_large_image","twitter_misc":{"Tiempo de lectura":"1 minuto"},"schema":{"@context":"https:\/\/schema.org","@graph":[{"@type":"WebPage","@id":"https:\/\/chemswell.com\/product\/lsd-25-220ug-swiss-crystal\/","url":"https:\/\/chemswell.com\/product\/lsd-25-220ug-swiss-crystal\/","name":"Buy LSD 25 220ug Swiss Crystal Online at Best Price | Chemswell","isPartOf":{"@id":"https:\/\/chemswell.com\/it\/#website"},"primaryImageOfPage":{"@id":"https:\/\/chemswell.com\/product\/lsd-25-220ug-swiss-crystal\/#primaryimage"},"image":{"@id":"https:\/\/chemswell.com\/product\/lsd-25-220ug-swiss-crystal\/#primaryimage"},"thumbnailUrl":"https:\/\/chemswell.com\/wp-content\/uploads\/2023\/06\/buy-lsd-crystals-150x150-1.jpg","datePublished":"2023-06-02T09:38:04+00:00","dateModified":"2025-01-08T07:32:34+00:00","description":"Get the highest quality Isd 25 220ug swiss crystal for sale that is available on the market. Our product is lab tested, pure, and safe to use. Buy from us today and get fast shipping with discreet packaging.","breadcrumb":{"@id":"https:\/\/chemswell.com\/product\/lsd-25-220ug-swiss-crystal\/#breadcrumb"},"inLanguage":"es","potentialAction":[{"@type":"ReadAction","target":["https:\/\/chemswell.com\/product\/lsd-25-220ug-swiss-crystal\/"]}]},{"@type":"ImageObject","inLanguage":"es","@id":"https:\/\/chemswell.com\/product\/lsd-25-220ug-swiss-crystal\/#primaryimage","url":"https:\/\/chemswell.com\/wp-content\/uploads\/2023\/06\/buy-lsd-crystals-150x150-1.jpg","contentUrl":"https:\/\/chemswell.com\/wp-content\/uploads\/2023\/06\/buy-lsd-crystals-150x150-1.jpg","width":150,"height":150,"caption":"buy-lsd-crystals-150x150-1"},{"@type":"BreadcrumbList","@id":"https:\/\/chemswell.com\/product\/lsd-25-220ug-swiss-crystal\/#breadcrumb","itemListElement":[{"@type":"ListItem","position":1,"name":"Home","item":"https:\/\/chemswell.com\/ru\/"},{"@type":"ListItem","position":2,"name":"Shop","item":"https:\/\/chemswell.com\/ru\/%d0%bc%d0%b0%d0%b3%d0%b0%d0%b7%d0%b8%d0%bd\/"},{"@type":"ListItem","position":3,"name":"LSD-25 220ug SWISS CRYSTAL"}]},{"@type":"WebSite","@id":"https:\/\/chemswell.com\/it\/#website","url":"https:\/\/chemswell.com\/it\/","name":"Chemswell","description":"#1 Research Chemical Store","potentialAction":[{"@type":"SearchAction","target":{"@type":"EntryPoint","urlTemplate":"https:\/\/chemswell.com\/it\/?s={search_term_string}"},"query-input":"required name=search_term_string"}],"inLanguage":"es"}]}},"_links":{"self":[{"href":"https:\/\/chemswell.com\/es\/wp-json\/wp\/v2\/product\/10326"}],"collection":[{"href":"https:\/\/chemswell.com\/es\/wp-json\/wp\/v2\/product"}],"about":[{"href":"https:\/\/chemswell.com\/es\/wp-json\/wp\/v2\/types\/product"}],"replies":[{"embeddable":true,"href":"https:\/\/chemswell.com\/es\/wp-json\/wp\/v2\/comments?post=10326"}],"wp:featuredmedia":[{"embeddable":true,"href":"https:\/\/chemswell.com\/es\/wp-json\/wp\/v2\/media\/10332"}],"wp:attachment":[{"href":"https:\/\/chemswell.com\/es\/wp-json\/wp\/v2\/media?parent=10326"}],"wp:term":[{"taxonomy":"product_cat","embeddable":true,"href":"https:\/\/chemswell.com\/es\/wp-json\/wp\/v2\/product_cat?post=10326"},{"taxonomy":"product_tag","embeddable":true,"href":"https:\/\/chemswell.com\/es\/wp-json\/wp\/v2\/product_tag?post=10326"}],"curies":[{"name":"wp","href":"https:\/\/api.w.org\/{rel}","templated":true}]}}