{"id":10327,"date":"2023-06-02T09:38:08","date_gmt":"2023-06-02T09:38:08","guid":{"rendered":"https:\/\/chemswell.com\/?post_type=product&#038;p=10327"},"modified":"2025-01-08T07:31:59","modified_gmt":"2025-01-08T07:31:59","slug":"mushroom-capsules","status":"publish","type":"product","link":"https:\/\/chemswell.com\/es\/producto\/capsulas-de-setas\/","title":{"rendered":"C\u00e1psulas de hongos"},"content":{"rendered":"<h2>Comprar c\u00e1psulas de seta en l\u00ednea<\/h2>\n<p>Los hongos se consideran sustancias alucin\u00f3genas. Estas sustancias inducen al usuario a experimentar im\u00e1genes, sonidos y sensaciones irreales. Sin embargo, los cient\u00edficos afirman que los efectos de los hongos en un usuario var\u00edan seg\u00fan el entorno.<\/p>\n<p>Su personalidad, estado emocional, dosis, edad, peso, entorno y antecedentes de enfermedades mentales afectan la forma en que... <a href=\"https:\/\/chemswell.com\/es\/producto\/capsulas-de-setas\/\">hongos m\u00e1gicos<\/a> Te hacen sentir. Los hongos no tienen efectos secundarios negativos, aunque los viajes desagradables por sobredosis son la causa m\u00e1s frecuente de visitas al hospital.<\/p>\n<p>Los hongos se han utilizado desde hace mucho tiempo como herramienta espiritual y terap\u00e9utica en la cultura. Algunos los utilizan para el autodescubrimiento y la terapia, mientras que otros los utilizan para experiencias espirituales. Mescalina, marihuana y magia. <a href=\"https:\/\/en.wikipedia.org\/wiki\/Mushroom\">hongos<\/a> Son ejemplos de sustancias naturales que algunas personas creen que pueden utilizarse para entrar en sus estados espirituales. <a href=\"https:\/\/chemswell.com\/es\/\">Chemswell<\/a><\/p>\n<p>El cuerpo transforma la psilocibina al comer o comprar hongos m\u00e1gicos en psilocina, que interact\u00faa con las c\u00e9lulas cerebrales para producir intoxicaci\u00f3n. Los niveles de serotonina aumentan con la psilocina, que provoca alucinaciones. Dado que lleva 12 horas digerir y eliminar la psilocibina, sus efectos pueden continuar hasta ese tiempo.<\/p>","protected":false},"excerpt":{"rendered":"<p>Comprar C\u00e1psulas de Setas Online Las setas se consideran sustancias alucin\u00f3genas. Estas sustancias inducen al usuario a experimentar im\u00e1genes, sonidos y sensaciones irreales.<\/p>","protected":false},"featured_media":10333,"comment_status":"closed","ping_status":"closed","template":"","meta":{"_joinchat":[]},"product_cat":[1259],"product_tag":[2249,2239,1522,2231,2246,2243,2238,2230,2233,2241,2234,2232,2242,2244,2251,2252,2250,2247,2236,2248,2245,1530,2237,2240,2235],"yoast_head":"<!-- This site is optimized with the Yoast SEO plugin v23.0 - https:\/\/yoast.com\/wordpress\/plugins\/seo\/ -->\n<title>Buy Mushroom Capsules Online - Mushroom Capsules for Sale<\/title>\n<meta name=\"description\" content=\"Browse and buy mushroom capsules online from the leading supplier Chemswell. We offer mushroom capsules for sale with the highest quality and at reasonable prices. Shop now to get fast delivery to your doorstep.\" \/>\n<meta name=\"robots\" content=\"index, follow, max-snippet:-1, max-image-preview:large, max-video-preview:-1\" \/>\n<link rel=\"canonical\" href=\"https:\/\/chemswell.com\/es\/producto\/capsulas-de-setas\/\" \/>\n<meta property=\"og:locale\" content=\"es_ES\" \/>\n<meta property=\"og:type\" content=\"article\" \/>\n<meta property=\"og:title\" content=\"Buy Mushroom Capsules Online - Mushroom Capsules for Sale\" \/>\n<meta property=\"og:description\" content=\"Browse and buy mushroom capsules online from the leading supplier Chemswell. We offer mushroom capsules for sale with the highest quality and at reasonable prices. Shop now to get fast delivery to your doorstep.\" \/>\n<meta property=\"og:url\" content=\"https:\/\/chemswell.com\/es\/producto\/capsulas-de-setas\/\" \/>\n<meta property=\"og:site_name\" content=\"Chemswell\" \/>\n<meta property=\"article:modified_time\" content=\"2025-01-08T07:31:59+00:00\" \/>\n<meta property=\"og:image\" content=\"https:\/\/chemswell.com\/wp-content\/uploads\/2023\/06\/shroom-capsules.jpg\" \/>\n\t<meta property=\"og:image:width\" content=\"500\" \/>\n\t<meta property=\"og:image:height\" content=\"500\" \/>\n\t<meta property=\"og:image:type\" content=\"image\/jpeg\" \/>\n<meta name=\"twitter:card\" content=\"summary_large_image\" \/>\n<meta name=\"twitter:label1\" content=\"Tiempo de lectura\" \/>\n\t<meta name=\"twitter:data1\" content=\"1 minuto\" \/>\n<!-- \/ Yoast SEO plugin. -->","yoast_head_json":{"title":"Buy Mushroom Capsules Online - Mushroom Capsules for Sale","description":"Browse and buy mushroom capsules online from the leading supplier Chemswell. We offer mushroom capsules for sale with the highest quality and at reasonable prices. Shop now to get fast delivery to your doorstep.","robots":{"index":"index","follow":"follow","max-snippet":"max-snippet:-1","max-image-preview":"max-image-preview:large","max-video-preview":"max-video-preview:-1"},"canonical":"https:\/\/chemswell.com\/es\/producto\/capsulas-de-setas\/","og_locale":"es_ES","og_type":"article","og_title":"Buy Mushroom Capsules Online - Mushroom Capsules for Sale","og_description":"Browse and buy mushroom capsules online from the leading supplier Chemswell. We offer mushroom capsules for sale with the highest quality and at reasonable prices. Shop now to get fast delivery to your doorstep.","og_url":"https:\/\/chemswell.com\/es\/producto\/capsulas-de-setas\/","og_site_name":"Chemswell","article_modified_time":"2025-01-08T07:31:59+00:00","og_image":[{"width":500,"height":500,"url":"https:\/\/chemswell.com\/wp-content\/uploads\/2023\/06\/shroom-capsules.jpg","type":"image\/jpeg"}],"twitter_card":"summary_large_image","twitter_misc":{"Tiempo de lectura":"1 minuto"},"schema":{"@context":"https:\/\/schema.org","@graph":[{"@type":"WebPage","@id":"https:\/\/chemswell.com\/product\/mushroom-capsules\/","url":"https:\/\/chemswell.com\/product\/mushroom-capsules\/","name":"Buy Mushroom Capsules Online - Mushroom Capsules for Sale","isPartOf":{"@id":"https:\/\/chemswell.com\/it\/#website"},"primaryImageOfPage":{"@id":"https:\/\/chemswell.com\/product\/mushroom-capsules\/#primaryimage"},"image":{"@id":"https:\/\/chemswell.com\/product\/mushroom-capsules\/#primaryimage"},"thumbnailUrl":"https:\/\/chemswell.com\/wp-content\/uploads\/2023\/06\/shroom-capsules.jpg","datePublished":"2023-06-02T09:38:08+00:00","dateModified":"2025-01-08T07:31:59+00:00","description":"Browse and buy mushroom capsules online from the leading supplier Chemswell. We offer mushroom capsules for sale with the highest quality and at reasonable prices. Shop now to get fast delivery to your doorstep.","breadcrumb":{"@id":"https:\/\/chemswell.com\/product\/mushroom-capsules\/#breadcrumb"},"inLanguage":"es","potentialAction":[{"@type":"ReadAction","target":["https:\/\/chemswell.com\/product\/mushroom-capsules\/"]}]},{"@type":"ImageObject","inLanguage":"es","@id":"https:\/\/chemswell.com\/product\/mushroom-capsules\/#primaryimage","url":"https:\/\/chemswell.com\/wp-content\/uploads\/2023\/06\/shroom-capsules.jpg","contentUrl":"https:\/\/chemswell.com\/wp-content\/uploads\/2023\/06\/shroom-capsules.jpg","width":500,"height":500,"caption":"shroom-capsules"},{"@type":"BreadcrumbList","@id":"https:\/\/chemswell.com\/product\/mushroom-capsules\/#breadcrumb","itemListElement":[{"@type":"ListItem","position":1,"name":"Home","item":"https:\/\/chemswell.com\/ru\/"},{"@type":"ListItem","position":2,"name":"Shop","item":"https:\/\/chemswell.com\/ru\/%d0%bc%d0%b0%d0%b3%d0%b0%d0%b7%d0%b8%d0%bd\/"},{"@type":"ListItem","position":3,"name":"Mushroom Capsules"}]},{"@type":"WebSite","@id":"https:\/\/chemswell.com\/it\/#website","url":"https:\/\/chemswell.com\/it\/","name":"Chemswell","description":"#1 Research Chemical Store","potentialAction":[{"@type":"SearchAction","target":{"@type":"EntryPoint","urlTemplate":"https:\/\/chemswell.com\/it\/?s={search_term_string}"},"query-input":"required name=search_term_string"}],"inLanguage":"es"}]}},"_links":{"self":[{"href":"https:\/\/chemswell.com\/es\/wp-json\/wp\/v2\/product\/10327"}],"collection":[{"href":"https:\/\/chemswell.com\/es\/wp-json\/wp\/v2\/product"}],"about":[{"href":"https:\/\/chemswell.com\/es\/wp-json\/wp\/v2\/types\/product"}],"replies":[{"embeddable":true,"href":"https:\/\/chemswell.com\/es\/wp-json\/wp\/v2\/comments?post=10327"}],"wp:featuredmedia":[{"embeddable":true,"href":"https:\/\/chemswell.com\/es\/wp-json\/wp\/v2\/media\/10333"}],"wp:attachment":[{"href":"https:\/\/chemswell.com\/es\/wp-json\/wp\/v2\/media?parent=10327"}],"wp:term":[{"taxonomy":"product_cat","embeddable":true,"href":"https:\/\/chemswell.com\/es\/wp-json\/wp\/v2\/product_cat?post=10327"},{"taxonomy":"product_tag","embeddable":true,"href":"https:\/\/chemswell.com\/es\/wp-json\/wp\/v2\/product_tag?post=10327"}],"curies":[{"name":"wp","href":"https:\/\/api.w.org\/{rel}","templated":true}]}}