{"id":10362,"date":"2023-06-02T10:07:26","date_gmt":"2023-06-02T10:07:26","guid":{"rendered":"https:\/\/chemswell.com\/?post_type=product&#038;p=10362"},"modified":"2025-06-13T05:26:34","modified_gmt":"2025-06-13T05:26:34","slug":"louis-vuitton-200mg-mdma","status":"publish","type":"product","link":"https:\/\/chemswell.com\/es\/producto\/louis-vuitton-200mg-mdma\/","title":{"rendered":"Louis Vuitton 200mg MDMA"},"content":{"rendered":"<h2>Louis Vuitton 200mg MDMA | Drogas del amor | Comprar pastillas Roll online | XTC en venta<\/h2>\n<p><a href=\"https:\/\/chemswell.com\/es\/producto\/louis-vuitton-200mg-mdma\/\">200 mg de MDMA Louis Vuitton<\/a> , A 12,4 millones de estadounidenses de 12 a\u00f1os o m\u00e1s usaron \u00e9xtasis al menos una vez en la vida, seg\u00fan la Encuesta nacional sobre uso de drogas y salud de 2007. Esta cifra representa el 5% de la poblaci\u00f3n estadounidense en ese grupo de edad.<\/p>\n<p>Seg\u00fan los resultados de la encuesta de 2007, el 2,3% de los alumnos de octavo grado, el 5,2% de los alumnos de d\u00e9cimo grado y el 6,5% de los alumnos de duod\u00e9cimo grado hab\u00edan consumido \u00e9xtasis al menos una vez.<\/p>\n<p>El 92% de las personas que comienzan a consumir \u00e9xtasis <a href=\"https:\/\/en.wikipedia.org\/wiki\/MDMA\">MDMA<\/a> Posteriormente, cambian a otras sustancias como la marihuana, la coca\u00edna, la hero\u00edna y las anfetaminas, la droga del amor.<\/p>","protected":false},"excerpt":{"rendered":"<p>Louis Vuitton 200mg MDMA | Love Drug | Buy Roll pills online | XTC for Sale 200 mg Louis Vuitton MDMA ,<\/p>","protected":false},"featured_media":10368,"comment_status":"open","ping_status":"closed","template":"","meta":{"_joinchat":[]},"product_cat":[1260],"product_tag":[2157,2147,1522,2139,2154,2151,2146,2138,2141,2149,2142,2140,2150,2152,2159,2160,2158,2155,2144,2156,2153,1530,2145,2148,2143],"yoast_head":"<!-- This site is optimized with the Yoast SEO plugin v23.0 - https:\/\/yoast.com\/wordpress\/plugins\/seo\/ -->\n<title>Buy Louis Vuitton 220mg MDMA Online - Louis Vuitton for Sale<\/title>\n<meta name=\"description\" content=\"Buy louis vuitton 220mg mdma online at best price from our secure store. We offer high quality, affordable louis vuitton 220mg mdma for sale with fast, discreet delivery. Order Now!\" \/>\n<meta name=\"robots\" content=\"index, follow, max-snippet:-1, max-image-preview:large, max-video-preview:-1\" \/>\n<link rel=\"canonical\" href=\"https:\/\/chemswell.com\/es\/producto\/louis-vuitton-200mg-mdma\/\" \/>\n<meta property=\"og:locale\" content=\"es_ES\" \/>\n<meta property=\"og:type\" content=\"article\" \/>\n<meta property=\"og:title\" content=\"Buy Louis Vuitton 220mg MDMA Online - Louis Vuitton for Sale\" \/>\n<meta property=\"og:description\" content=\"Buy louis vuitton 220mg mdma online at best price from our secure store. We offer high quality, affordable louis vuitton 220mg mdma for sale with fast, discreet delivery. Order Now!\" \/>\n<meta property=\"og:url\" content=\"https:\/\/chemswell.com\/es\/producto\/louis-vuitton-200mg-mdma\/\" \/>\n<meta property=\"og:site_name\" content=\"Chemswell\" \/>\n<meta property=\"article:modified_time\" content=\"2025-06-13T05:26:34+00:00\" \/>\n<meta property=\"og:image\" content=\"https:\/\/chemswell.com\/wp-content\/uploads\/2023\/06\/Louis-Vuitton-200mg-MDMA-768x502-1.png\" \/>\n\t<meta property=\"og:image:width\" content=\"768\" \/>\n\t<meta property=\"og:image:height\" content=\"502\" \/>\n\t<meta property=\"og:image:type\" content=\"image\/png\" \/>\n<meta name=\"twitter:card\" content=\"summary_large_image\" \/>\n<meta name=\"twitter:label1\" content=\"Tiempo de lectura\" \/>\n\t<meta name=\"twitter:data1\" content=\"1 minuto\" \/>\n<!-- \/ Yoast SEO plugin. -->","yoast_head_json":{"title":"Buy Louis Vuitton 220mg MDMA Online - Louis Vuitton for Sale","description":"Buy louis vuitton 220mg mdma online at best price from our secure store. We offer high quality, affordable louis vuitton 220mg mdma for sale with fast, discreet delivery. Order Now!","robots":{"index":"index","follow":"follow","max-snippet":"max-snippet:-1","max-image-preview":"max-image-preview:large","max-video-preview":"max-video-preview:-1"},"canonical":"https:\/\/chemswell.com\/es\/producto\/louis-vuitton-200mg-mdma\/","og_locale":"es_ES","og_type":"article","og_title":"Buy Louis Vuitton 220mg MDMA Online - Louis Vuitton for Sale","og_description":"Buy louis vuitton 220mg mdma online at best price from our secure store. We offer high quality, affordable louis vuitton 220mg mdma for sale with fast, discreet delivery. Order Now!","og_url":"https:\/\/chemswell.com\/es\/producto\/louis-vuitton-200mg-mdma\/","og_site_name":"Chemswell","article_modified_time":"2025-06-13T05:26:34+00:00","og_image":[{"width":768,"height":502,"url":"https:\/\/chemswell.com\/wp-content\/uploads\/2023\/06\/Louis-Vuitton-200mg-MDMA-768x502-1.png","type":"image\/png"}],"twitter_card":"summary_large_image","twitter_misc":{"Tiempo de lectura":"1 minuto"},"schema":{"@context":"https:\/\/schema.org","@graph":[{"@type":"WebPage","@id":"https:\/\/chemswell.com\/product\/louis-vuitton-200mg-mdma\/","url":"https:\/\/chemswell.com\/product\/louis-vuitton-200mg-mdma\/","name":"Buy Louis Vuitton 220mg MDMA Online - Louis Vuitton for Sale","isPartOf":{"@id":"https:\/\/chemswell.com\/it\/#website"},"primaryImageOfPage":{"@id":"https:\/\/chemswell.com\/product\/louis-vuitton-200mg-mdma\/#primaryimage"},"image":{"@id":"https:\/\/chemswell.com\/product\/louis-vuitton-200mg-mdma\/#primaryimage"},"thumbnailUrl":"https:\/\/chemswell.com\/wp-content\/uploads\/2023\/06\/Louis-Vuitton-200mg-MDMA-768x502-1.png","datePublished":"2023-06-02T10:07:26+00:00","dateModified":"2025-06-13T05:26:34+00:00","description":"Buy louis vuitton 220mg mdma online at best price from our secure store. We offer high quality, affordable louis vuitton 220mg mdma for sale with fast, discreet delivery. Order Now!","breadcrumb":{"@id":"https:\/\/chemswell.com\/product\/louis-vuitton-200mg-mdma\/#breadcrumb"},"inLanguage":"es","potentialAction":[{"@type":"ReadAction","target":["https:\/\/chemswell.com\/product\/louis-vuitton-200mg-mdma\/"]}]},{"@type":"ImageObject","inLanguage":"es","@id":"https:\/\/chemswell.com\/product\/louis-vuitton-200mg-mdma\/#primaryimage","url":"https:\/\/chemswell.com\/wp-content\/uploads\/2023\/06\/Louis-Vuitton-200mg-MDMA-768x502-1.png","contentUrl":"https:\/\/chemswell.com\/wp-content\/uploads\/2023\/06\/Louis-Vuitton-200mg-MDMA-768x502-1.png","width":768,"height":502,"caption":"Louis-Vuitton-200mg-MDMA-768x502"},{"@type":"BreadcrumbList","@id":"https:\/\/chemswell.com\/product\/louis-vuitton-200mg-mdma\/#breadcrumb","itemListElement":[{"@type":"ListItem","position":1,"name":"Home","item":"https:\/\/chemswell.com\/ru\/"},{"@type":"ListItem","position":2,"name":"Shop","item":"https:\/\/chemswell.com\/ru\/%d0%bc%d0%b0%d0%b3%d0%b0%d0%b7%d0%b8%d0%bd\/"},{"@type":"ListItem","position":3,"name":"Louis Vuitton 200mg MDMA"}]},{"@type":"WebSite","@id":"https:\/\/chemswell.com\/it\/#website","url":"https:\/\/chemswell.com\/it\/","name":"Chemswell","description":"#1 Research Chemical Store","potentialAction":[{"@type":"SearchAction","target":{"@type":"EntryPoint","urlTemplate":"https:\/\/chemswell.com\/it\/?s={search_term_string}"},"query-input":"required name=search_term_string"}],"inLanguage":"es"}]}},"_links":{"self":[{"href":"https:\/\/chemswell.com\/es\/wp-json\/wp\/v2\/product\/10362"}],"collection":[{"href":"https:\/\/chemswell.com\/es\/wp-json\/wp\/v2\/product"}],"about":[{"href":"https:\/\/chemswell.com\/es\/wp-json\/wp\/v2\/types\/product"}],"replies":[{"embeddable":true,"href":"https:\/\/chemswell.com\/es\/wp-json\/wp\/v2\/comments?post=10362"}],"wp:featuredmedia":[{"embeddable":true,"href":"https:\/\/chemswell.com\/es\/wp-json\/wp\/v2\/media\/10368"}],"wp:attachment":[{"href":"https:\/\/chemswell.com\/es\/wp-json\/wp\/v2\/media?parent=10362"}],"wp:term":[{"taxonomy":"product_cat","embeddable":true,"href":"https:\/\/chemswell.com\/es\/wp-json\/wp\/v2\/product_cat?post=10362"},{"taxonomy":"product_tag","embeddable":true,"href":"https:\/\/chemswell.com\/es\/wp-json\/wp\/v2\/product_tag?post=10362"}],"curies":[{"name":"wp","href":"https:\/\/api.w.org\/{rel}","templated":true}]}}