{"id":10363,"date":"2023-06-02T10:07:30","date_gmt":"2023-06-02T10:07:30","guid":{"rendered":"https:\/\/chemswell.com\/?post_type=product&#038;p=10363"},"modified":"2026-03-05T10:29:09","modified_gmt":"2026-03-05T10:29:09","slug":"hello-kitty-ecstasy","status":"publish","type":"product","link":"https:\/\/chemswell.com\/es\/producto\/hello-kitty-extasis\/","title":{"rendered":"Compra \u00e9xtasis de Hello Kitty en l\u00ednea"},"content":{"rendered":"<h2>\u00c9xtasis de Hello Kitty | \u00c9xtasis | Pastillas de \u00e9xtasis.<\/h2>\n<p>Ecstasy Hello Kitty Finding out about <a href=\"https:\/\/chemswell.com\/es\/producto\/hello-kitty-extasis\/\">Hello Kitty<\/a> and its parents is unrealistic. People find Sanrio, its source of inspiration, to be quite appealing. Is it cats&#8217; undeniable charm, perhaps? (Although Miss Kitty isn&#8217;t the guy, strictly.) Are these floral and floral colour palettes to blame? Such a bow? Whatever it is, it is now operating. Last weekend, a large number of lovers came to the forest centre grounds to enjoy macarons, cakes, and souvenirs from the Hello Kitty food truck. This food truck offered a more limited selection of treats packaged in vibrant colours, such as macarons, Petit fours, and biscuits. This cart advertised doughnuts but regrettably didn&#8217;t deliver; the option was marked off with tape. Mugs with a cafe theme were also being sold in the neighbourhood.<\/p>\n<h3>hola gatito | \u00c9xtasis de Hello Kitty | Pastillas de Hello Kitty<\/h3>\n<p>A global database of &#8220;Ecstasy&#8221; pills, Pillreports is based on both scientific research and arbitrary user reports. The term &#8220;ecstasy&#8221; is typically used to refer to drugs containing <a href=\"https:\/\/en.wikipedia.org\/wiki\/MDMA\">MDMA<\/a>Sin embargo, en este caso, tambi\u00e9n incluimos sustancias qu\u00edmicas estrechamente relacionadas como MDA, MDEA y MBDB. Las pastillas comercializadas como \"<a href=\"https:\/\/duckduckgo.com\/?q=Buy+Hello+Kitty+Ecstasy+Online&amp;t=h_&amp;ia=web\">Ecst<\/a>a<a href=\"https:\/\/duckduckgo.com\/?q=Buy+Hello+Kitty+Ecstasy+Online&amp;t=h_&amp;ia=web\">sy<\/a>\u201d con frecuencia contienen ingredientes adicionales potencialmente m\u00e1s riesgosos, como metanfetamina, ketamina y PMA. <a href=\"https:\/\/chemswell.com\/es\/\">Chemswell<\/a><\/p>","protected":false},"excerpt":{"rendered":"<p>Hello Kitty Ecstasy | Ecstasy | Ecstasy Pills. Ecstasy Hello Kitty Finding out about Hello Kitty and its parents is unrealistic. People<\/p>","protected":false},"featured_media":10369,"comment_status":"closed","ping_status":"closed","template":"","meta":{"_joinchat":[]},"product_cat":[1260],"product_tag":[2134,2124,1522,2116,2131,2115,2118,2119,2126,2117,2127,2129,2136,2137,2135,2132,2128,2123,2121,2133,2130,1530,2122,2125,2120],"yoast_head":"<!-- This site is optimized with the Yoast SEO plugin v23.0 - https:\/\/yoast.com\/wordpress\/plugins\/seo\/ -->\n<title>Hello Kitty Ecstasy for Sale Online - Buy Hello Kitty Ecstasy Online<\/title>\n<meta name=\"description\" content=\"Buy hello kitty ecstasy online from us at the best prices. Hello kitty ecstasy is available for Sale at our online store. Our products are of the highest quality and purity, with fast shipping and secure payment options.\" \/>\n<meta name=\"robots\" content=\"index, follow, max-snippet:-1, max-image-preview:large, max-video-preview:-1\" \/>\n<link rel=\"canonical\" href=\"https:\/\/chemswell.com\/es\/producto\/hello-kitty-extasis\/\" \/>\n<meta property=\"og:locale\" content=\"es_ES\" \/>\n<meta property=\"og:type\" content=\"article\" \/>\n<meta property=\"og:title\" content=\"Hello Kitty Ecstasy for Sale Online - Buy Hello Kitty Ecstasy Online\" \/>\n<meta property=\"og:description\" content=\"Buy hello kitty ecstasy online from us at the best prices. Hello kitty ecstasy is available for Sale at our online store. Our products are of the highest quality and purity, with fast shipping and secure payment options.\" \/>\n<meta property=\"og:url\" content=\"https:\/\/chemswell.com\/es\/producto\/hello-kitty-extasis\/\" \/>\n<meta property=\"og:site_name\" content=\"Chemswell\" \/>\n<meta property=\"article:modified_time\" content=\"2026-03-05T10:29:09+00:00\" \/>\n<meta property=\"og:image\" content=\"https:\/\/chemswell.com\/wp-content\/uploads\/2023\/06\/buy-hello-kitty-ecstasy.jpg\" \/>\n\t<meta property=\"og:image:width\" content=\"400\" \/>\n\t<meta property=\"og:image:height\" content=\"396\" \/>\n\t<meta property=\"og:image:type\" content=\"image\/jpeg\" \/>\n<meta name=\"twitter:card\" content=\"summary_large_image\" \/>\n<meta name=\"twitter:label1\" content=\"Tiempo de lectura\" \/>\n\t<meta name=\"twitter:data1\" content=\"2 minutos\" \/>\n<!-- \/ Yoast SEO plugin. -->","yoast_head_json":{"title":"Hello Kitty Ecstasy for Sale Online - Buy Hello Kitty Ecstasy Online","description":"Buy hello kitty ecstasy online from us at the best prices. Hello kitty ecstasy is available for Sale at our online store. Our products are of the highest quality and purity, with fast shipping and secure payment options.","robots":{"index":"index","follow":"follow","max-snippet":"max-snippet:-1","max-image-preview":"max-image-preview:large","max-video-preview":"max-video-preview:-1"},"canonical":"https:\/\/chemswell.com\/es\/producto\/hello-kitty-extasis\/","og_locale":"es_ES","og_type":"article","og_title":"Hello Kitty Ecstasy for Sale Online - Buy Hello Kitty Ecstasy Online","og_description":"Buy hello kitty ecstasy online from us at the best prices. Hello kitty ecstasy is available for Sale at our online store. Our products are of the highest quality and purity, with fast shipping and secure payment options.","og_url":"https:\/\/chemswell.com\/es\/producto\/hello-kitty-extasis\/","og_site_name":"Chemswell","article_modified_time":"2026-03-05T10:29:09+00:00","og_image":[{"width":400,"height":396,"url":"https:\/\/chemswell.com\/wp-content\/uploads\/2023\/06\/buy-hello-kitty-ecstasy.jpg","type":"image\/jpeg"}],"twitter_card":"summary_large_image","twitter_misc":{"Tiempo de lectura":"2 minutos"},"schema":{"@context":"https:\/\/schema.org","@graph":[{"@type":"WebPage","@id":"https:\/\/chemswell.com\/product\/hello-kitty-ecstasy\/","url":"https:\/\/chemswell.com\/product\/hello-kitty-ecstasy\/","name":"Hello Kitty Ecstasy for Sale Online - Buy Hello Kitty Ecstasy Online","isPartOf":{"@id":"https:\/\/chemswell.com\/it\/#website"},"primaryImageOfPage":{"@id":"https:\/\/chemswell.com\/product\/hello-kitty-ecstasy\/#primaryimage"},"image":{"@id":"https:\/\/chemswell.com\/product\/hello-kitty-ecstasy\/#primaryimage"},"thumbnailUrl":"https:\/\/chemswell.com\/wp-content\/uploads\/2023\/06\/buy-hello-kitty-ecstasy.jpg","datePublished":"2023-06-02T10:07:30+00:00","dateModified":"2026-03-05T10:29:09+00:00","description":"Buy hello kitty ecstasy online from us at the best prices. Hello kitty ecstasy is available for Sale at our online store. Our products are of the highest quality and purity, with fast shipping and secure payment options.","breadcrumb":{"@id":"https:\/\/chemswell.com\/product\/hello-kitty-ecstasy\/#breadcrumb"},"inLanguage":"es","potentialAction":[{"@type":"ReadAction","target":["https:\/\/chemswell.com\/product\/hello-kitty-ecstasy\/"]}]},{"@type":"ImageObject","inLanguage":"es","@id":"https:\/\/chemswell.com\/product\/hello-kitty-ecstasy\/#primaryimage","url":"https:\/\/chemswell.com\/wp-content\/uploads\/2023\/06\/buy-hello-kitty-ecstasy.jpg","contentUrl":"https:\/\/chemswell.com\/wp-content\/uploads\/2023\/06\/buy-hello-kitty-ecstasy.jpg","width":400,"height":396,"caption":"buy-hello-kitty-ecstasy"},{"@type":"BreadcrumbList","@id":"https:\/\/chemswell.com\/product\/hello-kitty-ecstasy\/#breadcrumb","itemListElement":[{"@type":"ListItem","position":1,"name":"Home","item":"https:\/\/chemswell.com\/ru\/"},{"@type":"ListItem","position":2,"name":"Shop","item":"https:\/\/chemswell.com\/ru\/%d0%bc%d0%b0%d0%b3%d0%b0%d0%b7%d0%b8%d0%bd\/"},{"@type":"ListItem","position":3,"name":"Buy Hello Kitty Ecstasy Online"}]},{"@type":"WebSite","@id":"https:\/\/chemswell.com\/it\/#website","url":"https:\/\/chemswell.com\/it\/","name":"Chemswell","description":"#1 Research Chemical Store","potentialAction":[{"@type":"SearchAction","target":{"@type":"EntryPoint","urlTemplate":"https:\/\/chemswell.com\/it\/?s={search_term_string}"},"query-input":"required name=search_term_string"}],"inLanguage":"es"}]}},"_links":{"self":[{"href":"https:\/\/chemswell.com\/es\/wp-json\/wp\/v2\/product\/10363"}],"collection":[{"href":"https:\/\/chemswell.com\/es\/wp-json\/wp\/v2\/product"}],"about":[{"href":"https:\/\/chemswell.com\/es\/wp-json\/wp\/v2\/types\/product"}],"replies":[{"embeddable":true,"href":"https:\/\/chemswell.com\/es\/wp-json\/wp\/v2\/comments?post=10363"}],"wp:featuredmedia":[{"embeddable":true,"href":"https:\/\/chemswell.com\/es\/wp-json\/wp\/v2\/media\/10369"}],"wp:attachment":[{"href":"https:\/\/chemswell.com\/es\/wp-json\/wp\/v2\/media?parent=10363"}],"wp:term":[{"taxonomy":"product_cat","embeddable":true,"href":"https:\/\/chemswell.com\/es\/wp-json\/wp\/v2\/product_cat?post=10363"},{"taxonomy":"product_tag","embeddable":true,"href":"https:\/\/chemswell.com\/es\/wp-json\/wp\/v2\/product_tag?post=10363"}],"curies":[{"name":"wp","href":"https:\/\/api.w.org\/{rel}","templated":true}]}}