{"id":10407,"date":"2023-06-02T10:28:21","date_gmt":"2023-06-02T10:28:21","guid":{"rendered":"https:\/\/chemswell.com\/?post_type=product&#038;p=10407"},"modified":"2026-04-23T09:31:36","modified_gmt":"2026-04-23T09:31:36","slug":"buy-mdma-pills","status":"publish","type":"product","link":"https:\/\/chemswell.com\/es\/producto\/comprar-pastillas-mdma\/","title":{"rendered":"Comprar pastillas de MDMA"},"content":{"rendered":"<h2><strong>Compre pastillas de \u00e9xtasis leg\u00edtimas en l\u00ednea<\/strong><\/h2>\n<p>Pastillas de \u00e9xtasis, a veces llamadas <a href=\"https:\/\/chemswell.com\/es\/producto\/comprar-pastillas-mdma\/\">MDMA<\/a>, Malcolm X, e-bombs, egg rolls y otros nombres callejeros, son drogas psicoactivas que normalmente se usan de forma recreativa. Los resultados deseados incluyen mayor vitalidad, empat\u00eda y placer, as\u00ed como sentimientos alterados.<\/p>\n<p>Todos estos efectos negativos los experimentan <a href=\"https:\/\/en.wikipedia.org\/wiki\/MDMA\">MDMA<\/a> , pero no pueden dejar de usar la droga. De hecho, los usuarios de MDMA aprecian a sus proveedores de \u00e9xtasis incluso m\u00e1s que a sus comidas, ya que est\u00e1n muy cerca de ellos.<\/p>\n<p>Al igual que la medicaci\u00f3n oral Adderall, el uso de pastillas de \u00e9xtasis aumenta constantemente con el tiempo. Los efectos cuando se toman por v\u00eda oral comienzan dentro de los 30 a 45 minutos y permanecen durante 3 a 6 horas. La sustancia sint\u00e9tica MDMA afecta el estado de \u00e1nimo y la perspectiva. Comparte similitudes qu\u00edmicas con estimulantes y alucin\u00f3genos, produciendo sensaciones de aumento de energ\u00eda, placer, distorsi\u00f3n sensorial y percepci\u00f3n del tiempo.<\/p>\n<p>Marc cre\u00f3 las primeras p\u00edldoras de \u00e9xtasis en 1912. A partir de la d\u00e9cada de 1970, se us\u00f3 para mejorar la psicoterapia y, en la d\u00e9cada de 1980, gan\u00f3 popularidad como droga callejera. Actualmente, la MDMA afecta a una gama m\u00e1s amplia de personas que con m\u00e1s frecuencia se refieren a la droga como \u00e9xtasis o polvo de Molly. La droga alguna vez fue ampliamente utilizada en la escena de los clubes nocturnos, en los clubes nocturnos y durante los divertidos bailes de m\u00e1scaras.<\/p>\n<p>Las pastillas de \u00e9xtasis suelen considerarse la droga preferida durante los raves y los festivales divertidos debido a lo bien que funcionan junto con los impactos auditivos de la m\u00fasica y la iluminaci\u00f3n. Los consumidores de tela MDMA a menudo lo toman en forma de c\u00e1psula o tableta, mientras que otros inhalan el polvo o lo beben en forma l\u00edquida. La mayor\u00eda de los traficantes de drogas operan de manera encubierta porque hacerlo es ilegal para vender Telsa MDMA en Estados Unidos.<\/p>\n<p>El t\u00e9rmino \u201cp\u00edldoras de Molly\u201d es un apodo com\u00fan para las p\u00edldoras de \u00e9xtasis. Con frecuencia se refiere a la forma de polvo cristalino puro de MDMA que normalmente se comercializa en c\u00e1psulas. Sin embargo, los consumidores que compran polvo o c\u00e1psulas comercializados como Molly con frecuencia terminan con otros medicamentos, incluidas sales de ba\u00f1o sint\u00e9ticas, porque lo que encuentran en la calle a veces se mezcla con aditivos en un esfuerzo por aumentar los m\u00e1rgenes de ganancia.<\/p>","protected":false},"excerpt":{"rendered":"<p>Buy Legit Ecstasy Pills Online Ecstasy pills, sometimes referred to as MDMA, Malcolm X, e-bombs, egg rolls, and other street names, are<\/p>","protected":false},"featured_media":10437,"comment_status":"open","ping_status":"closed","template":"","meta":{"_joinchat":[]},"product_cat":[1260],"product_tag":[1996,1986,1522,1978,1977,1981,1980,1988,1979,1989,1991,1998,1999,1997,1994,1993,1990,1985,1983,1995,1992,1530,1984,1987,1982],"yoast_head":"<!-- This site is optimized with the Yoast SEO plugin v23.0 - https:\/\/yoast.com\/wordpress\/plugins\/seo\/ -->\n<title>Buy Mdma Pills Online - Mdma Pills for Sale | ChemsWell<\/title>\n<meta name=\"description\" content=\"Are you looking for Mdma Pills for sale online? You&#039;ve come to the right place. Buy Mdma Pills from our secure and reliable online store. Order Your MDMA Pills Online with Secure Shipping!\" \/>\n<meta name=\"robots\" content=\"index, follow, max-snippet:-1, max-image-preview:large, max-video-preview:-1\" \/>\n<link rel=\"canonical\" href=\"https:\/\/chemswell.com\/es\/producto\/comprar-pastillas-mdma\/\" \/>\n<meta property=\"og:locale\" content=\"es_ES\" \/>\n<meta property=\"og:type\" content=\"article\" \/>\n<meta property=\"og:title\" content=\"Buy Mdma Pills Online - Mdma Pills for Sale | ChemsWell\" \/>\n<meta property=\"og:description\" content=\"Are you looking for Mdma Pills for sale online? You&#039;ve come to the right place. Buy Mdma Pills from our secure and reliable online store. Order Your MDMA Pills Online with Secure Shipping!\" \/>\n<meta property=\"og:url\" content=\"https:\/\/chemswell.com\/es\/producto\/comprar-pastillas-mdma\/\" \/>\n<meta property=\"og:site_name\" content=\"Chemswell\" \/>\n<meta property=\"article:modified_time\" content=\"2026-04-23T09:31:36+00:00\" \/>\n<meta property=\"og:image\" content=\"https:\/\/chemswell.com\/wp-content\/uploads\/2023\/06\/dom-perignon-mdma.jpg\" \/>\n\t<meta property=\"og:image:width\" content=\"600\" \/>\n\t<meta property=\"og:image:height\" content=\"515\" \/>\n\t<meta property=\"og:image:type\" content=\"image\/jpeg\" \/>\n<meta name=\"twitter:card\" content=\"summary_large_image\" \/>\n<meta name=\"twitter:label1\" content=\"Tiempo de lectura\" \/>\n\t<meta name=\"twitter:data1\" content=\"2 minutos\" \/>\n<!-- \/ Yoast SEO plugin. -->","yoast_head_json":{"title":"Buy Mdma Pills Online - Mdma Pills for Sale | ChemsWell","description":"Are you looking for Mdma Pills for sale online? You've come to the right place. Buy Mdma Pills from our secure and reliable online store. Order Your MDMA Pills Online with Secure Shipping!","robots":{"index":"index","follow":"follow","max-snippet":"max-snippet:-1","max-image-preview":"max-image-preview:large","max-video-preview":"max-video-preview:-1"},"canonical":"https:\/\/chemswell.com\/es\/producto\/comprar-pastillas-mdma\/","og_locale":"es_ES","og_type":"article","og_title":"Buy Mdma Pills Online - Mdma Pills for Sale | ChemsWell","og_description":"Are you looking for Mdma Pills for sale online? You've come to the right place. Buy Mdma Pills from our secure and reliable online store. Order Your MDMA Pills Online with Secure Shipping!","og_url":"https:\/\/chemswell.com\/es\/producto\/comprar-pastillas-mdma\/","og_site_name":"Chemswell","article_modified_time":"2026-04-23T09:31:36+00:00","og_image":[{"width":600,"height":515,"url":"https:\/\/chemswell.com\/wp-content\/uploads\/2023\/06\/dom-perignon-mdma.jpg","type":"image\/jpeg"}],"twitter_card":"summary_large_image","twitter_misc":{"Tiempo de lectura":"2 minutos"},"schema":{"@context":"https:\/\/schema.org","@graph":[{"@type":"WebPage","@id":"https:\/\/chemswell.com\/product\/buy-mdma-pills\/","url":"https:\/\/chemswell.com\/product\/buy-mdma-pills\/","name":"Buy Mdma Pills Online - Mdma Pills for Sale | ChemsWell","isPartOf":{"@id":"https:\/\/chemswell.com\/it\/#website"},"primaryImageOfPage":{"@id":"https:\/\/chemswell.com\/product\/buy-mdma-pills\/#primaryimage"},"image":{"@id":"https:\/\/chemswell.com\/product\/buy-mdma-pills\/#primaryimage"},"thumbnailUrl":"https:\/\/chemswell.com\/wp-content\/uploads\/2023\/06\/dom-perignon-mdma.jpg","datePublished":"2023-06-02T10:28:21+00:00","dateModified":"2026-04-23T09:31:36+00:00","description":"Are you looking for Mdma Pills for sale online? You've come to the right place. Buy Mdma Pills from our secure and reliable online store. Order Your MDMA Pills Online with Secure Shipping!","breadcrumb":{"@id":"https:\/\/chemswell.com\/product\/buy-mdma-pills\/#breadcrumb"},"inLanguage":"es","potentialAction":[{"@type":"ReadAction","target":["https:\/\/chemswell.com\/product\/buy-mdma-pills\/"]}]},{"@type":"ImageObject","inLanguage":"es","@id":"https:\/\/chemswell.com\/product\/buy-mdma-pills\/#primaryimage","url":"https:\/\/chemswell.com\/wp-content\/uploads\/2023\/06\/dom-perignon-mdma.jpg","contentUrl":"https:\/\/chemswell.com\/wp-content\/uploads\/2023\/06\/dom-perignon-mdma.jpg","width":600,"height":515,"caption":"buy dom perignon mdma online"},{"@type":"BreadcrumbList","@id":"https:\/\/chemswell.com\/product\/buy-mdma-pills\/#breadcrumb","itemListElement":[{"@type":"ListItem","position":1,"name":"Home","item":"https:\/\/chemswell.com\/ru\/"},{"@type":"ListItem","position":2,"name":"Shop","item":"https:\/\/chemswell.com\/ru\/%d0%bc%d0%b0%d0%b3%d0%b0%d0%b7%d0%b8%d0%bd\/"},{"@type":"ListItem","position":3,"name":"Buy MDMA Pills"}]},{"@type":"WebSite","@id":"https:\/\/chemswell.com\/it\/#website","url":"https:\/\/chemswell.com\/it\/","name":"Chemswell","description":"#1 Research Chemical Store","potentialAction":[{"@type":"SearchAction","target":{"@type":"EntryPoint","urlTemplate":"https:\/\/chemswell.com\/it\/?s={search_term_string}"},"query-input":"required name=search_term_string"}],"inLanguage":"es"}]}},"_links":{"self":[{"href":"https:\/\/chemswell.com\/es\/wp-json\/wp\/v2\/product\/10407"}],"collection":[{"href":"https:\/\/chemswell.com\/es\/wp-json\/wp\/v2\/product"}],"about":[{"href":"https:\/\/chemswell.com\/es\/wp-json\/wp\/v2\/types\/product"}],"replies":[{"embeddable":true,"href":"https:\/\/chemswell.com\/es\/wp-json\/wp\/v2\/comments?post=10407"}],"wp:featuredmedia":[{"embeddable":true,"href":"https:\/\/chemswell.com\/es\/wp-json\/wp\/v2\/media\/10437"}],"wp:attachment":[{"href":"https:\/\/chemswell.com\/es\/wp-json\/wp\/v2\/media?parent=10407"}],"wp:term":[{"taxonomy":"product_cat","embeddable":true,"href":"https:\/\/chemswell.com\/es\/wp-json\/wp\/v2\/product_cat?post=10407"},{"taxonomy":"product_tag","embeddable":true,"href":"https:\/\/chemswell.com\/es\/wp-json\/wp\/v2\/product_tag?post=10407"}],"curies":[{"name":"wp","href":"https:\/\/api.w.org\/{rel}","templated":true}]}}