{"id":10442,"date":"2023-06-02T10:49:21","date_gmt":"2023-06-02T10:49:21","guid":{"rendered":"https:\/\/chemswell.com\/?post_type=product&#038;p=10442"},"modified":"2026-03-06T10:31:30","modified_gmt":"2026-03-06T10:31:30","slug":"buy-xtc-rolls-royce-240mg","status":"publish","type":"product","link":"https:\/\/chemswell.com\/es\/producto\/comprar-xtc-rolls-royce-240mg\/","title":{"rendered":"Comprar XTC Rolls Royce 240mg"},"content":{"rendered":"<h2>Buy XTC Rolls Royce 240mg Online<\/h2>\n<p>Dentro de la cultura rave, <a href=\"https:\/\/chemswell.com\/es\/producto\/comprar-xtc-rolls-royce-240mg\/\">Pastillas de \u00e9xtasis Rolls Royce de 24 mg<\/a> de Rolls Royce se reconocen con frecuencia como la droga preferida. El \u00e9xtasis se usa con frecuencia en fiestas caseras, clubes y festivales como sustancia energizante o para levantar la moral. Usar \u00e9xtasis en un ambiente rave: la m\u00fasica electr\u00f3nica de baile como la bater\u00eda, el trance, el bajo, el techno y otros g\u00e9neros se tocan normalmente durante una fiesta de baile que dura toda la noche. Adem\u00e1s, la euforia y los efectos sensoriales de la m\u00fasica, el baile y el trabajo de iluminaci\u00f3n muy bien juntos. Los consumidores de \u00e9xtasis tienen varias razones para consumirlo en un ambiente rave gracias a sus propiedades psicod\u00e9licas de anfetamina. <a href=\"https:\/\/chemswell.com\/es\/\">Chemswell<\/a><\/p>\n<h2>Efecto de \u00e9xtasis deseado<\/h2>\n<p>Los efectos deseados del \u00e9xtasis o Comprar XTC <a href=\"https:\/\/en.wikipedia.org\/wiki\/Rolls-Royce_Motor_Cars\">Rolls Royce<\/a> La MDMA de 240 mg ha aumentado la demanda de los consumidores. Entre los resultados se encuentran:<\/p>\n<p>-Empat\u00eda -Placer<\/p>\n<p>-Cambios en las Sensaciones<\/p>\n<p>\u2013 Potenciador de energ\u00eda<\/p>\n<p>Despu\u00e9s de 30-45 minutos de consumo de medicamentos durante la polilla, los efectos deseados antes mencionados comienzan a manifestarse. Los efectos persisten de tres a seis horas. Es bueno tener en cuenta que los medicamentos pueden tener efectos secundarios que incluyen adicci\u00f3n, problemas de memoria, problemas de visi\u00f3n, problemas para conciliar el sue\u00f1o y latidos card\u00edacos r\u00e1pidos.<\/p>","protected":false},"excerpt":{"rendered":"<p>Buy XTC Rolls Royce 240mg Online Within the rave culture, Rolls Royce ecstasy pills 24mg are frequently recognised as the go-to drug.<\/p>","protected":false},"featured_media":10448,"comment_status":"open","ping_status":"closed","template":"","meta":{"_joinchat":[]},"product_cat":[1260],"product_tag":[1973,1963,1522,1955,1954,1958,1957,1965,1956,1966,1968,1975,1976,1974,1971,1970,1967,1962,1960,1972,1969,1530,1961,1964,1959],"yoast_head":"<!-- This site is optimized with the Yoast SEO plugin v23.0 - https:\/\/yoast.com\/wordpress\/plugins\/seo\/ -->\n<title>Buy Xtc Rolls Royce 240mg Online - Xtc Rolls Royce for Sale<\/title>\n<meta name=\"description\" content=\"Buy xtc rolls royce 240mg from our premium chemical store. We offer xtc rolls royce 240mg for sale with worldwide delivery and guarantee your satisfaction. Order Today!\" \/>\n<meta name=\"robots\" content=\"index, follow, max-snippet:-1, max-image-preview:large, max-video-preview:-1\" \/>\n<link rel=\"canonical\" href=\"https:\/\/chemswell.com\/es\/producto\/comprar-xtc-rolls-royce-240mg\/\" \/>\n<meta property=\"og:locale\" content=\"es_ES\" \/>\n<meta property=\"og:type\" content=\"article\" \/>\n<meta property=\"og:title\" content=\"Buy Xtc Rolls Royce 240mg Online - Xtc Rolls Royce for Sale\" \/>\n<meta property=\"og:description\" content=\"Buy xtc rolls royce 240mg from our premium chemical store. We offer xtc rolls royce 240mg for sale with worldwide delivery and guarantee your satisfaction. Order Today!\" \/>\n<meta property=\"og:url\" content=\"https:\/\/chemswell.com\/es\/producto\/comprar-xtc-rolls-royce-240mg\/\" \/>\n<meta property=\"og:site_name\" content=\"Chemswell\" \/>\n<meta property=\"article:modified_time\" content=\"2026-03-06T10:31:30+00:00\" \/>\n<meta property=\"og:image\" content=\"https:\/\/chemswell.com\/wp-content\/uploads\/2023\/06\/ros.jpg\" \/>\n\t<meta property=\"og:image:width\" content=\"350\" \/>\n\t<meta property=\"og:image:height\" content=\"350\" \/>\n\t<meta property=\"og:image:type\" content=\"image\/jpeg\" \/>\n<meta name=\"twitter:card\" content=\"summary_large_image\" \/>\n<meta name=\"twitter:label1\" content=\"Tiempo de lectura\" \/>\n\t<meta name=\"twitter:data1\" content=\"1 minuto\" \/>\n<!-- \/ Yoast SEO plugin. -->","yoast_head_json":{"title":"Buy Xtc Rolls Royce 240mg Online - Xtc Rolls Royce for Sale","description":"Buy xtc rolls royce 240mg from our premium chemical store. We offer xtc rolls royce 240mg for sale with worldwide delivery and guarantee your satisfaction. Order Today!","robots":{"index":"index","follow":"follow","max-snippet":"max-snippet:-1","max-image-preview":"max-image-preview:large","max-video-preview":"max-video-preview:-1"},"canonical":"https:\/\/chemswell.com\/es\/producto\/comprar-xtc-rolls-royce-240mg\/","og_locale":"es_ES","og_type":"article","og_title":"Buy Xtc Rolls Royce 240mg Online - Xtc Rolls Royce for Sale","og_description":"Buy xtc rolls royce 240mg from our premium chemical store. We offer xtc rolls royce 240mg for sale with worldwide delivery and guarantee your satisfaction. Order Today!","og_url":"https:\/\/chemswell.com\/es\/producto\/comprar-xtc-rolls-royce-240mg\/","og_site_name":"Chemswell","article_modified_time":"2026-03-06T10:31:30+00:00","og_image":[{"width":350,"height":350,"url":"https:\/\/chemswell.com\/wp-content\/uploads\/2023\/06\/ros.jpg","type":"image\/jpeg"}],"twitter_card":"summary_large_image","twitter_misc":{"Tiempo de lectura":"1 minuto"},"schema":{"@context":"https:\/\/schema.org","@graph":[{"@type":"WebPage","@id":"https:\/\/chemswell.com\/product\/buy-xtc-rolls-royce-240mg\/","url":"https:\/\/chemswell.com\/product\/buy-xtc-rolls-royce-240mg\/","name":"Buy Xtc Rolls Royce 240mg Online - Xtc Rolls Royce for Sale","isPartOf":{"@id":"https:\/\/chemswell.com\/it\/#website"},"primaryImageOfPage":{"@id":"https:\/\/chemswell.com\/product\/buy-xtc-rolls-royce-240mg\/#primaryimage"},"image":{"@id":"https:\/\/chemswell.com\/product\/buy-xtc-rolls-royce-240mg\/#primaryimage"},"thumbnailUrl":"https:\/\/chemswell.com\/wp-content\/uploads\/2023\/06\/ros.jpg","datePublished":"2023-06-02T10:49:21+00:00","dateModified":"2026-03-06T10:31:30+00:00","description":"Buy xtc rolls royce 240mg from our premium chemical store. We offer xtc rolls royce 240mg for sale with worldwide delivery and guarantee your satisfaction. Order Today!","breadcrumb":{"@id":"https:\/\/chemswell.com\/product\/buy-xtc-rolls-royce-240mg\/#breadcrumb"},"inLanguage":"es","potentialAction":[{"@type":"ReadAction","target":["https:\/\/chemswell.com\/product\/buy-xtc-rolls-royce-240mg\/"]}]},{"@type":"ImageObject","inLanguage":"es","@id":"https:\/\/chemswell.com\/product\/buy-xtc-rolls-royce-240mg\/#primaryimage","url":"https:\/\/chemswell.com\/wp-content\/uploads\/2023\/06\/ros.jpg","contentUrl":"https:\/\/chemswell.com\/wp-content\/uploads\/2023\/06\/ros.jpg","width":350,"height":350,"caption":"ros"},{"@type":"BreadcrumbList","@id":"https:\/\/chemswell.com\/product\/buy-xtc-rolls-royce-240mg\/#breadcrumb","itemListElement":[{"@type":"ListItem","position":1,"name":"Home","item":"https:\/\/chemswell.com\/ru\/"},{"@type":"ListItem","position":2,"name":"Shop","item":"https:\/\/chemswell.com\/ru\/%d0%bc%d0%b0%d0%b3%d0%b0%d0%b7%d0%b8%d0%bd\/"},{"@type":"ListItem","position":3,"name":"Buy XTC Rolls Royce 240mg"}]},{"@type":"WebSite","@id":"https:\/\/chemswell.com\/it\/#website","url":"https:\/\/chemswell.com\/it\/","name":"Chemswell","description":"#1 Research Chemical Store","potentialAction":[{"@type":"SearchAction","target":{"@type":"EntryPoint","urlTemplate":"https:\/\/chemswell.com\/it\/?s={search_term_string}"},"query-input":"required name=search_term_string"}],"inLanguage":"es"}]}},"_links":{"self":[{"href":"https:\/\/chemswell.com\/es\/wp-json\/wp\/v2\/product\/10442"}],"collection":[{"href":"https:\/\/chemswell.com\/es\/wp-json\/wp\/v2\/product"}],"about":[{"href":"https:\/\/chemswell.com\/es\/wp-json\/wp\/v2\/types\/product"}],"replies":[{"embeddable":true,"href":"https:\/\/chemswell.com\/es\/wp-json\/wp\/v2\/comments?post=10442"}],"wp:featuredmedia":[{"embeddable":true,"href":"https:\/\/chemswell.com\/es\/wp-json\/wp\/v2\/media\/10448"}],"wp:attachment":[{"href":"https:\/\/chemswell.com\/es\/wp-json\/wp\/v2\/media?parent=10442"}],"wp:term":[{"taxonomy":"product_cat","embeddable":true,"href":"https:\/\/chemswell.com\/es\/wp-json\/wp\/v2\/product_cat?post=10442"},{"taxonomy":"product_tag","embeddable":true,"href":"https:\/\/chemswell.com\/es\/wp-json\/wp\/v2\/product_tag?post=10442"}],"curies":[{"name":"wp","href":"https:\/\/api.w.org\/{rel}","templated":true}]}}