{"id":10734,"date":"2024-04-15T17:04:16","date_gmt":"2024-04-15T17:04:16","guid":{"rendered":"https:\/\/chemswell.com\/?post_type=product&#038;p=10734"},"modified":"2026-03-03T07:48:08","modified_gmt":"2026-03-03T07:48:08","slug":"buy-caluanie-muelear-oxidize-online","status":"publish","type":"product","link":"https:\/\/chemswell.com\/es\/producto\/comprar-caluanie-muelear-oxidize-online\/","title":{"rendered":"Comprar Caluanie Muelear Oxidize Online"},"content":{"rendered":"<h1 style=\"text-align: justify;\">Comprar Caluanie Muelear Oxidize online USA | Caluanie Muelear Oxidize<\/h1>\n<p style=\"text-align: justify;\"><a href=\"https:\/\/chemswell.com\/es\/producto\/comprar-caluanie-muelear-oxidize-online\/\">Comprar Caluanie en l\u00ednea<\/a>El producto qu\u00edmico Caluanie es un l\u00edquido viscoso de color marr\u00f3n claro que proviene de la metamorfosis de una soluci\u00f3n de palma cruda. El Caluanie crudo al 99 % se genera en la f\u00e1brica de Muelear Oxidate Pasteurize. Adem\u00e1s, es un producto qu\u00edmico excepcional con posibles usos en todo el mundo, especialmente en industrias manufactureras centralizadas. Sin embargo, \u00bfD\u00f3nde comprar Caluanie en l\u00ednea en Europa? Caluanie a la venta en EE. UU.<a href=\"https:\/\/bing.com\/\">,<\/a>\u00a0Caluanie online, donde comprar Caluanie en China<\/p>\n<p style=\"text-align: justify;\">Para empezar, la caluanina se utiliza ampliamente en la industria qu\u00edmica y de pinturas como agente higrosc\u00f3pico. Adem\u00e1s, es ampliamente aplicable en las industrias de revestimientos, pinturas, pl\u00e1sticos y tintas de impresi\u00f3n. <a href=\"https:\/\/chemswell.com\/es\/\">Chemswell<\/a><\/p>\n<h3 style=\"text-align: justify;\"><strong>Donde comprar Caluanie online USA | Caluanie en venta en USA.\u00a0<\/strong><\/h3>\n<p style=\"text-align: justify;\">Producto: Caluanie Muelear Oxidize ( Caluanie 99% crudo se genera a partir de Muelear oxidize)<a href=\"https:\/\/google.com\/\">,<\/a>\u00a0Caluanie (Termostato de Partarizaci\u00f3n Oxidativa, Agua Pesada):<\/p>\n<p style=\"text-align: justify;\">Este producto puede ayudar a triturar y procesar metales preciosos y piedras semipreciosas. Tambi\u00e9n funciona en el procesamiento de piedras preciosas y semipreciosas, trituraci\u00f3n de metales en la industria qu\u00edmica. Caluanie para la venta en EE.UU.,Orden Caluanie en l\u00ednea, d\u00f3nde conseguir Caluanie en China<\/p>\n<p style=\"text-align: justify;\">Finally, it is available in packaging of: 5L &amp; bulk packaging as from 20L, 50L, 100L or as per buyer\u2019s request. Have a look around and even read more on\u00a0Caluanie.<\/p>\n<h3 style=\"text-align: justify;\"><strong>Orden Caluanie en l\u00ednea, donde obtener Caluanie en Estados Unidos<\/strong><\/h3>\n<div class=\"woocommerce-product-details__short-description\">\n<p style=\"text-align: justify;\">Ofrecemos Caluanie Muelear Oxidize para la venta. Producto: Caluanie Muelear Oxidize ( Caluanie Crudo 99% se genera a partir de Muelear oxidize) Caluanie (Termostato de Partarizaci\u00f3n Oxidativa, Agua Pesada): El precio para el bote ( 1pc ) -5 L.<\/p>\n<p style=\"text-align: justify;\">Somos una empresa proveedora fiable y logramos el \u00e9xito 100% en todos los pa\u00edses.<br \/>\nEl agua pesada cambia las propiedades del metal haci\u00e9ndolo quebradizo. Pero en el momento de la evaporaci\u00f3n del agua pesada, el metal vuelve a su estado anterior<\/p>\n<h3 style=\"text-align: justify;\"><strong>Caluanie Muelear Oxidize Tienda Online USA | USA Caluanie Muelear Oxidize Tienda.<\/strong><\/h3>\n<p style=\"text-align: justify;\">Este producto se utiliza para triturar y procesar metales preciosos y piedras semipreciosas. Se utiliza para procesar piedras preciosas y semipreciosas, triturar metales en la industria qu\u00edmica. Facilita romper clavos con las manos desnudas tras una inmersi\u00f3n de 10-20 segundos. El agua pesada cambia las propiedades del metal, volvi\u00e9ndolo quebradizo. Pero en el momento en que se evapora el agua pesada, la roca vuelve a su estado anterior.<\/p>\n<p style=\"text-align: justify;\">ste producto se utiliza para triturar y procesar metales preciosos y piedras semipreciosas. Se utiliza para procesar piedras preciosas y semipreciosas, triturar metales en la industria qu\u00edmica. Facilita romper clavos con las manos desnudas tras una inmersi\u00f3n de 10-20 segundos. El agua pesada cambia las propiedades del metal, volvi\u00e9ndolo quebradizo. Pero en el momento en que se evapora el agua pesada, la roca vuelve a su estado anterior.<\/p>\n<\/div>","protected":false},"excerpt":{"rendered":"<p>Comprar\/pedir US Made Caluanie Muelear Oxidar pasteurizar. Un l\u00edquido viscoso de color marr\u00f3n claro derivado soluci\u00f3n de esterificaci\u00f3n de aceite de palma crudo. Producimos y suministramos al por mayor caluanie muelear oxidar y otros productos qu\u00edmicos de investigaci\u00f3n a cualquier persona interesada \/ empresa en necesidad a precios muy asequibles con el env\u00edo internacional disponible. Garantizamos la calidad de nuestros productos.<\/p>","protected":false},"featured_media":10741,"comment_status":"closed","ping_status":"closed","template":"","meta":{"_joinchat":[]},"product_cat":[1384],"product_tag":[1560,1550,1522,1542,1541,1545,1544,1552,1543,1553,1555,1562,1563,1561,1558,1557,1554,1549,1547,1559,1556,1530,1548,1551,1546],"yoast_head":"<!-- This site is optimized with the Yoast SEO plugin v23.0 - https:\/\/yoast.com\/wordpress\/plugins\/seo\/ -->\n<title>Buy Caluanie Muelear Oxidize Online | Chemswell<\/title>\n<meta name=\"description\" content=\"Get top-quality to buy caluanie muelear oxidize online at low price. We offer a wide variety of caluanie muelear oxidize for sale in discreet and secure packaging. Buy now with fast shipping!\" \/>\n<meta name=\"robots\" content=\"index, follow, max-snippet:-1, max-image-preview:large, max-video-preview:-1\" \/>\n<link rel=\"canonical\" href=\"https:\/\/chemswell.com\/es\/producto\/comprar-caluanie-muelear-oxidize-online\/\" \/>\n<meta property=\"og:locale\" content=\"es_ES\" \/>\n<meta property=\"og:type\" content=\"article\" \/>\n<meta property=\"og:title\" content=\"Buy Caluanie Muelear Oxidize Online | Chemswell\" \/>\n<meta property=\"og:description\" content=\"Get top-quality to buy caluanie muelear oxidize online at low price. We offer a wide variety of caluanie muelear oxidize for sale in discreet and secure packaging. Buy now with fast shipping!\" \/>\n<meta property=\"og:url\" content=\"https:\/\/chemswell.com\/es\/producto\/comprar-caluanie-muelear-oxidize-online\/\" \/>\n<meta property=\"og:site_name\" content=\"Chemswell\" \/>\n<meta property=\"article:modified_time\" content=\"2026-03-03T07:48:08+00:00\" \/>\n<meta property=\"og:image\" content=\"https:\/\/chemswell.com\/wp-content\/uploads\/2024\/04\/caluanie-muelear-oxidize.jpg\" \/>\n\t<meta property=\"og:image:width\" content=\"600\" \/>\n\t<meta property=\"og:image:height\" content=\"600\" \/>\n\t<meta property=\"og:image:type\" content=\"image\/jpeg\" \/>\n<meta name=\"twitter:card\" content=\"summary_large_image\" \/>\n<meta name=\"twitter:label1\" content=\"Tiempo de lectura\" \/>\n\t<meta name=\"twitter:data1\" content=\"3 minutos\" \/>\n<!-- \/ Yoast SEO plugin. -->","yoast_head_json":{"title":"Buy Caluanie Muelear Oxidize Online | Chemswell","description":"Get top-quality to buy caluanie muelear oxidize online at low price. We offer a wide variety of caluanie muelear oxidize for sale in discreet and secure packaging. Buy now with fast shipping!","robots":{"index":"index","follow":"follow","max-snippet":"max-snippet:-1","max-image-preview":"max-image-preview:large","max-video-preview":"max-video-preview:-1"},"canonical":"https:\/\/chemswell.com\/es\/producto\/comprar-caluanie-muelear-oxidize-online\/","og_locale":"es_ES","og_type":"article","og_title":"Buy Caluanie Muelear Oxidize Online | Chemswell","og_description":"Get top-quality to buy caluanie muelear oxidize online at low price. We offer a wide variety of caluanie muelear oxidize for sale in discreet and secure packaging. Buy now with fast shipping!","og_url":"https:\/\/chemswell.com\/es\/producto\/comprar-caluanie-muelear-oxidize-online\/","og_site_name":"Chemswell","article_modified_time":"2026-03-03T07:48:08+00:00","og_image":[{"width":600,"height":600,"url":"https:\/\/chemswell.com\/wp-content\/uploads\/2024\/04\/caluanie-muelear-oxidize.jpg","type":"image\/jpeg"}],"twitter_card":"summary_large_image","twitter_misc":{"Tiempo de lectura":"3 minutos"},"schema":{"@context":"https:\/\/schema.org","@graph":[{"@type":"WebPage","@id":"https:\/\/chemswell.com\/product\/buy-caluanie-muelear-oxidize-online\/","url":"https:\/\/chemswell.com\/product\/buy-caluanie-muelear-oxidize-online\/","name":"Buy Caluanie Muelear Oxidize Online | Chemswell","isPartOf":{"@id":"https:\/\/chemswell.com\/it\/#website"},"primaryImageOfPage":{"@id":"https:\/\/chemswell.com\/product\/buy-caluanie-muelear-oxidize-online\/#primaryimage"},"image":{"@id":"https:\/\/chemswell.com\/product\/buy-caluanie-muelear-oxidize-online\/#primaryimage"},"thumbnailUrl":"https:\/\/chemswell.com\/wp-content\/uploads\/2024\/04\/caluanie-muelear-oxidize.jpg","datePublished":"2024-04-15T17:04:16+00:00","dateModified":"2026-03-03T07:48:08+00:00","description":"Get top-quality to buy caluanie muelear oxidize online at low price. We offer a wide variety of caluanie muelear oxidize for sale in discreet and secure packaging. Buy now with fast shipping!","breadcrumb":{"@id":"https:\/\/chemswell.com\/product\/buy-caluanie-muelear-oxidize-online\/#breadcrumb"},"inLanguage":"es","potentialAction":[{"@type":"ReadAction","target":["https:\/\/chemswell.com\/product\/buy-caluanie-muelear-oxidize-online\/"]}]},{"@type":"ImageObject","inLanguage":"es","@id":"https:\/\/chemswell.com\/product\/buy-caluanie-muelear-oxidize-online\/#primaryimage","url":"https:\/\/chemswell.com\/wp-content\/uploads\/2024\/04\/caluanie-muelear-oxidize.jpg","contentUrl":"https:\/\/chemswell.com\/wp-content\/uploads\/2024\/04\/caluanie-muelear-oxidize.jpg","width":600,"height":600,"caption":"caluanie-muelear-oxidize"},{"@type":"BreadcrumbList","@id":"https:\/\/chemswell.com\/product\/buy-caluanie-muelear-oxidize-online\/#breadcrumb","itemListElement":[{"@type":"ListItem","position":1,"name":"Home","item":"https:\/\/chemswell.com\/ru\/"},{"@type":"ListItem","position":2,"name":"Shop","item":"https:\/\/chemswell.com\/ru\/%d0%bc%d0%b0%d0%b3%d0%b0%d0%b7%d0%b8%d0%bd\/"},{"@type":"ListItem","position":3,"name":"Buy Caluanie Muelear Oxidize Online"}]},{"@type":"WebSite","@id":"https:\/\/chemswell.com\/it\/#website","url":"https:\/\/chemswell.com\/it\/","name":"Chemswell","description":"#1 Research Chemical Store","potentialAction":[{"@type":"SearchAction","target":{"@type":"EntryPoint","urlTemplate":"https:\/\/chemswell.com\/it\/?s={search_term_string}"},"query-input":"required name=search_term_string"}],"inLanguage":"es"}]}},"_links":{"self":[{"href":"https:\/\/chemswell.com\/es\/wp-json\/wp\/v2\/product\/10734"}],"collection":[{"href":"https:\/\/chemswell.com\/es\/wp-json\/wp\/v2\/product"}],"about":[{"href":"https:\/\/chemswell.com\/es\/wp-json\/wp\/v2\/types\/product"}],"replies":[{"embeddable":true,"href":"https:\/\/chemswell.com\/es\/wp-json\/wp\/v2\/comments?post=10734"}],"wp:featuredmedia":[{"embeddable":true,"href":"https:\/\/chemswell.com\/es\/wp-json\/wp\/v2\/media\/10741"}],"wp:attachment":[{"href":"https:\/\/chemswell.com\/es\/wp-json\/wp\/v2\/media?parent=10734"}],"wp:term":[{"taxonomy":"product_cat","embeddable":true,"href":"https:\/\/chemswell.com\/es\/wp-json\/wp\/v2\/product_cat?post=10734"},{"taxonomy":"product_tag","embeddable":true,"href":"https:\/\/chemswell.com\/es\/wp-json\/wp\/v2\/product_tag?post=10734"}],"curies":[{"name":"wp","href":"https:\/\/api.w.org\/{rel}","templated":true}]}}