{"id":10757,"date":"2024-04-20T02:13:11","date_gmt":"2024-04-20T02:13:11","guid":{"rendered":"https:\/\/chemswell.com\/?post_type=product&#038;p=10757"},"modified":"2025-07-16T09:07:26","modified_gmt":"2025-07-16T09:07:26","slug":"spravato-nasal-spray","status":"publish","type":"product","link":"https:\/\/chemswell.com\/es\/producto\/spravato-spray-nasal\/","title":{"rendered":"Comprar spray nasal Spravato online"},"content":{"rendered":"<h1>SPRAVATO, el \u00fanico spray nasal aprobado por la FDA para<br \/>\npacientes adultos con dos formas de desaf\u00edo al tratamiento<br \/>\ntrastorno depresivo mayor (TDM):<\/h1>\n<p><a href=\"https:\/\/en.wikipedia.org\/wiki\/Esketamine\">Esketamina<\/a>vendidos bajo las marcas\u00a0<a href=\"https:\/\/chemswell.com\/es\/producto\/spravato-spray-nasal\/\">Spravato<\/a>\u00a0(para la depresi\u00f3n) y Ketanest (para la anestesia) entre otras,<sup id=\"cite_ref-12\" class=\"reference\"><\/sup>\u00a0es el\u00a0<i>S<\/i>(+) enanti\u00f3mero de la ketamina.<sup id=\"cite_ref-HimmelseherPfenninger2008_5-1\" class=\"reference\"><\/sup><sup id=\"cite_ref-pmid33155503_13-0\" class=\"reference\"><\/sup>\u00a0Es un f\u00e1rmaco alucin\u00f3geno disociativo utilizado como anest\u00e9sico general y como antidepresivo para el tratamiento de la depresi\u00f3n. La esketamina es el enanti\u00f3mero activo de la ketamina en t\u00e9rminos de antagonismo del receptor NMDA y es m\u00e1s potente que la ketamina rac\u00e9mica.<a href=\"https:\/\/chemspowder.com\/\">.<\/a><sup id=\"cite_ref-pmid9806706_14-0\" class=\"reference\"><\/sup><\/p>\n<p>Se utiliza espec\u00edficamente como terapia para la depresi\u00f3n resistente al tratamiento (TRD) y para el trastorno depresivo mayor (MDD) con ideaci\u00f3n o comportamiento suicida concurrente.<sup id=\"cite_ref-Spravato_FDA_label_10-2\" class=\"reference\"><\/sup><sup id=\"cite_ref-pmid33726522_15-0\" class=\"reference\"><\/sup>\u00a0Su eficacia para la depresi\u00f3n es modesta y similar a la de otros antidepresivos.<sup id=\"cite_ref-pmid34421147_16-0\" class=\"reference\"><\/sup><sup id=\"cite_ref-Spravato_FDA_label_10-3\" class=\"reference\"><\/sup>\u00a0Esketamine is not used by\u00a0infusion into a vein\u00a0for anesthesia as it is only <a href=\"https:\/\/www.google.de\/search?q=Buy+Spravato+nasal+spray+Online&amp;sca_esv=1a2a07081c7891bb&amp;rlz=1C1RXQR_enIN1098IN1098&amp;ei=l5vOZ-7mLNi64-EP4fWd-AY&amp;ved=0ahUKEwiujqCthf-LAxVY3TgGHeF6B28Q4dUDCBA&amp;uact=5&amp;oq=Buy+Spravato+nasal+spray+Online&amp;gs_lp=Egxnd3Mtd2l6LXNlcnAiH0J1eSBTcHJhdmF0byBuYXNhbCBzcHJheSBPbmxpbmUyBhAAGBYYHjILEAAYgAQYhgMYigUyCxAAGIAEGIYDGIoFMgsQABiABBiGAxiKBTILEAAYgAQYhgMYigUyCBAAGIAEGKIEMggQABiABBiiBDIIEAAYgAQYogQyCBAAGIAEGKIEMggQABiABBiiBEj8ClCUCViUCXADeACQAQCYAcMBoAHDAaoBAzAuMbgBA8gBAPgBAvgBAZgCAaAC0QGYAwCIBgGSBwMyLTGgB7kH&amp;sclient=gws-wiz-serp\">FDA<\/a> approved for depression in the form of an intranasal spray (the parent compound Ketamine is most often administered intravenously) and under direct medical supervision as a\u00a0nasal spray. Chemswell<\/p>\n<ul class=\"home-list\">\n<li>Adultos con MDD que han tenido una respuesta inadecuada a dos o m\u00e1s antidepresivos orales, lo que se conoce como depresi\u00f3n resistente al tratamiento (TRD).<\/li>\n<li>S\u00edntomas depresivos en adultos con MDD con pensamientos o acciones suicidas (MDSI)<\/li>\n<\/ul>\n<p>Comprar Spravato spray nasal, sin conservantes, apto para ni\u00f1os a partir de 6 a\u00f1os.<\/p>\n<p class=\"howwillitake\"><strong>\u00bfC\u00f3mo debo tomar SPRAVATO?<sup>\u00ae<\/sup>?<\/strong><\/p>\n<ul class=\"isi_body_wrapper_ul_15\">\n<li>Usted mismo se aplicar\u00e1 el SPRAVATO en spray nasal, bajo la supervisi\u00f3n de un profesional sanitario en un centro sanitario. Su profesional sanitario le ense\u00f1ar\u00e1 a utilizar el SPRAVATO pulverizador nasal.<\/li>\n<li>Su m\u00e9dico le dir\u00e1 cu\u00e1nto SPRAVATO debe tomar y cu\u00e1ndo debe tomarlo.<\/li>\n<li>Siga exactamente el programa de tratamiento con SPRAVATO indicado por su m\u00e9dico.<\/li>\n<li>Durante y despu\u00e9s de cada uso del dispositivo de pulverizaci\u00f3n nasal SPRAVATO, ser\u00e1 examinado por un profesional sanitario que decidir\u00e1 cu\u00e1ndo est\u00e1 listo para abandonar el centro sanitario.<\/li>\n<li>Deber\u00e1 planificar que un cuidador o familiar le lleve a casa despu\u00e9s de tomar SPRAVATO<\/li>\n<li>Si se salta un tratamiento con SPRAVATO, su m\u00e9dico puede cambiar su dosis y el programa de tratamiento.<\/li>\n<li>Algunas personas que toman SPRAVATO tienen n\u00e1useas y v\u00f3mitos. No debe comer durante al menos 2 horas antes de tomar SPRAVATO y no debe beber l\u00edquidos al menos 30 minutos antes de tomar SPRAVATO.<\/li>\n<li>Si toma un corticosteroide nasal o un descongestionante nasal, t\u00f3melos al menos 1 hora antes de tomar SPRAVATO.<\/li>\n<\/ul>\n<p class=\"whatshouldia\"><strong>\u00bfQu\u00e9 debo evitar mientras tomo SPRAVATO?<sup>\u00ae<\/sup>?<\/strong><\/p>\n<p class=\"donotdriveop\">No conduzca, opere maquinaria ni haga nada que requiera estar completamente alerta despu\u00e9s de tomar SPRAVATO. No participe en estas actividades hasta el d\u00eda siguiente despu\u00e9s de un sue\u00f1o reparador. Consulte \u201c\u00bfCu\u00e1l es la informaci\u00f3n m\u00e1s importante que debo saber sobre SPRAVATO?\u201d<\/p>\n<p class=\"whatarethepo\"><strong>\u00bfCu\u00e1les son los posibles efectos secundarios del SPRAVATO?<\/strong><\/p>\n<p class=\"spravatomayc\"><strong>SPRAVATO puede causar efectos secundarios graves, incluyendo:<\/strong><\/p>\n<ul class=\"isi_body_wrapper_ul_16\">\n<li>\"\u00bfCu\u00e1l es la informaci\u00f3n m\u00e1s importante que debo saber sobre SPRAVATO ?\"<sup>\u00ae<\/sup>?\"<\/li>\n<li>SPRAVATO puede causar un aumento temporal de su presi\u00f3n arterial que puede durar unas 4 horas despu\u00e9s de tomar una dosis. Su profesional sanitario le controlar\u00e1 la tensi\u00f3n arterial antes de tomar SPRAVATO y durante al menos 2 horas despu\u00e9s de tomar SPRAVATO . Informe inmediatamente a su m\u00e9dico si siente dolor en el pecho, dificultad para respirar, dolor de cabeza intenso y repentino, cambios en la visi\u00f3n o convulsiones despu\u00e9s de tomar SPRAVATO.<\/li>\n<li>Informe a su m\u00e9dico si tiene problemas para pensar o recordar.<\/li>\n<li>Informe a su m\u00e9dico si tiene problemas para orinar, como necesidad frecuente o urgente de orinar, dolor al orinar u orinar con frecuencia por la noche.<\/li>\n<\/ul>\n<p><strong>Los ingredientes activos son:<\/strong><br \/>\nclorhidrato de xilometazolina\/dexpantenol. Una pulverizaci\u00f3n (equivalente a 0,1 ml de soluci\u00f3n) contiene 0,1 mg de xilometazolina hidrocloruro y 5,0 mg de dexpantenol. 1 ml de soluci\u00f3n contiene 1 mg de xilometazolina clorhidrato y 50 mg de dexpantenol.<\/p>","protected":false},"excerpt":{"rendered":"<h1 id=\"type_info_prio_12_1\" class=\"titre_produit\">Spray nasal ecol\u00f3gico de los Pirineos 15 ml<\/h1>\n<div>spravato\u00a0<strong>esketamin<\/strong>\u00a0nasenspray<\/div>\n<div><\/div>\n<div><strong>esketamin<\/strong>\u00a0nasenspray<\/div>","protected":false},"featured_media":10758,"comment_status":"closed","ping_status":"closed","template":"","meta":{"_joinchat":[]},"product_cat":[1257],"product_tag":[1605,1596,1522,1385,1588,1602,1390,1386,1599,1595,1593,1392,1604,1601,1391,1389,1587,1394,1393,1590,1598,1589,1395,1396,1591,1600,1397,1607,1608,1606,1603,1387,1388,1530,1594,1597,1592],"yoast_head":"<!-- This site is optimized with the Yoast SEO plugin v23.0 - https:\/\/yoast.com\/wordpress\/plugins\/seo\/ -->\n<title>Buy Spravato nasal spray - Spravato nasal spray for Sale<\/title>\n<meta name=\"description\" content=\"Buy Spravato nasal spray, Spravato is a nasal spray that is used to treat depression in adults Order Nasal Spray, Order Online &amp; Enjoy.\" \/>\n<meta name=\"robots\" content=\"index, follow, max-snippet:-1, max-image-preview:large, max-video-preview:-1\" \/>\n<link rel=\"canonical\" href=\"https:\/\/chemswell.com\/es\/producto\/spravato-spray-nasal\/\" \/>\n<meta property=\"og:locale\" content=\"es_ES\" \/>\n<meta property=\"og:type\" content=\"article\" \/>\n<meta property=\"og:title\" content=\"Buy Spravato nasal spray - Spravato nasal spray for Sale\" \/>\n<meta property=\"og:description\" content=\"Buy Spravato nasal spray, Spravato is a nasal spray that is used to treat depression in adults Order Nasal Spray, Order Online &amp; Enjoy.\" \/>\n<meta property=\"og:url\" content=\"https:\/\/chemswell.com\/es\/producto\/spravato-spray-nasal\/\" \/>\n<meta property=\"og:site_name\" content=\"Chemswell\" \/>\n<meta property=\"article:modified_time\" content=\"2025-07-16T09:07:26+00:00\" \/>\n<meta property=\"og:image\" content=\"https:\/\/chemswell.com\/wp-content\/uploads\/2024\/04\/th.jpeg\" \/>\n\t<meta property=\"og:image:width\" content=\"206\" \/>\n\t<meta property=\"og:image:height\" content=\"240\" \/>\n\t<meta property=\"og:image:type\" content=\"image\/jpeg\" \/>\n<meta name=\"twitter:card\" content=\"summary_large_image\" \/>\n<meta name=\"twitter:label1\" content=\"Tiempo de lectura\" \/>\n\t<meta name=\"twitter:data1\" content=\"3 minutos\" \/>\n<!-- \/ Yoast SEO plugin. -->","yoast_head_json":{"title":"Buy Spravato nasal spray - Spravato nasal spray for Sale","description":"Buy Spravato nasal spray, Spravato is a nasal spray that is used to treat depression in adults Order Nasal Spray, Order Online & Enjoy.","robots":{"index":"index","follow":"follow","max-snippet":"max-snippet:-1","max-image-preview":"max-image-preview:large","max-video-preview":"max-video-preview:-1"},"canonical":"https:\/\/chemswell.com\/es\/producto\/spravato-spray-nasal\/","og_locale":"es_ES","og_type":"article","og_title":"Buy Spravato nasal spray - Spravato nasal spray for Sale","og_description":"Buy Spravato nasal spray, Spravato is a nasal spray that is used to treat depression in adults Order Nasal Spray, Order Online & Enjoy.","og_url":"https:\/\/chemswell.com\/es\/producto\/spravato-spray-nasal\/","og_site_name":"Chemswell","article_modified_time":"2025-07-16T09:07:26+00:00","og_image":[{"width":206,"height":240,"url":"https:\/\/chemswell.com\/wp-content\/uploads\/2024\/04\/th.jpeg","type":"image\/jpeg"}],"twitter_card":"summary_large_image","twitter_misc":{"Tiempo de lectura":"3 minutos"},"schema":{"@context":"https:\/\/schema.org","@graph":[{"@type":"WebPage","@id":"https:\/\/chemswell.com\/product\/spravato-nasal-spray\/","url":"https:\/\/chemswell.com\/product\/spravato-nasal-spray\/","name":"Buy Spravato nasal spray - Spravato nasal spray for Sale","isPartOf":{"@id":"https:\/\/chemswell.com\/it\/#website"},"primaryImageOfPage":{"@id":"https:\/\/chemswell.com\/product\/spravato-nasal-spray\/#primaryimage"},"image":{"@id":"https:\/\/chemswell.com\/product\/spravato-nasal-spray\/#primaryimage"},"thumbnailUrl":"https:\/\/chemswell.com\/wp-content\/uploads\/2024\/04\/th.jpeg","datePublished":"2024-04-20T02:13:11+00:00","dateModified":"2025-07-16T09:07:26+00:00","description":"Buy Spravato nasal spray, Spravato is a nasal spray that is used to treat depression in adults Order Nasal Spray, Order Online & Enjoy.","breadcrumb":{"@id":"https:\/\/chemswell.com\/product\/spravato-nasal-spray\/#breadcrumb"},"inLanguage":"es","potentialAction":[{"@type":"ReadAction","target":["https:\/\/chemswell.com\/product\/spravato-nasal-spray\/"]}]},{"@type":"ImageObject","inLanguage":"es","@id":"https:\/\/chemswell.com\/product\/spravato-nasal-spray\/#primaryimage","url":"https:\/\/chemswell.com\/wp-content\/uploads\/2024\/04\/th.jpeg","contentUrl":"https:\/\/chemswell.com\/wp-content\/uploads\/2024\/04\/th.jpeg","width":206,"height":240,"caption":"Spravato nasal spray"},{"@type":"BreadcrumbList","@id":"https:\/\/chemswell.com\/product\/spravato-nasal-spray\/#breadcrumb","itemListElement":[{"@type":"ListItem","position":1,"name":"Home","item":"https:\/\/chemswell.com\/ru\/"},{"@type":"ListItem","position":2,"name":"Shop","item":"https:\/\/chemswell.com\/ru\/%d0%bc%d0%b0%d0%b3%d0%b0%d0%b7%d0%b8%d0%bd\/"},{"@type":"ListItem","position":3,"name":"Buy Spravato nasal spray Online"}]},{"@type":"WebSite","@id":"https:\/\/chemswell.com\/it\/#website","url":"https:\/\/chemswell.com\/it\/","name":"Chemswell","description":"#1 Research Chemical Store","potentialAction":[{"@type":"SearchAction","target":{"@type":"EntryPoint","urlTemplate":"https:\/\/chemswell.com\/it\/?s={search_term_string}"},"query-input":"required name=search_term_string"}],"inLanguage":"es"}]}},"_links":{"self":[{"href":"https:\/\/chemswell.com\/es\/wp-json\/wp\/v2\/product\/10757"}],"collection":[{"href":"https:\/\/chemswell.com\/es\/wp-json\/wp\/v2\/product"}],"about":[{"href":"https:\/\/chemswell.com\/es\/wp-json\/wp\/v2\/types\/product"}],"replies":[{"embeddable":true,"href":"https:\/\/chemswell.com\/es\/wp-json\/wp\/v2\/comments?post=10757"}],"wp:featuredmedia":[{"embeddable":true,"href":"https:\/\/chemswell.com\/es\/wp-json\/wp\/v2\/media\/10758"}],"wp:attachment":[{"href":"https:\/\/chemswell.com\/es\/wp-json\/wp\/v2\/media?parent=10757"}],"wp:term":[{"taxonomy":"product_cat","embeddable":true,"href":"https:\/\/chemswell.com\/es\/wp-json\/wp\/v2\/product_cat?post=10757"},{"taxonomy":"product_tag","embeddable":true,"href":"https:\/\/chemswell.com\/es\/wp-json\/wp\/v2\/product_tag?post=10757"}],"curies":[{"name":"wp","href":"https:\/\/api.w.org\/{rel}","templated":true}]}}