{"id":10791,"date":"2024-05-29T07:28:35","date_gmt":"2024-05-29T07:28:35","guid":{"rendered":"https:\/\/chemswell.com\/?post_type=product&#038;p=10791"},"modified":"2026-03-09T10:27:52","modified_gmt":"2026-03-09T10:27:52","slug":"k2-diablo-alcohol-spray","status":"publish","type":"product","link":"https:\/\/chemswell.com\/es\/producto\/k2-diablo-alcohol-spray\/","title":{"rendered":"K2 Diablo alcohol spray"},"content":{"rendered":"<div class=\"elementor-element elementor-element-2a8229f elementor-widget elementor-widget-wpr-product-title\" data-id=\"2a8229f\" data-element_type=\"widget\" data-widget_type=\"wpr-product-title.default\">\n<div class=\"elementor-widget-container\">\n<h1 class=\"wpr-product-title\">Diablo alcohol spray<\/h1>\n<\/div>\n<p><a href=\"https:\/\/chemswell.com\/es\/producto\/k2-diablo-alcohol-spray\/\">Buy the alcohol spray Diablo<\/a>. Diablo es un alcohol en spray \u00fanico. Es el producto m\u00e1s vendido en el mercado estadounidense. Proporcionamos el m\u00e1s puro y arom\u00e1tico aerosol de alcohol Diablo disponible que est\u00e1 hecho con hierbas e incienso l\u00edquido. No debe creer a todo el mundo en Internet que dice que puede comprarle alcohol en aerosol con incienso en EE.UU. porque es realmente dif\u00edcil encontrar la forma pura del producto. Podemos extraer el mejor spray de alcohol Diablo y entregarlo en casa de los clientes en cualquier parte del mundo porque utilizamos las mejores herramientas de extracci\u00f3n y seguimos un procedimiento riguroso. Por esta raz\u00f3n, puede pedir el alcohol en spray Diablo en l\u00ednea y recibirlo directamente en su casa.<\/p>\n<p>El producto econ\u00f3mico m\u00e1s grande es el alcohol para fumar Diablo, seguido de cerca por <a href=\"https:\/\/en.wikipedia.org\/wiki\/Synthetic_cannabinoids\">incienso l\u00edquido de hierbas<\/a>. Tiene un toque de mezcla de hierbas combinado con vodka de alta calidad. Obtenga su entrega gratuita de alcohol para fumar Diablo ahora mismo en nuestra tienda. Podemos enviar este producto por correo a cualquier zona del mundo y est\u00e1 disponible para su compra en nuestra tienda online. Debido a que se extrae de hierbas sin mezclar y de una mezcla de alcohol de primera calidad, lo que le da un aroma dulce y \u00fanico, nuestro alcohol para fumar diablo es excepcional. Puede elegir entre muchos tama\u00f1os para nuestro diablo. <a href=\"https:\/\/chemswell.com\/es\/\">Chemswell<\/a><\/p>\n<p>&nbsp;<\/p>\n<p>&nbsp;<\/p>\n<\/div>","protected":false},"excerpt":{"rendered":"<p>Como ayuda a aliviar la tensi\u00f3n y el estr\u00e9s y puede utilizarse de diversas maneras, pida nuestro alcohol para fumar Diablo en l\u00ednea para entrega a domicilio y divi\u00e9rtase como nunca.<\/p>","protected":false},"featured_media":10792,"comment_status":"closed","ping_status":"closed","template":"","meta":{"_joinchat":[]},"product_cat":[1257],"product_tag":[1628,1618,1522,1610,1625,1622,1617,1609,1612,1613,1620,1611,1621,1623,1630,1631,1629,1626,1615,1627,1624,1530,1616,1619,1614],"yoast_head":"<!-- This site is optimized with the Yoast SEO plugin v23.0 - https:\/\/yoast.com\/wordpress\/plugins\/seo\/ -->\n<title>Buy K2 Diablo Alcohol Spray Online - K2 Diablo Alcohol for Sale<\/title>\n<meta name=\"description\" content=\"Get k2 diablo alcohol spray delivered right to your door. You can buy the highest quality k2 diablo alcohol spray available on the market at unbeatable prices. Order now!\" \/>\n<meta name=\"robots\" content=\"index, follow, max-snippet:-1, max-image-preview:large, max-video-preview:-1\" \/>\n<link rel=\"canonical\" href=\"https:\/\/chemswell.com\/es\/producto\/k2-diablo-alcohol-spray\/\" \/>\n<meta property=\"og:locale\" content=\"es_ES\" \/>\n<meta property=\"og:type\" content=\"article\" \/>\n<meta property=\"og:title\" content=\"Buy K2 Diablo Alcohol Spray Online - K2 Diablo Alcohol for Sale\" \/>\n<meta property=\"og:description\" content=\"Get k2 diablo alcohol spray delivered right to your door. You can buy the highest quality k2 diablo alcohol spray available on the market at unbeatable prices. Order now!\" \/>\n<meta property=\"og:url\" content=\"https:\/\/chemswell.com\/es\/producto\/k2-diablo-alcohol-spray\/\" \/>\n<meta property=\"og:site_name\" content=\"Chemswell\" \/>\n<meta property=\"article:modified_time\" content=\"2026-03-09T10:27:52+00:00\" \/>\n<meta property=\"og:image\" content=\"https:\/\/chemswell.com\/wp-content\/uploads\/2024\/05\/k2-diablo-spice-spray.png\" \/>\n\t<meta property=\"og:image:width\" content=\"800\" \/>\n\t<meta property=\"og:image:height\" content=\"800\" \/>\n\t<meta property=\"og:image:type\" content=\"image\/png\" \/>\n<meta name=\"twitter:card\" content=\"summary_large_image\" \/>\n<meta name=\"twitter:label1\" content=\"Tiempo de lectura\" \/>\n\t<meta name=\"twitter:data1\" content=\"2 minutos\" \/>\n<!-- \/ Yoast SEO plugin. -->","yoast_head_json":{"title":"Buy K2 Diablo Alcohol Spray Online - K2 Diablo Alcohol for Sale","description":"Get k2 diablo alcohol spray delivered right to your door. You can buy the highest quality k2 diablo alcohol spray available on the market at unbeatable prices. Order now!","robots":{"index":"index","follow":"follow","max-snippet":"max-snippet:-1","max-image-preview":"max-image-preview:large","max-video-preview":"max-video-preview:-1"},"canonical":"https:\/\/chemswell.com\/es\/producto\/k2-diablo-alcohol-spray\/","og_locale":"es_ES","og_type":"article","og_title":"Buy K2 Diablo Alcohol Spray Online - K2 Diablo Alcohol for Sale","og_description":"Get k2 diablo alcohol spray delivered right to your door. You can buy the highest quality k2 diablo alcohol spray available on the market at unbeatable prices. Order now!","og_url":"https:\/\/chemswell.com\/es\/producto\/k2-diablo-alcohol-spray\/","og_site_name":"Chemswell","article_modified_time":"2026-03-09T10:27:52+00:00","og_image":[{"width":800,"height":800,"url":"https:\/\/chemswell.com\/wp-content\/uploads\/2024\/05\/k2-diablo-spice-spray.png","type":"image\/png"}],"twitter_card":"summary_large_image","twitter_misc":{"Tiempo de lectura":"2 minutos"},"schema":{"@context":"https:\/\/schema.org","@graph":[{"@type":"WebPage","@id":"https:\/\/chemswell.com\/product\/k2-diablo-alcohol-spray\/","url":"https:\/\/chemswell.com\/product\/k2-diablo-alcohol-spray\/","name":"Buy K2 Diablo Alcohol Spray Online - K2 Diablo Alcohol for Sale","isPartOf":{"@id":"https:\/\/chemswell.com\/it\/#website"},"primaryImageOfPage":{"@id":"https:\/\/chemswell.com\/product\/k2-diablo-alcohol-spray\/#primaryimage"},"image":{"@id":"https:\/\/chemswell.com\/product\/k2-diablo-alcohol-spray\/#primaryimage"},"thumbnailUrl":"https:\/\/chemswell.com\/wp-content\/uploads\/2024\/05\/k2-diablo-spice-spray.png","datePublished":"2024-05-29T07:28:35+00:00","dateModified":"2026-03-09T10:27:52+00:00","description":"Get k2 diablo alcohol spray delivered right to your door. You can buy the highest quality k2 diablo alcohol spray available on the market at unbeatable prices. Order now!","breadcrumb":{"@id":"https:\/\/chemswell.com\/product\/k2-diablo-alcohol-spray\/#breadcrumb"},"inLanguage":"es","potentialAction":[{"@type":"ReadAction","target":["https:\/\/chemswell.com\/product\/k2-diablo-alcohol-spray\/"]}]},{"@type":"ImageObject","inLanguage":"es","@id":"https:\/\/chemswell.com\/product\/k2-diablo-alcohol-spray\/#primaryimage","url":"https:\/\/chemswell.com\/wp-content\/uploads\/2024\/05\/k2-diablo-spice-spray.png","contentUrl":"https:\/\/chemswell.com\/wp-content\/uploads\/2024\/05\/k2-diablo-spice-spray.png","width":800,"height":800,"caption":"K2 Diablo alcohol spray"},{"@type":"BreadcrumbList","@id":"https:\/\/chemswell.com\/product\/k2-diablo-alcohol-spray\/#breadcrumb","itemListElement":[{"@type":"ListItem","position":1,"name":"Home","item":"https:\/\/chemswell.com\/ru\/"},{"@type":"ListItem","position":2,"name":"Shop","item":"https:\/\/chemswell.com\/ru\/%d0%bc%d0%b0%d0%b3%d0%b0%d0%b7%d0%b8%d0%bd\/"},{"@type":"ListItem","position":3,"name":"K2 Diablo alcohol spray"}]},{"@type":"WebSite","@id":"https:\/\/chemswell.com\/it\/#website","url":"https:\/\/chemswell.com\/it\/","name":"Chemswell","description":"#1 Research Chemical Store","potentialAction":[{"@type":"SearchAction","target":{"@type":"EntryPoint","urlTemplate":"https:\/\/chemswell.com\/it\/?s={search_term_string}"},"query-input":"required name=search_term_string"}],"inLanguage":"es"}]}},"_links":{"self":[{"href":"https:\/\/chemswell.com\/es\/wp-json\/wp\/v2\/product\/10791"}],"collection":[{"href":"https:\/\/chemswell.com\/es\/wp-json\/wp\/v2\/product"}],"about":[{"href":"https:\/\/chemswell.com\/es\/wp-json\/wp\/v2\/types\/product"}],"replies":[{"embeddable":true,"href":"https:\/\/chemswell.com\/es\/wp-json\/wp\/v2\/comments?post=10791"}],"wp:featuredmedia":[{"embeddable":true,"href":"https:\/\/chemswell.com\/es\/wp-json\/wp\/v2\/media\/10792"}],"wp:attachment":[{"href":"https:\/\/chemswell.com\/es\/wp-json\/wp\/v2\/media?parent=10791"}],"wp:term":[{"taxonomy":"product_cat","embeddable":true,"href":"https:\/\/chemswell.com\/es\/wp-json\/wp\/v2\/product_cat?post=10791"},{"taxonomy":"product_tag","embeddable":true,"href":"https:\/\/chemswell.com\/es\/wp-json\/wp\/v2\/product_tag?post=10791"}],"curies":[{"name":"wp","href":"https:\/\/api.w.org\/{rel}","templated":true}]}}