{"id":10800,"date":"2024-05-29T08:27:32","date_gmt":"2024-05-29T08:27:32","guid":{"rendered":"https:\/\/chemswell.com\/?post_type=product&#038;p=10800"},"modified":"2025-07-16T09:10:16","modified_gmt":"2025-07-16T09:10:16","slug":"k2-spice-paper-wholesale","status":"publish","type":"product","link":"https:\/\/chemswell.com\/es\/producto\/papel-para-especias-k2-al-por-mayor\/","title":{"rendered":"Papel para especias K2 al por mayor"},"content":{"rendered":"<h2>Comprar hojas de papel K2<\/h2>\n<p>Les presentamos lo extra\u00eddo a la supremac\u00eda sint\u00e9tica, <a href=\"https:\/\/chemswell.com\/es\/producto\/papel-para-especias-k2-al-por-mayor\/\">K2 paper sheets for sale<\/a>. Entre los cannabinoides sint\u00e9ticos se encuentra la sustancia qu\u00edmica K2, sintetizada en un laboratorio. Puede ser conocido por varios nombres; Spice y C-Liquid son dos ejemplos. Este material transparente e inodoro es muy codiciado por las farmacias y los consumidores de cannabis experimentados debido a su notable potencia. Hay varias formulaciones farmacol\u00f3gicas disponibles, siendo la m\u00e1s utilizada la K2 l\u00edquida en papel. Compra K2 spray ahora online en nuestra tienda.<a href=\"https:\/\/chemswell.com\/es\/categoria-de-productos\/k2-products\/\">.<\/a><\/p>\n<p>Gana el m\u00e1ximo dinero posible comprando <a href=\"https:\/\/en.wikipedia.org\/wiki\/Synthetic_cannabinoids\">K2 spice paper<\/a> En Chemswell. Nos especializamos en productos relacionados con el incienso a clientes particulares; pero tambi\u00e9n podemos abastecer con K2 a dispensarios, farmacias e institutos de investigaci\u00f3n a precios de mayorista. Se necesitan varias hojas. Sin problema. Smacked Green vende hojas de papel K2.<\/p>\n<p>Usamos los sabores artificiales y bot\u00e1nicos m\u00e1s fuertes para hacer nuestro papel K2. \u00a1Adquiera productos de marihuana sint\u00e9tica de primera categor\u00eda! Puedes empezar tu investigaci\u00f3n sin preocuparte de tomar demasiado poco o demasiado si nos eliges como tu proveedor de papel K2.<\/p>\n<h3>El efecto es el papel K2<\/h3>\n<p>El peso constante da\u00f1a los circuitos cerebrales y sesga el juicio, disminuyendo la capacidad cognitiva. Se hace hincapi\u00e9 en la seguridad. Esto crea problemas en el coraz\u00f3n, los ri\u00f1ones, el h\u00edgado y el cerebro.<br \/>\nDistribuimos Buy k2 wholesale paper online a quienes est\u00e1n a punto de morir, contemplan el suicidio o no quieren seguir viviendo debido a circunstancias de la vida u otras preocupaciones privadas por el bien com\u00fan. Estamos convencidos de que nuestro producto les proporcionar\u00e1 un entorno c\u00f3modo y, como resultado, seguir\u00e1n trabajando con nosotros.<\/p>\n<p>El fluido K2 contiene una vitamina crucial que ayuda en el movimiento del calcio hacia los huesos y fuera de los \u00f3rganos. Es sencillo comprar suplementos bajo esta configuraci\u00f3n. Para mantenerse sano y s\u00f3lido, comprar papel k2 al por mayor online es perfecto para aliviar tensiones y relajarse. Es hora de comprar papel K2. Puede comparar precios si lo desea: K2 incienso natural es un producto caliente en todo el pa\u00eds, con cambios de gran alcance considerado para ayudar a detectar y encender los pensamientos<\/p>","protected":false},"excerpt":{"rendered":"<p>Venta al por mayor de papel K2. Para los interesados en precios al por mayor del papel K2, \u00e9ste es el lugar adecuado. Cada hoja A4 est\u00e1 impregnada de\u00a0<strong>25 ml = 0,845351 onzas l\u00edquidas<\/strong>\u00a0de\u00a0<strong>inodoro\u00a0<\/strong>y\u00a0<strong>incoloro\u00a0<\/strong>l\u00edquido K2.<\/p>","protected":false},"featured_media":10801,"comment_status":"closed","ping_status":"closed","template":"","meta":{"_joinchat":[]},"product_cat":[1257],"product_tag":[1697,1687,1522,1679,1694,1691,1686,1678,1681,1682,1689,1680,1690,1692,1699,1700,1698,1695,1684,1696,1693,1530,1685,1688,1683],"yoast_head":"<!-- This site is optimized with the Yoast SEO plugin v23.0 - https:\/\/yoast.com\/wordpress\/plugins\/seo\/ -->\n<title>K2 Spice Paper Wholesale - Order K2 Spice Paper - chemswell<\/title>\n<meta name=\"description\" content=\"K2 Spice Paper Wholesale, K2 Spice, Diablo K2 spray are shredded plant material that is typically sprayed with a synthetic compound. K2 Spray\/Infused papers\" \/>\n<meta name=\"robots\" content=\"index, follow, max-snippet:-1, max-image-preview:large, max-video-preview:-1\" \/>\n<link rel=\"canonical\" href=\"https:\/\/chemswell.com\/es\/producto\/papel-para-especias-k2-al-por-mayor\/\" \/>\n<meta property=\"og:locale\" content=\"es_ES\" \/>\n<meta property=\"og:type\" content=\"article\" \/>\n<meta property=\"og:title\" content=\"K2 Spice Paper Wholesale - Order K2 Spice Paper - chemswell\" \/>\n<meta property=\"og:description\" content=\"K2 Spice Paper Wholesale, K2 Spice, Diablo K2 spray are shredded plant material that is typically sprayed with a synthetic compound. K2 Spray\/Infused papers\" \/>\n<meta property=\"og:url\" content=\"https:\/\/chemswell.com\/es\/producto\/papel-para-especias-k2-al-por-mayor\/\" \/>\n<meta property=\"og:site_name\" content=\"Chemswell\" \/>\n<meta property=\"article:modified_time\" content=\"2025-07-16T09:10:16+00:00\" \/>\n<meta property=\"og:image\" content=\"https:\/\/chemswell.com\/wp-content\/uploads\/2024\/05\/Wholesale-K2-Paper-Online.jpg\" \/>\n\t<meta property=\"og:image:width\" content=\"600\" \/>\n\t<meta property=\"og:image:height\" content=\"600\" \/>\n\t<meta property=\"og:image:type\" content=\"image\/jpeg\" \/>\n<meta name=\"twitter:card\" content=\"summary_large_image\" \/>\n<meta name=\"twitter:label1\" content=\"Tiempo de lectura\" \/>\n\t<meta name=\"twitter:data1\" content=\"2 minutos\" \/>\n<!-- \/ Yoast SEO plugin. -->","yoast_head_json":{"title":"K2 Spice Paper Wholesale - Order K2 Spice Paper - chemswell","description":"K2 Spice Paper Wholesale, K2 Spice, Diablo K2 spray are shredded plant material that is typically sprayed with a synthetic compound. K2 Spray\/Infused papers","robots":{"index":"index","follow":"follow","max-snippet":"max-snippet:-1","max-image-preview":"max-image-preview:large","max-video-preview":"max-video-preview:-1"},"canonical":"https:\/\/chemswell.com\/es\/producto\/papel-para-especias-k2-al-por-mayor\/","og_locale":"es_ES","og_type":"article","og_title":"K2 Spice Paper Wholesale - Order K2 Spice Paper - chemswell","og_description":"K2 Spice Paper Wholesale, K2 Spice, Diablo K2 spray are shredded plant material that is typically sprayed with a synthetic compound. K2 Spray\/Infused papers","og_url":"https:\/\/chemswell.com\/es\/producto\/papel-para-especias-k2-al-por-mayor\/","og_site_name":"Chemswell","article_modified_time":"2025-07-16T09:10:16+00:00","og_image":[{"width":600,"height":600,"url":"https:\/\/chemswell.com\/wp-content\/uploads\/2024\/05\/Wholesale-K2-Paper-Online.jpg","type":"image\/jpeg"}],"twitter_card":"summary_large_image","twitter_misc":{"Tiempo de lectura":"2 minutos"},"schema":{"@context":"https:\/\/schema.org","@graph":[{"@type":"WebPage","@id":"https:\/\/chemswell.com\/product\/k2-spice-paper-wholesale\/","url":"https:\/\/chemswell.com\/product\/k2-spice-paper-wholesale\/","name":"K2 Spice Paper Wholesale - Order K2 Spice Paper - chemswell","isPartOf":{"@id":"https:\/\/chemswell.com\/it\/#website"},"primaryImageOfPage":{"@id":"https:\/\/chemswell.com\/product\/k2-spice-paper-wholesale\/#primaryimage"},"image":{"@id":"https:\/\/chemswell.com\/product\/k2-spice-paper-wholesale\/#primaryimage"},"thumbnailUrl":"https:\/\/chemswell.com\/wp-content\/uploads\/2024\/05\/Wholesale-K2-Paper-Online.jpg","datePublished":"2024-05-29T08:27:32+00:00","dateModified":"2025-07-16T09:10:16+00:00","description":"K2 Spice Paper Wholesale, K2 Spice, Diablo K2 spray are shredded plant material that is typically sprayed with a synthetic compound. K2 Spray\/Infused papers","breadcrumb":{"@id":"https:\/\/chemswell.com\/product\/k2-spice-paper-wholesale\/#breadcrumb"},"inLanguage":"es","potentialAction":[{"@type":"ReadAction","target":["https:\/\/chemswell.com\/product\/k2-spice-paper-wholesale\/"]}]},{"@type":"ImageObject","inLanguage":"es","@id":"https:\/\/chemswell.com\/product\/k2-spice-paper-wholesale\/#primaryimage","url":"https:\/\/chemswell.com\/wp-content\/uploads\/2024\/05\/Wholesale-K2-Paper-Online.jpg","contentUrl":"https:\/\/chemswell.com\/wp-content\/uploads\/2024\/05\/Wholesale-K2-Paper-Online.jpg","width":600,"height":600,"caption":"K2 Spice Paper Wholesale"},{"@type":"BreadcrumbList","@id":"https:\/\/chemswell.com\/product\/k2-spice-paper-wholesale\/#breadcrumb","itemListElement":[{"@type":"ListItem","position":1,"name":"Home","item":"https:\/\/chemswell.com\/ru\/"},{"@type":"ListItem","position":2,"name":"Shop","item":"https:\/\/chemswell.com\/ru\/%d0%bc%d0%b0%d0%b3%d0%b0%d0%b7%d0%b8%d0%bd\/"},{"@type":"ListItem","position":3,"name":"K2 Spice Paper Wholesale"}]},{"@type":"WebSite","@id":"https:\/\/chemswell.com\/it\/#website","url":"https:\/\/chemswell.com\/it\/","name":"Chemswell","description":"#1 Research Chemical Store","potentialAction":[{"@type":"SearchAction","target":{"@type":"EntryPoint","urlTemplate":"https:\/\/chemswell.com\/it\/?s={search_term_string}"},"query-input":"required name=search_term_string"}],"inLanguage":"es"}]}},"_links":{"self":[{"href":"https:\/\/chemswell.com\/es\/wp-json\/wp\/v2\/product\/10800"}],"collection":[{"href":"https:\/\/chemswell.com\/es\/wp-json\/wp\/v2\/product"}],"about":[{"href":"https:\/\/chemswell.com\/es\/wp-json\/wp\/v2\/types\/product"}],"replies":[{"embeddable":true,"href":"https:\/\/chemswell.com\/es\/wp-json\/wp\/v2\/comments?post=10800"}],"wp:featuredmedia":[{"embeddable":true,"href":"https:\/\/chemswell.com\/es\/wp-json\/wp\/v2\/media\/10801"}],"wp:attachment":[{"href":"https:\/\/chemswell.com\/es\/wp-json\/wp\/v2\/media?parent=10800"}],"wp:term":[{"taxonomy":"product_cat","embeddable":true,"href":"https:\/\/chemswell.com\/es\/wp-json\/wp\/v2\/product_cat?post=10800"},{"taxonomy":"product_tag","embeddable":true,"href":"https:\/\/chemswell.com\/es\/wp-json\/wp\/v2\/product_tag?post=10800"}],"curies":[{"name":"wp","href":"https:\/\/api.w.org\/{rel}","templated":true}]}}