{"id":9762,"date":"2023-01-18T11:03:13","date_gmt":"2023-01-18T11:03:13","guid":{"rendered":"https:\/\/legitchemicals.com\/chemswell\/product\/import-placeholder-for-11\/"},"modified":"2026-04-02T22:12:58","modified_gmt":"2026-04-02T22:12:58","slug":"3-mmc-crystalline-powder","status":"publish","type":"product","link":"https:\/\/chemswell.com\/es\/producto\/3-mmc-polvo-cristalino\/","title":{"rendered":"Compre polvo cristalino de 3 MMC en l\u00ednea"},"content":{"rendered":"<h2>COMPRE POLVO CRISTALINO DE 3 MMC EN L\u00cdNEA EN CHEMSWELL<\/h2>\n<p><span style=\"font-weight: 400;\">The emergence of <\/span><a href=\"https:\/\/chemswell.com\/es\/producto\/3-mmc-polvo-cristalino\/\"><i><span style=\"font-weight: 400;\">3-MMC Crystalline Powder<\/span><\/i><\/a><span style=\"font-weight: 400;\"> La proliferaci\u00f3n de mercados digitales representa una tendencia creciente en el comercio de sustancias sint\u00e9ticas, donde las plataformas en l\u00ednea facilitan el acceso a sustancias qu\u00edmicas no reguladas. Estos mercados grises, impulsados por el cifrado, las criptomonedas y las lagunas legales, operan al margen de la ley y la supervisi\u00f3n de la salud p\u00fablica.<\/span><\/p>\n<p><span style=\"font-weight: 400;\">Este art\u00edculo explora la din\u00e1mica detr\u00e1s de la disponibilidad en l\u00ednea de 3-MMC, las tensiones \u00e9ticas que genera y las posibles respuestas regulatorias en un mundo descentralizado y digital.<\/span><\/p>\n<h3><b>What Makes the Sale of 3-MMC Crystalline Powder?<\/b><\/h3>\n<p><span style=\"font-weight: 400;\"><a href=\"https:\/\/en.wikipedia.org\/wiki\/3-Methylmethcathinone\">3-MMC<\/a>, una catinona sint\u00e9tica estructuralmente similar a la mefedrona, se comercializa en l\u00ednea como \u00absustancia qu\u00edmica de investigaci\u00f3n\u00bb, \u00abfertilizante\u00bb o \u00abno apto para consumo humano\u00bb. Estas etiquetas, si bien eximen superficialmente a los vendedores de toda responsabilidad, en muchos casos ocultan claramente su uso previsto.<\/span><\/p>\n<p>Su atractivo reside en sus efectos euf\u00f3ricos, su inyecci\u00f3n de energ\u00eda similar a la de un estimulante y su disponibilidad a corto plazo, especialmente en regiones donde otras sustancias est\u00e1n estrictamente controladas. Su presentaci\u00f3n en polvo cristalino es f\u00e1cil de medir, enviar discretamente y mezclar, factores que la hacen atractiva tanto para vendedores como para usuarios digitales.<\/p>\n<h3><b>El mercado gris digital<\/b><\/h3>\n<h3><b>Descripci\u00f3n general de vendedores en l\u00ednea, foros y rese\u00f1as de usuarios<\/b><\/h3>\n<p><span style=\"font-weight: 400;\">Los vendedores en l\u00ednea de 3-MMC suelen operar de forma semiabierta en plataformas cifradas, sitios web especializados o grupos de chat privados. Foros comunitarios como Reddit (antes de la moderaci\u00f3n) o sitios web de la dark web ofrecen rese\u00f1as de usuarios, pautas de dosificaci\u00f3n e informes de viajes subjetivos, imitando los modelos de comercio electr\u00f3nico leg\u00edtimos.<\/span><\/p>\n<p>Los clientes califican los productos seg\u00fan su pureza, duraci\u00f3n del efecto, discreci\u00f3n del empaque y servicio al cliente, lo que crea un ecosistema de retroalimentaci\u00f3n que refuerza la cadena de suministro, incluso en ausencia de regulaci\u00f3n.<\/p>\n<h3><b>El papel de las criptomonedas y el anonimato<\/b><\/h3>\n<p><span style=\"font-weight: 400;\">Las criptomonedas son el motor de estos mercados. Bitcoin sigue siendo de uso com\u00fan, aunque las criptomonedas de privacidad como Monero se han vuelto m\u00e1s dominantes debido a su naturaleza irrastreable. Estas herramientas permiten el comercio seud\u00f3nimo, lo que reduce la trazabilidad tanto para compradores como para vendedores.<\/span><\/p>\n<p><span style=\"font-weight: 400;\">Combined with VPNs, encrypted messaging apps (e.g., Signal, Telegram), and offshore hosting, these elements create a digital cloak that keeps 3-MMC and similar substances in circulation despite legal risks.<\/span><\/p>\n<h3><b>Autonom\u00eda vs. Da\u00f1o<\/b><\/h3>\n<h3><b>\u00bfDeber\u00edan las personas tener acceso a sustancias no reguladas?<\/b><\/h3>\n<p><span style=\"font-weight: 400;\">Some argue that responsible adults should be free to experiment with unscheduled psychoactives, especially in personal, non-commercial contexts. The libertarian view prioritizes cognitive liberty, arguing that risk-aware users should have autonomy over what they consume.<\/span><\/p>\n<p>But others warn of the dangers: unpredictable dosages, neurotoxic effects, and long-term mental health impacts. With limited clinical research on 3-MMC, many users essentially conduct experiments on themselves \u2014 sometimes with tragic consequences.<\/p>\n<h3><b>El equilibrio entre la libertad y la salud p\u00fablica<\/b><\/h3>\n<p><span style=\"font-weight: 400;\">This ethical tug-of-war \u2014 between individual freedom and collective safety \u2014 defines the challenge of regulating gray-market substances. While heavy-handed bans may push markets further underground, total laissez-faire policies could enable widespread harm.<\/span><\/p>\n<p><span style=\"font-weight: 400;\">The middle ground? Education, testing, and controlled access rather than criminalization.<\/span><\/p>\n<h3><b>Responsabilidad de la plataforma<\/b><\/h3>\n<h3><b>\u00bfSon los mercados responsables de lo que se vende?<\/b><\/h3>\n<p><span style=\"font-weight: 400;\">Platform operators frequently disavow knowledge or responsibility for what users post or sell. But digital marketplaces that facilitate the sale of substances like 3-MMC \u2014 especially those that categorize and review products \u2014 are arguably curating a pharmacological marketplace.<\/span><\/p>\n<p><span style=\"font-weight: 400;\">From a legal standpoint, many countries now hold platforms accountable under &#8220;know your customer&#8221; (KYC) or &#8220;anti-money laundering&#8221; (AML) laws. But enforcement is difficult in jurisdictions with limited extradition treaties or lax data laws.<\/span><\/p>\n<h3><b>Case Studies of Shutdowns (e.g., 3-MMC Crystalline Powder)<\/b><\/h3>\n<p><span style=\"font-weight: 400;\">When popular vendors or platforms are shut down \u2014 such as Dutch or Eastern European labs distributing 3-MMC \u2014 the market doesn&#8217;t collapse. It migrates. Often, newly branded vendors re-emerge, offering \u201cimproved\u201d or re-labeled versions to skirt detection.<\/span><\/p>\n<p>Each shutdown highlights the whack-a-mole nature of enforcement in a decentralized environment.<\/p>\n<h3><b>Soluciones pol\u00edticas y \u00e9ticas<\/b><\/h3>\n<h3><b>Regulaci\u00f3n \u00e9tica en la era del comercio descentralizado<\/b><\/h3>\n<p>Experts increasingly call for regulated access to low-risk psychoactive substances rather than blanket prohibition. This may include:<\/p>\n<ul>\n<li style=\"font-weight: 400;\" aria-level=\"1\"><span style=\"font-weight: 400;\">Legalizing and monitoring specific compounds<\/span><span style=\"font-weight: 400;\"><br \/>\n<\/span><\/li>\n<li style=\"font-weight: 400;\" aria-level=\"1\"><span style=\"font-weight: 400;\">Establishing drug-checking stations<\/span><span style=\"font-weight: 400;\"><br \/>\n<\/span><\/li>\n<li style=\"font-weight: 400;\" aria-level=\"1\"><span style=\"font-weight: 400;\">Creating medically supervised consumption sites<\/span><span style=\"font-weight: 400;\"><br \/>\n<\/span><\/li>\n<li style=\"font-weight: 400;\" aria-level=\"1\"><span style=\"font-weight: 400;\">Supporting open research on effects and risks<\/span><span style=\"font-weight: 400;\"><br \/>\n<\/span><\/li>\n<\/ul>\n<h3><b>Monitoreo digital sin exceso de vigilancia<\/b><\/h3>\n<p><span style=\"font-weight: 400;\">AI-driven trend analysis could monitor anonymized metadata from forums or encrypted marketplaces to detect emerging threats, like contaminated 3-MMC batches. But this must be done without violating digital privacy or setting dangerous precedents for surveillance.<\/span><\/p>\n<p><span style=\"font-weight: 400;\">Balancing technological capability with civil liberties is perhaps the biggest ethical challenge ahead.<\/span><\/p>\n<h3><b>Conclusi\u00f3n: Navegando el futuro de la \u00e9tica digital de los medicamentos<\/b><\/h3>\n<p><span style=\"font-weight: 400;\">The online availability of substances like 3-MMC Crystalline Powder forces societies to confront uncomfortable realities: demand for psychoactive experiences isn\u2019t going away, and current prohibitionist strategies are failing.<\/span><\/p>\n<p>Rather than chasing shadows, the future may lie in regulated autonomy, harm reduction, and digital-savvy oversight \u2014 protecting both individual freedom and public health in an increasingly interconnected world.<\/p>","protected":false},"excerpt":{"rendered":"<h1 id=\"firstHeading\" class=\"firstHeading mw-first-heading\"><span class=\"mw-page-title-main\">3-metilmetcatinona<\/span><\/h1>\n<p><strong>3-metilmetcatinona<\/strong> es una droga de dise\u00f1o perteneciente a la familia de las catinonas sustituidas, tambi\u00e9n denominada <strong>3-MMC<\/strong> y <strong>metafedrona.<\/strong> Desde <strong>3-MMC<\/strong> es un is\u00f3mero estructural de la 4-MMC, es ilegal en la mayor\u00eda de los pa\u00edses que han prohibido la mefedrona. La 3-MMC comparte similitudes estructurales con el estupefaciente il\u00edcito m\u00e1s conocido, la 4-MMC. Como sustituto de la mefedrona, la 3-MMC ha aparecido en el mercado de las drogas recreativas; se descubri\u00f3 inicialmente que se comercializaba en Suecia en 2012. La 3-MMC ha sido probada en al menos un estudio de envergadura que incluy\u00f3 mam\u00edferos, a diferencia de ciertas catinonas sint\u00e9ticas.<\/p>","protected":false},"featured_media":9952,"comment_status":"open","ping_status":"closed","template":"","meta":{"_joinchat":[]},"product_cat":[1255],"product_tag":[1316,1319,1317,1315,1318,1321,1320,1322],"yoast_head":"<!-- This site is optimized with the Yoast SEO plugin v23.0 - https:\/\/yoast.com\/wordpress\/plugins\/seo\/ -->\n<title>3 MMC Crystalline for Sale - Buy 3 MMC Crystalline Powder Online<\/title>\n<meta name=\"description\" content=\"You can buy 3 mmc crystalline powder at Chemswell.com. Place your order 3 mmc crystal for Sale and receive your product on time. Hit Your order now\" \/>\n<meta name=\"robots\" content=\"index, follow, max-snippet:-1, max-image-preview:large, max-video-preview:-1\" \/>\n<link rel=\"canonical\" href=\"https:\/\/chemswell.com\/es\/producto\/3-mmc-polvo-cristalino\/\" \/>\n<meta property=\"og:locale\" content=\"es_ES\" \/>\n<meta property=\"og:type\" content=\"article\" \/>\n<meta property=\"og:title\" content=\"3 MMC Crystalline for Sale - Buy 3 MMC Crystalline Powder Online\" \/>\n<meta property=\"og:description\" content=\"You can buy 3 mmc crystalline powder at Chemswell.com. Place your order 3 mmc crystal for Sale and receive your product on time. Hit Your order now\" \/>\n<meta property=\"og:url\" content=\"https:\/\/chemswell.com\/es\/producto\/3-mmc-polvo-cristalino\/\" \/>\n<meta property=\"og:site_name\" content=\"Chemswell\" \/>\n<meta property=\"article:modified_time\" content=\"2026-04-02T22:12:58+00:00\" \/>\n<meta property=\"og:image\" content=\"https:\/\/chemswell.com\/wp-content\/uploads\/2023\/01\/3-mmc-Crystalline-Powder.jpg\" \/>\n\t<meta property=\"og:image:width\" content=\"600\" \/>\n\t<meta property=\"og:image:height\" content=\"600\" \/>\n\t<meta property=\"og:image:type\" content=\"image\/jpeg\" \/>\n<meta name=\"twitter:card\" content=\"summary_large_image\" \/>\n<meta name=\"twitter:label1\" content=\"Tiempo de lectura\" \/>\n\t<meta name=\"twitter:data1\" content=\"4 minutos\" \/>\n<!-- \/ Yoast SEO plugin. -->","yoast_head_json":{"title":"3 MMC Crystalline for Sale - Buy 3 MMC Crystalline Powder Online","description":"You can buy 3 mmc crystalline powder at Chemswell.com. Place your order 3 mmc crystal for Sale and receive your product on time. Hit Your order now","robots":{"index":"index","follow":"follow","max-snippet":"max-snippet:-1","max-image-preview":"max-image-preview:large","max-video-preview":"max-video-preview:-1"},"canonical":"https:\/\/chemswell.com\/es\/producto\/3-mmc-polvo-cristalino\/","og_locale":"es_ES","og_type":"article","og_title":"3 MMC Crystalline for Sale - Buy 3 MMC Crystalline Powder Online","og_description":"You can buy 3 mmc crystalline powder at Chemswell.com. Place your order 3 mmc crystal for Sale and receive your product on time. Hit Your order now","og_url":"https:\/\/chemswell.com\/es\/producto\/3-mmc-polvo-cristalino\/","og_site_name":"Chemswell","article_modified_time":"2026-04-02T22:12:58+00:00","og_image":[{"width":600,"height":600,"url":"https:\/\/chemswell.com\/wp-content\/uploads\/2023\/01\/3-mmc-Crystalline-Powder.jpg","type":"image\/jpeg"}],"twitter_card":"summary_large_image","twitter_misc":{"Tiempo de lectura":"4 minutos"},"schema":{"@context":"https:\/\/schema.org","@graph":[{"@type":"WebPage","@id":"https:\/\/chemswell.com\/product\/3-mmc-crystalline-powder\/","url":"https:\/\/chemswell.com\/product\/3-mmc-crystalline-powder\/","name":"3 MMC Crystalline for Sale - Buy 3 MMC Crystalline Powder Online","isPartOf":{"@id":"https:\/\/chemswell.com\/it\/#website"},"primaryImageOfPage":{"@id":"https:\/\/chemswell.com\/product\/3-mmc-crystalline-powder\/#primaryimage"},"image":{"@id":"https:\/\/chemswell.com\/product\/3-mmc-crystalline-powder\/#primaryimage"},"thumbnailUrl":"https:\/\/chemswell.com\/wp-content\/uploads\/2023\/01\/3-mmc-Crystalline-Powder.jpg","datePublished":"2023-01-18T11:03:13+00:00","dateModified":"2026-04-02T22:12:58+00:00","description":"You can buy 3 mmc crystalline powder at Chemswell.com. Place your order 3 mmc crystal for Sale and receive your product on time. Hit Your order now","breadcrumb":{"@id":"https:\/\/chemswell.com\/product\/3-mmc-crystalline-powder\/#breadcrumb"},"inLanguage":"es","potentialAction":[{"@type":"ReadAction","target":["https:\/\/chemswell.com\/product\/3-mmc-crystalline-powder\/"]}]},{"@type":"ImageObject","inLanguage":"es","@id":"https:\/\/chemswell.com\/product\/3-mmc-crystalline-powder\/#primaryimage","url":"https:\/\/chemswell.com\/wp-content\/uploads\/2023\/01\/3-mmc-Crystalline-Powder.jpg","contentUrl":"https:\/\/chemswell.com\/wp-content\/uploads\/2023\/01\/3-mmc-Crystalline-Powder.jpg","width":600,"height":600,"caption":"3-mmc-Crystalline-Powder"},{"@type":"BreadcrumbList","@id":"https:\/\/chemswell.com\/product\/3-mmc-crystalline-powder\/#breadcrumb","itemListElement":[{"@type":"ListItem","position":1,"name":"Home","item":"https:\/\/chemswell.com\/ru\/"},{"@type":"ListItem","position":2,"name":"Shop","item":"https:\/\/chemswell.com\/ru\/%d0%bc%d0%b0%d0%b3%d0%b0%d0%b7%d0%b8%d0%bd\/"},{"@type":"ListItem","position":3,"name":"Buy 3 MMC Crystalline Powder Online"}]},{"@type":"WebSite","@id":"https:\/\/chemswell.com\/it\/#website","url":"https:\/\/chemswell.com\/it\/","name":"Chemswell","description":"#1 Research Chemical Store","potentialAction":[{"@type":"SearchAction","target":{"@type":"EntryPoint","urlTemplate":"https:\/\/chemswell.com\/it\/?s={search_term_string}"},"query-input":"required name=search_term_string"}],"inLanguage":"es"}]}},"_links":{"self":[{"href":"https:\/\/chemswell.com\/es\/wp-json\/wp\/v2\/product\/9762"}],"collection":[{"href":"https:\/\/chemswell.com\/es\/wp-json\/wp\/v2\/product"}],"about":[{"href":"https:\/\/chemswell.com\/es\/wp-json\/wp\/v2\/types\/product"}],"replies":[{"embeddable":true,"href":"https:\/\/chemswell.com\/es\/wp-json\/wp\/v2\/comments?post=9762"}],"wp:featuredmedia":[{"embeddable":true,"href":"https:\/\/chemswell.com\/es\/wp-json\/wp\/v2\/media\/9952"}],"wp:attachment":[{"href":"https:\/\/chemswell.com\/es\/wp-json\/wp\/v2\/media?parent=9762"}],"wp:term":[{"taxonomy":"product_cat","embeddable":true,"href":"https:\/\/chemswell.com\/es\/wp-json\/wp\/v2\/product_cat?post=9762"},{"taxonomy":"product_tag","embeddable":true,"href":"https:\/\/chemswell.com\/es\/wp-json\/wp\/v2\/product_tag?post=9762"}],"curies":[{"name":"wp","href":"https:\/\/api.w.org\/{rel}","templated":true}]}}